{"id":9,"date":"2022-01-19T10:13:17","date_gmt":"2022-01-19T09:13:17","guid":{"rendered":"https:\/\/ics.science.upjs.sk\/vma\/?page_id=9"},"modified":"2025-02-24T08:50:05","modified_gmt":"2025-02-24T07:50:05","slug":"letny-semester-2021-2022","status":"publish","type":"page","link":"https:\/\/ics.science.upjs.sk\/vma\/","title":{"rendered":"Letn\u00fd semester 2024\/2025"},"content":{"rendered":"\r\n<p>V\u00fdvoj mobiln\u00fdch aplik\u00e1cii pre platformu Android v jazyku <strong>Kotlin<\/strong>.<\/p>\r\n\r\n\r\n\r\n<p>Cvi\u010denia vedie <a href=\"http:\/\/ics.science.upjs.sk\/opiela\">RNDr. Miroslav Opiela, PhD.<\/a><\/p>\r\n","protected":false},"excerpt":{"rendered":"<p>V\u00fdvoj mobiln\u00fdch aplik\u00e1cii pre platformu Android v jazyku Kotlin. Cvi\u010denia vedie RNDr. Miroslav Opiela, PhD.<\/p>\n","protected":false},"author":22,"featured_media":0,"parent":0,"menu_order":0,"comment_status":"closed","ping_status":"closed","template":"","meta":{"footnotes":""},"class_list":["post-9","page","type-page","status-publish","hentry"],"_links":{"self":[{"href":"https:\/\/ics.science.upjs.sk\/vma\/wp-json\/wp\/v2\/pages\/9","targetHints":{"allow":["GET"]}}],"collection":[{"href":"https:\/\/ics.science.upjs.sk\/vma\/wp-json\/wp\/v2\/pages"}],"about":[{"href":"https:\/\/ics.science.upjs.sk\/vma\/wp-json\/wp\/v2\/types\/page"}],"author":[{"embeddable":true,"href":"https:\/\/ics.science.upjs.sk\/vma\/wp-json\/wp\/v2\/users\/22"}],"replies":[{"embeddable":true,"href":"https:\/\/ics.science.upjs.sk\/vma\/wp-json\/wp\/v2\/comments?post=9"}],"version-history":[{"count":12,"href":"https:\/\/ics.science.upjs.sk\/vma\/wp-json\/wp\/v2\/pages\/9\/revisions"}],"predecessor-version":[{"id":354,"href":"https:\/\/ics.science.upjs.sk\/vma\/wp-json\/wp\/v2\/pages\/9\/revisions\/354"}],"wp:attachment":[{"href":"https:\/\/ics.science.upjs.sk\/vma\/wp-json\/wp\/v2\/media?parent=9"}],"curies":[{"name":"wp","href":"https:\/\/api.w.org\/{rel}","templated":true}]}}