{"id":264,"date":"2024-02-12T14:45:27","date_gmt":"2024-02-12T13:45:27","guid":{"rendered":"https:\/\/ics.science.upjs.sk\/vma\/?page_id=264"},"modified":"2025-02-24T06:04:35","modified_gmt":"2025-02-24T05:04:35","slug":"aplikacie-2024","status":"publish","type":"page","link":"https:\/\/ics.science.upjs.sk\/vma\/aplikacie-2024\/","title":{"rendered":"Aplik\u00e1cie &#8211; arch\u00edv 2024"},"content":{"rendered":"<p><a href=\"https:\/\/gitlab.science.upjs.sk\/vma2024\">Gitlab repozit\u00e1r<\/a><\/p>\n<h2>Aplik\u00e1cie<\/h2>\n<ul>\n<li>Hangman (v jave) &#8211; <a href=\"https:\/\/ics.upjs.sk\/~opiela\/codelab\/vma2024\/hangman\">CODELAB<\/a> + <a href=\"https:\/\/gitlab.science.upjs.sk\/vma2024\/hangman\">k\u00f3d<\/a><\/li>\n<li>Hangman (v kotline) &#8211; <a href=\"https:\/\/ics.upjs.sk\/~opiela\/codelab\/vma2024\/hangman-kotlin\">CODELAB<\/a> + <a href=\"https:\/\/gitlab.science.upjs.sk\/vma2024\/hangman-kotlin\">k\u00f3d<\/a><\/li>\n<li>Weblinks (crud oper\u00e1cie, recycler view) &#8211; <a href=\"https:\/\/ics.upjs.sk\/~opiela\/codelab\/vma2024\/weblinks\">CODELAB<\/a> + <a href=\"https:\/\/gitlab.science.upjs.sk\/vma2024\/weblinks\">k\u00f3d<\/a>,<\/li>\n<li>Weblinks (Room datab\u00e1za) &#8211;\u00a0 <a href=\"https:\/\/ics.upjs.sk\/~opiela\/codelab\/vma2024\/weblinks-room\">CODELAB<\/a> + <a href=\"https:\/\/gitlab.science.upjs.sk\/vma2024\/weblinks-room-db\">k\u00f3d<\/a><\/li>\n<li>OpenDataGame (REST, datab\u00e1za) &#8211; <a href=\"https:\/\/ics.upjs.sk\/~opiela\/codelab\/vma2024\/open-data-game\">CODELAB<\/a> + <a href=\"https:\/\/gitlab.science.upjs.sk\/vma2024\/open-data-game\">k\u00f3d<\/a><\/li>\n<li>Call log (Permissions, Fragmenty) &#8211; <a href=\"https:\/\/ics.upjs.sk\/~opiela\/codelab\/vma2024\/callog\">CODELAB<\/a> + <a href=\"https:\/\/gitlab.science.upjs.sk\/vma2024\/calllog\">k\u00f3d<\/a><\/li>\n<li><del>Kompas<\/del> Compose Demo\u00a0(Jetpack Compose) &#8211; <a href=\"https:\/\/ics.upjs.sk\/~opiela\/codelab\/vma2024\/kompas\/#0\">CODELAB<\/a> + <a href=\"https:\/\/gitlab.science.upjs.sk\/vma2024\/composedemo\">k\u00f3d<\/a> (z cvi\u010denia 24.4.)<\/li>\n<li>Compose &#8211; Sensor Recorder &#8211; k\u00f3d bude doplnen\u00fd + video koment\u00e1r<\/li>\n<\/ul>\n<h2>Harmonogram<\/h2>\n<p><em>predbe\u017en\u00e1 verzia harmonogramu m\u00f4\u017ee by\u0165 upravovan\u00e1 po\u010das semestra<\/em><\/p>\n<ul>\n<li>14.2.2024 &#8211; \u00favod do Androidu (v jave), aplik\u00e1cia Hangman<\/li>\n<li>21.2.2024 &#8211; \u00favod do Kotlinu, prep\u00edsanie aplik\u00e1cie Hangman<\/li>\n<li>28.2.2024 &#8211; RecyclerView, intent, aplik\u00e1cia Weblinks<\/li>\n<li>6.3.2024 &#8211; aplik\u00e1cia Weblinks &#8211; ROOM datab\u00e1za<\/li>\n<li>13.3.2024 &#8211; dokon\u010denie Weblinks (Room), aplik\u00e1cia openDataGame (ROOM + REST)<\/li>\n<li>20.3.2024 &#8211; aplik\u00e1cia openDataGame<\/li>\n<li>27.3.2024 &#8211; CallLog &#8211; fragmenty, navig\u00e1cia <strong>(samo\u0161t\u00fadium bez prezen\u010dn\u00e9ho cvi\u010denia)<\/strong><\/li>\n<li>3.4.2024 &#8211; CallLog &#8211; permissions, content provider <strong>(samo\u0161t\u00fadium bez prezen\u010dn\u00e9ho cvi\u010denia)<\/strong><\/li>\n<li>10.4.2024 &#8211; <del>aplik\u00e1cia na Jetpack Compose<\/del> rektorsk\u00e9 vo\u013eno (<strong>samo\u0161t\u00fadium &#8211; codelab kompas &#8211; preh\u013ead o compose<\/strong>)<\/li>\n<li><del>17.4.2024<\/del> (\u0160VK)<\/li>\n<li>24.4.2024 &#8211; Compose Demo &#8211; aplik\u00e1cia na Jetpack Compose<\/li>\n<li>25.4.2024 (\u0161tvrtok rozvrhovan\u00fd ako streda) &#8211; bez prezen\u010dn\u00e9ho cvi\u010denia<\/li>\n<\/ul>\n<p><a href=\"https:\/\/ics.science.upjs.sk\/vma\/aplikacie-archiv-2023\/\">Arch\u00edv aplik\u00e1cie 2023<\/a><\/p>\n","protected":false},"excerpt":{"rendered":"<p>Gitlab repozit\u00e1r Aplik\u00e1cie Hangman (v jave) &#8211; CODELAB + k\u00f3d Hangman (v kotline) &#8211; CODELAB + k\u00f3d Weblinks (crud oper\u00e1cie, recycler view) &#8211; CODELAB + k\u00f3d, Weblinks (Room datab\u00e1za) &#8211;\u00a0&hellip;<\/p>\n","protected":false},"author":22,"featured_media":0,"parent":0,"menu_order":0,"comment_status":"closed","ping_status":"closed","template":"","meta":{"footnotes":""},"class_list":["post-264","page","type-page","status-publish","hentry"],"_links":{"self":[{"href":"https:\/\/ics.science.upjs.sk\/vma\/wp-json\/wp\/v2\/pages\/264","targetHints":{"allow":["GET"]}}],"collection":[{"href":"https:\/\/ics.science.upjs.sk\/vma\/wp-json\/wp\/v2\/pages"}],"about":[{"href":"https:\/\/ics.science.upjs.sk\/vma\/wp-json\/wp\/v2\/types\/page"}],"author":[{"embeddable":true,"href":"https:\/\/ics.science.upjs.sk\/vma\/wp-json\/wp\/v2\/users\/22"}],"replies":[{"embeddable":true,"href":"https:\/\/ics.science.upjs.sk\/vma\/wp-json\/wp\/v2\/comments?post=264"}],"version-history":[{"count":37,"href":"https:\/\/ics.science.upjs.sk\/vma\/wp-json\/wp\/v2\/pages\/264\/revisions"}],"predecessor-version":[{"id":275,"href":"https:\/\/ics.science.upjs.sk\/vma\/wp-json\/wp\/v2\/pages\/264\/revisions\/275"}],"wp:attachment":[{"href":"https:\/\/ics.science.upjs.sk\/vma\/wp-json\/wp\/v2\/media?parent=264"}],"curies":[{"name":"wp","href":"https:\/\/api.w.org\/{rel}","templated":true}]}}