{"id":169,"date":"2022-03-01T08:37:06","date_gmt":"2022-03-01T08:37:06","guid":{"rendered":"https:\/\/ics.science.upjs.sk\/spec-sem\/?page_id=169"},"modified":"2026-02-22T22:42:26","modified_gmt":"2026-02-22T21:42:26","slug":"umela-inteligencia","status":"publish","type":"page","link":"https:\/\/ics.science.upjs.sk\/spec-sem\/umela-inteligencia\/","title":{"rendered":"Data Science"},"content":{"rendered":"<p>The topics of the data analysis group (Data Science) are focused, for example, on methods of machine learning and artificial intelligence. But also the topics from Automata and Formal Languages, Graph Theory, Applied Mathematics, or other areas are welcome.<\/p>\n<p>The seminar is organized in room SJSP20.<\/p>\n<p>Harmonogram for summer semester 2025\/2026:<\/p>\n<ul style=\"font-weight: 400\">\n<li data-aria-posinset=\"1\" data-aria-level=\"1\"><span data-usefontface=\"true\" data-contrast=\"none\">12.02.2026 Prezent\u00e1cia Inova\u010dn\u00e9 centrum Ko\u0161ick\u00e9ho kraja<\/span>\u200b<\/li>\n<li data-aria-posinset=\"2\" data-aria-level=\"1\"><span data-usefontface=\"true\" data-contrast=\"none\">19.02.2026 Prezent\u00e1cia vyu\u010duj\u00facich, harmonogram<\/span>\u200b<\/li>\n<li data-aria-posinset=\"3\" data-aria-level=\"1\"><span data-usefontface=\"true\" data-contrast=\"none\">26.02.2026 Prezent\u00e1cia Tom\u00e1\u0161 Horv\u00e1th (<\/span><a href=\"https:\/\/web.ics.upjs.sk\/~horvath\/index.php\/Home\/Professional\" data-hyperlinktype=\"0\"><span data-usefontface=\"false\" data-contrast=\"none\">Horv\u00e1th <\/span><span data-usefontface=\"false\" data-contrast=\"none\">Tomi<\/span><span data-usefontface=\"false\" data-contrast=\"none\">: <\/span><span data-usefontface=\"false\" data-contrast=\"none\">Home<\/span><span data-usefontface=\"false\" data-contrast=\"none\">\/Professional<\/span><\/a><span data-usefontface=\"true\" data-contrast=\"none\">)<\/span>\u200b<\/li>\n<li data-aria-posinset=\"4\" data-aria-level=\"1\"><span data-usefontface=\"true\" data-contrast=\"none\">05.03.2026 Prezent\u00e1cia <\/span><span data-usefontface=\"true\" data-contrast=\"none\">PhD<\/span><span data-usefontface=\"true\" data-contrast=\"none\"> \u0161tudentov<\/span>\u200b<\/li>\n<li data-aria-posinset=\"5\" data-aria-level=\"1\"><span data-usefontface=\"true\" data-contrast=\"none\">12.03.2026 Prezent\u00e1cia J\u00e1n <\/span><span data-usefontface=\"true\" data-contrast=\"none\">Podolinsk\u00fd<\/span><span data-usefontface=\"true\" data-contrast=\"none\">, Peter Teplick\u00fd: P<\/span><span data-usefontface=\"false\" data-contrast=\"none\">r\u00edstupnos\u0165 webov\u00fdch s\u00eddiel, mobiln\u00fdch aplik\u00e1ci\u00ed a <\/span><span data-usefontface=\"false\" data-contrast=\"none\">elektronick\u00fdch dokumentov pre \u013eud\u00ed s \u0165a\u017ek\u00fdm zdravotn\u00fdm postihnut\u00edm<\/span>\u200b<\/li>\n<li data-aria-posinset=\"6\" data-aria-level=\"1\"><span data-usefontface=\"true\" data-contrast=\"none\">19.03.2026 Prezent\u00e1cie (maxim\u00e1lne 4 \u0161tudenti)<\/span>\u200b<\/li>\n<li data-aria-posinset=\"7\" data-aria-level=\"1\"><span data-usefontface=\"true\" data-contrast=\"none\">26.03.2026 Prezent\u00e1cie (maxim\u00e1lne 4 \u0161tudenti)<\/span>\u200b<\/li>\n<li data-aria-posinset=\"8\" data-aria-level=\"1\"><span data-usefontface=\"true\" data-contrast=\"none\">02.04.2026 Ve\u013ekono\u010dn\u00fd \u0161tvrtok<\/span>\u200b<\/li>\n<li data-aria-posinset=\"9\" data-aria-level=\"1\"><span data-usefontface=\"true\" data-contrast=\"none\">09.04.2026 Prezent\u00e1cie (maxim\u00e1lne 4 \u0161tudenti)<\/span><span data-usefontface=\"true\" data-contrast=\"none\">\u00a0<\/span><\/li>\n<li data-aria-posinset=\"10\" data-aria-level=\"1\"><span data-usefontface=\"true\" data-contrast=\"none\">16.04.2026 Prezent\u00e1cie (maxim\u00e1lne 4 \u0161tudenti)<\/span>\u200b<\/li>\n<li data-aria-posinset=\"11\" data-aria-level=\"1\"><span data-usefontface=\"true\" data-contrast=\"none\">23.04.2026 \u0160portov\u00fd de\u0148 (Alpinka)<\/span>\u200b<\/li>\n<li data-aria-posinset=\"12\" data-aria-level=\"1\"><span data-usefontface=\"true\" data-contrast=\"none\">30.04.2026 V\u00fdu\u010dba ako v\u00a0piatok<\/span>\u200b<\/li>\n<li data-aria-posinset=\"13\" data-aria-level=\"1\"><span data-usefontface=\"true\" data-contrast=\"none\">07.05.2026 Prezent\u00e1cie (maxim\u00e1lne 4 \u0161tudenti)<\/span>\u200b<\/li>\n<li data-aria-posinset=\"14\" data-aria-level=\"1\"><span data-usefontface=\"true\" data-contrast=\"none\">14.05.2026 Prezent\u00e1cie (maxim\u00e1lne 4 \u0161tudenti) <\/span>\u200b<\/li>\n<\/ul>\n<p>Harmonogram for summer semester 2024\/2025:<\/p>\n<table style=\"height: 566px;width: 639px;border: 1px solid black;border-collapse: collapse\">\n<thead style=\"border: 1px solid black\">\n<tr>\n<th style=\"border: 1px solid black\">Date<\/th>\n<th style=\"border: 1px solid black\">Content<\/th>\n<\/tr>\n<\/thead>\n<tbody>\n<tr>\n<td style=\"border: 1px solid black\">13.02.2025<\/td>\n<td style=\"border: 1px solid black\">Intro to the seminar,<br \/>\nselected methods of artificial intelligence<\/td>\n<\/tr>\n<tr>\n<td style=\"border: 1px solid black\">20.02.2025<\/td>\n<td style=\"border: 1px solid black\">Presentation of teachers<\/td>\n<\/tr>\n<tr>\n<td style=\"border: 1px solid black\">27.02.2025<\/td>\n<td style=\"border: 1px solid black\">Student&#8216; presentation (Daniel Mo\u0161ko)<\/td>\n<\/tr>\n<tr>\n<td style=\"border: 1px solid black\">06.03.2025<\/td>\n<td style=\"border: 1px solid black\">Presentation of teachers<\/td>\n<\/tr>\n<tr>\n<td style=\"border: 1px solid black\">13.03.2025<\/td>\n<td style=\"border: 1px solid black\">Students&#8216; presentations <span class=\"TextRun SCXP17074570 BCX9\" lang=\"SK-SK\" xml:lang=\"SK-SK\" data-scheme-color=\"@0070C0,,\" data-usefontface=\"true\" data-contrast=\"none\"><span class=\"NormalTextRun SCXP17074570 BCX9\">(Sanislav \u0160oltys<\/span><\/span><span class=\"TextRun SCXP17074570 BCX9\" lang=\"SK-SK\" xml:lang=\"SK-SK\" data-scheme-color=\"@0070C0,,\" data-usefontface=\"true\" data-contrast=\"none\"><span class=\"NormalTextRun SCXP17074570 BCX9\">)<\/span><\/span><span class=\"EOP SCXP17074570 BCX9\">\u200b<\/span><\/td>\n<\/tr>\n<tr>\n<td style=\"border: 1px solid black\">20.03.2025<\/td>\n<td style=\"border: 1px solid black\">Students&#8216; presentations<br \/>\n<span class=\"TextRun SCXP177834762 BCX9\" lang=\"EN-US\" xml:lang=\"EN-US\" data-scheme-color=\"@0070C0,,\" data-usefontface=\"true\" data-contrast=\"none\"><span class=\"NormalTextRun SCXP177834762 BCX9\">(Al\u017ebeta<span class=\"TextRun SCXP158758797 BCX8\" lang=\"SK-SK\" xml:lang=\"SK-SK\" data-scheme-color=\"@0070C0,,\" data-usefontface=\"true\" data-contrast=\"none\"><span class=\"NormalTextRun SCXP158758797 BCX8\"> Andrejkov\u00e1, Michaela <\/span><\/span><span class=\"TextRun SpellingErrorZoomed SCXP158758797 BCX8\" lang=\"SK-SK\" xml:lang=\"SK-SK\" data-scheme-color=\"@0070C0,,\" data-usefontface=\"true\" data-contrast=\"none\"><span class=\"SCXP158758797 BCX8\">Zvolensk\u00e1<\/span><\/span><span class=\"TextRun SCXP158758797 BCX8\" lang=\"SK-SK\" xml:lang=\"SK-SK\" data-scheme-color=\"@0070C0,,\" data-usefontface=\"true\" data-contrast=\"none\"><span class=\"NormalTextRun SCXP158758797 BCX8\">, Martin <\/span><\/span><span class=\"TextRun SpellingErrorZoomed SCXP158758797 BCX8\" lang=\"SK-SK\" xml:lang=\"SK-SK\" data-scheme-color=\"@0070C0,,\" data-usefontface=\"true\" data-contrast=\"none\"><span class=\"SCXP158758797 BCX8\">Malik<\/span><\/span><span class=\"EOP SCXP158758797 BCX8\">\u200b<\/span><\/span><\/span><span class=\"TextRun SCXP177834762 BCX9\" lang=\"EN-US\" xml:lang=\"EN-US\" data-scheme-color=\"@0070C0,,\" data-usefontface=\"true\" data-contrast=\"none\"><span class=\"NormalTextRun SCXP177834762 BCX9\">)<\/span><\/span><span class=\"EOP SCXP177834762 BCX9\">\u200b<\/span><\/td>\n<\/tr>\n<tr>\n<td style=\"border: 1px solid black\">03.04.2025<\/td>\n<td style=\"border: 1px solid black\">Students&#8216; presentations<br \/>\n<span class=\"TextRun SCXP258099475 BCX9\" lang=\"SK-SK\" xml:lang=\"SK-SK\" data-scheme-color=\"@0070C0,,\" data-usefontface=\"true\" data-contrast=\"none\"><span class=\"NormalTextRun SCXP258099475 BCX9\">(<span class=\"TextRun SCXP158046395 BCX8\" lang=\"SK-SK\" xml:lang=\"SK-SK\" data-scheme-color=\"@0070C0,,\" data-usefontface=\"true\" data-contrast=\"none\"><span class=\"NormalTextRun SCXP158046395 BCX8\">Daniela <\/span><\/span><span class=\"TextRun SpellingErrorZoomed SCXP158046395 BCX8\" lang=\"SK-SK\" xml:lang=\"SK-SK\" data-scheme-color=\"@0070C0,,\" data-usefontface=\"true\" data-contrast=\"none\"><span class=\"SCXP158046395 BCX8\">Pill\u00e1rov\u00e1<\/span><\/span><span class=\"TextRun SCXP158046395 BCX8\" lang=\"SK-SK\" xml:lang=\"SK-SK\" data-scheme-color=\"@0070C0,,\" data-usefontface=\"true\" data-contrast=\"none\"><span class=\"NormalTextRun SCXP158046395 BCX8\">, <\/span><\/span><span class=\"TextRun SpellingErrorZoomed SCXP158046395 BCX8\" lang=\"SK-SK\" xml:lang=\"SK-SK\" data-scheme-color=\"@0070C0,,\" data-usefontface=\"true\" data-contrast=\"none\"><span class=\"SCXP158046395 BCX8\">Bianka<\/span><\/span> <span class=\"TextRun SpellingErrorZoomed SCXP158046395 BCX8\" lang=\"SK-SK\" xml:lang=\"SK-SK\" data-scheme-color=\"@0070C0,,\" data-usefontface=\"true\" data-contrast=\"none\"><span class=\"SCXP158046395 BCX8\">Szepesiov\u00e1<\/span><\/span><span class=\"TextRun SCXP158046395 BCX8\" lang=\"SK-SK\" xml:lang=\"SK-SK\" data-scheme-color=\"@0070C0,,\" data-usefontface=\"true\" data-contrast=\"none\"><span class=\"NormalTextRun SCXP158046395 BCX8\">,<br \/>\nSo\u0148a <\/span><\/span><span class=\"TextRun SpellingErrorZoomed SCXP158046395 BCX8\" lang=\"SK-SK\" xml:lang=\"SK-SK\" data-scheme-color=\"@0070C0,,\" data-usefontface=\"true\" data-contrast=\"none\"><span class=\"SCXP158046395 BCX8\">Bri\u0161k\u00e1rov\u00e1<\/span><\/span><span class=\"TextRun SCXP158046395 BCX8\" lang=\"SK-SK\" xml:lang=\"SK-SK\" data-scheme-color=\"@0070C0,,\" data-usefontface=\"true\" data-contrast=\"none\"><span class=\"NormalTextRun SCXP158046395 BCX8\">, T\u00edmea <\/span><\/span><span class=\"TextRun SpellingErrorZoomed SCXP158046395 BCX8\" lang=\"SK-SK\" xml:lang=\"SK-SK\" data-scheme-color=\"@0070C0,,\" data-usefontface=\"true\" data-contrast=\"none\"><span class=\"SCXP158046395 BCX8\">Regecov\u00e1<\/span><\/span><span class=\"TextRun SCXP158046395 BCX8\" lang=\"SK-SK\" xml:lang=\"SK-SK\" data-scheme-color=\"@0070C0,,\" data-usefontface=\"true\" data-contrast=\"none\"><span class=\"NormalTextRun SCXP158046395 BCX8\">, Adam <\/span><\/span><span class=\"TextRun SpellingErrorZoomed SCXP158046395 BCX8\" lang=\"SK-SK\" xml:lang=\"SK-SK\" data-scheme-color=\"@0070C0,,\" data-usefontface=\"true\" data-contrast=\"none\"><span class=\"SCXP158046395 BCX8\">Kundracik<\/span><\/span><span class=\"EOP SCXP158046395 BCX8\">\u200b<\/span><\/span><\/span><span class=\"TextRun SCXP258099475 BCX9\" lang=\"SK-SK\" xml:lang=\"SK-SK\" data-scheme-color=\"@0070C0,,\" data-usefontface=\"true\" data-contrast=\"none\"><span class=\"NormalTextRun SCXP258099475 BCX9\">)<\/span><\/span><span class=\"EOP SCXP258099475 BCX9\">\u200b<\/span><\/td>\n<\/tr>\n<tr>\n<td style=\"border: 1px solid black\">10.04.2025<\/td>\n<td style=\"border: 1px solid black\">Students&#8216; presentations<br \/>\n<span class=\"TextRun SCXP247163388 BCX9\" lang=\"SK-SK\" xml:lang=\"SK-SK\" data-scheme-color=\"@0070C0,,\" data-usefontface=\"true\" data-contrast=\"none\"><span class=\"NormalTextRun SCXP247163388 BCX9\">(<span class=\"TextRun  BCX8 SCXP45393064\" lang=\"SK-SK\" xml:lang=\"SK-SK\" data-scheme-color=\"@0070C0,,\" data-usefontface=\"true\" data-contrast=\"none\"><span class=\"NormalTextRun  BCX8 SCXP45393064\">Martin <\/span><\/span><span class=\"TextRun SpellingErrorZoomed  BCX8 SCXP45393064\" lang=\"SK-SK\" xml:lang=\"SK-SK\" data-scheme-color=\"@0070C0,,\" data-usefontface=\"true\" data-contrast=\"none\"><span class=\"BCX8 SCXP45393064\">Hlavat\u00fd<\/span><\/span><span class=\"TextRun  BCX8 SCXP45393064\" lang=\"SK-SK\" xml:lang=\"SK-SK\" data-scheme-color=\"@0070C0,,\" data-usefontface=\"true\" data-contrast=\"none\"><span class=\"NormalTextRun  BCX8 SCXP45393064\">, Veronika <\/span><\/span><span class=\"TextRun SpellingErrorZoomed  BCX8 SCXP45393064\" lang=\"SK-SK\" xml:lang=\"SK-SK\" data-scheme-color=\"@0070C0,,\" data-usefontface=\"true\" data-contrast=\"none\"><span class=\"BCX8 SCXP45393064\">Angelovi\u010dov\u00e1<\/span><\/span><\/span><\/span><span class=\"TextRun SCXP247163388 BCX9\" lang=\"SK-SK\" xml:lang=\"SK-SK\" data-scheme-color=\"@0070C0,,\" data-usefontface=\"true\" data-contrast=\"none\"><span class=\"NormalTextRun SCXP247163388 BCX9\">)<\/span><\/span><span class=\"EOP SCXP247163388 BCX9\">\u200b<\/span><\/td>\n<\/tr>\n<tr>\n<td style=\"border: 1px solid black\">24.04.2025<\/td>\n<td style=\"border: 1px solid black\">Students&#8216; presentations<br \/>\n<span class=\"TextRun SCXP263232605 BCX9\" lang=\"SK-SK\" xml:lang=\"SK-SK\" data-scheme-color=\"@0070C0,,\" data-usefontface=\"true\" data-contrast=\"none\"><span class=\"NormalTextRun SCXP263232605 BCX9\">(<span class=\"TextRun SpellingErrorZoomed  BCX8 SCXP99155521\" lang=\"SK-SK\" xml:lang=\"SK-SK\" data-scheme-color=\"@0070C0,,\" data-usefontface=\"true\" data-contrast=\"none\"><span class=\"BCX8 SCXP99155521\">Andrii<\/span><\/span> <span class=\"TextRun SpellingErrorZoomed  BCX8 SCXP99155521\" lang=\"SK-SK\" xml:lang=\"SK-SK\" data-scheme-color=\"@0070C0,,\" data-usefontface=\"true\" data-contrast=\"none\"><span class=\"BCX8 SCXP99155521\">Popovych<\/span><\/span><span class=\"TextRun  BCX8 SCXP99155521\" lang=\"SK-SK\" xml:lang=\"SK-SK\" data-scheme-color=\"@0070C0,,\" data-usefontface=\"true\" data-contrast=\"none\"><span class=\"NormalTextRun  BCX8 SCXP99155521\">, Ter\u00e9zia <\/span><\/span><span class=\"TextRun SpellingErrorZoomed  BCX8 SCXP99155521\" lang=\"SK-SK\" xml:lang=\"SK-SK\" data-scheme-color=\"@0070C0,,\" data-usefontface=\"true\" data-contrast=\"none\"><span class=\"BCX8 SCXP99155521\">Kurimsk\u00e1<\/span><\/span><span class=\"TextRun  BCX8 SCXP99155521\" lang=\"SK-SK\" xml:lang=\"SK-SK\" data-scheme-color=\"@0070C0,,\" data-usefontface=\"true\" data-contrast=\"none\"><span class=\"NormalTextRun  BCX8 SCXP99155521\">, Roland Marek Rak,<br \/>\n\u013dubo\u0161 <\/span><\/span><span class=\"TextRun SpellingErrorZoomed  BCX8 SCXP99155521\" lang=\"SK-SK\" xml:lang=\"SK-SK\" data-scheme-color=\"@0070C0,,\" data-usefontface=\"true\" data-contrast=\"none\"><span class=\"BCX8 SCXP99155521\">Kruk\u00e1r<\/span><\/span><span class=\"TextRun  BCX8 SCXP99155521\" lang=\"SK-SK\" xml:lang=\"SK-SK\" data-scheme-color=\"@0070C0,,\" data-usefontface=\"true\" data-contrast=\"none\"><span class=\"NormalTextRun  BCX8 SCXP99155521\">, Jakub <\/span><\/span><span class=\"TextRun SpellingErrorZoomed  BCX8 SCXP99155521\" lang=\"SK-SK\" xml:lang=\"SK-SK\" data-scheme-color=\"@0070C0,,\" data-usefontface=\"true\" data-contrast=\"none\"><span class=\"BCX8 SCXP99155521\">Malicher<\/span><\/span><span class=\"TextRun  BCX8 SCXP99155521\" lang=\"SK-SK\" xml:lang=\"SK-SK\" data-scheme-color=\"@0070C0,,\" data-usefontface=\"true\" data-contrast=\"none\"><span class=\"NormalTextRun  BCX8 SCXP99155521\">, Dami\u00e1n <\/span><\/span><span class=\"TextRun SpellingErrorZoomed  BCX8 SCXP99155521\" lang=\"SK-SK\" xml:lang=\"SK-SK\" data-scheme-color=\"@0070C0,,\" data-usefontface=\"true\" data-contrast=\"none\"><span class=\"BCX8 SCXP99155521\">Rybovi\u010d<\/span><\/span><\/span><\/span><span class=\"TextRun SCXP263232605 BCX9\" lang=\"SK-SK\" xml:lang=\"SK-SK\" data-scheme-color=\"@0070C0,,\" data-usefontface=\"true\" data-contrast=\"none\"><span class=\"NormalTextRun SCXP263232605 BCX9\">)<\/span><\/span><span class=\"EOP SCXP263232605 BCX9\">\u200b<\/span><\/td>\n<\/tr>\n<tr>\n<td style=\"border: 1px solid black\">02.05.2025<\/td>\n<td style=\"border: 1px solid black\">Summary (without students of 3rd year)<\/td>\n<\/tr>\n<tr>\n<td style=\"border: 1px solid black\">09.05.2025<\/td>\n<td style=\"border: 1px solid black\">Summary (without students of 3rd year)<\/td>\n<\/tr>\n<tr>\n<td style=\"border: 1px solid black\"><\/td>\n<td style=\"border: 1px solid black\"><\/td>\n<\/tr>\n<tr>\n<td style=\"border: 1px solid black\"><\/td>\n<td style=\"border: 1px solid black\"><\/td>\n<\/tr>\n<\/tbody>\n<\/table>\n<p>&nbsp;<\/p>\n","protected":false},"excerpt":{"rendered":"<p>The topics of the data analysis group (Data Science) are focused, for example, on methods of machine learning&#8230;<\/p>\n","protected":false},"author":2,"featured_media":0,"parent":0,"menu_order":0,"comment_status":"closed","ping_status":"closed","template":"","meta":{"footnotes":""},"class_list":["post-169","page","type-page","status-publish","hentry"],"_links":{"self":[{"href":"https:\/\/ics.science.upjs.sk\/spec-sem\/wp-json\/wp\/v2\/pages\/169","targetHints":{"allow":["GET"]}}],"collection":[{"href":"https:\/\/ics.science.upjs.sk\/spec-sem\/wp-json\/wp\/v2\/pages"}],"about":[{"href":"https:\/\/ics.science.upjs.sk\/spec-sem\/wp-json\/wp\/v2\/types\/page"}],"author":[{"embeddable":true,"href":"https:\/\/ics.science.upjs.sk\/spec-sem\/wp-json\/wp\/v2\/users\/2"}],"replies":[{"embeddable":true,"href":"https:\/\/ics.science.upjs.sk\/spec-sem\/wp-json\/wp\/v2\/comments?post=169"}],"version-history":[{"count":12,"href":"https:\/\/ics.science.upjs.sk\/spec-sem\/wp-json\/wp\/v2\/pages\/169\/revisions"}],"predecessor-version":[{"id":320,"href":"https:\/\/ics.science.upjs.sk\/spec-sem\/wp-json\/wp\/v2\/pages\/169\/revisions\/320"}],"wp:attachment":[{"href":"https:\/\/ics.science.upjs.sk\/spec-sem\/wp-json\/wp\/v2\/media?parent=169"}],"curies":[{"name":"wp","href":"https:\/\/api.w.org\/{rel}","templated":true}]}}