{"id":167,"date":"2022-03-01T08:36:48","date_gmt":"2022-03-01T08:36:48","guid":{"rendered":"https:\/\/ics.science.upjs.sk\/spec-sem\/?page_id=167"},"modified":"2022-04-15T10:47:16","modified_gmt":"2022-04-15T09:47:16","slug":"bezpecnost","status":"publish","type":"page","link":"https:\/\/ics.science.upjs.sk\/spec-sem\/bezpecnost\/","title":{"rendered":"Bezpe\u010dnos\u0165"},"content":{"rendered":"<p>T\u00e9my skupiny bezpe\u010dnosti s\u00fa zameran\u00e9 na r\u00f4zne oblasti informa\u010dnej a kybernetickej bezpe\u010dnosti, najm\u00e4 anal\u00fdza malv\u00e9ru, predikcia situa\u010dn\u00e9ho povedomia, soci\u00e1lne in\u017einierstvo, pou\u017eitia d\u00e1tovej anal\u00fdzy v bezpe\u010dnosti (grafy \u00fatokov, forenzn\u00e1 anal\u00fdza).<\/p>\n<p>Stretnutia sa konaj\u00fa v miestnosti Kreat\u00edvne laborat\u00f3rium (Park Angelinum 9) a pr\u00edpadne v prostred\u00ed MS Teams<\/p>\n<p>Pl\u00e1n pr\u00e1ce na letn\u00fd semester 2021\/2022:<\/p>\n<table style=\"height: 418px;width: 895px;border: 1px solid black;border-collapse: collapse\">\n<thead style=\"border: 1px solid black\">\n<tr>\n<th style=\"border: 1px solid black\">D\u00e1tum<\/th>\n<th style=\"border: 1px solid black\">Prezentuje<\/th>\n<\/tr>\n<\/thead>\n<tbody>\n<tr>\n<td style=\"border: 1px solid black\">17.2.2022<\/td>\n<td style=\"border: 1px solid black\">\n<div>\n<div>\u00davodn\u00e9 stretnutie<\/div>\n<\/div>\n<\/td>\n<\/tr>\n<tr>\n<td style=\"border: 1px solid black\">24.2.2022<\/td>\n<td style=\"border: 1px solid black\">Workshop \u2013 Michal \u0160afranko (predstavenie AD a \u00fatokov na\u0148)<\/td>\n<\/tr>\n<tr>\n<td style=\"border: 1px solid black\">3.3.2022<\/td>\n<td style=\"border: 1px solid black\">\n<div><span style=\"font-family: inherit;font-size: inherit\">Workshop \u2013 Marek Dorko (urob si vlastn\u00fd modul do Autopsy &#8211; krok za krokom), <\/span><\/div>\n<div><span style=\"font-family: inherit;font-size: inherit\">Workshop \u2013 Franti\u0161ek Kurimsk\u00fd (ako reprezentova\u0165 malv\u00e9r)<\/span><\/div>\n<\/td>\n<\/tr>\n<tr>\n<td style=\"border: 1px solid black\">10.3.2022<\/td>\n<td style=\"border: 1px solid black\">\n<div>Workshop \u2013 Samuel Suv\u00e1k (Cuckoo n\u00e1stroj),<\/div>\n<div>Workshop \u2013 Monika Rapav\u00e1 (pokro\u010dil\u00e1 anal\u00fdza emailov)<\/div>\n<\/td>\n<\/tr>\n<tr>\n<td style=\"border: 1px solid black\">17.3.2022<\/td>\n<td style=\"border: 1px solid black\">\n<div>Workshop \u2013 Barbora Fe\u010fov\u00e1 (pr\u00e1ca s neur\u00f3nov\u00fdmi sie\u0165ami pri predikcii),<\/div>\n<div>Workshop &#8211; Eva Markov\u00e1 (aktu\u00e1lne trendy \u2013 phishing (poh\u013ead analytika))<\/div>\n<div>\n<div><\/div>\n<\/div>\n<\/td>\n<\/tr>\n<tr>\n<td style=\"border: 1px solid black\">24.3.2022<\/td>\n<td style=\"border: 1px solid black\">\n<div><span style=\"font-family: inherit;font-size: inherit\">Workshop \u2013 Marek Dorko, Franti\u0161ek Kurimsk\u00fd<\/span><\/div>\n<\/td>\n<\/tr>\n<tr>\n<td style=\"border: 1px solid black\">31.3.2022<\/td>\n<td style=\"border: 1px solid black\">\n<div>\n<p>Workshop \u2013 Samuel Suv\u00e1k, Monika Rapav\u00e1<\/p>\n<\/div>\n<\/td>\n<\/tr>\n<tr>\n<td style=\"border: 1px solid black\">7.4.2022<\/td>\n<td style=\"border: 1px solid black\">\n<div>Workshop \u2013 Vladim\u00edr Homola (n\u00e1stroje na generovanie grafov \u00fatokov)<\/div>\n<\/td>\n<\/tr>\n<tr>\n<td style=\"border: 1px solid black\">14.4.2022<\/td>\n<td style=\"border: 1px solid black\">\n<div>Prezent\u00e1cia, workshop \u2013 Barbora Fe\u010fov\u00e1 (predikcia bezpe\u010dnostnej situ\u00e1cie)<\/div>\n<\/td>\n<\/tr>\n<tr>\n<td style=\"border: 1px solid black\">21.4.2022<\/td>\n<td style=\"border: 1px solid black\">\n<div>Podobn\u00e9 pr\u00e1ce \u2013 Samuel Suv\u00e1k, Barbora Fe\u010fov\u00e1, Marek Dorko;<\/div>\n<div>Prezent\u00e1cia \u2013 Franti\u0161ek Kurimsk\u00fd<\/div>\n<\/td>\n<\/tr>\n<tr>\n<td style=\"border: 1px solid black\">5.5.2022<\/td>\n<td style=\"border: 1px solid black\">\u00fa\u010das\u0165 na inom semin\u00e1ri<\/td>\n<\/tr>\n<tr>\n<td style=\"border: 1px solid black\">12.5.2022<\/td>\n<td style=\"border: 1px solid black\">\n<div>Prezent\u00e1cia + podobn\u00e9 pr\u00e1ce \u2013 Michal \u0160afranko, Vladim\u00edr Homola, Monika Rapav\u00e1<\/div>\n<\/td>\n<\/tr>\n<tr>\n<td style=\"border: 1px solid black\">19.5.2022<\/td>\n<td style=\"border: 1px solid black\">Workshop \u2013 Vladim\u00edr Homola<\/td>\n<\/tr>\n<\/tbody>\n<\/table>\n","protected":false},"excerpt":{"rendered":"<p>T\u00e9my skupiny bezpe\u010dnosti s\u00fa zameran\u00e9 na r\u00f4zne oblasti informa\u010dnej a kybernetickej bezpe\u010dnosti, najm\u00e4 anal\u00fdza malv\u00e9ru, predikcia situa\u010dn\u00e9ho povedomia,&#8230;<\/p>\n","protected":false},"author":2,"featured_media":0,"parent":0,"menu_order":0,"comment_status":"closed","ping_status":"closed","template":"","meta":{"footnotes":""},"class_list":["post-167","page","type-page","status-publish","hentry"],"_links":{"self":[{"href":"https:\/\/ics.science.upjs.sk\/spec-sem\/wp-json\/wp\/v2\/pages\/167","targetHints":{"allow":["GET"]}}],"collection":[{"href":"https:\/\/ics.science.upjs.sk\/spec-sem\/wp-json\/wp\/v2\/pages"}],"about":[{"href":"https:\/\/ics.science.upjs.sk\/spec-sem\/wp-json\/wp\/v2\/types\/page"}],"author":[{"embeddable":true,"href":"https:\/\/ics.science.upjs.sk\/spec-sem\/wp-json\/wp\/v2\/users\/2"}],"replies":[{"embeddable":true,"href":"https:\/\/ics.science.upjs.sk\/spec-sem\/wp-json\/wp\/v2\/comments?post=167"}],"version-history":[{"count":4,"href":"https:\/\/ics.science.upjs.sk\/spec-sem\/wp-json\/wp\/v2\/pages\/167\/revisions"}],"predecessor-version":[{"id":210,"href":"https:\/\/ics.science.upjs.sk\/spec-sem\/wp-json\/wp\/v2\/pages\/167\/revisions\/210"}],"wp:attachment":[{"href":"https:\/\/ics.science.upjs.sk\/spec-sem\/wp-json\/wp\/v2\/media?parent=167"}],"curies":[{"name":"wp","href":"https:\/\/api.w.org\/{rel}","templated":true}]}}