{"id":165,"date":"2022-03-01T08:36:33","date_gmt":"2022-03-01T08:36:33","guid":{"rendered":"https:\/\/ics.science.upjs.sk\/spec-sem\/?page_id=165"},"modified":"2026-03-11T17:56:45","modified_gmt":"2026-03-11T16:56:45","slug":"znalosti","status":"publish","type":"page","link":"https:\/\/ics.science.upjs.sk\/spec-sem\/znalosti\/","title":{"rendered":"Znalosti"},"content":{"rendered":"<h2>Letn\u00fd semester 2025\/26:<\/h2>\n<p>Magistersk\u00ed \u0161tudenti:<\/p>\n<ul>\n<li>Luk\u00e1\u0161 Boja\u010dko (Gursk\u00fd) &#8211; Lematiz\u00e1cia slovensk\u00fdch textov s\u00a0vyu\u017eit\u00edm kontextu a\u00a0integr\u00e1cia do\u00a0vyh\u013ead\u00e1vacieho syst\u00e9mu Elasticsearch<\/li>\n<li>Bohdan Kuchinka () &#8211;<\/li>\n<li>Adam Macko (Krivo\u0161-Bellu\u0161) &#8211; Multikrit\u00e9riov\u00fd indoor\u2013outdoor naviga\u010dn\u00fd syst\u00e9m pre\u00a0komplex budov<\/li>\n<li>Sami Saleh (Kraj\u010di) &#8211; Identifik\u00e1cia autora nezn\u00e1meho textu<\/li>\n<li>Andrii Popovych (Opiela) &#8211; Building-Specific Door Detection for Indoor Positioning Based on Computer Vision<\/li>\n<li>Martin Malik (\u0160ebej) &#8211; The state complexity of the symmetric difference of regular language<\/li>\n<\/ul>\n<p>Bakal\u00e1rski \u0161tudenti:<\/p>\n<ul>\n<li><span style=\"color: #ff0000;\">Veronika Ba\u0161kovsk\u00e1 (Varga) &#8211; Klasifik\u00e1cia s\u00fadnych rozhodnut\u00ed pomocou grafov\u00fdch neur\u00f3nov\u00fdch siet\u00ed<\/span><\/li>\n<li><span style=\"color: #ff0000;\">Stanislava Maru\u0161ov\u00e1 (Gursk\u00fd) &#8211; Extrakcia k\u013e\u00fa\u010dov\u00fdch vlastnost\u00ed judik\u00e1tov<\/span><\/li>\n<li>Karol\u00edna Kri\u0161tofov\u00e1 (Varga) &#8211; Aplik\u00e1cia RAG syst\u00e9mu pre\u00a0pr\u00e1vne texty<\/li>\n<li>Liubomyr Logoida (Varga) &#8211; Vyhodnocovanie spo\u013eahlivosti odpoved\u00ed v\u00a0agentick\u00fdch syst\u00e9moch<\/li>\n<li>Viktoriia Denysiuk (Opiela) &#8211; Porovnanie presnosti a spo\u013eahlivosti senzorov v smartf\u00f3noch<\/li>\n<li>Mat\u00fa\u0161 Kundracik (Szopl\u00e1k) &#8211; Extrakcia a\u00a0predikcia verdiktov s\u00fadnych rozhodnut\u00ed<\/li>\n<li>Samuel Dobr\u00edk (Kraj\u010di) &#8211; Strat\u00e9gia hry klob\u00e1sky<\/li>\n<li>\u0160tefan Malik (Szopl\u00e1k) &#8211; Odpor\u00fa\u010dac\u00ed syst\u00e9m pre\u00a0anot\u00e1ciu pr\u00e1vnych textov<\/li>\n<li>Luk\u00e1\u0161 Varga (Varga) &#8211; Anonymiz\u00e1cia pr\u00e1vnych textov<\/li>\n<li>Adam Bruno Balint(Ka\u010dala) &#8211; V\u00fdvoj a\u00a0moderniz\u00e1cia interakt\u00edvneho prehr\u00e1va\u010da testov Alf<\/li>\n<\/ul>\n<table style=\"height: 418px; width: 895px; border: 1px solid black; border-collapse: collapse;\">\n<thead style=\"border: 1px solid black;\">\n<tr>\n<th style=\"border: 1px solid black;\">D\u00e1tum stretnutia<\/th>\n<th style=\"border: 1px solid black;\">Prezentuje<\/th>\n<\/tr>\n<\/thead>\n<tbody style=\"border: 1px solid black;\">\n<tr>\n<td style=\"border: 1px solid black;\">12.2.2026<\/td>\n<td style=\"border: 1px solid black;\">\n<div>\n<div>\u00favodn\u00e9 stretnutie &#8211; pl\u00e1n pr\u00e1ce<\/div>\n<\/div>\n<\/td>\n<\/tr>\n<tr>\n<td style=\"border: 1px solid black;\">19.2.2026<\/td>\n<td style=\"border: 1px solid black;\">diskusia o zadaniach a aktu\u00e1lnom stave z\u00e1vere\u010dn\u00fdch pr\u00e1c<\/td>\n<\/tr>\n<tr>\n<td style=\"border: 1px solid black;\" nowrap=\"nowrap\">26.2.2026<\/td>\n<td style=\"border: 1px solid black;\">prezent\u00e1cie \u010dl\u00e1nkov a technol\u00f3gi\u00ed<br \/>\n<strong>Bohdan Kuchinka<\/strong> &#8211; \u010dl\u00e1nok &#8211; Compression algorithms LZ4, Deflate and zstandard<br \/>\n<strong>Adam Bruno Balint<\/strong> &#8211; \u010dl\u00e1nok &#8211; Evaluating the performance of web rendering technologies based on JavaScript: Angular, React, and Vue.<br \/>\n<strong>Viktoriia Denysiuk<\/strong> &#8211; \u010dl\u00e1nok &#8211; Smartphone sensor accuracy varies from device to device in mobile research: The case of spatial orientation.<\/td>\n<\/tr>\n<tr>\n<td style=\"border: 1px solid black;\">5.3.2026<\/td>\n<td style=\"border: 1px solid black;\">prezent\u00e1cie \u010dl\u00e1nkov a technol\u00f3gi\u00ed<br \/>\n<strong>\u0160tefan Malik<\/strong> &#8211; \u010dl\u00e1nok &#8211; GPT-NER: Named Entity Recognition via Large Language Models<br \/>\n<strong>Sami Saleh<\/strong> &#8211; \u010dl\u00e1nky &#8211; Can Large Language Models Identify Authorship?, Combining style and semantics for robust authorship verification<\/td>\n<\/tr>\n<tr>\n<td style=\"border: 1px solid black;\">12.3.2026<\/td>\n<td style=\"border: 1px solid black;\">prezent\u00e1cie \u010dl\u00e1nkov a technol\u00f3gi\u00ed<br \/>\n<a href=\"https:\/\/teams.microsoft.com\/l\/meetup-join\/19%3ameeting_MjJiMGU4ZGUtYWNiZi00YzBkLWE1MGItYzc2NTNjMWMyMjEw%40thread.v2\/0?context=%7b%22Tid%22%3a%22f5b68cf2-035b-428d-87f6-f7384161306d%22%2c%22Oid%22%3a%22093df7f9-3345-4cba-ab8f-73c5b330fd57%22%7d\">Link na Teams meeting<\/a><br \/>\n<strong>Martin Malik<\/strong> &#8211; \u010dl\u00e1nok &#8211;  The Ranges of Accepting State Complexities of Languages Resulting From Some Operation<br \/>\n<strong>Andrii Popovych<\/strong> &#8211; \u010dl\u00e1nok &#8211; Neural network-based algorithm for door handle recognition using RGBD cameras<br \/>\n<strong>Samuel Dobr\u00edk<\/strong> &#8211; \u010dl\u00e1nok &#8211; Solving Cram Using Combinatorial Game Theory<br \/>\n<strong>Karol\u00edna Kri\u0161tofov\u00e1<\/strong> &#8211; \u010dl\u00e1nok &#8211; Searching for Best Practices in Retrieval-Augmented Generation (n\u00e1hradn\u00ed\u010dka, ak by niekto ochorel)<\/td>\n<\/tr>\n<tr>\n<td style=\"border: 1px solid black;\">19.3.2026<\/td>\n<td style=\"border: 1px solid black;\">prezent\u00e1cie \u010dl\u00e1nkov a technol\u00f3gi\u00ed<br \/>\n<strong>Karol\u00edna Kri\u0161tofov\u00e1<\/strong> &#8211; \u010dl\u00e1nok &#8211; Searching for Best Practices in Retrieval-Augmented Generation<br \/>\n<strong>Mat\u00fa\u0161 Kundracik<\/strong> &#8211; \u010dl\u00e1nok &#8211; LegalReasoner: A Multi-Stage Framework for Legal Judgment Prediction via Large Language Models and Knowledge Integration<br \/>\n<strong>Luk\u00e1\u0161 Varga<\/strong> &#8211; \u010dl\u00e1nok &#8211; A hybrid rule-based NLP and machine learning approach for PII detection and anonymization in financial documents.<br \/>\n<strong>Luk\u00e1\u0161 Boja\u010dko<\/strong> &#8211; \u010dl\u00e1nok &#8211; Open-Source Tools for Morphology, Lemmatization, POS Tagging and Named Entity Recognition (n\u00e1hradn\u00edk, ak by niekto ochorel)<\/td>\n<\/tr>\n<tr>\n<td style=\"border: 1px solid black;\">26.3.2026<\/td>\n<td style=\"border: 1px solid black;\">&#8212; (\u0161t\u00e1tnice R\u0160I &#8211; vo\u013eno)<\/td>\n<\/tr>\n<tr>\n<td style=\"border: 1px solid black;\">2.4.2026<\/td>\n<td style=\"border: 1px solid black;\">prezent\u00e1cie \u010dl\u00e1nkov a technol\u00f3gi\u00ed<br \/>\n<strong>Luk\u00e1\u0161 Boja\u010dko<\/strong> &#8211; \u010dl\u00e1nok &#8211; Open-Source Tools for Morphology, Lemmatization, POS Tagging and Named Entity Recognition<br \/>\n<strong>Adam Macko<\/strong> &#8211; \u010dl\u00e1nok &#8211; <a href=\"https:\/\/www.mdpi.com\/2220-9964\/10\/8\/565\">Defining a Model for Integrating Indoor and Outdoor Network Data to Support Seamless Navigation Applications<\/a>.<br \/>\n<strong>Liubomyr Logoida<\/strong> &#8211; \u010dl\u00e1nok a technol\u00f3gia &#8211; RAGAs \u2013 preh\u013ead met\u00f3d hodnotenia RAG.<\/td>\n<\/tr>\n<tr>\n<td style=\"border: 1px solid black;\">9.4.2026<\/td>\n<td style=\"border: 1px solid black;\">prezent\u00e1cie aktu\u00e1lneho stavu bakal\u00e1rskych pr\u00e1c<\/td>\n<\/tr>\n<tr>\n<td style=\"border: 1px solid black;\">16.4.2026<\/td>\n<td style=\"border: 1px solid black;\">prezent\u00e1cie aktu\u00e1lneho stavu bakal\u00e1rskych pr\u00e1c<\/td>\n<\/tr>\n<tr>\n<td style=\"border: 1px solid black;\">23.4.2026<\/td>\n<td style=\"border: 1px solid black;\">Alpinka<\/td>\n<\/tr>\n<tr>\n<td style=\"border: 1px solid black;\">30.4.2026<\/td>\n<td style=\"border: 1px solid black;\">zmena rozvrhu ako v piatok<\/td>\n<\/tr>\n<tr>\n<td style=\"border: 1px solid black;\">7.5.2025<\/td>\n<td style=\"border: 1px solid black;\">prezent\u00e1cie aktu\u00e1lneho stavu diplomov\u00fdch pr\u00e1c<\/td>\n<\/tr>\n<tr>\n<td style=\"border: 1px solid black;\">14.5.2025<\/td>\n<td style=\"border: 1px solid black;\">rezerva<\/td>\n<\/tr>\n<\/tbody>\n<\/table>\n<h2>Zimn\u00fd semester 2025\/26:<\/h2>\n<table style=\"height: 418px; width: 895px; border: 1px solid black; border-collapse: collapse;\">\n<thead style=\"border: 1px solid black;\">\n<tr>\n<th style=\"border: 1px solid black; width: 13ch;\">D\u00e1tum<\/th>\n<th style=\"border: 1px solid black;\">Prezentuje<\/th>\n<\/tr>\n<\/thead>\n<tbody>\n<tr>\n<td style=\"border: 1px solid black;\">18.9.2025<\/td>\n<td style=\"border: 1px solid black;\">\n<div>\n<div>\u00favodn\u00e9 stretnutie &#8211; diskusia o zadaniach a aktu\u00e1lnom stave z\u00e1vere\u010dn\u00fdch pr\u00e1c<\/div>\n<\/div>\n<\/td>\n<\/tr>\n<tr>\n<td style=\"border: 1px solid black;\">25.9.2025<\/td>\n<td style=\"border: 1px solid black;\">prezent\u00e1cia aktu\u00e1lneho stavu diplomovej pr\u00e1ce<\/td>\n<\/tr>\n<tr>\n<td style=\"border: 1px solid black;\">2.10.2025<\/td>\n<td style=\"border: 1px solid black;\">predstavenia zadan\u00ed bakal\u00e1rskych pr\u00e1c, term\u00edn na inform\u00e1ciu o prezent\u00e1cii mailom PG<\/td>\n<\/tr>\n<tr>\n<td style=\"border: 1px solid black;\">9.10.2025<\/td>\n<td style=\"border: 1px solid black;\">&#8212; nebude &#8211; pr\u00edprava na prezent\u00e1cie<\/td>\n<\/tr>\n<tr>\n<td style=\"border: 1px solid black;\">16.10.2025<\/td>\n<td style=\"border: 1px solid black;\">&#8212; nebude &#8211; pr\u00edprava na prezent\u00e1cie<\/td>\n<\/tr>\n<tr>\n<td style=\"border: 1px solid black;\">23.10.2025<\/td>\n<td style=\"border: 1px solid black;\">prezent\u00e1cia \u010dl\u00e1nkov a technol\u00f3gi\u00ed<br \/>\n<strong>Nicol Fedurcov\u00e1<\/strong> &#8211; \u010dl\u00e1nok &#8211; Prompt engineering<br \/>\n<strong>Attila Pap\u00e1n<\/strong> &#8211; \u010dl\u00e1nok &#8211; Segmentation Model for Judgments of the Portuguese Supreme Court of Justice<br \/>\n<strong>Dami\u00e1n Rybovi\u010d<\/strong> &#8211; \u010dl\u00e1nok &#8211; Generative Pre-Trained Transformer-Empowered Healthcare Conversations: Current Trends, Challenges, and Future Directions in Large Language Model-Enabled Medical Chatbots<\/td>\n<\/tr>\n<tr>\n<td style=\"border: 1px solid black;\">30.10.2025<\/td>\n<td style=\"border: 1px solid black;\">prezent\u00e1cia \u010dl\u00e1nkov a technol\u00f3gi\u00ed<br \/>\n<strong>Vasyl Khorev<\/strong> &#8211; technol\u00f3gia &#8211; o efekt\u00edvnom kreslen\u00ed v HTML Canvas pre simul\u00e1cie celul\u00e1rnych automatov.<br \/>\n<strong>Liubomyr Logoida<\/strong> &#8211; technol\u00f3gia &#8211; MLflow.<br \/>\n<strong>Adam Bruno Balint<\/strong> &#8211; \u010dl\u00e1nok &#8211; Automated Code Review in Practice<\/td>\n<\/tr>\n<tr>\n<td style=\"border: 1px solid black;\">6.11.2025<\/td>\n<td style=\"border: 1px solid black;\">prezent\u00e1cia \u010dl\u00e1nkov a technol\u00f3gi\u00ed<br \/>\n<strong>Mat\u00fa\u0161 Kundracik<\/strong> &#8211; \u010dl\u00e1nok &#8211; Efficient Prediction of Judicial Case Decisions Based on State Space Modeling<br \/>\n<strong>Luk\u00e1\u0161 Varga<\/strong> &#8211; \u010dl\u00e1nky &#8211; &#8222;A comparative analysis, enhancement and evaluation of text anonymization with pre-trained Large Language Models Benet Manzanares-Salor, David S\u00e1nchez, Department of Computer Engineering and Mathematics, CYBERCAT-Center for Cybersecurity Research of Catalonia, Universitat Rovira i Virgili, 43007, Tarragona, Spain&#8220; a &#8222;LANGUAGE MODELS ARE ADVANCED ANONYMIZERS Robin Staab, Mark Vero, Mislav Balunovi\u0107, Martin Vechev, Department of Computer Science, ETH Zurich&#8220;<br \/>\n<strong>Samuel Dobr\u00edk<\/strong> &#8211; technol\u00f3gia &#8211; libGDX framework<\/td>\n<\/tr>\n<tr>\n<td style=\"border: 1px solid black;\">13.11.2025<\/td>\n<td style=\"border: 1px solid black;\">&#8212; nebude<\/td>\n<\/tr>\n<tr>\n<td style=\"border: 1px solid black;\">20.11.2025<\/td>\n<td style=\"border: 1px solid black;\">prezent\u00e1cia \u010dl\u00e1nkov a technol\u00f3gi\u00ed<br \/>\n<strong>Veronika Ba\u0161kovsk\u00e1<\/strong> &#8211; \u010dl\u00e1nok &#8211; Graph neural networks in node classification:survey and evaluation<br \/>\n<strong>Viktoriia Denysiuk<\/strong> &#8211; technol\u00f3gia &#8211; stru\u010dn\u00fd preh\u013ead dokument\u00e1cie k v\u00fdvoju aplik\u00e1ci\u00ed pre Android<\/td>\n<\/tr>\n<tr>\n<td style=\"border: 1px solid black;\">27.11.2025<\/td>\n<td style=\"border: 1px solid black;\">prezent\u00e1cia \u010dl\u00e1nkov a technol\u00f3gi\u00ed<br \/>\n<strong>Karol\u00eda Kri\u0161tofov\u00e1<\/strong> &#8211; technol\u00f3gia &#8211; RAG a vektorov\u00e1 datab\u00e1za<br \/>\n<strong>Stanislava Maru\u0161ov\u00e1<\/strong> &#8211; \u010dl\u00e1nok &#8211; Metriky na podobnos\u0165 textov z \u010dl\u00e1nkov &#8222;Mandal, A., Ghosh, K., Ghosh, S., &amp; Mandal, S. (2021). Unsupervised approaches for measuring textual similarity between legal court case reports. Artificial Intelligence and Law, 29, 417\u2013451.&#8220; a\/alebo &#8222;Wang, Jiapeng, and Yihong Dong. 2020. &#8222;Measurement of Text Similarity: A Survey&#8220; Information 11, no. 9: 421&#8243;<br \/>\n<strong>\u0160tefan Malik<\/strong> &#8211; \u010dl\u00e1nok &#8211; Automated Text Annotation Using a Semi-Supervised Approach with Meta Vectorizer and Machine Learning Algorithms for Hate Speech Detection<\/td>\n<\/tr>\n<tr>\n<td style=\"border: 1px solid black;\">4.12.2025<\/td>\n<td style=\"border: 1px solid black;\">prezent\u00e1cia aktu\u00e1lneho stavu bakal\u00e1rskej pr\u00e1ce<\/td>\n<\/tr>\n<tr>\n<td style=\"border: 1px solid black;\">11.12.2025<\/td>\n<td style=\"border: 1px solid black;\">prezent\u00e1cia aktu\u00e1lneho stavu bakal\u00e1rskej pr\u00e1ce<\/td>\n<\/tr>\n<tr>\n<td style=\"border: 1px solid black;\">18.12.2025<\/td>\n<td style=\"border: 1px solid black;\">rezerva<\/td>\n<\/tr>\n<\/tbody>\n<\/table>\n<p>&nbsp;<\/p>\n","protected":false},"excerpt":{"rendered":"<p>Letn\u00fd semester 2025\/26: Magistersk\u00ed \u0161tudenti: Luk\u00e1\u0161 Boja\u010dko (Gursk\u00fd) &#8211; Lematiz\u00e1cia slovensk\u00fdch textov s\u00a0vyu\u017eit\u00edm kontextu a\u00a0integr\u00e1cia do\u00a0vyh\u013ead\u00e1vacieho syst\u00e9mu Elasticsearch&#8230;<\/p>\n","protected":false},"author":2,"featured_media":0,"parent":0,"menu_order":0,"comment_status":"closed","ping_status":"closed","template":"","meta":{"footnotes":""},"class_list":["post-165","page","type-page","status-publish","hentry"],"_links":{"self":[{"href":"https:\/\/ics.science.upjs.sk\/spec-sem\/wp-json\/wp\/v2\/pages\/165","targetHints":{"allow":["GET"]}}],"collection":[{"href":"https:\/\/ics.science.upjs.sk\/spec-sem\/wp-json\/wp\/v2\/pages"}],"about":[{"href":"https:\/\/ics.science.upjs.sk\/spec-sem\/wp-json\/wp\/v2\/types\/page"}],"author":[{"embeddable":true,"href":"https:\/\/ics.science.upjs.sk\/spec-sem\/wp-json\/wp\/v2\/users\/2"}],"replies":[{"embeddable":true,"href":"https:\/\/ics.science.upjs.sk\/spec-sem\/wp-json\/wp\/v2\/comments?post=165"}],"version-history":[{"count":113,"href":"https:\/\/ics.science.upjs.sk\/spec-sem\/wp-json\/wp\/v2\/pages\/165\/revisions"}],"predecessor-version":[{"id":329,"href":"https:\/\/ics.science.upjs.sk\/spec-sem\/wp-json\/wp\/v2\/pages\/165\/revisions\/329"}],"wp:attachment":[{"href":"https:\/\/ics.science.upjs.sk\/spec-sem\/wp-json\/wp\/v2\/media?parent=165"}],"curies":[{"name":"wp","href":"https:\/\/api.w.org\/{rel}","templated":true}]}}