{"id":162,"date":"2022-03-01T08:32:10","date_gmt":"2022-03-01T08:32:10","guid":{"rendered":"https:\/\/ics.science.upjs.sk\/spec-sem\/?page_id=162"},"modified":"2022-04-15T10:54:21","modified_gmt":"2022-04-15T09:54:21","slug":"hodnotenie","status":"publish","type":"page","link":"https:\/\/ics.science.upjs.sk\/spec-sem\/hodnotenie\/","title":{"rendered":"Hodnotenie"},"content":{"rendered":"<p>Ka\u017ed\u00e1 skupina, vzh\u013eadom na trochu in\u00fd charakter oblasti, ktorej sa venuje, m\u00f4\u017ee ma\u0165 krit\u00e9ri\u00e1 mierne upraven\u00e9. Spolo\u010dn\u00e9 minim\u00e1lne krit\u00e9ri\u00e1 na \u00faspe\u0161n\u00e9 ukon\u010denie predmetu predstavuj\u00fa:<\/p>\n<ul>\n<li>1 odborn\u00e9 vyst\u00fapenie na semin\u00e1ri<\/li>\n<li>2 prezent\u00e1cie aktu\u00e1lneho stavu rie\u0161enia z\u00e1vere\u010dnej pr\u00e1ce s diskusiou<\/li>\n<\/ul>\n<h2>Skupina Znalosti<\/h2>\n<p>Druh odborn\u00e9ho vyst\u00fapenia oznamuje \u0161tudent po diskusii s ved\u00facim pr\u00e1ce najnesk\u00f4r v druhom t\u00fd\u017edni semestra. Vyst\u00fapenie by malo trva\u0165 30-45 min\u00fat. Mo\u017en\u00e9 formy odborn\u00e9ho vyst\u00fapenia s\u00fa:<\/p>\n<ul>\n<li>Prezent\u00e1cia odborn\u00e9ho \u010dl\u00e1nku s\u00favisiaceho s cie\u013emi z\u00e1vere\u010dnej pr\u00e1ce, ide\u00e1lne tak\u00e9ho, ktor\u00fd priamo pom\u00f4\u017ee naplni\u0165 niektor\u00fd cie\u013e pr\u00e1ce.<\/li>\n<li>Kr\u00e1tky tutori\u00e1l o technol\u00f3gii, frameworku alebo kni\u017enici, ktor\u00fa \u0161tudent vyu\u017e\u00edva pri rie\u0161en\u00ed z\u00e1vere\u010dnej pr\u00e1ce. O\u010dak\u00e1va sa, \u017ee dan\u00fd obsah nie je vyu\u010dovan\u00fd na be\u017enom predmete a je v\u0161eobecnej\u0161ie pou\u017eite\u013en\u00fd.<\/li>\n<\/ul>\n<p>Prezent\u00e1cie aktu\u00e1lneho stavu s\u00fa realizovan\u00e9 nie formou slidov, ale pribl\u00ed\u017een\u00edm rie\u0161en\u00fdch probl\u00e9mov, algoritmov, zdrojov\u00fdch k\u00f3dov, vstupn\u00fdch d\u00e1t a podobne.<\/p>\n<h2>Skupina Anal\u00fdza \u00fadajov (Data Science)<\/h2>\n<p>Harmonogram semestra je zostaven\u00fd v prv\u00fdch t\u00fd\u017ed\u0148och semestra. Zah\u0155\u0148a odborn\u00e9 vyst\u00fapenia vyu\u010duj\u00facich, doktorandov a \u0161tudentov. Vyst\u00fapenia \u0161tudentov m\u00f4\u017eu by\u0165 vo forme:<\/p>\n<ul>\n<li>Prezent\u00e1cia vybran\u00e9ho zahrani\u010dn\u00e9ho alebo dom\u00e1ceho odborn\u00e9ho \u010dl\u00e1nku v oblasti anal\u00fdzy \u00fadajov.<\/li>\n<li>Prezent\u00e1cia vybran\u00e9ho n\u00e1vodu na aplik\u00e1ciu met\u00f3d anal\u00fdzy \u00fadajov pri rie\u0161en\u00ed konkr\u00e9tnych \u00faloh.<\/li>\n<li>Prezent\u00e1cia aktu\u00e1lneho stavu a v\u00fdsledkov z\u00e1vere\u010dnej pr\u00e1ce.<\/li>\n<\/ul>\n<h2>Skupina Bezpe\u010dnos\u0165<\/h2>\n<p>Harmonogram semestra je zostaven\u00fd v prv\u00fdch t\u00fd\u017ed\u0148och semestra. Zah\u0155\u0148a odborn\u00e9 vyst\u00fapenia vyu\u010duj\u00facich, doktorandov a \u0161tudentov. Vyst\u00fapenia \u0161tudentov m\u00f4\u017eu by\u0165 vo forme:<\/p>\n<ul>\n<li>Prezent\u00e1cia vybran\u00e9ho odborn\u00e9ho\/vedeck\u00e9ho \u010dl\u00e1nku (\u010dl\u00e1nkov) v oblasti bezpe\u010dnosi (po konzult\u00e1cii s ved\u00facim pr\u00e1ce) &#8211; 40-45 min.,<\/li>\n<li>Kr\u00e1tky workshop (tutorial) o konkr\u00e9tnej oblasti bezpe\u010dnosti, resp. technol\u00f3gii, ktor\u00e1 s\u00favis\u00ed s t\u00e9mou z\u00e1vere\u010dnej pr\u00e1ce \u0161tudenta &#8211; 40-45 min.,<\/li>\n<li>Prezent\u00e1cia aktu\u00e1lneho stavu a v\u00fdsledkov z\u00e1vere\u010dnej pr\u00e1ce &#8211; 20-25 min.,<\/li>\n<li>Prezet\u00e1cia podobn\u00fdch odborn\u00fdch a vedeck\u00fdch pr\u00e1c alebo existuj\u00facich technol\u00f3gi\u00ed, ktor\u00e9 s\u00fa podobn\u00e9 pr\u00e1ci \u0161tudenta &#8211; 20-25 min.<\/li>\n<\/ul>\n<h2>Skupina Teoretick\u00e1 informatika<\/h2>\n","protected":false},"excerpt":{"rendered":"<p>Ka\u017ed\u00e1 skupina, vzh\u013eadom na trochu in\u00fd charakter oblasti, ktorej sa venuje, m\u00f4\u017ee ma\u0165 krit\u00e9ri\u00e1 mierne upraven\u00e9. Spolo\u010dn\u00e9 minim\u00e1lne&#8230;<\/p>\n","protected":false},"author":2,"featured_media":0,"parent":0,"menu_order":0,"comment_status":"closed","ping_status":"closed","template":"","meta":{"footnotes":""},"class_list":["post-162","page","type-page","status-publish","hentry"],"_links":{"self":[{"href":"https:\/\/ics.science.upjs.sk\/spec-sem\/wp-json\/wp\/v2\/pages\/162","targetHints":{"allow":["GET"]}}],"collection":[{"href":"https:\/\/ics.science.upjs.sk\/spec-sem\/wp-json\/wp\/v2\/pages"}],"about":[{"href":"https:\/\/ics.science.upjs.sk\/spec-sem\/wp-json\/wp\/v2\/types\/page"}],"author":[{"embeddable":true,"href":"https:\/\/ics.science.upjs.sk\/spec-sem\/wp-json\/wp\/v2\/users\/2"}],"replies":[{"embeddable":true,"href":"https:\/\/ics.science.upjs.sk\/spec-sem\/wp-json\/wp\/v2\/comments?post=162"}],"version-history":[{"count":5,"href":"https:\/\/ics.science.upjs.sk\/spec-sem\/wp-json\/wp\/v2\/pages\/162\/revisions"}],"predecessor-version":[{"id":212,"href":"https:\/\/ics.science.upjs.sk\/spec-sem\/wp-json\/wp\/v2\/pages\/162\/revisions\/212"}],"wp:attachment":[{"href":"https:\/\/ics.science.upjs.sk\/spec-sem\/wp-json\/wp\/v2\/media?parent=162"}],"curies":[{"name":"wp","href":"https:\/\/api.w.org\/{rel}","templated":true}]}}