{"id":22,"date":"2022-04-19T01:40:44","date_gmt":"2022-04-18T23:40:44","guid":{"rendered":"https:\/\/ics.science.upjs.sk\/sofsem2023\/?page_id=22"},"modified":"2023-01-04T11:08:30","modified_gmt":"2023-01-04T10:08:30","slug":"steering-committee","status":"publish","type":"page","link":"https:\/\/ics.science.upjs.sk\/sofsem2023\/about\/steering-committee\/","title":{"rendered":"Committees"},"content":{"rendered":"<div class=\"et_pb_module et_pb_text et_pb_text_3 et_pb_bg_layout_light et_pb_text_align_left\">\n<div class=\"et_pb_text_inner\">\n<p><strong>Programme Committee:<br \/>\n<\/strong>Amihood Amir, Bar Ilan, Israel<br \/>\nMichael Blondin, Universit\u00e9 de Sherbrooke, Canada<br \/>\nMarek Chrobak, University of California Riverside, USA<br \/>\nPaola Flocchini, Ottawa University, Canada<br \/>\nAnna Gambin, Uniwersytet Warszawski, Poland<br \/>\nRobert Ganian, TU Wien, Austria<br \/>\nLeszek G\u0105sieniec, University of Liverpool, UK, <strong>chair<br \/>\n<\/strong>Davide Grossi, University of Groningen, Netherlands<strong><br \/>\n<\/strong>Christoph Haase, Oxford University, United Kingdom<br \/>\nCezary Kaliszyk, Universit\u00e4t Innsbruck, Austria<br \/>\nRalf Klasing, CNRS and University of Bordeaux, France<br \/>\nRastislav Kr\u00e1lovi\u010d, Comenius University in Bratislava, Slovakia<br \/>\nGiuseppe Liotta, University of Perugia, Italy<br \/>\nPawel Parys, Uniwersytet Warszawski, Poland<br \/>\nVangelis Paschos, Universit\u00e9 Paris-Dauphine, France<br \/>\nDaniel Paulusma, Durham University, United Kingdom<br \/>\nTomasz Radzik, Kings College London, United Kingdom<br \/>\nDavid Sarne, Bar Ilan University, Israel<br \/>\nChristian Scheideler, Paderborn University, Germany<br \/>\nPawe\u0142 Soboci\u0144ski, Tallinn University of Technology, Estonia<br \/>\nPaul Spirakis, University of Liverpool, United Kingdom<br \/>\nGrzegorz Stachowiak, Uniwersytet Wroc\u0142awski, Poland<br \/>\nSebastian Wild, University of Liverpool, United Kingdom<br \/>\nQin Xin, University of the Faroe Islands, Faroe Islands<\/p>\n<\/div>\n<\/div>\n<div class=\"et_pb_module et_pb_text et_pb_text_4 et_pb_bg_layout_light et_pb_text_align_left\">\n<div class=\"et_pb_text_inner\">\n<p><strong><br \/>\nSteering Committee:<br \/>\n<\/strong>Barbara Catania, University of Genova, Italy<br \/>\nMiroslaw Kutylowski, Wroclaw University of Technology, Poland<br \/>\nTiziana Margaria-Steffen, University of Limerick, Ireland<br \/>\nBranislav Rovan, Comenius University, Bratislava, Slovakia<br \/>\nPetr \u0160aloun, Technical University of Ostrava, Czech Republic<br \/>\nJ\u00falius \u0160tuller, Academy of Sciences, Prague, Czech Republic, <strong>chair<br \/>\n<\/strong>Jan van Leeuwen, Utrecht University, Utrecht, Netherlands<\/p>\n<p><strong>Organizing Committee:<br \/>\n<\/strong>Peter Gursk\u00fd, Pavol Jozef \u0160af\u00e1rik University in Ko\u0161ice, Slovakia, <strong>chair<\/strong>, <em>peter.gursky(at)upjs.sk<\/em><br \/>\n\u013dubom\u00edr Antoni, Pavol Jozef \u0160af\u00e1rik University in Ko\u0161ice, Slovakia, <em>lubomir.antoni(at)upjs.sk<\/em><br \/>\nJuraj \u0160ebej, Pavol Jozef \u0160af\u00e1rik University in Ko\u0161ice, Slovakia<br \/>\nViktor Olej\u00e1r, Pavol Jozef \u0160af\u00e1rik University in Ko\u0161ice, Slovakia\n<\/div>\n<p>&nbsp;<\/p>\n<\/div>\n","protected":false},"excerpt":{"rendered":"<p>Programme Committee: Amihood Amir, Bar Ilan, Israel Michael Blondin, Universit\u00e9 de Sherbrooke, Canada Marek Chrobak, University of California Riverside, USA Paola Flocchini, Ottawa University, Canada Anna Gambin, Uniwersytet Warszawski, Poland&hellip;<\/p>\n","protected":false},"author":12,"featured_media":0,"parent":14,"menu_order":0,"comment_status":"closed","ping_status":"closed","template":"","meta":{"footnotes":""},"class_list":["post-22","page","type-page","status-publish","hentry"],"_links":{"self":[{"href":"https:\/\/ics.science.upjs.sk\/sofsem2023\/wp-json\/wp\/v2\/pages\/22","targetHints":{"allow":["GET"]}}],"collection":[{"href":"https:\/\/ics.science.upjs.sk\/sofsem2023\/wp-json\/wp\/v2\/pages"}],"about":[{"href":"https:\/\/ics.science.upjs.sk\/sofsem2023\/wp-json\/wp\/v2\/types\/page"}],"author":[{"embeddable":true,"href":"https:\/\/ics.science.upjs.sk\/sofsem2023\/wp-json\/wp\/v2\/users\/12"}],"replies":[{"embeddable":true,"href":"https:\/\/ics.science.upjs.sk\/sofsem2023\/wp-json\/wp\/v2\/comments?post=22"}],"version-history":[{"count":32,"href":"https:\/\/ics.science.upjs.sk\/sofsem2023\/wp-json\/wp\/v2\/pages\/22\/revisions"}],"predecessor-version":[{"id":349,"href":"https:\/\/ics.science.upjs.sk\/sofsem2023\/wp-json\/wp\/v2\/pages\/22\/revisions\/349"}],"up":[{"embeddable":true,"href":"https:\/\/ics.science.upjs.sk\/sofsem2023\/wp-json\/wp\/v2\/pages\/14"}],"wp:attachment":[{"href":"https:\/\/ics.science.upjs.sk\/sofsem2023\/wp-json\/wp\/v2\/media?parent=22"}],"curies":[{"name":"wp","href":"https:\/\/api.w.org\/{rel}","templated":true}]}}