{"id":16,"date":"2022-04-19T01:36:07","date_gmt":"2022-04-18T23:36:07","guid":{"rendered":"https:\/\/ics.science.upjs.sk\/sofsem2023\/?page_id=16"},"modified":"2022-05-09T21:18:37","modified_gmt":"2022-05-09T19:18:37","slug":"venue","status":"publish","type":"page","link":"https:\/\/ics.science.upjs.sk\/sofsem2023\/about\/venue\/","title":{"rendered":"Venue"},"content":{"rendered":"<p><strong>Conference location<br \/>\n<\/strong>The High Tatras Mountains are the most compact mountains of alpine type in Europe. Located on Slovakia\u2019s northern border with Poland, they have been a popular recreational resort since the 19th century, mainly due to their unique, high mountain climate, and its beneficial effects on the human body. During the winter season, the resort offers numerous skiing possibilities.<\/p>\n<p><strong>Conference hotel<br \/>\n<\/strong>The conference will be held in the\u00a0<a href=\"https:\/\/www.atriumhotel.sk\/\">Atrium Hotel<\/a> located at the foothill of the peak Slavkovsk\u00fd \u0161t\u00edt (2452m). The hotel offers free wifi, free parking, and a host of facilities including bowling track, wine cellar, swimming pool, and a wide range of wellness programs.<\/p>\n<p><a href=\"https:\/\/atriumhotel.sk\/virtualna-prehliadka\" target=\"_blank\" rel=\"noopener\">Virtual tour in Hotel Atrium<\/a><\/p>\n<p><a href=\"https:\/\/atriumhotel.sk\/\" target=\"_blank\" rel=\"noopener\"><img loading=\"lazy\" decoding=\"async\" class=\"alignnone wp-image-92\" src=\"https:\/\/ics.science.upjs.sk\/sofsem2023\/wp-content\/uploads\/sites\/24\/2022\/04\/atrium-300x203.png\" alt=\"\" width=\"421\" height=\"290\" \/><\/a><\/p>\n<p><strong>Transportation to hotel<br \/>\n<\/strong>The main entry point to the Hotel Atrium (located in Nov\u00fd Smokovec) is the town of Poprad with regular train connections from airports in Vienna (5 hours), Bratislava (4 hours), Ko\u0161ice (2 hours), or bus connection from Krak\u00f3w (about 3 hours). The local transportation from Poprad among the settlements forming the town of Vysok\u00e9 Tatry is provided by Tatra&#8217;s Electrical Railways (a mountain narrow-gauge train) with a stop only 50m from the conference hotel (train stop called Nov\u00fd Smokovec).<\/p>\n<p><strong>Hotel surroundings<\/strong><br \/>\nOnly 50 m from the hotel is Jakubkova l\u00faka (Jacob&#8217;s Meadow), a well-known ski center ideal for children and starter skiers. Hrebienok, a sought-after ski center, is located about 200 m from the hotel. Next to the Hrebienok funicular railway there is the start of a unique attraction of the High Tatras \u2013 a 3 km long sledding track with the possibility of unforgettable night sledding. There is also an open ice area located about 150 m from the hotel.<\/p>\n<p>&nbsp;<\/p>\n<p>&nbsp;<\/p>\n","protected":false},"excerpt":{"rendered":"<p>Conference location The High Tatras Mountains are the most compact mountains of alpine type in Europe. Located on Slovakia\u2019s northern border with Poland, they have been a popular recreational resort&hellip;<\/p>\n","protected":false},"author":12,"featured_media":0,"parent":14,"menu_order":0,"comment_status":"closed","ping_status":"closed","template":"","meta":{"footnotes":""},"class_list":["post-16","page","type-page","status-publish","hentry"],"_links":{"self":[{"href":"https:\/\/ics.science.upjs.sk\/sofsem2023\/wp-json\/wp\/v2\/pages\/16","targetHints":{"allow":["GET"]}}],"collection":[{"href":"https:\/\/ics.science.upjs.sk\/sofsem2023\/wp-json\/wp\/v2\/pages"}],"about":[{"href":"https:\/\/ics.science.upjs.sk\/sofsem2023\/wp-json\/wp\/v2\/types\/page"}],"author":[{"embeddable":true,"href":"https:\/\/ics.science.upjs.sk\/sofsem2023\/wp-json\/wp\/v2\/users\/12"}],"replies":[{"embeddable":true,"href":"https:\/\/ics.science.upjs.sk\/sofsem2023\/wp-json\/wp\/v2\/comments?post=16"}],"version-history":[{"count":13,"href":"https:\/\/ics.science.upjs.sk\/sofsem2023\/wp-json\/wp\/v2\/pages\/16\/revisions"}],"predecessor-version":[{"id":168,"href":"https:\/\/ics.science.upjs.sk\/sofsem2023\/wp-json\/wp\/v2\/pages\/16\/revisions\/168"}],"up":[{"embeddable":true,"href":"https:\/\/ics.science.upjs.sk\/sofsem2023\/wp-json\/wp\/v2\/pages\/14"}],"wp:attachment":[{"href":"https:\/\/ics.science.upjs.sk\/sofsem2023\/wp-json\/wp\/v2\/media?parent=16"}],"curies":[{"name":"wp","href":"https:\/\/api.w.org\/{rel}","templated":true}]}}