{"id":146,"date":"2022-05-07T22:21:47","date_gmt":"2022-05-07T20:21:47","guid":{"rendered":"https:\/\/ics.science.upjs.sk\/sofsem2023\/?page_id=146"},"modified":"2022-05-26T11:03:28","modified_gmt":"2022-05-26T09:03:28","slug":"previous-sofsem-editions","status":"publish","type":"page","link":"https:\/\/ics.science.upjs.sk\/sofsem2023\/about\/previous-sofsem-editions\/","title":{"rendered":"Previous SOFSEMs"},"content":{"rendered":"<ul>\n<li><a href=\"https:\/\/sofsem2021.inf.unibz.it\/\" target=\"_blank\" rel=\"noopener\">SOFSEM 2021<\/a> \u00a0\u00a0January 25 \u2013 29, 2021, Bozen-Bolzano, Italy<\/li>\n<li><a href=\"https:\/\/cyprusconferences.org\/sofsem2020\" target=\"_blank\" rel=\"noopener\">SOFSEM 2020<\/a>\u00a0\u00a0\u00a0January 20 \u2013 24, 2020, Limassol, Cyprus<\/li>\n<li><a href=\"https:\/\/beda.dcs.fmph.uniba.sk\/sofsem2019\" target=\"_blank\" rel=\"noopener\">SOFSEM 2019<\/a>\u00a0\u00a0\u00a0January 27 \u2013 30, 2019, Nov\u00fd Smokovec, Slovakia<\/li>\n<li><a href=\"https:\/\/sofsem2018.ocg.at\/\" target=\"_blank\" rel=\"noopener\">SOFSEM 2018<\/a>\u00a0\u00a0\u00a0January 29 \u2013 February 2, 2018, Krems an der Donau, Austria<\/li>\n<li><a href=\"http:\/\/www.sofsem.cz\/sofsem17\" target=\"_blank\" rel=\"noopener\">SOFSEM 2017<\/a>\u00a0\u00a0\u00a0January 16 \u2013 20, 2017, Lero \u2013 Limerick, Ireland<\/li>\n<li><a href=\"http:\/\/www.sofsem.cz\/sofsem16\" target=\"_blank\" rel=\"noopener\">SOFSEM 2016<\/a>\u00a0\u00a0\u00a0January 23 \u2013 28, 2016, Harrachov, Czech Republic<\/li>\n<li><a href=\"http:\/\/www.sofsem.cz\/sofsem15\" target=\"_blank\" rel=\"noopener\">SOFSEM 2015<\/a>\u00a0\u00a0\u00a0January 24 \u2013 29, 2015, Pec pod Sn\u011b\u017ekou, Czech Republic<\/li>\n<li><a href=\"http:\/\/sofsem14.ics.upjs.sk\/Sofsem\/Home\" target=\"_blank\" rel=\"noopener\">SOFSEM 2014<\/a>\u00a0\u00a0\u00a0January 25 \u2013 30, 2014, High Tatras, Slovak Repubic<\/li>\n<li><a href=\"http:\/\/www.sofsem.cz\/sofsem13\" target=\"_blank\" rel=\"noopener\">SOFSEM 2013<\/a>\u00a0\u00a0\u00a0January 26 \u2013 31, 2013, \u0160pindler\u016fv Ml\u00fdn, Czech Republic<\/li>\n<li><a href=\"http:\/\/www.sofsem.cz\/sofsem12\" target=\"_blank\" rel=\"noopener\">SOFSEM 2012<\/a>\u00a0\u00a0\u00a0January 21 \u2013 27, 2012, \u0160pindler\u016fv Ml\u00fdn, Czech Republic<\/li>\n<li><a href=\"http:\/\/kedrigern.dcs.fmph.uniba.sk\/kralovic\/sofsem2011\" target=\"_blank\" rel=\"noopener\">SOFSEM 2011<\/a>\u00a0\u00a0\u00a0January 22 \u2013 28, 2011, High Tatras, Slovak Republic<\/li>\n<li><a href=\"http:\/\/www.sofsem.cz\/sofsem10\" target=\"_blank\" rel=\"noopener\">SOFSEM 2010<\/a>\u00a0\u00a0\u00a0January 23 \u2013 29, 2010, \u0160pindler\u016fv Ml\u00fdn, Czech Republic<\/li>\n<li><a href=\"http:\/\/www.sofsem.cz\/sofsem09\" target=\"_blank\" rel=\"noopener\">SOFSEM 2009<\/a>\u00a0\u00a0\u00a0January 24 \u2013 30, 2009, \u0160pindler\u016fv Ml\u00fdn, Czech Republic<\/li>\n<li><a href=\"http:\/\/ics.upjs.sk\/sofsem08\" target=\"_blank\" rel=\"noopener\">SOFSEM 2008<\/a>\u00a0\u00a0\u00a0January 19 \u2013 25, 2008, High Tatras, Slovak Republic<\/li>\n<li><a href=\"http:\/\/www.sofsem.cz\/sofsem07\" target=\"_blank\" rel=\"noopener\">SOFSEM 2007<\/a>\u00a0\u00a0\u00a0January 20 \u2013 26, 2007, Harrachov, Czech Republic<\/li>\n<li><a href=\"http:\/\/www.sofsem.cz\/sofsem06\" target=\"_blank\" rel=\"noopener\">SOFSEM 2006<\/a>\u00a0\u00a0\u00a0January 21 \u2013 27, 2006, M\u011b\u0159\u00edn, Czech Republic<\/li>\n<li><a href=\"http:\/\/www.sofsem.sk\/sofsem05\" target=\"_blank\" rel=\"noopener\">SOFSEM 2005<\/a>\u00a0\u00a0\u00a0January 22 \u2013 28, 2005, Liptovsk\u00fd J\u00e1n, Slovak Republic<\/li>\n<li><a href=\"http:\/\/www.sofsem.cz\/sofsem04\" target=\"_blank\" rel=\"noopener\">SOFSEM 2004<\/a>\u00a0\u00a0\u00a0January 24 \u2013 30, 2004, M\u011b\u0159\u00edn, Czech Republic<\/li>\n<li><a href=\"http:\/\/www.sofsem.cz\/sofsem02\" target=\"_blank\" rel=\"noopener\">SOFSEM 2002<\/a>\u00a0\u00a0\u00a0November 22 \u2013 29, 2002, Milovy, Czech Republic<\/li>\n<li><a href=\"http:\/\/www.sofsem.sk\/sofsem01\" target=\"_blank\" rel=\"noopener\">SOFSEM 2001<\/a>\u00a0\u00a0\u00a0November 24 \u2013 December 1, 2001, Pie\u0161\u0165any, Slovak Republic<\/li>\n<li><a href=\"http:\/\/www.sofsem.cz\/sofsem00\" target=\"_blank\" rel=\"noopener\">SOFSEM 2000<\/a>\u00a0\u00a0\u00a0November 25 \u2013 December 2, 2000, Milovy, Czech Republic<\/li>\n<li><a href=\"http:\/\/www.sofsem.cz\/sofsem99\" target=\"_blank\" rel=\"noopener\">SOFSEM 1999<\/a>\u00a0\u00a0\u00a0November 27 \u2013 December 4, 1999, Milovy, Czech Republic<\/li>\n<li><a href=\"http:\/\/www.sofsem.sk\/sofsem98\" target=\"_blank\" rel=\"noopener\">SOFSEM 1998<\/a>\u00a0\u00a0\u00a0November 21 \u2013 27, 1998, Jasn\u00e1, Slovak Republic<\/li>\n<li><a href=\"http:\/\/www.sofsem.cz\/sofsem97\" target=\"_blank\" rel=\"noopener\">SOFSEM 1997<\/a>\u00a0\u00a0\u00a0November 22 \u2013 29, 1997, Milovy, Czech Republic<\/li>\n<li><a href=\"http:\/\/www.sofsem.cz\/sofsem96\" target=\"_blank\" rel=\"noopener\">SOFSEM 1996<\/a>\u00a0\u00a0\u00a0November 23 \u2013 30, 1996, Milovy, Czech Republic<\/li>\n<li><a href=\"http:\/\/www.sofsem.cz\/sofsem95\" target=\"_blank\" rel=\"noopener\">SOFSEM 1995<\/a>\u00a0\u00a0\u00a0November 25 \u2013 December 2, 1995, Milovy, Czech Republic<\/li>\n<\/ul>\n","protected":false},"excerpt":{"rendered":"<p>SOFSEM 2021 \u00a0\u00a0January 25 \u2013 29, 2021, Bozen-Bolzano, Italy SOFSEM 2020\u00a0\u00a0\u00a0January 20 \u2013 24, 2020, Limassol, Cyprus SOFSEM 2019\u00a0\u00a0\u00a0January 27 \u2013 30, 2019, Nov\u00fd Smokovec, Slovakia SOFSEM 2018\u00a0\u00a0\u00a0January 29 \u2013&hellip;<\/p>\n","protected":false},"author":12,"featured_media":0,"parent":14,"menu_order":0,"comment_status":"closed","ping_status":"closed","template":"","meta":{"footnotes":""},"class_list":["post-146","page","type-page","status-publish","hentry"],"_links":{"self":[{"href":"https:\/\/ics.science.upjs.sk\/sofsem2023\/wp-json\/wp\/v2\/pages\/146","targetHints":{"allow":["GET"]}}],"collection":[{"href":"https:\/\/ics.science.upjs.sk\/sofsem2023\/wp-json\/wp\/v2\/pages"}],"about":[{"href":"https:\/\/ics.science.upjs.sk\/sofsem2023\/wp-json\/wp\/v2\/types\/page"}],"author":[{"embeddable":true,"href":"https:\/\/ics.science.upjs.sk\/sofsem2023\/wp-json\/wp\/v2\/users\/12"}],"replies":[{"embeddable":true,"href":"https:\/\/ics.science.upjs.sk\/sofsem2023\/wp-json\/wp\/v2\/comments?post=146"}],"version-history":[{"count":2,"href":"https:\/\/ics.science.upjs.sk\/sofsem2023\/wp-json\/wp\/v2\/pages\/146\/revisions"}],"predecessor-version":[{"id":240,"href":"https:\/\/ics.science.upjs.sk\/sofsem2023\/wp-json\/wp\/v2\/pages\/146\/revisions\/240"}],"up":[{"embeddable":true,"href":"https:\/\/ics.science.upjs.sk\/sofsem2023\/wp-json\/wp\/v2\/pages\/14"}],"wp:attachment":[{"href":"https:\/\/ics.science.upjs.sk\/sofsem2023\/wp-json\/wp\/v2\/media?parent=146"}],"curies":[{"name":"wp","href":"https:\/\/api.w.org\/{rel}","templated":true}]}}