{"id":9,"date":"2022-01-19T10:38:12","date_gmt":"2022-01-19T09:38:12","guid":{"rendered":"https:\/\/ics.science.upjs.sk\/opiela\/?page_id=9"},"modified":"2026-02-13T16:42:56","modified_gmt":"2026-02-13T15:42:56","slug":"vyucba","status":"publish","type":"page","link":"https:\/\/ics.science.upjs.sk\/opiela\/vyucba\/","title":{"rendered":"V\u00fdu\u010dba"},"content":{"rendered":"\r\n<p>Predmety v zimnom semestri:<\/p>\r\n\r\n\r\n\r\n<ul class=\"wp-block-list\">\r\n<li><a href=\"https:\/\/paz1a.ics.upjs.sk\/\">PAZ1a<\/a> (Programovanie, algoritmy, zlo\u017eitos\u0165) &#8211; 12x (2025\/26<strong>, <\/strong>2024\/25<strong>,<\/strong> 2023\/24, 2022\/23, 2021\/22, 2020\/21, 2019\/20, 2018\/19, 2017\/18, 2016\/17, 2015\/16, 2013\/14)<\/li>\r\n<li><a href=\"https:\/\/ics.science.upjs.sk\/ano\">ANO<\/a> (Anal\u00fdza obrazu) &#8211; 4x (2025\/26, 2024\/25, 2023\/24, 2022\/23)<\/li>\r\n<li><a href=\"https:\/\/ics.science.upjs.sk\/bc\/\">SZPa<\/a> (Spolo\u010dn\u00fd semin\u00e1r k z\u00e1vere\u010dnej pr\u00e1ci) &#8211; 2x (2025\/26, 2024\/25)<\/li>\r\n<li><a href=\"https:\/\/ics.science.upjs.sk\/spec-sem\/znalosti\/\">SSBa, SSDb<\/a> (\u0160pecializovan\u00fd odborn\u00fd semin\u00e1r) &#8211; 3x (2022\/23, 2021\/22, 2020\/21)<\/li>\r\n<\/ul>\r\n\r\n\r\n\r\n<p>Predmety v letnom semestri:<\/p>\r\n\r\n\r\n\r\n<ul class=\"wp-block-list\">\r\n<li><a href=\"https:\/\/paz1b.ics.upjs.sk\/\">PAZ1b<\/a> (Programovanie, algoritmy, zlo\u017eitos\u0165) &#8211; 10x (<strong>2025\/26<\/strong>, 2024\/25, 2023\/24, 2022\/23, 2021\/22, 2020\/21, 2019\/20, 2016\/17, 2015\/16, 2013\/14)<\/li>\r\n<li><a href=\"https:\/\/ics.science.upjs.sk\/vma\/\">VMA1<\/a> (V\u00fdvoj mobiln\u00fdch aplik\u00e1cii) &#8211; 5x (2024\/25, 2023\/24, 2022\/23, 2021\/22, 2017\/18)<\/li>\r\n<li><a href=\"https:\/\/ics.science.upjs.sk\/iot\/\">ZIV1<\/a> (Z\u00e1klady internetu vec\u00ed) &#8211; 7x (2024\/25 v ZS, 2022\/23, 2021\/22, 2020\/21, 2019\/20, 2018\/19, 2017\/18)<\/li>\r\n<li><a href=\"https:\/\/ics.science.upjs.sk\/bc\/\">PBS, SZPb<\/a> (Semin\u00e1r k z\u00e1vere\u010dnej pr\u00e1ci) &#8211; 2x (<strong>2025\/26<\/strong>, 2024\/25)<\/li>\r\n<li><a href=\"https:\/\/ics.science.upjs.sk\/spec-sem\/znalosti\/\">SSBb, SSDa<\/a> (\u0160pecializovan\u00fd odborn\u00fd semin\u00e1r) &#8211; 2x (2023\/24, 2021\/22)<\/li>\r\n<\/ul>\r\n\r\n\r\n\r\n<p>&nbsp;<\/p>\r\n","protected":false},"excerpt":{"rendered":"<p>Predmety v zimnom semestri: PAZ1a (Programovanie, algoritmy, zlo\u017eitos\u0165) &#8211; 12x (2025\/26, 2024\/25, 2023\/24, 2022\/23, 2021\/22, 2020\/21, 2019\/20, 2018\/19, 2017\/18, 2016\/17, 2015\/16, 2013\/14) ANO (Anal\u00fdza obrazu) &#8211; 4x (2025\/26, 2024\/25, 2023\/24,&hellip;<\/p>\n","protected":false},"author":22,"featured_media":0,"parent":0,"menu_order":0,"comment_status":"closed","ping_status":"closed","template":"","meta":{"footnotes":""},"class_list":["post-9","page","type-page","status-publish","hentry"],"_links":{"self":[{"href":"https:\/\/ics.science.upjs.sk\/opiela\/wp-json\/wp\/v2\/pages\/9","targetHints":{"allow":["GET"]}}],"collection":[{"href":"https:\/\/ics.science.upjs.sk\/opiela\/wp-json\/wp\/v2\/pages"}],"about":[{"href":"https:\/\/ics.science.upjs.sk\/opiela\/wp-json\/wp\/v2\/types\/page"}],"author":[{"embeddable":true,"href":"https:\/\/ics.science.upjs.sk\/opiela\/wp-json\/wp\/v2\/users\/22"}],"replies":[{"embeddable":true,"href":"https:\/\/ics.science.upjs.sk\/opiela\/wp-json\/wp\/v2\/comments?post=9"}],"version-history":[{"count":21,"href":"https:\/\/ics.science.upjs.sk\/opiela\/wp-json\/wp\/v2\/pages\/9\/revisions"}],"predecessor-version":[{"id":146,"href":"https:\/\/ics.science.upjs.sk\/opiela\/wp-json\/wp\/v2\/pages\/9\/revisions\/146"}],"wp:attachment":[{"href":"https:\/\/ics.science.upjs.sk\/opiela\/wp-json\/wp\/v2\/media?parent=9"}],"curies":[{"name":"wp","href":"https:\/\/api.w.org\/{rel}","templated":true}]}}