{"id":17,"date":"2022-01-19T10:39:26","date_gmt":"2022-01-19T09:39:26","guid":{"rendered":"https:\/\/ics.science.upjs.sk\/opiela\/?page_id=17"},"modified":"2025-05-21T10:32:54","modified_gmt":"2025-05-21T08:32:54","slug":"kontakt","status":"publish","type":"page","link":"https:\/\/ics.science.upjs.sk\/opiela\/","title":{"rendered":"Kontakt"},"content":{"rendered":"\r\n<p>Email: miroslav.opiela@upjs.sk<\/p>\r\n\r\n\r\n\r\n<p>Kancel\u00e1ria: SJ0O17 (posledn\u00e9 dvere vpravo na chodbe za sekretari\u00e1tom \u00daINF)<br \/>\u00dastav informatiky, Jesenn\u00e1 5, Ko\u0161ice<\/p>\r\n\r\n\r\n\r\n<h2><strong>Konzulta\u010dn\u00e9 hodiny\u00a0<\/strong><\/h2>\r\n<p>Aktu\u00e1lne nie s\u00fa v ponuke pravideln\u00e9 konzulta\u010dn\u00e9 hodiny. Kontaktujte ma individu\u00e1lne emailom alebo na discorde (<em>miro_opiela).<\/em><\/p>\r\n","protected":false},"excerpt":{"rendered":"<p>Email: miroslav.opiela@upjs.sk Kancel\u00e1ria: SJ0O17 (posledn\u00e9 dvere vpravo na chodbe za sekretari\u00e1tom \u00daINF)\u00dastav informatiky, Jesenn\u00e1 5, Ko\u0161ice Konzulta\u010dn\u00e9 hodiny\u00a0 Aktu\u00e1lne nie s\u00fa v ponuke pravideln\u00e9 konzulta\u010dn\u00e9 hodiny. Kontaktujte ma individu\u00e1lne emailom&hellip;<\/p>\n","protected":false},"author":22,"featured_media":0,"parent":0,"menu_order":0,"comment_status":"closed","ping_status":"closed","template":"","meta":{"footnotes":""},"class_list":["post-17","page","type-page","status-publish","hentry"],"_links":{"self":[{"href":"https:\/\/ics.science.upjs.sk\/opiela\/wp-json\/wp\/v2\/pages\/17","targetHints":{"allow":["GET"]}}],"collection":[{"href":"https:\/\/ics.science.upjs.sk\/opiela\/wp-json\/wp\/v2\/pages"}],"about":[{"href":"https:\/\/ics.science.upjs.sk\/opiela\/wp-json\/wp\/v2\/types\/page"}],"author":[{"embeddable":true,"href":"https:\/\/ics.science.upjs.sk\/opiela\/wp-json\/wp\/v2\/users\/22"}],"replies":[{"embeddable":true,"href":"https:\/\/ics.science.upjs.sk\/opiela\/wp-json\/wp\/v2\/comments?post=17"}],"version-history":[{"count":15,"href":"https:\/\/ics.science.upjs.sk\/opiela\/wp-json\/wp\/v2\/pages\/17\/revisions"}],"predecessor-version":[{"id":122,"href":"https:\/\/ics.science.upjs.sk\/opiela\/wp-json\/wp\/v2\/pages\/17\/revisions\/122"}],"wp:attachment":[{"href":"https:\/\/ics.science.upjs.sk\/opiela\/wp-json\/wp\/v2\/media?parent=17"}],"curies":[{"name":"wp","href":"https:\/\/api.w.org\/{rel}","templated":true}]}}