{"id":14,"date":"2022-01-19T10:38:45","date_gmt":"2022-01-19T09:38:45","guid":{"rendered":"https:\/\/ics.science.upjs.sk\/opiela\/?page_id=14"},"modified":"2026-03-25T06:30:19","modified_gmt":"2026-03-25T05:30:19","slug":"zaverecne-prace","status":"publish","type":"page","link":"https:\/\/ics.science.upjs.sk\/opiela\/zaverecne-prace\/","title":{"rendered":"Z\u00e1vere\u010dn\u00e9 pr\u00e1ce"},"content":{"rendered":"\r\n<h2 class=\"wp-block-heading\">Diplomov\u00e9 pr\u00e1ce<\/h2>\r\n\r\n\r\n\r\n<h3 class=\"wp-block-heading\">Aktu\u00e1lne veden\u00e9 pr\u00e1ce (1):<\/h3>\r\n<ul>\r\n<li>Andrii Popovych &#8211; Building-Specific Door Detection for Indoor Positioning Based on Computer Vision<\/li>\r\n<\/ul>\r\n<h3>Ukon\u010den\u00e9 pr\u00e1ce (6):<\/h3>\r\n\r\n\r\n\r\n<ul class=\"wp-block-list\">\r\n<li>Martina Kuchtov\u00e1 &#8211; <a href=\"https:\/\/opac.crzp.sk\/?fn=detailBiblioForm&amp;sid=EE8AF2E76B4BE2A86FA7C693824A\">Neural Network Approach for Camera-Based Indoor Positioning<\/a> (2025)<\/li>\r\n<li>Martina Hrehov\u00e1 &#8211; <a href=\"https:\/\/opac.crzp.sk\/?fn=detailBiblioForm&amp;sid=5F1CDE603F7696E933FD9A6C99BA\">Computer vision map extraction from floor plans<\/a> (2023)<\/li>\r\n<li>Vikt\u00f3ria M\u00e1ria \u0160tedlov\u00e1 &#8211; <a href=\"https:\/\/opac.crzp.sk\/?fn=detailBiblioForm&amp;sid=5F1CDE603F7696E933F6976C99BA\">Utilization of neural network trained on particular building in indoor positioning<\/a> (2023, konzultant RNDr. \u0160imon Horv\u00e1t)\u00a0<\/li>\r\n<li>Peter Juhas &#8211; <a href=\"https:\/\/opac.crzp.sk\/?fn=detailBiblioForm&amp;sid=4B1C4D75B6D4960DFEA407FA792C\">Practical aspects of indoor navigation application<\/a> (2023)<\/li>\r\n<li>Jakub D\u017eama &#8211; <a href=\"https:\/\/opac.crzp.sk\/?fn=detailBiblioForm&amp;sid=9F4BAE23A344452BBA8540F49028\">Smartphone-based indoor navigation application<\/a> (2021)<\/li>\r\n<li>Lucia Hajdukov\u00e1 &#8211; <a href=\"https:\/\/opac.crzp.sk\/?fn=detailBiblioForm&amp;sid=9F4BAE23A344452BBA8440F49028\">Camera-based indoor localization accuracy improvement<\/a> (2021, konzultant RNDr. \u013dubom\u00edr Antoni, PhD.)<\/li>\r\n<\/ul>\r\n\r\n\r\n<hr \/>\r\n<h2 class=\"wp-block-heading\">Bakal\u00e1rske pr\u00e1ce<\/h2>\r\n<h3>Aktu\u00e1lne pon\u00fakan\u00e9 pr\u00e1ce (3):<\/h3>\r\n<ul>\r\n<li>Reproduction and Validation of Open Research in Indoor Positioning<\/li>\r\n<li>Multi-Object Tracking for Indoor Positioning<\/li>\r\n<li>Reproduction and Evaluation of Open Indoor Positioning Methods<\/li>\r\n<\/ul>\r\n<h3>Aktu\u00e1lne veden\u00e9 pr\u00e1ce (1):<\/h3>\r\n<ul>\r\n<li>Viktoriia Denysiuk &#8211; Porovnanie presnosti a spo\u013eahlivosti senzorov v smartf\u00f3noch (konzultant Mgr. Jakub \u017dold\u00e1k)<\/li>\r\n<\/ul>\r\n\r\n\r\n\r\n\r\n\r\n\r\n\r\n<h3 class=\"wp-block-heading\">Ukon\u010den\u00e9 pr\u00e1ce (12):<\/h3>\r\n\r\n\r\n\r\n<ul class=\"wp-block-list\">\r\n<li>Adam Macko &#8211; <a href=\"https:\/\/opac.crzp.sk\/?fn=detailBiblioForm&amp;sid=9EB7DDC054CB7EBFE670DDEAFF98\">Podporn\u00fd softv\u00e9r pre evalu\u00e1ciu a vizualiz\u00e1ciu indoor lokaliz\u00e1cie<\/a> (2025)<\/li>\r\n<li>Kateryna Rozenko &#8211; <a href=\"https:\/\/opac.crzp.sk\/?fn=detailBiblioForm&amp;sid=8DA48F56075EEA6F7F0B5416AB9C\">Object Detection and Tracking Using Cameras on Mobile Devices<\/a>\u00a0(2025)<\/li>\r\n<li>Martin Rusn\u00e1k &#8211; <a href=\"https:\/\/opac.crzp.sk\/?fn=detailBiblioForm&amp;sid=9EB7DDC054CB7EBFE671DFEAFF98\">N\u00e1vrh a implement\u00e1cia slu\u017eieb smart zrkadla<\/a> (2025, konzultant: RNDr. Viktor Prista\u0161, RNDr. Richard Sta\u0148a)\u00a0<\/li>\r\n<li>Martin Pa\u013eo &#8211; <a href=\"https:\/\/opac.crzp.sk\/?fn=detailBiblioForm&amp;sid=98506E6D5B5CDF253A888755F29B\">Pr\u00edstupov\u00fd syst\u00e9m na spr\u00e1vu parkoviska s vyu\u017eit\u00edm neur\u00f3nov\u00fdch siet\u00ed<\/a> (2024, konzultant Ing. Miron Kuzma, PhD)<\/li>\r\n<li>Martina Kuchtov\u00e1 &#8211; <a href=\"https:\/\/opac.crzp.sk\/?fn=detailBiblioForm&amp;sid=C03CB0FBA6588971D03E2AD1B6BF\">Preprocessing for Neural Network Image Classification<\/a> (2023)<\/li>\r\n<li>Dominik Madzik &#8211; <a href=\"https:\/\/opac.crzp.sk\/?fn=detailBiblioForm&amp;sid=4B1C4D75B6D4960DFEA405FA792C\">IoT syst\u00e9m na podporu pestovania rastl\u00edn<\/a> (2023, konzultant Ing. Vojtech Florko)<\/li>\r\n<li>Tom\u00e1\u0161 Hvi\u0161\u010d &#8211; <a href=\"https:\/\/opac.crzp.sk\/?fn=detailBiblioForm&amp;sid=C4B2143D4F9CE1498C0F64B8E130\">Navig\u00e1cia pou\u017e\u00edvate\u013ea smartf\u00f3nu v indoor prostred\u00ed<\/a> (2020)<\/li>\r\n<li>Jakub D\u017eama &#8211; <a href=\"https:\/\/opac.crzp.sk\/?fn=detailBiblioForm&amp;sid=C6B245BF6B3D130475BC12E037FD\">Vyu\u017eitie \u010dasticov\u00e9ho filtra na lokaliz\u00e1ciu v indoor prostred\u00ed<\/a> (2019)<\/li>\r\n<li>Patrik Rojek &#8211; <a href=\"https:\/\/opac.crzp.sk\/?fn=detailBiblioForm&amp;sid=C6B245BF6B3D130475B915E037FD\">Rozpozn\u00e1vanie aktivity pou\u017e\u00edvate\u013ea smartf\u00f3nu v indoor prostred\u00ed<\/a> (2019)<\/li>\r\n<li>Bianka \u0160imkov\u00e1 &#8211; <a href=\"https:\/\/opac.crzp.sk\/?fn=detailBiblioForm&amp;sid=6AA8E1A8284D263B45944D20F398\">Vyu\u017eitie roz\u0161\u00edrenej reality v indoorovej navig\u00e1cii<\/a> (2018)<\/li>\r\n<li>Slavom\u00edr Slovenkai &#8211; <a href=\"https:\/\/opac.crzp.sk\/?fn=detailBiblioForm&amp;sid=D79A57A76A32382FF2B0A45572E0\">Detekcia pohybu v \u0161pecifick\u00fdch indoor prostrediach s vyu\u017eit\u00edm senzorov smartf\u00f3nu<\/a> (2017)<\/li>\r\n<li>Maro\u0161 Kova\u013e &#8211; <a href=\"https:\/\/opac.crzp.sk\/?fn=detailBiblioForm&amp;sid=D79A57A76A32382FF2B1A55572E0\">Mobiln\u00e1 administr\u00e1cia klientov v zdravotn\u00edckych zariadeniach<\/a> (2017)<\/li>\r\n<li>Tvorba 3D modelu interi\u00e9ru budov (neodovzdan\u00e1 pr\u00e1ca)<\/li>\r\n<li>Rozpozn\u00e1vanie akordov z videonahr\u00e1vky hry na gitaru (neodovzdan\u00e1 pr\u00e1ca)<\/li>\r\n<li>Vzdialen\u00e1 indoor lokaliz\u00e1cia prostredn\u00edctvom d\u00e1t zo senzorov (neobh\u00e1jen\u00e1 pr\u00e1ca)<\/li>\r\n<\/ul>\r\n<hr \/>\r\n<h2>Konzultant\u00a0<\/h2>\r\n<h3>Diplomov\u00e9 pr\u00e1ce:<\/h3>\r\n<ul>\r\n<li>Patrik Rojek &#8211; <a href=\"https:\/\/opac.crzp.sk\/?fn=detailBiblioForm&amp;sid=9F4BAE23A344452BBA8441F49028\">Smartphone-based indoor localization using neural networks<\/a> (2021, ved\u00faci RNDr. \u013dubom\u00edr Antoni, PhD.)<\/li>\r\n<\/ul>\r\n<p>\r\n\r\n<\/p>\r\n<hr \/>\r\n<h2>Oponentsk\u00fd posudok<\/h2>\r\n<h3>Diplomov\u00e9 pr\u00e1ce:<\/h3>\r\n<ul>\r\n<li>Barbora \u013dapinov\u00e1 &#8211; <a href=\"https:\/\/opac.crzp.sk\/?fn=detailBiblioForm&amp;sid=EE8AF2E76B4BE2A86FA1C893824A\">Rozpozn\u00e1vanie posunkov\u00e9ho jazyka pomocou met\u00f3d h\u013abkov\u00e9ho u\u010denia<\/a> (2025, \u0161kolite\u013e doc. RNDr. \u013dubom\u00edr Antoni, PhD.)<\/li>\r\n<li>Viktor Prista\u0161 &#8211; <a href=\"https:\/\/opac.crzp.sk\/?fn=detailBiblioForm&amp;sid=9F4BAE23A344452BBA8541F49028\">Fitness syst\u00e9m zalo\u017een\u00fd na IoT<\/a> (2021, \u0161kolite\u013e RNDr. Franti\u0161ek Gal\u010d\u00edk, PhD.)<\/li>\r\n<li>Tom\u00e1\u0161 Keke\u0148\u00e1k &#8211; <a href=\"https:\/\/opac.crzp.sk\/?fn=detailBiblioForm&amp;sid=9F4BAE23A344452BBA8B49F49028\">Minimaliz\u00e1cia neur\u00f3nov\u00fdch siet\u00ed pre probl\u00e9m po\u010d\u00edta\u010dov\u00e9ho videnia v re\u00e1lnom \u010dase<\/a> (2021, \u0161kolite\u013e Mgr. Alexander Szabari, PhD.)<\/li>\r\n<\/ul>\r\n<h3>Bakal\u00e1rske pr\u00e1ce:<\/h3>\r\n<ul>\r\n<li>Sophia Hor\u0148\u00e1kov\u00e1 &#8211; <a href=\"https:\/\/opac.crzp.sk\/?fn=detailBiblioForm&amp;sid=9EB7DDC054CB7EBFE677DBEAFF98\">Ovl\u00e1danie samohybn\u00e9ho zariadenia bezdr\u00f4tov\u00fdm sn\u00edman\u00edm pohybov \u013eudsk\u00e9ho tela<\/a> (2025, \u0161kolite\u013e RNDr. PhDr. Peter Pisar\u010d\u00edk)<\/li>\r\n<li>Roland Marek Rak &#8211; <a href=\"https:\/\/opac.crzp.sk\/?fn=detailBiblioForm&amp;sid=AA9A59A4FA5B9CCA5F974A07A76D\">Anal\u00fdza zdru\u017eovac\u00edch vrstiev v konvolu\u010dn\u00fdch neur\u00f3nov\u00fdch sie\u0165ach<\/a> (2024, \u0161kolite\u013e doc. RNDr. \u013dubom\u00edr Antoni, PhD.)<\/li>\r\n<\/ul>\r\n<h3>Z\u00e1vere\u010dn\u00e9 pr\u00e1ce roz\u0161\u00edruj\u00faceho \u0161t\u00fadia informatiky:<\/h3>\r\n<ul>\r\n<li>Mgr. Jakub Duch &#8211; Vyu\u017eitie zariadenia BBC micro:bit na rie\u0161enie praktick\u00fdch probl\u00e9mov vo vyu\u010dovan\u00ed \u0161kolskej informatiky (2026, \u0161kolite\u013e PaedDr. J\u00e1n Guni\u0161, PhD., univerzitn\u00fd docent)<\/li>\r\n<li>Ing. Peter Parajo\u0161 &#8211; <a href=\"https:\/\/opac.crzp.sk\/?fn=detailBiblioForm&amp;sid=1EA8DF3C7C88A4423EA8295245AB\">Umel\u00e1 inteligencia kamery AI Lens prepojenej s\u00a0micro:bitom<\/a> (2024, \u0161kolite\u013e RNDr. Peter Gursk\u00fd, PhD.)<\/li>\r\n<li>Ing. L\u00fddia Dedinsk\u00e1 &#8211; <a href=\"https:\/\/opac.crzp.sk\/?fn=detailBiblioForm&amp;sid=4E9CAE35D73C8B4E0BF75FF33E87\">Metodika v\u00fdu\u010dby tematick\u00e9ho okruhu &#8222;Internet vec\u00ed \u2013 Arduino &#8211; Zobrazovacie jednotky &#8222;<\/a> (2020, \u0161kolite\u013e Ing. Zuzana Tk\u00e1\u010dov\u00e1, Ing.Pead.IGIP.)<\/li>\r\n<li>RNDr. \u017daneta Ba\u0161tov\u00e1, MBA &#8211; <a href=\"https:\/\/opac.crzp.sk\/?fn=detailBiblioForm&amp;sid=4E9CAE35D73C8B4E0BF758F33E87\">Internet vec\u00ed &#8211; Micro:bit ako \u00favod do sveta internetu vec\u00ed<\/a> (2020, \u0161kolite\u013e Ing. Zuzana Tk\u00e1\u010dov\u00e1, Ing.Pead.IGIP.)<\/li>\r\n<\/ul>\r\n","protected":false},"excerpt":{"rendered":"<p>Diplomov\u00e9 pr\u00e1ce Aktu\u00e1lne veden\u00e9 pr\u00e1ce (1): Andrii Popovych &#8211; Building-Specific Door Detection for Indoor Positioning Based on Computer Vision Ukon\u010den\u00e9 pr\u00e1ce (6): Martina Kuchtov\u00e1 &#8211; Neural Network Approach for Camera-Based&hellip;<\/p>\n","protected":false},"author":22,"featured_media":0,"parent":0,"menu_order":0,"comment_status":"closed","ping_status":"closed","template":"","meta":{"footnotes":""},"class_list":["post-14","page","type-page","status-publish","hentry"],"_links":{"self":[{"href":"https:\/\/ics.science.upjs.sk\/opiela\/wp-json\/wp\/v2\/pages\/14","targetHints":{"allow":["GET"]}}],"collection":[{"href":"https:\/\/ics.science.upjs.sk\/opiela\/wp-json\/wp\/v2\/pages"}],"about":[{"href":"https:\/\/ics.science.upjs.sk\/opiela\/wp-json\/wp\/v2\/types\/page"}],"author":[{"embeddable":true,"href":"https:\/\/ics.science.upjs.sk\/opiela\/wp-json\/wp\/v2\/users\/22"}],"replies":[{"embeddable":true,"href":"https:\/\/ics.science.upjs.sk\/opiela\/wp-json\/wp\/v2\/comments?post=14"}],"version-history":[{"count":40,"href":"https:\/\/ics.science.upjs.sk\/opiela\/wp-json\/wp\/v2\/pages\/14\/revisions"}],"predecessor-version":[{"id":149,"href":"https:\/\/ics.science.upjs.sk\/opiela\/wp-json\/wp\/v2\/pages\/14\/revisions\/149"}],"wp:attachment":[{"href":"https:\/\/ics.science.upjs.sk\/opiela\/wp-json\/wp\/v2\/media?parent=14"}],"curies":[{"name":"wp","href":"https:\/\/api.w.org\/{rel}","templated":true}]}}