{"id":12,"date":"2022-01-19T10:38:33","date_gmt":"2022-01-19T09:38:33","guid":{"rendered":"https:\/\/ics.science.upjs.sk\/opiela\/?page_id=12"},"modified":"2025-11-08T22:08:23","modified_gmt":"2025-11-08T21:08:23","slug":"vyskum","status":"publish","type":"page","link":"https:\/\/ics.science.upjs.sk\/opiela\/vyskum\/","title":{"rendered":"V\u00fdskum"},"content":{"rendered":"\r\n<p><a href=\"https:\/\/ics.science.upjs.sk\/indora\/\">Indora<\/a> &#8211; Indoor lokaliz\u00e1cia, navig\u00e1cia, bayesovsk\u00e9 filtre<\/p>\r\n\r\n\r\n\r\n<p>OrcID: <a href=\"https:\/\/orcid.org\/0000-0001-8802-4442\">0000-0001-8802-4442<\/a><br \/>Researcher ID: AAL-1943-2021<br \/>Scopus ID: 57192306830<br \/><a href=\"https:\/\/scholar.google.sk\/citations?user=Y-r6MNkAAAAJ&amp;hl=en\">Google Scholar Profil<\/a><\/p>\r\n\r\n\r\n\r\n<h2 class=\"wp-block-heading\">Publik\u00e1cie (v\u00fdber)<\/h2>\r\n\r\n\r\n\r\n<ul class=\"wp-block-list\">\r\n<li>Opiela, Miroslav. &#8222;Doors as Visual Landmarks for Indoor Positioning.&#8220; <em>IPIN-WCAL. <\/em>2025<\/li>\r\n<li>Miroslav Opiela, Vikt\u00f3ria M\u00e1ria \u0160tedlov\u00e1, \u0160imon Horv\u00e1t, \u013dubom\u00edr Antoni, and Lucia\u00a0 Hajdukov\u00e1: &#8222;Building Parts Classification using Neural Network.&#8220; <i>IPIN-WiP<\/i>. 2023.<\/li>\r\n<li>Miroslav Opiela, Martina Hrehov\u00e1, and Franti\u0161ek Gal\u010d\u00edk: &#8222;Map Model Extraction from Image Floor Plans.&#8220; <i>IPIN-WiP<\/i>. 2023.<\/li>\r\n<li>Potorti, Francesco, et al. &#8222;Off-line Evaluation of Indoor Positioning Systems in Different Scenarios: The Experiences from IPIN 2020 Competition.&#8220;\u00a0<em>IEEE Sensors <i>Journal<\/i> 22.6 (2021): 5011-5054.\u00a0<\/em><\/li>\r\n<li>Opiela, Miroslav, and Franti\u0161ek Gal\u010d\u00edk. &#8222;Grid-Based Bayesian Filtering Methods for Pedestrian Dead Reckoning Indoor Positioning Using Smartphones.&#8220;\u00a0<em>Sensors<\/em> 20.18 (2020): 5343.\u00a0<\/li>\r\n<li>Potorti, Francesco, et al. &#8222;The IPIN 2019 indoor localisation competition\u2014Description and results.&#8220;\u00a0<em>IEEE access<\/em>\u00a08 (2020): 206674-206718.<\/li>\r\n<li>Renaudin, Valerie, et al. &#8222;Evaluating indoor positioning systems in a shopping mall: The lessons learned from the IPIN 2018 competition.&#8220;\u00a0<em>IEEE Access<\/em>\u00a07 (2019): 148594-148628.<\/li>\r\n<li>Gal\u010d\u00edk, Franti\u0161ek, and Miroslav Opiela. &#8222;Grid-based indoor localization using smartphones.&#8220;\u00a0<em>2016 International Conference on Indoor Positioning and Indoor Navigation (IPIN)<\/em>. IEEE, 2016.<\/li>\r\n<\/ul>\r\n\r\n\r\n\r\n<h2 class=\"wp-block-heading\">\u00da\u010das\u0165 na konferenci\u00e1ch<\/h2>\r\n\r\n\r\n\r\n<ul class=\"wp-block-list\">\r\n<li><a href=\"https:\/\/ipin-conference.org\/2025\/\">IPIN 2025<\/a> &#8211; Tampere, F\u00ednsko (poster)<\/li>\r\n<li><a href=\"https:\/\/ipin-conference.org\/2023\/\">IPIN 2023<\/a> &#8211; Nuremberg, Nemecko (2x poster)<\/li>\r\n<li><a href=\"http:\/\/ipin-conference.org\/2019\/index.html\">IPIN 2019<\/a> &#8211; Pisa, Taliansko (\u00fa\u010das\u0165 na s\u00fa\u0165a\u017ei, poster)<\/li>\r\n<li><a href=\"https:\/\/beda.dcs.fmph.uniba.sk\/sofsem2019\/\">SOFSEM 2019<\/a> &#8211; Nov\u00fd Smokovec, Slovensko (poster, prezent\u00e1cia)<\/li>\r\n<li><a href=\"https:\/\/ipin2018.ifsttar.fr\/\">IPIN 2018<\/a> &#8211; Nantes, Franc\u00fazsko (\u00fa\u010das\u0165 na s\u00fa\u0165a\u017ei)<\/li>\r\n<li><a href=\"https:\/\/ipin2016.web.uah.es\/\">IPIN 2016<\/a> &#8211; Alcal\u00e1 de Herares, \u0160panielsko (\u010dl\u00e1nok, prezent\u00e1cia)<\/li>\r\n<li><a href=\"https:\/\/www.upjs.sk\/en\/aktuality\/jarna-skola-doktorandov-upjs-2016\/\">Jarn\u00e1 \u0161kola doktorandov 2016<\/a> &#8211; Liptovsk\u00fd J\u00e1n (\u010dl\u00e1nok, prezent\u00e1cia)<\/li>\r\n<\/ul>\r\n\r\n\r\n\r\n<h2 class=\"wp-block-heading\">Projekty<\/h2>\r\n\r\n\r\n\r\n<ul class=\"wp-block-list\">\r\n<li>Kompeten\u010dn\u00e9 centrum kybernetickej bezpe\u010dnosti 17R05-04-V01-00007<\/li>\r\n<li>InnoChange<\/li>\r\n<li>IT akad\u00e9mia<\/li>\r\n<li>APVV-15-0091 &#8211; Efekt\u00edvne algoritmy, automaty a d\u00e1tov\u00e9 \u0161trukt\u00fary<\/li>\r\n<li>VEGA 1\/0177\/21\u00a0Popisn\u00e1 a v\u00fdpo\u010dtov\u00e1 zlo\u017eitos\u0165 automatov a algoritmov<\/li>\r\n<li>VEGA 1\/0056\/18\u00a0Popisn\u00e1 a v\u00fdpo\u010dtov\u00e1 zlo\u017eitos\u0165 automatov a algoritmov<\/li>\r\n<li>VEGA 1\/0142\/15\u00a0Efekt\u00edvne algoritmy, automaty a d\u00e1tov\u00e9 \u0161trukt\u00fary<\/li>\r\n<li>VVGS-PF-2016-72638 &#8211; Z\u00edskavanie modelu indoor prostredia a n\u00e1sledn\u00e1 lokaliz\u00e1cia s vyu\u017eit\u00edm senzorov smartf\u00f3nu (ved\u00faci rie\u0161ite\u013e)<\/li>\r\n<li>KEGA 012UPJ\u0160-4\/2021<\/li>\r\n<\/ul>\r\n","protected":false},"excerpt":{"rendered":"<p>Indora &#8211; Indoor lokaliz\u00e1cia, navig\u00e1cia, bayesovsk\u00e9 filtre OrcID: 0000-0001-8802-4442Researcher ID: AAL-1943-2021Scopus ID: 57192306830Google Scholar Profil Publik\u00e1cie (v\u00fdber) Opiela, Miroslav. &#8222;Doors as Visual Landmarks for Indoor Positioning.&#8220; IPIN-WCAL. 2025 Miroslav Opiela,&hellip;<\/p>\n","protected":false},"author":22,"featured_media":0,"parent":0,"menu_order":0,"comment_status":"closed","ping_status":"closed","template":"","meta":{"footnotes":""},"class_list":["post-12","page","type-page","status-publish","hentry"],"_links":{"self":[{"href":"https:\/\/ics.science.upjs.sk\/opiela\/wp-json\/wp\/v2\/pages\/12","targetHints":{"allow":["GET"]}}],"collection":[{"href":"https:\/\/ics.science.upjs.sk\/opiela\/wp-json\/wp\/v2\/pages"}],"about":[{"href":"https:\/\/ics.science.upjs.sk\/opiela\/wp-json\/wp\/v2\/types\/page"}],"author":[{"embeddable":true,"href":"https:\/\/ics.science.upjs.sk\/opiela\/wp-json\/wp\/v2\/users\/22"}],"replies":[{"embeddable":true,"href":"https:\/\/ics.science.upjs.sk\/opiela\/wp-json\/wp\/v2\/comments?post=12"}],"version-history":[{"count":15,"href":"https:\/\/ics.science.upjs.sk\/opiela\/wp-json\/wp\/v2\/pages\/12\/revisions"}],"predecessor-version":[{"id":140,"href":"https:\/\/ics.science.upjs.sk\/opiela\/wp-json\/wp\/v2\/pages\/12\/revisions\/140"}],"wp:attachment":[{"href":"https:\/\/ics.science.upjs.sk\/opiela\/wp-json\/wp\/v2\/media?parent=12"}],"curies":[{"name":"wp","href":"https:\/\/api.w.org\/{rel}","templated":true}]}}