{"id":8,"date":"2022-01-19T13:51:35","date_gmt":"2022-01-19T12:51:35","guid":{"rendered":"https:\/\/ics.science.upjs.sk\/iot\/?page_id=8"},"modified":"2025-02-02T05:47:14","modified_gmt":"2025-02-02T04:47:14","slug":"letny-semester-2021-2022","status":"publish","type":"page","link":"https:\/\/ics.science.upjs.sk\/iot\/","title":{"rendered":"Blokov\u00e1 v\u00fdu\u010dba 2024\/2025"},"content":{"rendered":"\r\n<p>Predmet venovan\u00fd z\u00e1kladom IoT.<\/p>\r\n\r\n\r\n\r\n<p>V\u00fdu\u010dba prebieha:<\/p>\r\n<ul>\r\n<li>pondelok 3.2. 9:00-16:00<\/li>\r\n<li>streda 5.2. 9:00-16:00<\/li>\r\n<li>\u0161tvrtok 6.2. 9:00-16:00<\/li>\r\n<\/ul>\r\n<p>Na z\u00edskanie hodnotenia je potrebn\u00e9 urobi\u0165 projekt. Detaily bud\u00fa upresnen\u00e9 po\u010das blokovej v\u00fdu\u010dby.<\/p>\r\n\r\n\r\n\r\n<p>Cvi\u010denia vedie RNDr. Viktor Prista\u0161 a <a href=\"http:\/\/ics.science.upjs.sk\/opiela\">RNDr. Miroslav Opiela, PhD.<\/a><\/p>\r\n","protected":false},"excerpt":{"rendered":"<p>Predmet venovan\u00fd z\u00e1kladom IoT. V\u00fdu\u010dba prebieha: pondelok 3.2. 9:00-16:00 streda 5.2. 9:00-16:00 \u0161tvrtok 6.2. 9:00-16:00 Na z\u00edskanie hodnotenia je potrebn\u00e9 urobi\u0165 projekt. Detaily bud\u00fa upresnen\u00e9 po\u010das blokovej v\u00fdu\u010dby. Cvi\u010denia vedie&hellip;<\/p>\n","protected":false},"author":22,"featured_media":0,"parent":0,"menu_order":0,"comment_status":"closed","ping_status":"closed","template":"","meta":{"footnotes":""},"class_list":["post-8","page","type-page","status-publish","hentry"],"_links":{"self":[{"href":"https:\/\/ics.science.upjs.sk\/iot\/wp-json\/wp\/v2\/pages\/8","targetHints":{"allow":["GET"]}}],"collection":[{"href":"https:\/\/ics.science.upjs.sk\/iot\/wp-json\/wp\/v2\/pages"}],"about":[{"href":"https:\/\/ics.science.upjs.sk\/iot\/wp-json\/wp\/v2\/types\/page"}],"author":[{"embeddable":true,"href":"https:\/\/ics.science.upjs.sk\/iot\/wp-json\/wp\/v2\/users\/22"}],"replies":[{"embeddable":true,"href":"https:\/\/ics.science.upjs.sk\/iot\/wp-json\/wp\/v2\/comments?post=8"}],"version-history":[{"count":8,"href":"https:\/\/ics.science.upjs.sk\/iot\/wp-json\/wp\/v2\/pages\/8\/revisions"}],"predecessor-version":[{"id":282,"href":"https:\/\/ics.science.upjs.sk\/iot\/wp-json\/wp\/v2\/pages\/8\/revisions\/282"}],"wp:attachment":[{"href":"https:\/\/ics.science.upjs.sk\/iot\/wp-json\/wp\/v2\/media?parent=8"}],"curies":[{"name":"wp","href":"https:\/\/api.w.org\/{rel}","templated":true}]}}