{"id":38,"date":"2022-02-07T11:13:08","date_gmt":"2022-02-07T10:13:08","guid":{"rendered":"https:\/\/ics.science.upjs.sk\/iot\/?page_id=38"},"modified":"2023-02-15T13:31:07","modified_gmt":"2023-02-15T12:31:07","slug":"cvicenia-2022","status":"publish","type":"page","link":"https:\/\/ics.science.upjs.sk\/iot\/cvicenia-2022\/","title":{"rendered":"Cvi\u010denia 2022"},"content":{"rendered":"\r\n<p>&nbsp;<\/p>\r\n<p><strong>01(A)<\/strong> &#8211; Prv\u00fd poh\u013ead na IoT (<strong>4.4.2022<\/strong>) &#8211; <a href=\"https:\/\/ics.science.upjs.sk\/iot\/wp-content\/uploads\/sites\/18\/2022\/04\/iot2022-01-prvy-pohlad-na-iot.pdf\">prezent\u00e1cia<\/a><\/p>\r\n<p><strong>01(B)<\/strong> &#8211; Fyzik\u00e1lne okienko (<strong>4.4.2022<\/strong>) &#8211; <a href=\"https:\/\/ics.science.upjs.sk\/iot\/wp-content\/uploads\/sites\/18\/2022\/04\/iot2022-01b-fyzikalne-okienko.pdf\">prezent\u00e1cia<\/a> a <a href=\"https:\/\/ics.science.upjs.sk\/iot\/fyzikalne-okienko-experimenty\/\">experimenty<\/a><\/p>\r\n<p><strong>02<\/strong> &#8211; Arduino &#8211; programovanie, senzory (<strong>20.4.2022<\/strong>) &#8211; <a href=\"https:\/\/ics.science.upjs.sk\/iot\/wp-content\/uploads\/sites\/18\/2022\/04\/iot2022-02-arduino-programovanie.pdf\">prezent\u00e1cia<\/a>\u00a0a <a href=\"https:\/\/ics.science.upjs.sk\/iot\/arduino-programovanie-experimenty\/\">experimenty<\/a><\/p>\r\n<p><strong>03<\/strong> &#8211; Arduino &#8211; s\u00e9riov\u00e1 komunik\u00e1cia (<strong>25.4.2022<\/strong>) &#8211; <a href=\"https:\/\/ics.science.upjs.sk\/iot\/wp-content\/uploads\/sites\/18\/2022\/04\/iot2022-03-arduino-seriova-komunikacia.pdf\">prezent\u00e1cia<\/a> a <a href=\"https:\/\/ics.science.upjs.sk\/iot\/seriova-komunikacia-experimenty\/\">experimenty<\/a><\/p>\r\n<p><strong>04<\/strong> &#8211; Arduino &#8211; digit\u00e1lna komunik\u00e1cia (<strong>2.5.2022<\/strong>) &#8211; <a href=\"https:\/\/ics.science.upjs.sk\/iot\/wp-content\/uploads\/sites\/18\/2022\/05\/iot2022-04-arduino-digitalna-komunikacia.pdf\">prezent\u00e1cia<\/a> a <a href=\"https:\/\/ics.science.upjs.sk\/iot\/digitalna-komunikacia-experimenty\/\">experimenty<\/a><\/p>\r\n<p><strong>05<\/strong> &#8211; Arduino &#8211; d\u00e1ta zo senzorov (<strong>4.5.2022<\/strong>) &#8211; <a href=\"https:\/\/ics.science.upjs.sk\/iot\/wp-content\/uploads\/sites\/18\/2022\/05\/iot2022-05-arduino-data-zo-senzorov.pdf\">prezent\u00e1cia<\/a><\/p>\r\n<p><strong>06<\/strong> &#8211; Aplika\u010dn\u00e9 protokoly &#8211; MQTT (<strong>9.5.2022<\/strong>) &#8211; <a href=\"https:\/\/ics.science.upjs.sk\/iot\/wp-content\/uploads\/sites\/18\/2022\/05\/iot2022-06-mqtt.pdf\">prezent\u00e1cia<\/a> + <a href=\"https:\/\/ics.science.upjs.sk\/iot\/protokoly-experimenty\/\">experimenty<\/a><\/p>\r\n<p><strong>07<\/strong> &#8211; Raspberry PI (<strong>9.5.2022<\/strong>) &#8211; <a href=\"https:\/\/ics.science.upjs.sk\/iot\/wp-content\/uploads\/sites\/18\/2022\/05\/iot2022-07-raspberry-pi.pdf\">prezent\u00e1cia<\/a> + <a href=\"https:\/\/ics.science.upjs.sk\/iot\/rpi-experimenty\/\">experimenty<\/a><\/p>\r\n<p><strong>08<\/strong> &#8211; Node-RED (<strong>11.5.2022<\/strong>) &#8211; <a href=\"https:\/\/ics.science.upjs.sk\/iot\/wp-content\/uploads\/sites\/18\/2022\/05\/iot2022-08-Node-RED.pdf\">prezent\u00e1cia<\/a> + <a href=\"https:\/\/ics.science.upjs.sk\/iot\/node-red-experimenty\/\">experimenty<\/a><\/p>\r\n<p><strong>09<\/strong> &#8211; Cloud (<strong>16.5.2022<\/strong>)<\/p>\r\n<p><strong>10<\/strong> &#8211; Strojov\u00e9 u\u010denie (<strong>18.5.2022<\/strong>) &#8211; <a href=\"https:\/\/ics.science.upjs.sk\/iot\/wp-content\/uploads\/sites\/18\/2022\/05\/iot2022-10-strojove-ucenie.pdf\">prezent\u00e1cia<\/a> + <a href=\"https:\/\/ics.science.upjs.sk\/iot\/strojove-ucenie-experimenty\/\">experimenty<\/a><\/p>\r\n","protected":false},"excerpt":{"rendered":"<p>&nbsp; 01(A) &#8211; Prv\u00fd poh\u013ead na IoT (4.4.2022) &#8211; prezent\u00e1cia 01(B) &#8211; Fyzik\u00e1lne okienko (4.4.2022) &#8211; prezent\u00e1cia a experimenty 02 &#8211; Arduino &#8211; programovanie, senzory (20.4.2022) &#8211; prezent\u00e1cia\u00a0a experimenty 03&hellip;<\/p>\n","protected":false},"author":22,"featured_media":0,"parent":0,"menu_order":0,"comment_status":"closed","ping_status":"closed","template":"","meta":{"footnotes":""},"class_list":["post-38","page","type-page","status-publish","hentry"],"_links":{"self":[{"href":"https:\/\/ics.science.upjs.sk\/iot\/wp-json\/wp\/v2\/pages\/38","targetHints":{"allow":["GET"]}}],"collection":[{"href":"https:\/\/ics.science.upjs.sk\/iot\/wp-json\/wp\/v2\/pages"}],"about":[{"href":"https:\/\/ics.science.upjs.sk\/iot\/wp-json\/wp\/v2\/types\/page"}],"author":[{"embeddable":true,"href":"https:\/\/ics.science.upjs.sk\/iot\/wp-json\/wp\/v2\/users\/22"}],"replies":[{"embeddable":true,"href":"https:\/\/ics.science.upjs.sk\/iot\/wp-json\/wp\/v2\/comments?post=38"}],"version-history":[{"count":25,"href":"https:\/\/ics.science.upjs.sk\/iot\/wp-json\/wp\/v2\/pages\/38\/revisions"}],"predecessor-version":[{"id":198,"href":"https:\/\/ics.science.upjs.sk\/iot\/wp-json\/wp\/v2\/pages\/38\/revisions\/198"}],"wp:attachment":[{"href":"https:\/\/ics.science.upjs.sk\/iot\/wp-json\/wp\/v2\/media?parent=38"}],"curies":[{"name":"wp","href":"https:\/\/api.w.org\/{rel}","templated":true}]}}