{"id":259,"date":"2023-03-09T08:22:52","date_gmt":"2023-03-09T07:22:52","guid":{"rendered":"https:\/\/ics.science.upjs.sk\/iot\/?page_id=259"},"modified":"2023-03-09T08:22:52","modified_gmt":"2023-03-09T07:22:52","slug":"protokoly-experimenty-2023","status":"publish","type":"page","link":"https:\/\/ics.science.upjs.sk\/iot\/cvicenia\/protokoly-experimenty-2023\/","title":{"rendered":"Protokoly &#8211; Experimenty"},"content":{"rendered":"<h2>MQTT Explorer<\/h2>\n<p>Stiahnite si <a href=\"http:\/\/mqtt-explorer.com\/\">MQTT Explorer<\/a>.<\/p>\n<p>Connection &#8211; upravte existuj\u00faci, prip\u00e1jame sa na <strong>mqtt:\/\/test.mosquitto.org\/1883<\/strong>.<br \/>\nV r\u00e1mci Advanced nastaven\u00ed m\u00f4\u017eeme vymaza\u0165 v\u0161etky topics a prida\u0165 nov\u00fa polo\u017eku <strong>upjs\/iot\/#<\/strong>,<br \/>\nQoS m\u00f4\u017ee osta\u0165 defaultn\u00e9 = 0.<br \/>\nPripoj\u00edme sa pomocou <strong>Connect<\/strong>.<\/p>\n<p>Vysk\u00fa\u0161ajte si:<\/p>\n<ol>\n<li>Publish na \u013eubovo\u013en\u00fd <em>topic<\/em> &#8211; nejak\u00fa raw hodnotu.<\/li>\n<li>Publish \u010d\u00edselnej hodnoty na rovnak\u00fd <em>topic<\/em> &#8211; pozrie\u0165 hist\u00f3riu a prida\u0165 do <em>chart.<\/em><\/li>\n<li>Publish viacer\u00fdch \u010d\u00edseln\u00fdch hodn\u00f4t vo form\u00e1te json, pridanie do <em>charts<\/em>.<\/li>\n<li>Sledovanie aktu\u00e1lnych d\u00e1t na r\u00f4znych <em>topics<\/em>.<\/li>\n<\/ol>\n<h2>Smartf\u00f3n<\/h2>\n<p>Nain\u0161talujte si aplik\u00e1ciu <a href=\"https:\/\/play.google.com\/store\/apps\/details?id=com.mscino.sensornode&amp;hl=en\">Sensor Node Free<\/a> na Android smartf\u00f3noch.<\/p>\n<p>V aplik\u00e1cii aktivujme senzory a komunik\u00e1ciu v Stream-&gt;Stream Live Data (MQTT).<br \/>\nAktivujte Battery Percent + nejak\u00e9 senzory (napr. Proximity, Pressure, LightIntensity).<br \/>\nV pr\u00edpade potreby je mo\u017en\u00e9 v settings upravi\u0165 frekvenciu odosielania d\u00e1t.<br \/>\nTopic nech je <strong>upjs\/iot\/va\u0161e_meno<\/strong>.<br \/>\nMQTT server: <strong>tcp<\/strong>:\/\/test.mosquitto.org:1883.<\/p>\n<p>V MQTT Explorer sledujeme prich\u00e1dzaj\u00face hodnoty.<br \/>\nM\u00f4\u017eeme si vyfiltrova\u0165 stav bat\u00e9rie od v\u0161etk\u00fdch: upjs\/iot\/+\/battery.<br \/>\nJednotliv\u00e9 \u00fadaje si vykres\u013eujme &#8211; range na hodnoty,<\/p>\n<h2>JAVA<\/h2>\n<p>Vysk\u00fa\u0161ajte si <a href=\"https:\/\/gitlab.science.upjs.sk\/iot-zaklady-internetu-veci\/mqtt-java\">MQTT v Jave<\/a>.<br \/>\nM\u00f4\u017eete sa zamyslie\u0165 nad \u00fapravou k\u00f3du pre publish a subscribe pod\u013ea pr\u00edslu\u0161n\u00e9ho use-case.<br \/>\nSledujte zmeny aj v MQTT Explorer.<\/p>\n","protected":false},"excerpt":{"rendered":"<p>MQTT Explorer Stiahnite si MQTT Explorer. Connection &#8211; upravte existuj\u00faci, prip\u00e1jame sa na mqtt:\/\/test.mosquitto.org\/1883. V r\u00e1mci Advanced nastaven\u00ed m\u00f4\u017eeme vymaza\u0165 v\u0161etky topics a prida\u0165 nov\u00fa polo\u017eku upjs\/iot\/#, QoS m\u00f4\u017ee osta\u0165&hellip;<\/p>\n","protected":false},"author":22,"featured_media":0,"parent":207,"menu_order":0,"comment_status":"closed","ping_status":"closed","template":"","meta":{"footnotes":""},"class_list":["post-259","page","type-page","status-publish","hentry"],"_links":{"self":[{"href":"https:\/\/ics.science.upjs.sk\/iot\/wp-json\/wp\/v2\/pages\/259","targetHints":{"allow":["GET"]}}],"collection":[{"href":"https:\/\/ics.science.upjs.sk\/iot\/wp-json\/wp\/v2\/pages"}],"about":[{"href":"https:\/\/ics.science.upjs.sk\/iot\/wp-json\/wp\/v2\/types\/page"}],"author":[{"embeddable":true,"href":"https:\/\/ics.science.upjs.sk\/iot\/wp-json\/wp\/v2\/users\/22"}],"replies":[{"embeddable":true,"href":"https:\/\/ics.science.upjs.sk\/iot\/wp-json\/wp\/v2\/comments?post=259"}],"version-history":[{"count":1,"href":"https:\/\/ics.science.upjs.sk\/iot\/wp-json\/wp\/v2\/pages\/259\/revisions"}],"predecessor-version":[{"id":260,"href":"https:\/\/ics.science.upjs.sk\/iot\/wp-json\/wp\/v2\/pages\/259\/revisions\/260"}],"up":[{"embeddable":true,"href":"https:\/\/ics.science.upjs.sk\/iot\/wp-json\/wp\/v2\/pages\/207"}],"wp:attachment":[{"href":"https:\/\/ics.science.upjs.sk\/iot\/wp-json\/wp\/v2\/media?parent=259"}],"curies":[{"name":"wp","href":"https:\/\/api.w.org\/{rel}","templated":true}]}}