{"id":237,"date":"2023-02-17T14:06:07","date_gmt":"2023-02-17T13:06:07","guid":{"rendered":"https:\/\/ics.science.upjs.sk\/iot\/?page_id=237"},"modified":"2025-02-02T05:42:10","modified_gmt":"2025-02-02T04:42:10","slug":"harmonogram-2023","status":"publish","type":"page","link":"https:\/\/ics.science.upjs.sk\/iot\/harmonogram-2023\/","title":{"rendered":"Harmonogram 2023"},"content":{"rendered":"<ul>\n<li>\u0161tvrtok 16.2. &#8211; uvod do iot, fyzikalne okienko 1. \u010das\u0165<\/li>\n<li>piatok 17.2. &#8211; (8:55-10:25) fyzikalne okienko 2. \u010das\u0165, arduino programovanie 1. \u010das\u0165<\/li>\n<li>\u0161tvrtok 23.2. &#8211; arduino programovanie 2. \u010das\u0165, s\u00e9riov\u00e1 komunik\u00e1cia intro ak sa stihne<\/li>\n<li>piatok 24.2. (<strong>8:55 &#8211; 12:00<\/strong>) arduino s\u00e9riov\u00e1 a digit\u00e1lna komunik\u00e1cia<\/li>\n<li>\u0161tvrtok 2.3. arduino senzory (po tomto cvi\u010den\u00ed m\u00e1te 1. mini zadanie)<\/li>\n<li>piatok 3.3. vo\u013eno<\/li>\n<li>\u0161tvrtok 9.3. MQTT + intro k Raspberry PI ak stihneme, ak nie tak bude na samo\u0161t\u00fadium 30 min\u00fatov\u00e1 videouk\u00e1\u017eka.<\/li>\n<li>piatok 10.3. &#8211; vo\u013eno<\/li>\n<li>\u0161tvrtok 16.3. &#8211; Node-RED<\/li>\n<li>piatok 17.3. &#8211; vo\u013eno<\/li>\n<li>\u0161tvrtok 23.3. <del>AWS<\/del> Node-RED dokon\u010denie prepojenia s Arduinom, uzavretie mini projektov za semester<\/li>\n<li>piatok 24.3. (8:55 &#8211; 10:25) AWS &#8211; preh\u013ead o cloud computingu, strojov\u00e9 u\u010denie v IoT a cloudoch. V\u00fdber t\u00e9m z\u00e1vere\u010dn\u00fdch projektov<\/li>\n<li>\u0161tvrtok 30.3. &#8211; pr\u00e1ca na fin\u00e1lnom projekte<\/li>\n<li>piatok 31.3. &#8211; (8:55 &#8211; 12:00 resp. individu\u00e1lne pod\u013ea potreby) pr\u00e1ca na z\u00e1vere\u010dnom projekte. Alebo vo\u013eno ak chcete robi\u0165 projekt a\u017e v sk\u00fa\u0161kovom<\/li>\n<\/ul>\n<p>Na po\u017eiadanie m\u00f4\u017eete pr\u00eds\u0165 experimentova\u0165 s hardv\u00e9rom aj mimo cvi\u010den\u00ed (ide\u00e1lne v piatky v \u010dase cvi\u010denia)<\/p>\n","protected":false},"excerpt":{"rendered":"<p>\u0161tvrtok 16.2. &#8211; uvod do iot, fyzikalne okienko 1. \u010das\u0165 piatok 17.2. &#8211; (8:55-10:25) fyzikalne okienko 2. \u010das\u0165, arduino programovanie 1. \u010das\u0165 \u0161tvrtok 23.2. &#8211; arduino programovanie 2. \u010das\u0165, s\u00e9riov\u00e1&hellip;<\/p>\n","protected":false},"author":22,"featured_media":0,"parent":0,"menu_order":0,"comment_status":"closed","ping_status":"closed","template":"","meta":{"footnotes":""},"class_list":["post-237","page","type-page","status-publish","hentry"],"_links":{"self":[{"href":"https:\/\/ics.science.upjs.sk\/iot\/wp-json\/wp\/v2\/pages\/237","targetHints":{"allow":["GET"]}}],"collection":[{"href":"https:\/\/ics.science.upjs.sk\/iot\/wp-json\/wp\/v2\/pages"}],"about":[{"href":"https:\/\/ics.science.upjs.sk\/iot\/wp-json\/wp\/v2\/types\/page"}],"author":[{"embeddable":true,"href":"https:\/\/ics.science.upjs.sk\/iot\/wp-json\/wp\/v2\/users\/22"}],"replies":[{"embeddable":true,"href":"https:\/\/ics.science.upjs.sk\/iot\/wp-json\/wp\/v2\/comments?post=237"}],"version-history":[{"count":5,"href":"https:\/\/ics.science.upjs.sk\/iot\/wp-json\/wp\/v2\/pages\/237\/revisions"}],"predecessor-version":[{"id":276,"href":"https:\/\/ics.science.upjs.sk\/iot\/wp-json\/wp\/v2\/pages\/237\/revisions\/276"}],"wp:attachment":[{"href":"https:\/\/ics.science.upjs.sk\/iot\/wp-json\/wp\/v2\/media?parent=237"}],"curies":[{"name":"wp","href":"https:\/\/api.w.org\/{rel}","templated":true}]}}