{"id":223,"date":"2023-02-15T19:08:25","date_gmt":"2023-02-15T18:08:25","guid":{"rendered":"https:\/\/ics.science.upjs.sk\/iot\/?page_id=223"},"modified":"2025-02-02T05:43:53","modified_gmt":"2025-02-02T04:43:53","slug":"odkazy","status":"publish","type":"page","link":"https:\/\/ics.science.upjs.sk\/iot\/odkazy\/","title":{"rendered":"Odkazy"},"content":{"rendered":"<h3>01A &#8211; Prv\u00fd poh\u013ead na IoT<\/h3>\n<ul>\n<li><a href=\"https:\/\/opac.crzp.sk\/?fn=detailBiblioForm&amp;sid=9F4BAE23A344452BBA8541F49028\">Fitness syst\u00e9m zalo\u017een\u00fd na IoT<\/a> &#8211; diplomov\u00e1 pr\u00e1ca &#8211; V. Prista\u0161<\/li>\n<\/ul>\n<h3>02 &#8211; Arduino<\/h3>\n<ul>\n<li><a href=\"https:\/\/ics.upjs.sk\/~opiela\/iot\/images\/NanoPinout.pdf\">Arduino Nano Pinout<\/a><\/li>\n<li><a href=\"https:\/\/www.arduino.cc\/en\/software\">Arduino IDE<\/a><\/li>\n<li><a href=\"https:\/\/dlnmh9ip6v2uc.cloudfront.net\/learn\/materials\/8\/Arduino_Cheat_Sheet.pdf\">Arduino \u0165ah\u00e1k<\/a><\/li>\n<li><a href=\"http:\/\/ww1.microchip.com\/downloads\/en\/DeviceDoc\/Atmel-7810-Automotive-Microcontrollers-ATmega328P_Datasheet.pdf\">ATmega328P datasheet<\/a><\/li>\n<li><a href=\"https:\/\/www.rugged-circuits.com\/10-ways-to-destroy-an-arduino\">10 sp\u00f4sobov ako zni\u010di\u0165 Arduino<\/a><\/li>\n<li><a href=\"https:\/\/docs.arduino.cc\/built-in-examples\/digital\/Debounce\">Debouncing<\/a><\/li>\n<li><a href=\"https:\/\/www.arduino.cc\/reference\/en\/language\/functions\/analog-io\/analogwrite\/\">AnalogWrite<\/a><\/li>\n<li><a href=\"https:\/\/www.cooking-hacks.com\/documentation\/tutorials\/ehealth-biometric-sensor-platform-arduino-raspberry-pi-medical.html\">ponuka biometrick\u00fdch senzorov<\/a><\/li>\n<\/ul>\n<p>Vide\u00e1 na pozretie:<\/p>\n<ul>\n<li><a href=\"https:\/\/www.youtube.com\/watch?v=QUQta4f_87E\">10 Arduino Projects with DIY Step by Step Tutorials<\/a><\/li>\n<li><a href=\"https:\/\/www.youtube.com\/watch?v=StJ4g5Cunc8\">The Final Countdown by Europe &#8211; Arduino Powered MIDI Robot Orchestra<\/a><\/li>\n<li><a href=\"https:\/\/www.youtube.com\/watch?v=39YUvCqxPSs\">Top 10 best arduino music projects<\/a><\/li>\n<li><a href=\"https:\/\/www.youtube.com\/watch?v=65sZpOIPWxM\">How The World&#8217;s LARGEST Screens Are Made<\/a><\/li>\n<li><a href=\"https:\/\/www.youtube.com\/watch?v=Yo6JI_bzUzo\">LED Basics<\/a><\/li>\n<li><a href=\"https:\/\/www.youtube.com\/watch?v=btgAUdbj85E\">Analog vs. Digital As Fast As Possible<\/a><\/li>\n<li><a href=\"https:\/\/www.youtube.com\/watch?v=GVsUOuSjvcg\">Future Computers Will Be Radically Different <\/a>\u00a0(anal\u00f3gov\u00fd po\u010d\u00edta\u010d)<\/li>\n<\/ul>\n<h3>03 &#8211; S\u00e9riov\u00e1 komunik\u00e1cia<\/h3>\n<ul>\n<li><a href=\"https:\/\/www.arduino.cc\/reference\/en\/language\/functions\/communication\/serial\/\">Arduino s\u00e9riov\u00e1 komunik\u00e1cia<\/a><\/li>\n<li><a href=\"https:\/\/mvnrepository.com\/artifact\/org.scream3r\/jssc\">JSSC maven<\/a> + <a href=\"https:\/\/github.com\/java-native\/jssc\">JSSC native github<\/a> + <a href=\"https:\/\/github.com\/scream3r\/java-simple-serial-connector\">JSSC github<\/a><\/li>\n<li><a href=\"https:\/\/fazecast.github.io\/jSerialComm\/\">JSerialComm<\/a><\/li>\n<\/ul>\n<h3>04 &#8211; Digit\u00e1lna komunik\u00e1cia<\/h3>\n<ul>\n<li><a href=\"https:\/\/www.kingbrightusa.com\/images\/catalog\/SPEC\/SA56-11SRWA.pdf\">7 segmentov\u00fd displej<\/a><\/li>\n<li><a href=\"https:\/\/www.nxp.com\/docs\/en\/data-sheet\/PCF8574_PCF8574A.pdf\">I2C expander<\/a><\/li>\n<li><a href=\"https:\/\/ics.upjs.sk\/~opiela\/iot\/images\/NanoPinout.pdf\">Arduino Nano pinout<\/a><\/li>\n<li><a href=\"https:\/\/www.youtube.com\/shorts\/k2U-pKFSHPE\">Video &#8211; koh\u00fatik jarab\u00fd s ban\u00e1nmi<\/a><\/li>\n<li><a href=\"https:\/\/www.youtube.com\/shorts\/IObk8tGhZB8\">Video &#8211; viano\u010dn\u00e1<\/a><\/li>\n<\/ul>\n<h3>05 &#8211; D\u00e1ta zo senzorov<\/h3>\n<ul>\n<li><a href=\"https:\/\/gitlab.science.upjs.sk\/iot-zaklady-internetu-veci\/arduino-kody\/-\/blob\/master\/lowpass%20filter.ino\">Low-pass filter Arduino k\u00f3d<\/a><\/li>\n<li><a href=\"https:\/\/arduinomodules.info\/\">Preh\u013ead senzorov (Arduino Modules)<\/a><\/li>\n<li><a href=\"https:\/\/www.waveshare.com\/wiki\/Main_Page#Misc-sensor-modules\">Preh\u013ead senzorov (Waveshare Wiki)<\/a><\/li>\n<\/ul>\n<h3>06 &#8211; Protokoly<\/h3>\n<ul>\n<li><a href=\"https:\/\/gitlab.science.upjs.sk\/iot-2019\/coap\">Coap uk\u00e1\u017eka v Jave<\/a><\/li>\n<li><a href=\"https:\/\/www.eclipse.org\/community\/eclipse_newsletter\/2014\/february\/article2.php\">Info o MQTT a Coap<\/a><\/li>\n<li><a href=\"https:\/\/www.hivemq.com\/tags\/mqtt-essentials\/\">MQTT essentials<\/a><\/li>\n<li><a href=\"https:\/\/flespi.com\/blog\/http-vs-mqtt-performance-tests\">MQTT a HTTP performance test<\/a><\/li>\n<li><a href=\"https:\/\/www.ubuntupit.com\/standard-iot-protocols\/\">Top 15 IoT protokolov<\/a><\/li>\n<li><a href=\"https:\/\/www.geeksforgeeks.org\/difference-between-bluetooth-and-zigbee\/\">Bluetooth vs. ZigBee<\/a><\/li>\n<\/ul>\n","protected":false},"excerpt":{"rendered":"<p>01A &#8211; Prv\u00fd poh\u013ead na IoT Fitness syst\u00e9m zalo\u017een\u00fd na IoT &#8211; diplomov\u00e1 pr\u00e1ca &#8211; V. Prista\u0161 02 &#8211; Arduino Arduino Nano Pinout Arduino IDE Arduino \u0165ah\u00e1k ATmega328P datasheet 10&hellip;<\/p>\n","protected":false},"author":22,"featured_media":0,"parent":0,"menu_order":0,"comment_status":"closed","ping_status":"closed","template":"","meta":{"footnotes":""},"class_list":["post-223","page","type-page","status-publish","hentry"],"_links":{"self":[{"href":"https:\/\/ics.science.upjs.sk\/iot\/wp-json\/wp\/v2\/pages\/223","targetHints":{"allow":["GET"]}}],"collection":[{"href":"https:\/\/ics.science.upjs.sk\/iot\/wp-json\/wp\/v2\/pages"}],"about":[{"href":"https:\/\/ics.science.upjs.sk\/iot\/wp-json\/wp\/v2\/types\/page"}],"author":[{"embeddable":true,"href":"https:\/\/ics.science.upjs.sk\/iot\/wp-json\/wp\/v2\/users\/22"}],"replies":[{"embeddable":true,"href":"https:\/\/ics.science.upjs.sk\/iot\/wp-json\/wp\/v2\/comments?post=223"}],"version-history":[{"count":7,"href":"https:\/\/ics.science.upjs.sk\/iot\/wp-json\/wp\/v2\/pages\/223\/revisions"}],"predecessor-version":[{"id":278,"href":"https:\/\/ics.science.upjs.sk\/iot\/wp-json\/wp\/v2\/pages\/223\/revisions\/278"}],"wp:attachment":[{"href":"https:\/\/ics.science.upjs.sk\/iot\/wp-json\/wp\/v2\/media?parent=223"}],"curies":[{"name":"wp","href":"https:\/\/api.w.org\/{rel}","templated":true}]}}