{"id":207,"date":"2023-02-15T13:36:27","date_gmt":"2023-02-15T12:36:27","guid":{"rendered":"https:\/\/ics.science.upjs.sk\/iot\/?page_id=207"},"modified":"2023-03-16T08:32:04","modified_gmt":"2023-03-16T07:32:04","slug":"cvicenia","status":"publish","type":"page","link":"https:\/\/ics.science.upjs.sk\/iot\/cvicenia\/","title":{"rendered":"Cvi\u010denia"},"content":{"rendered":"\r\n<p><strong>01(A)<\/strong> &#8211; Prv\u00fd poh\u013ead na IoT &#8211; <a href=\"https:\/\/ics.science.upjs.sk\/iot\/wp-content\/uploads\/sites\/18\/2023\/02\/iot2023-01-prvy-pohlad-na-iot.pdf\">prezent\u00e1cia<\/a><\/p>\r\n<p><strong>01(B)<\/strong> &#8211; Fyzik\u00e1lne okienko &#8211; <a href=\"https:\/\/ics.science.upjs.sk\/iot\/wp-content\/uploads\/sites\/18\/2023\/02\/iot2023-02-fyzikalne-okienko.pdf\">prezent\u00e1cia<\/a> a <a href=\"https:\/\/ics.science.upjs.sk\/iot\/fyzikalne-okienko-experimenty-2023\/\">experimenty<\/a><\/p>\r\n<p><strong>02<\/strong> &#8211; Arduino &#8211; programovanie, senzory &#8211; <a href=\"https:\/\/ics.science.upjs.sk\/iot\/wp-content\/uploads\/sites\/18\/2023\/02\/03-arduino.pdf\">prezent\u00e1cia<\/a> a <a href=\"https:\/\/ics.science.upjs.sk\/iot\/arduino-programovanie-experimenty-2023\/\">experimenty<\/a><\/p>\r\n<p><strong>03<\/strong> &#8211; Arduino &#8211; s\u00e9riov\u00e1 komunik\u00e1cia &#8211; <a href=\"https:\/\/ics.science.upjs.sk\/iot\/wp-content\/uploads\/sites\/18\/2023\/02\/iot2023-03-arduino-seriova-komunikacia.pdf\">prezent\u00e1cia<\/a> a uk\u00e1\u017eka <a href=\"https:\/\/gitlab.science.upjs.sk\/iot-zaklady-internetu-veci\/arduino-kody\/-\/tree\/master\/serial\">s\u00e9riovej komunik\u00e1cie Java-Arduino<\/a><\/p>\r\n<p><strong>04<\/strong> &#8211; Arduino &#8211; digit\u00e1lna komunik\u00e1cia &#8211; <a href=\"https:\/\/ics.science.upjs.sk\/iot\/wp-content\/uploads\/sites\/18\/2023\/02\/iot2023-04-arduino-digitalna-komunikacia.pdf\">prezent\u00e1cia<\/a> a <a href=\"https:\/\/ics.science.upjs.sk\/iot\/cvicenia\/digitalna-komunikacia-experimenty-2023\/\">experimenty<\/a><\/p>\r\n<p><strong>05<\/strong> &#8211; Arduino &#8211; d\u00e1ta zo senzorov &#8211; <a href=\"https:\/\/ics.science.upjs.sk\/iot\/wp-content\/uploads\/sites\/18\/2023\/02\/iot2023-05-arduino-data-zo-senzorov.pdf\">prezent\u00e1cia<\/a><\/p>\r\n<p><strong>06<\/strong> &#8211; Aplika\u010dn\u00e9 protokoly &#8211; MQTT &#8211; <a href=\"https:\/\/ics.science.upjs.sk\/iot\/wp-content\/uploads\/sites\/18\/2023\/03\/iot2023-06-mqtt.pdf\">prezent\u00e1cia<\/a>, <a href=\"https:\/\/ics.science.upjs.sk\/iot\/wp-content\/uploads\/sites\/18\/2023\/03\/dod2018.pdf\">slajdy z DOD<\/a> a <a href=\"https:\/\/ics.science.upjs.sk\/iot\/cvicenia\/protokoly-experimenty-2023\/\">experimenty<\/a>\u00a0<\/p>\r\n<p><strong>07<\/strong> &#8211; Raspberry PI &#8211; <a href=\"https:\/\/ics.science.upjs.sk\/iot\/wp-content\/uploads\/sites\/18\/2023\/03\/iot2023-07-rpi.pdf\">prezent\u00e1cia<\/a> a youtube video (<a href=\"https:\/\/www.youtube.com\/watch?v=fdBSbarhAUY\">1. \u010das\u0165<\/a>, <a href=\"https:\/\/www.youtube.com\/watch?v=0VwchnogzuQ\">2. \u010das\u0165<\/a>)<\/p>\r\n<p><strong>08<\/strong> &#8211; Node-RED &#8211; <a href=\"https:\/\/ics.science.upjs.sk\/iot\/wp-content\/uploads\/sites\/18\/2023\/03\/iot2023-07-Node-RED.pdf\">prezent\u00e1cia<\/a> a <a href=\"https:\/\/ics.science.upjs.sk\/iot\/cvicenia\/node-red-experimenty-2023\/\">experimenty<\/a><\/p>\r\n<p><strong>09<\/strong> &#8211; Cloud<\/p>\r\n<p><strong>10<\/strong> &#8211; Strojov\u00e9 u\u010denie<\/p>\r\n","protected":false},"excerpt":{"rendered":"<p>01(A) &#8211; Prv\u00fd poh\u013ead na IoT &#8211; prezent\u00e1cia 01(B) &#8211; Fyzik\u00e1lne okienko &#8211; prezent\u00e1cia a experimenty 02 &#8211; Arduino &#8211; programovanie, senzory &#8211; prezent\u00e1cia a experimenty 03 &#8211; Arduino &#8211;&hellip;<\/p>\n","protected":false},"author":22,"featured_media":0,"parent":0,"menu_order":0,"comment_status":"closed","ping_status":"closed","template":"","meta":{"footnotes":""},"class_list":["post-207","page","type-page","status-publish","hentry"],"_links":{"self":[{"href":"https:\/\/ics.science.upjs.sk\/iot\/wp-json\/wp\/v2\/pages\/207","targetHints":{"allow":["GET"]}}],"collection":[{"href":"https:\/\/ics.science.upjs.sk\/iot\/wp-json\/wp\/v2\/pages"}],"about":[{"href":"https:\/\/ics.science.upjs.sk\/iot\/wp-json\/wp\/v2\/types\/page"}],"author":[{"embeddable":true,"href":"https:\/\/ics.science.upjs.sk\/iot\/wp-json\/wp\/v2\/users\/22"}],"replies":[{"embeddable":true,"href":"https:\/\/ics.science.upjs.sk\/iot\/wp-json\/wp\/v2\/comments?post=207"}],"version-history":[{"count":15,"href":"https:\/\/ics.science.upjs.sk\/iot\/wp-json\/wp\/v2\/pages\/207\/revisions"}],"predecessor-version":[{"id":270,"href":"https:\/\/ics.science.upjs.sk\/iot\/wp-json\/wp\/v2\/pages\/207\/revisions\/270"}],"wp:attachment":[{"href":"https:\/\/ics.science.upjs.sk\/iot\/wp-json\/wp\/v2\/media?parent=207"}],"curies":[{"name":"wp","href":"https:\/\/api.w.org\/{rel}","templated":true}]}}