{"id":203,"date":"2023-02-15T13:35:41","date_gmt":"2023-02-15T12:35:41","guid":{"rendered":"https:\/\/ics.science.upjs.sk\/iot\/?page_id=203"},"modified":"2025-02-02T05:46:00","modified_gmt":"2025-02-02T04:46:00","slug":"hodnotenie-2023","status":"publish","type":"page","link":"https:\/\/ics.science.upjs.sk\/iot\/hodnotenie-2023\/","title":{"rendered":"Hodnotenie 2023"},"content":{"rendered":"<p>V ponuke je:<\/p>\n<ul>\n<li>20 bodov za kr\u00e1tke zadania po\u010das semestra<\/li>\n<li>30 bodov za projekt po ukon\u010den\u00ed v\u00fdu\u010dby (pod\u013ea dohody e\u0161te po\u010das semestra alebo po\u010das sk\u00fa\u0161kov\u00e9ho)<\/li>\n<\/ul>\n<hr \/>\n<p>Zn\u00e1mka:<\/p>\n<ul>\n<li>A: 50 &#8212; 40 bodov<\/li>\n<li>B: 39 &#8212; 35 bodov<\/li>\n<li>C: 34 &#8212; 30 bodov<\/li>\n<li>D: 29 &#8212; 25 bodov<\/li>\n<li>E: 24 &#8212; 20 bodov<\/li>\n<\/ul>\n<p><strong>Kr\u00e1tke zadania<\/strong> po\u010das semestra &#8211; v ide\u00e1lnom pr\u00edpade realizovan\u00e9 priamo na cvi\u010den\u00ed:<\/p>\n<ul>\n<li><del>10 bodov Arduino &#8211; prepojenie Arduina a JPAZ, spracovanie d\u00e1t zo senzorov &#8211;body udelen\u00e9 po 5. cvi\u010den\u00ed<\/del><\/li>\n<li><del>5 bodov Node-RED &#8211; dashboard &#8212; body udelen\u00e9 po 8. cvi\u010den\u00ed<\/del><\/li>\n<li><del>5 bodov Cloud &#8212; body udelen\u00e9 po 10. cvi\u010den\u00ed<\/del><\/li>\n<li>ZMENA: max. 20 bodov bude udelen\u00fdch za v\u0161etky mini zadania po\u010das semestra bez oh\u013eadu na obsah<\/li>\n<\/ul>\n<p>Zadania m\u00f4\u017eu by\u0165 vypracovan\u00e9 spolo\u010dne &#8211; dvojice, trojice. V\u00fdsledok v \u013eubovo\u013enom form\u00e1te (tak, aby to bolo reprodukovate\u013en\u00e9) je odovzd\u00e1van\u00fd v zdie\u013eanom prie\u010dinku.<\/p>\n<p><strong>Projekt<\/strong> &#8211; v sk\u00fa\u0161kovom obdob\u00ed. Na projekte je vhodn\u00e9 pracova\u0165 v malom t\u00edme (dvojica\/trojica). Na z\u00e1klade z\u00edskan\u00fdch bodov za semester bud\u00fa individu\u00e1lne dohodnut\u00e9 podmienky hodnotenia a po\u017eiadavky na projekt. Vy\u017eadovan\u00e9 je detailn\u00e9 zdokumentovanie projektu.<\/p>\n","protected":false},"excerpt":{"rendered":"<p>V ponuke je: 20 bodov za kr\u00e1tke zadania po\u010das semestra 30 bodov za projekt po ukon\u010den\u00ed v\u00fdu\u010dby (pod\u013ea dohody e\u0161te po\u010das semestra alebo po\u010das sk\u00fa\u0161kov\u00e9ho) Zn\u00e1mka: A: 50 &#8212; 40&hellip;<\/p>\n","protected":false},"author":22,"featured_media":0,"parent":0,"menu_order":0,"comment_status":"closed","ping_status":"closed","template":"","meta":{"footnotes":""},"class_list":["post-203","page","type-page","status-publish","hentry"],"_links":{"self":[{"href":"https:\/\/ics.science.upjs.sk\/iot\/wp-json\/wp\/v2\/pages\/203","targetHints":{"allow":["GET"]}}],"collection":[{"href":"https:\/\/ics.science.upjs.sk\/iot\/wp-json\/wp\/v2\/pages"}],"about":[{"href":"https:\/\/ics.science.upjs.sk\/iot\/wp-json\/wp\/v2\/types\/page"}],"author":[{"embeddable":true,"href":"https:\/\/ics.science.upjs.sk\/iot\/wp-json\/wp\/v2\/users\/22"}],"replies":[{"embeddable":true,"href":"https:\/\/ics.science.upjs.sk\/iot\/wp-json\/wp\/v2\/comments?post=203"}],"version-history":[{"count":5,"href":"https:\/\/ics.science.upjs.sk\/iot\/wp-json\/wp\/v2\/pages\/203\/revisions"}],"predecessor-version":[{"id":280,"href":"https:\/\/ics.science.upjs.sk\/iot\/wp-json\/wp\/v2\/pages\/203\/revisions\/280"}],"wp:attachment":[{"href":"https:\/\/ics.science.upjs.sk\/iot\/wp-json\/wp\/v2\/media?parent=203"}],"curies":[{"name":"wp","href":"https:\/\/api.w.org\/{rel}","templated":true}]}}