{"id":199,"date":"2023-02-15T13:35:31","date_gmt":"2023-02-15T12:35:31","guid":{"rendered":"https:\/\/ics.science.upjs.sk\/iot\/?page_id=199"},"modified":"2025-02-02T05:46:15","modified_gmt":"2025-02-02T04:46:15","slug":"archiv","status":"publish","type":"page","link":"https:\/\/ics.science.upjs.sk\/iot\/archiv\/","title":{"rendered":"Arch\u00edv"},"content":{"rendered":"<h2>2023 (letn\u00fd semester)<\/h2>\n<ul>\n<li><a href=\"https:\/\/ics.science.upjs.sk\/iot\/harmonogram-2023\/\">Harmonogram<\/a><\/li>\n<li><a href=\"https:\/\/ics.science.upjs.sk\/iot\/hodnotenie-2023\/\">Hodnotenie<\/a><\/li>\n<\/ul>\n<h2>2022 (letn\u00fd semester)<\/h2>\n<ul>\n<li><a href=\"https:\/\/ics.science.upjs.sk\/iot\/cvicenia-2022\/\">Cvi\u010denia<\/a> (vyu\u010dovan\u00e9 blokovo, 3C + 3C t\u00fd\u017edenne)<\/li>\n<li><a href=\"https:\/\/ics.science.upjs.sk\/iot\/hodnotenie-2022\/\">Hodnotenie<\/a><\/li>\n<li><a href=\"https:\/\/ics.science.upjs.sk\/iot\/odkazy-2022\/\">Odkazy<\/a><\/li>\n<\/ul>\n<h2>2021 (letn\u00fd semester)<\/h2>\n<ul>\n<li><a href=\"https:\/\/ics.upjs.sk\/~opiela\/iot\/\">Cvi\u010denia<\/a> (vyu\u010dovan\u00e9 di\u0161tan\u010dne)<\/li>\n<\/ul>\n","protected":false},"excerpt":{"rendered":"<p>2023 (letn\u00fd semester) Harmonogram Hodnotenie 2022 (letn\u00fd semester) Cvi\u010denia (vyu\u010dovan\u00e9 blokovo, 3C + 3C t\u00fd\u017edenne) Hodnotenie Odkazy 2021 (letn\u00fd semester) Cvi\u010denia (vyu\u010dovan\u00e9 di\u0161tan\u010dne)<\/p>\n","protected":false},"author":22,"featured_media":0,"parent":0,"menu_order":0,"comment_status":"closed","ping_status":"closed","template":"","meta":{"footnotes":""},"class_list":["post-199","page","type-page","status-publish","hentry"],"_links":{"self":[{"href":"https:\/\/ics.science.upjs.sk\/iot\/wp-json\/wp\/v2\/pages\/199","targetHints":{"allow":["GET"]}}],"collection":[{"href":"https:\/\/ics.science.upjs.sk\/iot\/wp-json\/wp\/v2\/pages"}],"about":[{"href":"https:\/\/ics.science.upjs.sk\/iot\/wp-json\/wp\/v2\/types\/page"}],"author":[{"embeddable":true,"href":"https:\/\/ics.science.upjs.sk\/iot\/wp-json\/wp\/v2\/users\/22"}],"replies":[{"embeddable":true,"href":"https:\/\/ics.science.upjs.sk\/iot\/wp-json\/wp\/v2\/comments?post=199"}],"version-history":[{"count":5,"href":"https:\/\/ics.science.upjs.sk\/iot\/wp-json\/wp\/v2\/pages\/199\/revisions"}],"predecessor-version":[{"id":281,"href":"https:\/\/ics.science.upjs.sk\/iot\/wp-json\/wp\/v2\/pages\/199\/revisions\/281"}],"wp:attachment":[{"href":"https:\/\/ics.science.upjs.sk\/iot\/wp-json\/wp\/v2\/media?parent=199"}],"curies":[{"name":"wp","href":"https:\/\/api.w.org\/{rel}","templated":true}]}}