{"id":188,"date":"2022-05-18T08:16:44","date_gmt":"2022-05-18T06:16:44","guid":{"rendered":"https:\/\/ics.science.upjs.sk\/iot\/?page_id=188"},"modified":"2023-02-15T13:31:36","modified_gmt":"2023-02-15T12:31:36","slug":"strojove-ucenie-experimenty-2022","status":"publish","type":"page","link":"https:\/\/ics.science.upjs.sk\/iot\/cvicenia-2022\/strojove-ucenie-experimenty-2022\/","title":{"rendered":"Strojov\u00e9 u\u010denie &#8211; experimenty"},"content":{"rendered":"<h2>Evalu\u00e1cia<\/h2>\n<ul>\n<li><a href=\"https:\/\/en.wikipedia.org\/wiki\/Sensitivity_and_specificity\">\u0160pecificita a senzitivita &#8211; wikipedia<\/a><\/li>\n<li>O antig\u00e9novom testovan\u00ed- \u00a0<a href=\"https:\/\/www.facebook.com\/permalink.php?story_fbid=10114516109162693&amp;id=2247644\">janu\u00e1r 2021<\/a>\u00a0+\u00a0<a href=\"https:\/\/www.trend.sk\/spravy\/falosne-negativnych-je-teraz-medzi-nami-ovela-viac-ako-jesen-tvrdi-matematik-kollar\">\u010dl\u00e1nok<\/a>, <a href=\"https:\/\/www.facebook.com\/permalink.php?story_fbid=10114123701296203&amp;id=2247644\">okt\u00f3ber 2020<\/a><\/li>\n<li><a href=\"https:\/\/kennis-research.shinyapps.io\/Bayes-App\/\">Applet &#8211; prevalencia, \u0161pecificita, senzitivita<\/a><\/li>\n<li><a href=\"https:\/\/en.wikipedia.org\/wiki\/Prevalence#Difference_between_prevalence_and_incidence\">Prevalencia, incidencia<\/a><\/li>\n<li><a href=\"https:\/\/en.wikipedia.org\/wiki\/Confusion_matrix\">Confusion matrix a \u010fal\u0161ie hodnoty z nej odveden\u00e9<\/a>\u00a0+\u00a0<a href=\"https:\/\/towardsdatascience.com\/understanding-confusion-matrix-a9ad42dcfd62\">in\u00fd link<\/a><\/li>\n<li><a href=\"https:\/\/en.wikipedia.org\/wiki\/Receiver_operating_characteristic\">ROC<\/a>\u00a0+\u00a0<a href=\"https:\/\/towardsdatascience.com\/understanding-auc-roc-curve-68b2303cc9c5\">in\u00fd link<\/a>\u00a0+\u00a0<a href=\"https:\/\/developers.google.com\/machine-learning\/crash-course\/classification\/roc-and-auc#:~:text=An%20ROC%20curve%20(receiver%20operating,False%20Positive%20Rate)\">ROC, AUC<\/a><\/li>\n<li><a href=\"https:\/\/en.wikipedia.org\/wiki\/Positive_and_negative_predictive_values\">Positive\/Negative predictive values<\/a><\/li>\n<li><a href=\"https:\/\/en.wikipedia.org\/wiki\/Evaluation_of_binary_classifiers#Impact_of_prevalence_on_prediction_values\">Vplyv prevalencie<\/a><\/li>\n<li><a href=\"https:\/\/ics.upjs.sk\/~opiela\/iot\/indora\/all-results.pdf\">Evalu\u00e1cia indoor lokaliz\u00e1cie<\/a><\/li>\n<\/ul>\n<h2>Neur\u00f3nov\u00e9 siete<\/h2>\n<ul>\n<li><a href=\"https:\/\/ml-playground.com\/\">ML playground<\/a><\/li>\n<li><a href=\"https:\/\/playground.tensorflow.org\/\">Neural network playground<\/a><\/li>\n<li>Kategoriz\u00e1cia <a href=\"https:\/\/www.tensorflow.org\/swift\/tutorials\/model_training_walkthrough\">kvetov<\/a> alebo <a href=\"https:\/\/www.tensorflow.org\/tutorials\/customization\/custom_training_walkthrough\">tu\u010dniakov<\/a><\/li>\n<\/ul>\n<h2>Cloud<\/h2>\n<ul>\n<li><a href=\"https:\/\/westeurope.dev.cognitive.microsoft.com\/docs\/services\/computer-vision-v3-2\">Cognitive services API<\/a> (describe image, URL), v AZURE computer vision resource<\/li>\n<li><a href=\"https:\/\/azure.microsoft.com\/en-us\/services\/machine-learning\">Machine learning AZURE<\/a><\/li>\n<\/ul>\n","protected":false},"excerpt":{"rendered":"<p>Evalu\u00e1cia \u0160pecificita a senzitivita &#8211; wikipedia O antig\u00e9novom testovan\u00ed- \u00a0janu\u00e1r 2021\u00a0+\u00a0\u010dl\u00e1nok, okt\u00f3ber 2020 Applet &#8211; prevalencia, \u0161pecificita, senzitivita Prevalencia, incidencia Confusion matrix a \u010fal\u0161ie hodnoty z nej odveden\u00e9\u00a0+\u00a0in\u00fd link ROC\u00a0+\u00a0in\u00fd&hellip;<\/p>\n","protected":false},"author":22,"featured_media":0,"parent":38,"menu_order":0,"comment_status":"closed","ping_status":"closed","template":"","meta":{"footnotes":""},"class_list":["post-188","page","type-page","status-publish","hentry"],"_links":{"self":[{"href":"https:\/\/ics.science.upjs.sk\/iot\/wp-json\/wp\/v2\/pages\/188","targetHints":{"allow":["GET"]}}],"collection":[{"href":"https:\/\/ics.science.upjs.sk\/iot\/wp-json\/wp\/v2\/pages"}],"about":[{"href":"https:\/\/ics.science.upjs.sk\/iot\/wp-json\/wp\/v2\/types\/page"}],"author":[{"embeddable":true,"href":"https:\/\/ics.science.upjs.sk\/iot\/wp-json\/wp\/v2\/users\/22"}],"replies":[{"embeddable":true,"href":"https:\/\/ics.science.upjs.sk\/iot\/wp-json\/wp\/v2\/comments?post=188"}],"version-history":[{"count":7,"href":"https:\/\/ics.science.upjs.sk\/iot\/wp-json\/wp\/v2\/pages\/188\/revisions"}],"predecessor-version":[{"id":195,"href":"https:\/\/ics.science.upjs.sk\/iot\/wp-json\/wp\/v2\/pages\/188\/revisions\/195"}],"up":[{"embeddable":true,"href":"https:\/\/ics.science.upjs.sk\/iot\/wp-json\/wp\/v2\/pages\/38"}],"wp:attachment":[{"href":"https:\/\/ics.science.upjs.sk\/iot\/wp-json\/wp\/v2\/media?parent=188"}],"curies":[{"name":"wp","href":"https:\/\/api.w.org\/{rel}","templated":true}]}}