{"id":7,"date":"2022-01-19T14:12:14","date_gmt":"2022-01-19T13:12:14","guid":{"rendered":"https:\/\/ics.science.upjs.sk\/indora\/?page_id=7"},"modified":"2025-09-23T20:35:14","modified_gmt":"2025-09-23T18:35:14","slug":"about","status":"publish","type":"page","link":"https:\/\/ics.science.upjs.sk\/indora\/","title":{"rendered":"About"},"content":{"rendered":"\r\n<p>Indora is a research project at Pavol Jozef \u0160af\u00e1rik University in Ko\u0161ice, Slovakia. Currently represented by dr. Miroslav Opiela.<\/p>\r\n<p>Research in indoor positioning started in 2012 with a few bachelor theses supervised by dr. Franti\u0161ek Gal\u010d\u00edk. <br \/>We attended <strong>IPIN competitions<\/strong> on-site (2018, 2019) and off-site (2019, 2020).\u00a0<\/p>\r\n<p>See more about competitions in <strong>publications<\/strong>:<\/p>\r\n<ul>\r\n<li>Renaudin, Valerie, et al. &#8222;<a href=\"https:\/\/ieeexplore.ieee.org\/abstract\/document\/8852722\/\">Evaluating indoor positioning systems in a shopping mall: The lessons learned from the IPIN 2018 competition.<\/a>&#8220;\u00a0<i>IEEE Access<\/i>\u00a07 (2019): 148594-148628.<\/li>\r\n<li>Potorti, Francesco, et al. &#8222;<a href=\"https:\/\/ieeexplore.ieee.org\/abstract\/document\/9253514\">The IPIN 2019 indoor localisation competition\u2014Description and results.<\/a>&#8220;\u00a0<i>IEEE access<\/i>\u00a08 (2020): 206674-206718.<\/li>\r\n<li>Potort\u00ec, Francesco, et al. &#8222;<a href=\"https:\/\/ieeexplore.ieee.org\/document\/9439493\">Off-line evaluation of indoor positioning systems in different scenarios: The experiences from IPIN 2020 competition.<\/a>&#8220;\u00a0<i>IEEE Sensors Journal<\/i>\u00a022.6 (2021): 5011-5054.<\/li>\r\n<\/ul>\r\n<p>The <strong>research<\/strong> is focused on <a href=\"https:\/\/ics.science.upjs.sk\/indora\/grid-based-filters\/\">bayesian filtering<\/a>. Recent publications are related to <a href=\"https:\/\/ics.science.upjs.sk\/indora\/visual-landmarks\/\">visual landmarks<\/a> (door detection), <a href=\"https:\/\/ics.science.upjs.sk\/indora\/floor-plans\/\">computer vision<\/a> and <a href=\"https:\/\/ics.science.upjs.sk\/indora\/neural-networks\/\">neural networks<\/a>.\u00a0<\/p>\r\n<p>Contact me: miroslav.opiela(at)upjs.sk<\/p>\r\n","protected":false},"excerpt":{"rendered":"<p>Indora is a research project at Pavol Jozef \u0160af\u00e1rik University in Ko\u0161ice, Slovakia. Currently represented by dr. Miroslav Opiela. Research in indoor positioning started in 2012 with a few bachelor&hellip;<\/p>\n","protected":false},"author":22,"featured_media":0,"parent":0,"menu_order":0,"comment_status":"closed","ping_status":"closed","template":"","meta":{"footnotes":""},"class_list":["post-7","page","type-page","status-publish","hentry"],"_links":{"self":[{"href":"https:\/\/ics.science.upjs.sk\/indora\/wp-json\/wp\/v2\/pages\/7","targetHints":{"allow":["GET"]}}],"collection":[{"href":"https:\/\/ics.science.upjs.sk\/indora\/wp-json\/wp\/v2\/pages"}],"about":[{"href":"https:\/\/ics.science.upjs.sk\/indora\/wp-json\/wp\/v2\/types\/page"}],"author":[{"embeddable":true,"href":"https:\/\/ics.science.upjs.sk\/indora\/wp-json\/wp\/v2\/users\/22"}],"replies":[{"embeddable":true,"href":"https:\/\/ics.science.upjs.sk\/indora\/wp-json\/wp\/v2\/comments?post=7"}],"version-history":[{"count":13,"href":"https:\/\/ics.science.upjs.sk\/indora\/wp-json\/wp\/v2\/pages\/7\/revisions"}],"predecessor-version":[{"id":94,"href":"https:\/\/ics.science.upjs.sk\/indora\/wp-json\/wp\/v2\/pages\/7\/revisions\/94"}],"wp:attachment":[{"href":"https:\/\/ics.science.upjs.sk\/indora\/wp-json\/wp\/v2\/media?parent=7"}],"curies":[{"name":"wp","href":"https:\/\/api.w.org\/{rel}","templated":true}]}}