{"id":8,"date":"2024-09-23T10:32:49","date_gmt":"2024-09-23T08:32:49","guid":{"rendered":"https:\/\/ics.science.upjs.sk\/bc\/?page_id=8"},"modified":"2026-02-17T16:19:41","modified_gmt":"2026-02-17T15:19:41","slug":"2-rocnik-ls","status":"publish","type":"page","link":"https:\/\/ics.science.upjs.sk\/bc\/2-rocnik-ls\/","title":{"rendered":"2. ro\u010dn\u00edk, LS"},"content":{"rendered":"<p><em>\u00daINF\/PBS\/15 Pr\u00edpravn\u00fd semin\u00e1r pre z\u00e1vere\u010dn\u00fa pr\u00e1cu<\/em><\/p>\n<p><em>Aktualizovan\u00e9: febru\u00e1r 2026<\/em><\/p>\n<p>Cie\u013eom semin\u00e1ru v 2. ro\u010dn\u00edku (letn\u00fd semester) je pom\u00f4c\u0165 v\u00e1m vybra\u0165 si bakal\u00e1rsku pr\u00e1cu.<\/p>\n<p><a href=\"https:\/\/ics.science.upjs.sk\/bc\/ponuka-bakalarskych-prac-2026\/\">Ponuka bakal\u00e1rskych pr\u00e1c (prezent\u00e1cie z burzy)<\/a><\/p>\n<p><strong>Aktivity po\u010das semestra:<\/strong><\/p>\n<ul>\n<li>burza bakal\u00e1rskych pr\u00e1c &#8211; prebieha prezen\u010dne v prvej polovici semestra pod\u013ea pokynov vyu\u010duj\u00faceho<\/li>\n<li>v\u00fdber bakal\u00e1rskej pr\u00e1ce &#8211; individu\u00e1lne oslovujete ved\u00facich, ktor\u00ed pon\u00fakaj\u00fa bakal\u00e1rsku pr\u00e1cu. Niektor\u00fa si vyberiete. <strong>Term\u00edn v\u00fdberu nie je striktne dan\u00fd. Odpor\u00fa\u010dan\u00e9 je ma\u0165 vybran\u00fa pr\u00e1cu do polovice apr\u00edla.<\/strong><\/li>\n<li>prezent\u00e1cia zadania bakal\u00e1rskej pr\u00e1ce &#8211; na z\u00e1ver semestra odprezentujete vybran\u00e9 zadanie bakal\u00e1rskej pr\u00e1ce. Term\u00edn prezent\u00e1cii sa dohodne po skupin\u00e1ch, prezent\u00e1cie bud\u00fa v m\u00e1ji (v posledn\u00fdch troch t\u00fd\u017ed\u0148och semestra). Typicky to zvykne by\u0165 mimo rozvrhu semin\u00e1ru.<\/li>\n<\/ul>\n<h2>V\u00fdber bakal\u00e1rskej pr\u00e1ce<\/h2>\n<p>Zad\u00e1vate\u013eom a z\u00e1rove\u0148 ved\u00facim pr\u00e1ce je ak\u00fdko\u013evek \u010dlen \u00dastavu informatiky (zamestnanci a doktorandi). Bakal\u00e1rska pr\u00e1ca m\u00f4\u017ee by\u0165 pon\u00fakan\u00e1 aj IT firmami alebo in\u00fdmi \u00fastavmi. V takom pr\u00edpade bude zad\u00e1vate\u013e vystupova\u0165 ako konzultant pr\u00e1ce. Ved\u00faci bude pridelen\u00fd z \u00dastavu informatiky a bude zabezpe\u010dova\u0165, aby proces tvorby bakal\u00e1rskej pr\u00e1ce viedol k \u00faspe\u0161nej obhajobe.<\/p>\n<p><strong>Zadania pr\u00e1c s\u00fa zverejnen\u00e9 v AISe<\/strong>. Zadanie mus\u00ed obsahova\u0165 n\u00e1zov, ciele a literat\u00faru. Prezent\u00e1cie z burzy bakal\u00e1rskych pr\u00e1c s\u00fa zverej\u0148ovan\u00e9 na tejto str\u00e1nke semin\u00e1ru.<\/p>\n<p>Ak si vyberiete pr\u00e1cu a definit\u00edvne sa dohodnete s ved\u00facim, ten v\u00e1s <strong>pridel\u00ed k pr\u00e1ci v AIS<\/strong>, \u010do n\u00e1sledne uvid\u00edte aj po prihl\u00e1sen\u00ed do svojho \u00fa\u010dtu. Fin\u00e1lny v\u00fdber pr\u00e1ce netreba nikomu in\u00e9mu oznamova\u0165.<\/p>\n<p>Medziodborov\u00ed \u0161tudenti si m\u00f4\u017eu vybra\u0165 pr\u00e1cu realizovan\u00fa na \u00dastave informatiky alebo na druhom \u00fastave pod\u013ea svojho odboru. To ur\u010d\u00ed, na ktorom \u00fastave bude pr\u00e1ca obhajovan\u00e1 na \u0161t\u00e1tniciach.<\/p>\n<p>\u0160tudenti ADUIb si m\u00f4\u017eu zvoli\u0165 pr\u00e1cu z \u00daINF alebo \u00daMAT.<\/p>\n<p>Po \u00faspe\u0161nom v\u00fdbere pr\u00e1ce absolvujte stretnutie s ved\u00facim, aby ste si ujasnili zadanie pr\u00e1ce a boli schopn\u00ed ho odprezentova\u0165.<\/p>\n<h2>Prezent\u00e1cia zadania bakal\u00e1rskej pr\u00e1ce<\/h2>\n<p>Prezent\u00e1cia trv\u00e1 3-5 min\u00fat + kr\u00e1tka diskusia. O\u010dak\u00e1vame aj pripraven\u00e9 slajdy.<\/p>\n<p>Po\u010das prezent\u00e1cie predstav\u00edte:<\/p>\n<ul>\n<li>n\u00e1zov t\u00e9my a ciele<\/li>\n<li>motiv\u00e1ciu &#8211; pre\u010do je t\u00e1to t\u00e9ma aktu\u00e1lna a d\u00f4le\u017eit\u00e1, ak\u00fd probl\u00e9m rie\u0161i<\/li>\n<li>o\u010dak\u00e1van\u00fd v\u00fdsledok pr\u00e1ce<\/li>\n<li>ak\u00e9 prv\u00e9 kroky uskuto\u010dn\u00edte pri realiz\u00e1cii svojej bakal\u00e1rskej pr\u00e1ce<\/li>\n<\/ul>\n<p>Obsah prezent\u00e1cie prekonzultujte so svojim ved\u00facim. Prezentovanie od\u0161tartuje s\u00e9riu prezent\u00e1ci\u00ed va\u0161ej bakal\u00e1rskej pr\u00e1ce na r\u00f4znych semin\u00e1roch po\u010das nasleduj\u00faceho roka a vy\u00fasti to v\u00fdslednou 15-min\u00fatovou prezent\u00e1ciou na \u0161t\u00e1tniciach. Prezentovan\u00edm si tr\u00e9nujete schopnos\u0165 vysvetli\u0165 svoju pr\u00e1cu svoj\u00edm kolegom a \u010dlenom \u00dastavu informatiky (aj tak\u00fdm, ktor\u00ed o va\u0161ej t\u00e9me ve\u013ea nevedia). Z\u00e1rove\u0148 budete dost\u00e1va\u0165 sp\u00e4tn\u00fa v\u00e4zbu. V pr\u00edpade tejto prezent\u00e1cie bude zameran\u00e1 na samotn\u00e9 zadanie pr\u00e1ce a na schopnos\u0165 v\u00e1\u0161ho pochopenia zadania a jeho vysvetlenia.<\/p>\n","protected":false},"excerpt":{"rendered":"<p>\u00daINF\/PBS\/15 Pr\u00edpravn\u00fd semin\u00e1r pre z\u00e1vere\u010dn\u00fa pr\u00e1cu Aktualizovan\u00e9: febru\u00e1r 2026 Cie\u013eom semin\u00e1ru v 2. ro\u010dn\u00edku (letn\u00fd semester) je pom\u00f4c\u0165 v\u00e1m vybra\u0165 si bakal\u00e1rsku pr\u00e1cu. Ponuka bakal\u00e1rskych pr\u00e1c (prezent\u00e1cie z burzy) Aktivity&hellip;<\/p>\n","protected":false},"author":22,"featured_media":0,"parent":0,"menu_order":0,"comment_status":"closed","ping_status":"closed","template":"","meta":{"footnotes":""},"class_list":["post-8","page","type-page","status-publish","hentry"],"_links":{"self":[{"href":"https:\/\/ics.science.upjs.sk\/bc\/wp-json\/wp\/v2\/pages\/8","targetHints":{"allow":["GET"]}}],"collection":[{"href":"https:\/\/ics.science.upjs.sk\/bc\/wp-json\/wp\/v2\/pages"}],"about":[{"href":"https:\/\/ics.science.upjs.sk\/bc\/wp-json\/wp\/v2\/types\/page"}],"author":[{"embeddable":true,"href":"https:\/\/ics.science.upjs.sk\/bc\/wp-json\/wp\/v2\/users\/22"}],"replies":[{"embeddable":true,"href":"https:\/\/ics.science.upjs.sk\/bc\/wp-json\/wp\/v2\/comments?post=8"}],"version-history":[{"count":9,"href":"https:\/\/ics.science.upjs.sk\/bc\/wp-json\/wp\/v2\/pages\/8\/revisions"}],"predecessor-version":[{"id":231,"href":"https:\/\/ics.science.upjs.sk\/bc\/wp-json\/wp\/v2\/pages\/8\/revisions\/231"}],"wp:attachment":[{"href":"https:\/\/ics.science.upjs.sk\/bc\/wp-json\/wp\/v2\/media?parent=8"}],"curies":[{"name":"wp","href":"https:\/\/api.w.org\/{rel}","templated":true}]}}