{"id":5,"date":"2024-09-23T10:31:23","date_gmt":"2024-09-23T08:31:23","guid":{"rendered":"https:\/\/ics.science.upjs.sk\/bc\/?page_id=5"},"modified":"2026-02-25T15:41:52","modified_gmt":"2026-02-25T14:41:52","slug":"homepage","status":"publish","type":"page","link":"https:\/\/ics.science.upjs.sk\/bc\/","title":{"rendered":"Semin\u00e1re k bakal\u00e1rskej pr\u00e1ci"},"content":{"rendered":"<p>Semin\u00e1r je povinn\u00fd pre \u0161tudentov realizuj\u00facich svoju bakal\u00e1rsku pr\u00e1cu na \u00dastave informatiky.<\/p>\n<p><a href=\"https:\/\/ics.science.upjs.sk\/bc\/ponuka-bakalarskych-prac-2026\/\">Ponuka bakal\u00e1rskych pr\u00e1c (prezent\u00e1cie z burzy)<\/a><\/p>\n<p><em>Zodpovedn\u00ed za predmet: <\/em><\/p>\n<ul>\n<li><em>RNDr. Miroslav Opiela, PhD. (prezent\u00e1cie pr\u00e1c, inform\u00e1cie a poradenstvo k vypracovaniu bakal\u00e1rskej pr\u00e1ce)<\/em><\/li>\n<li><em>RNDr. D\u00e1vid Varga (nov\u00e9 zadania &#8211; burza pr\u00e1c, komunik\u00e1cia so z\u00e1stupcami IT firiem)<\/em><\/li>\n<\/ul>\n","protected":false},"excerpt":{"rendered":"<p>Semin\u00e1r je povinn\u00fd pre \u0161tudentov realizuj\u00facich svoju bakal\u00e1rsku pr\u00e1cu na \u00dastave informatiky. Ponuka bakal\u00e1rskych pr\u00e1c (prezent\u00e1cie z burzy) Zodpovedn\u00ed za predmet: RNDr. Miroslav Opiela, PhD. (prezent\u00e1cie pr\u00e1c, inform\u00e1cie a poradenstvo&hellip;<\/p>\n","protected":false},"author":22,"featured_media":0,"parent":0,"menu_order":0,"comment_status":"closed","ping_status":"closed","template":"","meta":{"footnotes":""},"class_list":["post-5","page","type-page","status-publish","hentry"],"_links":{"self":[{"href":"https:\/\/ics.science.upjs.sk\/bc\/wp-json\/wp\/v2\/pages\/5","targetHints":{"allow":["GET"]}}],"collection":[{"href":"https:\/\/ics.science.upjs.sk\/bc\/wp-json\/wp\/v2\/pages"}],"about":[{"href":"https:\/\/ics.science.upjs.sk\/bc\/wp-json\/wp\/v2\/types\/page"}],"author":[{"embeddable":true,"href":"https:\/\/ics.science.upjs.sk\/bc\/wp-json\/wp\/v2\/users\/22"}],"replies":[{"embeddable":true,"href":"https:\/\/ics.science.upjs.sk\/bc\/wp-json\/wp\/v2\/comments?post=5"}],"version-history":[{"count":22,"href":"https:\/\/ics.science.upjs.sk\/bc\/wp-json\/wp\/v2\/pages\/5\/revisions"}],"predecessor-version":[{"id":240,"href":"https:\/\/ics.science.upjs.sk\/bc\/wp-json\/wp\/v2\/pages\/5\/revisions\/240"}],"wp:attachment":[{"href":"https:\/\/ics.science.upjs.sk\/bc\/wp-json\/wp\/v2\/media?parent=5"}],"curies":[{"name":"wp","href":"https:\/\/api.w.org\/{rel}","templated":true}]}}