{"id":270,"date":"2026-04-28T17:44:27","date_gmt":"2026-04-28T15:44:27","guid":{"rendered":"https:\/\/ics.science.upjs.sk\/bc\/?page_id=270"},"modified":"2026-04-29T20:30:38","modified_gmt":"2026-04-29T18:30:38","slug":"prezentacie-maj-2026","status":"publish","type":"page","link":"https:\/\/ics.science.upjs.sk\/bc\/prezentacie-maj-2026\/","title":{"rendered":"Prezent\u00e1cie m\u00e1j 2026"},"content":{"rendered":"<h2>A &#8211; \u0160tvrtok 7.5.2026 12:00 &#8211; 14:15 (max. do 15:00) &#8211; LIDA SJ2S07<\/h2>\n<h4>15-min\u00fatov\u00e9 prezent\u00e1cie:<\/h4>\n<ol>\n<li>Simona Hud\u00e1kov\u00e1<\/li>\n<li>Adam Bruno Balint<\/li>\n<li>Hugo Popovi\u010d<\/li>\n<\/ol>\n<h4>5-min\u00fatov\u00e9 prezent\u00e1cie:<\/h4>\n<ol>\n<li>Dmytro Ivanov<\/li>\n<li>Faina Petrenko<\/li>\n<li>Kyrylo Peunkov<\/li>\n<li>Mykola Beshynskyi<\/li>\n<li>Veronika Ivani\u0161ov\u00e1<\/li>\n<li>Adam Pavlovi\u010d<\/li>\n<li>S\u00e1ra Lakato\u0161ov\u00e1<\/li>\n<li>Laura Kub\u00e1\u0148ov\u00e1<\/li>\n<\/ol>\n<hr \/>\n<h2>B &#8211; Utorok 12.5.2026 9:30 &#8211; 11:30 (max. do 12:00) &#8211; SA1C04<\/h2>\n<h4>15-min\u00fatov\u00e9 prezent\u00e1cie:<\/h4>\n<ol>\n<li>Vladim\u00edr Pirn\u00edk<\/li>\n<li>Samuel Dobr\u00edk<\/li>\n<li>Simon Kalin\u00e1k<\/li>\n<\/ol>\n<h4>5-min\u00fatov\u00e9 prezent\u00e1cie:<\/h4>\n<ol>\n<li>Oleksandr Kletsko<\/li>\n<li>Oleksandr Kharchenko<\/li>\n<li>Denys Diatlov<\/li>\n<li>Yevhen Lukianets<\/li>\n<li>Maksym Toporivskii<\/li>\n<li>Matej Filip Ko\u0161tial<\/li>\n<li>Vadym Peliushenko<\/li>\n<li>Denys Sichka<\/li>\n<\/ol>\n<hr \/>\n<h2>C &#8211; Utorok 12.5.2026 12:30 &#8211; 14:30 (max. do 15:00) &#8211; LIDA SJ2S07<\/h2>\n<h4>15-min\u00fatov\u00e9 prezent\u00e1cie:<\/h4>\n<ol>\n<li>Roman Stepanov<\/li>\n<li>Karol\u00edna Kri\u0161tofov\u00e1<\/li>\n<li>Matej Pinko<\/li>\n<\/ol>\n<h4>min\u00fatov\u00e9 prezent\u00e1cie:<\/h4>\n<ol>\n<li>Maksym Bushuiev<\/li>\n<li>Mat\u00fa\u0161 Klimko<\/li>\n<li>D\u00e1vid Firka\u013e<\/li>\n<li>Mikul\u00e1\u0161 Marko<\/li>\n<li>Zora Slovinsk\u00e1<\/li>\n<li>Andrii Tkach<\/li>\n<li>Yevhenii Onishchenko<\/li>\n<li>Richard R\u00fa\u0161<\/li>\n<\/ol>\n<hr \/>\n<h2>D &#8211; \u0161tvrtok 14.5.2026 10:00 &#8211; 12:00 (max. do 12:15) &#8211; LIDA SJ2S07<\/h2>\n<h4>15-min\u00fatov\u00e9 prezent\u00e1cie:<\/h4>\n<ol>\n<li>Vladyslava Koliesnikova<\/li>\n<li>Luk\u00e1\u0161 Varga<\/li>\n<li>Nat\u00e1lia Brezinov\u00e1<\/li>\n<\/ol>\n<h4>5-min\u00fatov\u00e9 prezent\u00e1cie:<\/h4>\n<ol>\n<li>Luk\u00e1\u0161 Bandura<\/li>\n<li>Michaela Kratochv\u00edlov\u00e1<\/li>\n<li>Anna Skyba<\/li>\n<li>Richard Buko<\/li>\n<li>Sviatoslav Naidenko<\/li>\n<li>Dmytro Romanenko<\/li>\n<li>Daniil Kochehura<\/li>\n<\/ol>\n<hr \/>\n<h2>E &#8211; \u0161tvrtok 14.5.2026 12:45 &#8211; 14:45 (max. do 15:00) &#8211; LIDA SJ2S07<\/h2>\n<h4>15-min\u00fatov\u00e9 prezent\u00e1cie:<\/h4>\n<ol>\n<li>Filip De\u00e1k<\/li>\n<li>Mat\u00fa\u0161 Kundracik<\/li>\n<li>Liubomyr Logoida<\/li>\n<\/ol>\n<h4>5-min\u00fatov\u00e9 prezent\u00e1cie:<\/h4>\n<ol>\n<li>Dami\u00e1n Kaszycki<\/li>\n<li>Vadym Bahen<\/li>\n<li>\u013dudmila Koperd\u00e1kov\u00e1<\/li>\n<li>Jakub Ku\u013eka<\/li>\n<li>Adriana Buj\u0148\u00e1kov\u00e1<\/li>\n<li>Ivan Medentsev<\/li>\n<li>Dami\u00e1n Piroh<\/li>\n<\/ol>\n<hr \/>\n<h2>F &#8211; Piatok 15.5.2026 9:00 &#8211; 11:30 (max. do 12:00) &#8211; SA1C04<\/h2>\n<h4>15-min\u00fatov\u00e9 prezent\u00e1cie:<\/h4>\n<ol>\n<li>\u0160tefan Malik<\/li>\n<li>Viktoriia Denysiuk<\/li>\n<li>Simona Spi\u0161iakov\u00e1<\/li>\n<li>Mat\u00fa\u0161 Ka\u010dm\u00e1r<\/li>\n<\/ol>\n<h4>5-min\u00fatov\u00e9 prezent\u00e1cie:<\/h4>\n<ol>\n<li>D\u00e1vid Buko<\/li>\n<li>Hugo Hal\u00e1sz<\/li>\n<li>Vladyslav Roshko<\/li>\n<li>Nazar Popovych<\/li>\n<li>Volodymyr Rudnitskyi<\/li>\n<li>Michal Harvan<\/li>\n<li>Valeriia Shelkova<\/li>\n<li>Maksym Zholtvinskyi<\/li>\n<\/ol>\n","protected":false},"excerpt":{"rendered":"<p>A &#8211; \u0160tvrtok 7.5.2026 12:00 &#8211; 14:15 (max. do 15:00) &#8211; LIDA SJ2S07 15-min\u00fatov\u00e9 prezent\u00e1cie: Simona Hud\u00e1kov\u00e1 Adam Bruno Balint Hugo Popovi\u010d 5-min\u00fatov\u00e9 prezent\u00e1cie: Dmytro Ivanov Faina Petrenko Kyrylo Peunkov&hellip;<\/p>\n","protected":false},"author":22,"featured_media":0,"parent":0,"menu_order":0,"comment_status":"closed","ping_status":"closed","template":"","meta":{"footnotes":""},"class_list":["post-270","page","type-page","status-publish","hentry"],"_links":{"self":[{"href":"https:\/\/ics.science.upjs.sk\/bc\/wp-json\/wp\/v2\/pages\/270","targetHints":{"allow":["GET"]}}],"collection":[{"href":"https:\/\/ics.science.upjs.sk\/bc\/wp-json\/wp\/v2\/pages"}],"about":[{"href":"https:\/\/ics.science.upjs.sk\/bc\/wp-json\/wp\/v2\/types\/page"}],"author":[{"embeddable":true,"href":"https:\/\/ics.science.upjs.sk\/bc\/wp-json\/wp\/v2\/users\/22"}],"replies":[{"embeddable":true,"href":"https:\/\/ics.science.upjs.sk\/bc\/wp-json\/wp\/v2\/comments?post=270"}],"version-history":[{"count":12,"href":"https:\/\/ics.science.upjs.sk\/bc\/wp-json\/wp\/v2\/pages\/270\/revisions"}],"predecessor-version":[{"id":283,"href":"https:\/\/ics.science.upjs.sk\/bc\/wp-json\/wp\/v2\/pages\/270\/revisions\/283"}],"wp:attachment":[{"href":"https:\/\/ics.science.upjs.sk\/bc\/wp-json\/wp\/v2\/media?parent=270"}],"curies":[{"name":"wp","href":"https:\/\/api.w.org\/{rel}","templated":true}]}}