{"id":232,"date":"2026-02-17T16:22:18","date_gmt":"2026-02-17T15:22:18","guid":{"rendered":"https:\/\/ics.science.upjs.sk\/bc\/?page_id=232"},"modified":"2026-03-19T10:03:47","modified_gmt":"2026-03-19T09:03:47","slug":"ponuka-bakalarskych-prac-2026","status":"publish","type":"page","link":"https:\/\/ics.science.upjs.sk\/bc\/ponuka-bakalarskych-prac-2026\/","title":{"rendered":"Ponuka bakal\u00e1rskych pr\u00e1c 2026"},"content":{"rendered":"<p>Zadania pre pon\u00fakan\u00e9 t\u00e9my n\u00e1jdete v AISe.<\/p>\n<h1>Prezent\u00e1cie z burzy<\/h1>\n<h2><strong>25.2.2026<\/strong><\/h2>\n<ul>\n<li><a href=\"https:\/\/ics.science.upjs.sk\/bc\/wp-content\/uploads\/sites\/27\/2026\/02\/bakalarske-prace-ponuka-2026.pdf\">Miroslav Opiela<\/a><\/li>\n<\/ul>\n<h2><strong>4.3.2026<\/strong><\/h2>\n<ul>\n<li><a href=\"https:\/\/ics.science.upjs.sk\/bc\/wp-content\/uploads\/sites\/27\/2026\/03\/Namety_bakalarskych_ZP_Kotlarova_Snajder.pdf\">Dominika Kotl\u00e1rov\u00e1 a \u013dubom\u00edr \u0160najder <\/a><\/li>\n<li><a href=\"https:\/\/ics.science.upjs.sk\/bc\/wp-content\/uploads\/sites\/27\/2026\/03\/bakalarka_Gunis.pdf\">J\u00e1n Guni\u0161<\/a><\/li>\n<li><a href=\"https:\/\/ics.science.upjs.sk\/bc\/wp-content\/uploads\/sites\/27\/2026\/03\/zadaniabc2026_Gursky.pdf\">Peter Gursk\u00fd, Zolt\u00e1n Szopl\u00e1k a D\u00e1vid Varga<\/a><\/li>\n<li><a href=\"https:\/\/ics.science.upjs.sk\/bc\/wp-content\/uploads\/sites\/27\/2026\/03\/2026_burza_bakal_Antoni.pdf\">\u013dubom\u00edr Antoni<\/a><\/li>\n<\/ul>\n<h2><strong>11.3.2026<\/strong><\/h2>\n<ul>\n<li style=\"margin-top: 0.25rem\"><a href=\"https:\/\/ics.science.upjs.sk\/bc\/wp-content\/uploads\/sites\/27\/2026\/03\/kuchtova_bakalarky.pdf\">Martina Kuchtov\u00e1<\/a><\/li>\n<li><a href=\"https:\/\/ics.science.upjs.sk\/bc\/wp-content\/uploads\/sites\/27\/2026\/03\/Huraj_bakalarky.pdf\">\u0160imon Huraj<\/a><\/li>\n<li><a href=\"https:\/\/ics.science.upjs.sk\/bc\/wp-content\/uploads\/sites\/27\/2026\/03\/Stana_bakalarky.pdf\">Richard Sta\u0148a<\/a><\/li>\n<li><a href=\"https:\/\/ics.science.upjs.sk\/bc\/wp-content\/uploads\/sites\/27\/2026\/03\/burza_Baran_Horvat.pdf\">Samuel Baran a \u0160imon Horv\u00e1t<\/a><\/li>\n<\/ul>\n<h2><strong>18.3.2026<\/strong><\/h2>\n<ul>\n<li style=\"margin-top: 0.25rem\"><a style=\"color: #910808;cursor: pointer\" href=\"https:\/\/ics.science.upjs.sk\/bc\/wp-content\/uploads\/sites\/27\/2026\/03\/PCL_Bachelor_Diploma_Projects_2026GA.pdf\">Perception and Cognition Laboratory<\/a><\/li>\n<li><a href=\"https:\/\/ics.science.upjs.sk\/bc\/wp-content\/uploads\/sites\/27\/2026\/03\/BP_info.pdf\">Gabriela Andrejkov\u00e1<\/a><\/li>\n<li><a href=\"https:\/\/ics.science.upjs.sk\/bc\/wp-content\/uploads\/sites\/27\/2026\/03\/manohar_bc_temy.pdf\">Manohar Gowdru Shridhara<\/a><\/li>\n<li><a style=\"color: #910808;cursor: pointer\" href=\"https:\/\/ics.science.upjs.sk\/bc\/wp-content\/uploads\/sites\/27\/2026\/03\/FCA-%E2%80%93-bakalarske-temy.pdf\">Ondrej Kr\u00eddlo<\/a><\/li>\n<\/ul>\n<h2><strong>1.4.2026<\/strong><\/h2>\n","protected":false},"excerpt":{"rendered":"<p>Zadania pre pon\u00fakan\u00e9 t\u00e9my n\u00e1jdete v AISe. Prezent\u00e1cie z burzy 25.2.2026 Miroslav Opiela 4.3.2026 Dominika Kotl\u00e1rov\u00e1 a \u013dubom\u00edr \u0160najder J\u00e1n Guni\u0161 Peter Gursk\u00fd, Zolt\u00e1n Szopl\u00e1k a D\u00e1vid Varga \u013dubom\u00edr Antoni&hellip;<\/p>\n","protected":false},"author":22,"featured_media":0,"parent":0,"menu_order":0,"comment_status":"closed","ping_status":"closed","template":"","meta":{"footnotes":""},"class_list":["post-232","page","type-page","status-publish","hentry"],"_links":{"self":[{"href":"https:\/\/ics.science.upjs.sk\/bc\/wp-json\/wp\/v2\/pages\/232","targetHints":{"allow":["GET"]}}],"collection":[{"href":"https:\/\/ics.science.upjs.sk\/bc\/wp-json\/wp\/v2\/pages"}],"about":[{"href":"https:\/\/ics.science.upjs.sk\/bc\/wp-json\/wp\/v2\/types\/page"}],"author":[{"embeddable":true,"href":"https:\/\/ics.science.upjs.sk\/bc\/wp-json\/wp\/v2\/users\/22"}],"replies":[{"embeddable":true,"href":"https:\/\/ics.science.upjs.sk\/bc\/wp-json\/wp\/v2\/comments?post=232"}],"version-history":[{"count":8,"href":"https:\/\/ics.science.upjs.sk\/bc\/wp-json\/wp\/v2\/pages\/232\/revisions"}],"predecessor-version":[{"id":263,"href":"https:\/\/ics.science.upjs.sk\/bc\/wp-json\/wp\/v2\/pages\/232\/revisions\/263"}],"wp:attachment":[{"href":"https:\/\/ics.science.upjs.sk\/bc\/wp-json\/wp\/v2\/media?parent=232"}],"curies":[{"name":"wp","href":"https:\/\/api.w.org\/{rel}","templated":true}]}}