{"id":173,"date":"2025-08-18T11:40:46","date_gmt":"2025-08-18T09:40:46","guid":{"rendered":"https:\/\/ics.science.upjs.sk\/bc\/?page_id=173"},"modified":"2025-08-18T11:40:46","modified_gmt":"2025-08-18T09:40:46","slug":"archiv-zadani","status":"publish","type":"page","link":"https:\/\/ics.science.upjs.sk\/bc\/archiv-zadani\/","title":{"rendered":"Arch\u00edv zadan\u00ed"},"content":{"rendered":"<h1>2024 &#8211; 2025<\/h1>\n<p><strong>Ib<\/strong> &#8211; 11, <strong>AIb<\/strong> &#8211; 10, <strong>ADUIb<\/strong> &#8211; 7<\/p>\n<p><strong>Al\u017ebeta Andrejkov\u00e1<\/strong> (AIb) &#8211; <strong>Predikcia emisi\u00ed CO2 pomocou met\u00f3d strojov\u00e9ho u\u010denia<\/strong><br \/>\nVed\u00faci: RNDr. Viktor Prista\u0161, Konzultant: doc. RNDr. \u013dubom\u00edr Antoni, PhD.<\/p>\n<p><strong>Veronika Angelovi\u010dov\u00e1<\/strong> (Ib) &#8211; <strong>Po\u010d\u00edta\u010dov\u00e1 \u0161t\u00fadia holografick\u00e9ho mikroskopu v\u00a0r\u00f6ntgenovej oblasti<\/strong><br \/>\nVed\u00faci: RNDr. Zolt\u00e1n Szopl\u00e1k, Konzultant: doc. RNDr. Jozef Uli\u010dn\u00fd, CSc.<\/p>\n<p><strong>Zuzana Baluchov\u00e1<\/strong> (Ib) &#8211; <strong>Monitoring prostredia laborat\u00f3rnych zvierat<\/strong><br \/>\nVed\u00faci: RNDr. PhDr. Peter Pisar\u010d\u00edk<\/p>\n<p><strong>Luk\u00e1\u0161 Boja\u010dko<\/strong> (Ib) &#8211; <strong>Mikroservisov\u00e1 architekt\u00fara na\u00a0spr\u00e1vu d\u00e1t z\u00a0oblasti pr\u00e1va<\/strong><br \/>\nVed\u00faci: RNDr. Peter Gursk\u00fd, PhD., Konzultant: RNDr. D\u00e1vid Varga<\/p>\n<p><strong>Samuel Durk\u00e1\u010d<\/strong> (ADUIb) &#8211; <strong>Optimaliz\u00e1cia trasy lod\u00ed v\u00a0pobre\u017en\u00fdch vetern\u00fdch farm\u00e1ch<\/strong><br \/>\nVed\u00faci: Ing. Manohar Gowdru Shridhara, Konzultant: doc. RNDr. \u013dubom\u00edr Antoni, PhD.<\/p>\n<p><strong>Martin Hlavat\u00fd<\/strong> (AIb) &#8211; <strong>Vybran\u00e9 met\u00f3dy na\u00a0spracovanie znakovej re\u010di a\u00a0ich aplik\u00e1cie<\/strong><br \/>\nVed\u00faci: doc. RNDr. \u013dubom\u00edr Antoni, PhD., Konzultant: Ing. \u0160tefan Puci<\/p>\n<p><strong>Sophia Hor\u0148\u00e1kov\u00e1<\/strong> (Ib) &#8211; <strong>Ovl\u00e1danie samohybn\u00e9ho zariadenia bezdr\u00f4tov\u00fdm sn\u00edman\u00edm pohybov \u013eudsk\u00e9ho tela<\/strong><br \/>\nVed\u00faci: RNDr. PhDr. Peter Pisar\u010d\u00edk<\/p>\n<p><strong>Bohdan Kuchinka<\/strong> (Ib) &#8211; <strong>Optimaliz\u00e1cia distribuovan\u00e9ho zdie\u013eania d\u00e1t pre\u00a0edge zariadenia<\/strong><br \/>\nVed\u00faci: RNDr. PhDr. Peter Pisar\u010d\u00edk, Konzultant: Mgr. Radovan Sta\u0161<\/p>\n<p><strong>Ter\u00e9zia Kurimsk\u00e1<\/strong> (Ib) &#8211; <strong>Anal\u00fdza prejavov em\u00f3ci\u00ed v\u00a0kreat\u00edvnych aktivit\u00e1ch det\u00ed pomocou neur\u00f3nov\u00fdch siet\u00ed<\/strong><br \/>\nVed\u00faci: doc. RNDr. \u013dubom\u00edr Antoni, PhD., Konzultant: RNDr. Viktor Prista\u0161<\/p>\n<p><strong>Ter\u00e9zia Kurucov\u00e1<\/strong> (ADUIb) &#8211; <strong>Predikcia koncentr\u00e1ci\u00ed zne\u010dis\u0165uj\u00facich l\u00e1tok v\u00a0ovzdu\u0161\u00ed pomocou \u010dasov\u00fdch radov a\u00a0met\u00f3d strojov\u00e9ho u\u010denia<\/strong><br \/>\nVed\u00faci: doc. RNDr. \u013dubom\u00edr Antoni, PhD., Konzultant: RNDr. Viktor Prista\u0161<\/p>\n<p><strong>Kevin Martin Lakota<\/strong> (Ib) &#8211; <strong>Bezpe\u010dnos\u0165 softv\u00e9rov\u00e9ho dod\u00e1vate\u013esk\u00e9ho re\u0165azca<\/strong><br \/>\nVed\u00faci: RNDr. Tom\u00e1\u0161 Bajto\u0161, PhD.<\/p>\n<p><strong>Adam Macko<\/strong> (AIb) &#8211; <strong>Podporn\u00fd softv\u00e9r pre\u00a0evalu\u00e1ciu a\u00a0vizualiz\u00e1ciu indoor lokaliz\u00e1cie<\/strong><br \/>\nVed\u00faci: RNDr. Miroslav Opiela, PhD.<\/p>\n<p><strong>Lucia Majer\u010d\u00e1kov\u00e1<\/strong> (ADUIb) &#8211; <strong>Identifik\u00e1cia k\u013e\u00fa\u010dov\u00fdch pojmov v\u00a0s\u00fadnych rozhodnutiach\u202f<\/strong><br \/>\nVed\u00faci: RNDr. Zolt\u00e1n Szopl\u00e1k, Konzultant: RNDr. Peter Gursk\u00fd, PhD.<\/p>\n<p><strong>Jakub Malicher<\/strong> (AIb) &#8211; <strong>Vzdel\u00e1vanie pomocou videohier<\/strong><br \/>\nVed\u00faci: doc. RNDr. Csaba T\u00f6r\u00f6k, CSc., Konzultant: doc. RNDr. \u013dubom\u00edr Antoni, PhD.<\/p>\n<p><strong>Martin Malik<\/strong> (Ib) &#8211; <strong>Hamiltonovskos\u0165 priamo\u010diaro nakreslite\u013en\u00fdch grafov<\/strong><br \/>\nVed\u00faci: prof. RNDr. Tom\u00e1\u0161 Madaras, PhD.<\/p>\n<p><strong>Vanda Matu\u0161\u00edkov\u00e1<\/strong> (AIb) &#8211; <strong>Automatiz\u00e1cia anal\u00fdzy sie\u0165ov\u00fdch ent\u00edt pomocou otvoren\u00fdch zdrojov<\/strong><br \/>\nVed\u00faci: RNDr. Eva Markov\u00e1<\/p>\n<p><strong>Tom\u00e1\u0161 Ol\u0161avsk\u00fd<\/strong> (AIb) &#8211; <strong>Vzdialen\u00e1 indoor lokaliz\u00e1cia prostredn\u00edctvom d\u00e1t zo\u00a0senzorov<\/strong><br \/>\nVed\u00faci: RNDr. Miroslav Opiela, PhD.<\/p>\n<p><strong>Andrii Popovych<\/strong> (Ib) &#8211; <strong>H\u013abkov\u00e9 u\u010denie pre\u00a0vysokofrekven\u010dn\u00e9 obchodovanie<\/strong><br \/>\nVed\u00faci: RNDr. \u0160imon Horv\u00e1t, PhD.<\/p>\n<p><strong>Alica Pri\u0161\u010d\u00e1kov\u00e1<\/strong> (Ib) &#8211; <strong>Automatiz\u00e1cia forenznej anal\u00fdzy opera\u010dn\u00e9ho syst\u00e9mu Android<\/strong><br \/>\nVed\u00faci: doc. RNDr. JUDr. Pavol Sokol, PhD. et PhD.<\/p>\n<p><strong>Kateryna Rozenko<\/strong> (ADUIb) &#8211; <strong>Object Detection and Tracking Using Cameras on Mobile Devices<\/strong><br \/>\nVed\u00faci: RNDr. Miroslav Opiela, PhD.<\/p>\n<p><strong>Martin Rusn\u00e1k<\/strong> (AIb) &#8211; <strong>N\u00e1vrh a\u00a0implement\u00e1cia slu\u017eieb smart zrkadla<\/strong><br \/>\nVed\u00faci: RNDr. Miroslav Opiela, PhD., Konzultant: RNDr. Richard Sta\u0148a, RNDr. Viktor Prista\u0161<\/p>\n<p><strong>Sami Saleh<\/strong> (AIb) &#8211; <strong>Forenzn\u00e1 anal\u00fdza aplik\u00e1ci\u00ed pre\u00a0cloudov\u00e9 \u00falo\u017eisk\u00e1<\/strong><br \/>\nVed\u00faci: RNDr. Eva Markov\u00e1<\/p>\n<p><strong>Serhii Stoienko<\/strong> (ADUIb) &#8211; <strong>Chatbot for interacting with documents<\/strong><br \/>\nVed\u00faci: doc. RNDr. \u013dubom\u00edr Antoni, PhD.<\/p>\n<p><strong>Stanislav \u0160oltys<\/strong> (AIb) &#8211; <strong>O\u00a0kon\u0161trukcii kvantov\u00fdch or\u00e1kul a\u00a0ich pou\u017eit\u00ed v\u00a0kvantov\u00fdch algoritmoch<\/strong><br \/>\nVed\u00faci: Mgr. Viktor Olej\u00e1r, Konzultant: prof. RNDr. Gabriel Semani\u0161in, PhD.<\/p>\n<p><strong>Luk\u00e1\u0161 Varga<\/strong> (ADUIb) &#8211; <strong>Anal\u00fdza vz\u0165ahov medzi forenzn\u00fdmi artefaktami s\u00a0vyu\u017eit\u00edm met\u00f3d strojov\u00e9ho u\u010denia<\/strong><br \/>\nVed\u00faci: RNDr. Eva Markov\u00e1<\/p>\n<p><strong>Michal Vojtek<\/strong> (ADUIb) &#8211; <strong>Detekcia anom\u00e1li\u00ed v\u00a0oblasti n\u00e1mornej dopravy<\/strong><br \/>\nVed\u00faci: Ing. Manohar Gowdru Shridhara, Konzultant: doc. RNDr. \u013dubom\u00edr Antoni, PhD.<\/p>\n<p><strong>Martin Zavack\u00fd<\/strong> (Ib) &#8211; <strong>Filtr\u00e1cia s\u00fadnych rozhodnut\u00ed komplexn\u00fdmi dopytmi<\/strong><br \/>\nVed\u00faci: RNDr. D\u00e1vid Varga, Konzultant: RNDr. Peter Gursk\u00fd, PhD.<\/p>\n<p><strong>Michaela Zvolensk\u00e1<\/strong> (AIb) &#8211; <strong>V\u00fdpo\u010dtov\u00e9 met\u00f3dy anal\u00fdzy vybran\u00fdch metabolick\u00fdch ukazovate\u013eov diabetes mellitus prv\u00e9ho typu<\/strong><br \/>\nVed\u00faci: doc. RNDr. \u013dubom\u00edr Antoni, PhD., Konzultant: RNDr. Viktor Prista\u0161<\/p>\n","protected":false},"excerpt":{"rendered":"<p>2024 &#8211; 2025 Ib &#8211; 11, AIb &#8211; 10, ADUIb &#8211; 7 Al\u017ebeta Andrejkov\u00e1 (AIb) &#8211; Predikcia emisi\u00ed CO2 pomocou met\u00f3d strojov\u00e9ho u\u010denia Ved\u00faci: RNDr. Viktor Prista\u0161, Konzultant: doc. RNDr.&hellip;<\/p>\n","protected":false},"author":22,"featured_media":0,"parent":0,"menu_order":0,"comment_status":"closed","ping_status":"closed","template":"","meta":{"footnotes":""},"class_list":["post-173","page","type-page","status-publish","hentry"],"_links":{"self":[{"href":"https:\/\/ics.science.upjs.sk\/bc\/wp-json\/wp\/v2\/pages\/173","targetHints":{"allow":["GET"]}}],"collection":[{"href":"https:\/\/ics.science.upjs.sk\/bc\/wp-json\/wp\/v2\/pages"}],"about":[{"href":"https:\/\/ics.science.upjs.sk\/bc\/wp-json\/wp\/v2\/types\/page"}],"author":[{"embeddable":true,"href":"https:\/\/ics.science.upjs.sk\/bc\/wp-json\/wp\/v2\/users\/22"}],"replies":[{"embeddable":true,"href":"https:\/\/ics.science.upjs.sk\/bc\/wp-json\/wp\/v2\/comments?post=173"}],"version-history":[{"count":1,"href":"https:\/\/ics.science.upjs.sk\/bc\/wp-json\/wp\/v2\/pages\/173\/revisions"}],"predecessor-version":[{"id":175,"href":"https:\/\/ics.science.upjs.sk\/bc\/wp-json\/wp\/v2\/pages\/173\/revisions\/175"}],"wp:attachment":[{"href":"https:\/\/ics.science.upjs.sk\/bc\/wp-json\/wp\/v2\/media?parent=173"}],"curies":[{"name":"wp","href":"https:\/\/api.w.org\/{rel}","templated":true}]}}