{"id":167,"date":"2025-05-21T13:21:41","date_gmt":"2025-05-21T11:21:41","guid":{"rendered":"https:\/\/ics.science.upjs.sk\/bc\/?page_id=167"},"modified":"2026-02-21T23:05:20","modified_gmt":"2026-02-21T22:05:20","slug":"tretiaci","status":"publish","type":"page","link":"https:\/\/ics.science.upjs.sk\/bc\/tretiaci\/","title":{"rendered":"Zoznam pr\u00e1c &#8211; 3. ro\u010dn\u00edk"},"content":{"rendered":"<p><strong>Adam Bruno Balint<\/strong> (AIb) &#8211; <strong>V\u00fdvoj a\u00a0moderniz\u00e1cia interakt\u00edvneho prehr\u00e1va\u010da testov Alf<\/strong><br \/>\nVed\u00faci: RNDr. Viliam Ka\u010dala, PhD., Konzultant: Mgr. Martin Klimo<\/p>\n<p><strong>Veronika Ba\u0161kovsk\u00e1<\/strong> (AIb) &#8211; <strong>Klasifik\u00e1cia s\u00fadnych rozhodnut\u00ed pomocou grafov\u00fdch neur\u00f3nov\u00fdch siet\u00ed<\/strong><br \/>\nVed\u00faci: RNDr. D\u00e1vid Varga, Konzultant: RNDr. \u0160imon Horv\u00e1t, PhD.<\/p>\n<p><strong>Nat\u00e1lia Brezinov\u00e1<\/strong> (Ib) &#8211; <strong>Anonymiz\u00e1cia digit\u00e1lnych st\u00f4p<\/strong><br \/>\nVed\u00faci: doc. RNDr. JUDr. Pavol Sokol, PhD. et PhD.<\/p>\n<p><strong>Filip De\u00e1k<\/strong> (MIb) &#8211; <strong>Automated Identification and Damage Detection of Fruits Using Raspberry Pi and Machine Learning<\/strong><br \/>\nVed\u00faci: Ing. Manohar Gowdru Shridhara<\/p>\n<p><strong>Viktoriia Denysiuk<\/strong> (Ib) &#8211; <strong>Porovnanie presnosti a spo\u013eahlivosti senzorov v smartf\u00f3noch<\/strong><br \/>\nVed\u00faci: RNDr. Miroslav Opiela, PhD., Konzultant: Mgr. Jakub \u017dold\u00e1k<\/p>\n<p><strong>Samuel Dobr\u00edk<\/strong> (Ib) &#8211; <strong>Strat\u00e9gia hry klob\u00e1sky<\/strong><br \/>\nVed\u00faci: prof. RNDr. Stanislav Kraj\u010di, PhD.<\/p>\n<p><strong>Karol\u00edna Gajdo\u0161ov\u00e1<\/strong> (ADUIb) &#8211; <strong>Reachability of all possible values from range of state complexities for operation square<\/strong><br \/>\nVed\u00faci: RNDr. Juraj \u0160ebej, PhD.<\/p>\n<p><strong>Matej Grof\u010d\u00edk<\/strong> (Ib) &#8211; <strong>Implement\u00e1cia mobilnej strategickej hry s\u00a0vyu\u017eit\u00edm technol\u00f3gie SpacetimeDB<\/strong><br \/>\nVed\u00faci: Ing. Mat\u00fa\u0161 Seman\u010d\u00edk<\/p>\n<p><strong>Simona Hud\u00e1kov\u00e1<\/strong> (ADUIb) &#8211; <strong>N\u00e1vrh aktiv\u00edt z\u00a0oblasti umelej inteligencie pre\u00a0stredn\u00e9 \u0161koly<\/strong><br \/>\nVed\u00faci: Mgr. Dominika Kotl\u00e1rov\u00e1, Konzultant: PaedDr. J\u00e1n Guni\u0161, PhD., univerzitn\u00fd docent<\/p>\n<p><strong>Mat\u00fa\u0161 Ka\u010dm\u00e1r<\/strong> (Ib) &#8211; <strong>Dom\u00e9nov\u00fd filter ako obrann\u00fd mechanizmus proti podvodn\u00fdm spr\u00e1vam<\/strong><br \/>\nVed\u00faci: RNDr. Tom\u00e1\u0161 Bajto\u0161, PhD.<\/p>\n<p><strong>Simon Kalin\u00e1k<\/strong> (Ib) &#8211; <strong>Automatiz\u00e1cia reakcie na\u00a0bezpe\u010dnostn\u00fd incident pre\u00a0opera\u010dn\u00fd syst\u00e9m MacOS<\/strong><br \/>\nVed\u00faci: RNDr. Tom\u00e1\u0161 Bajto\u0161, PhD.<\/p>\n<p><strong>Vladyslava Koliesnikova<\/strong> (Ib) &#8211; <strong>Automatick\u00fd n\u00e1stroj na\u00a0anal\u00fdzu projektov vytvoren\u00fdch v\u00a0MIT App Inventor 2<\/strong><br \/>\nVed\u00faci: Mgr. Dominika Kotl\u00e1rov\u00e1, Konzultant: doc. RNDr. \u013dubom\u00edr \u0160najder, PhD.<\/p>\n<p><strong>Luk\u00e1\u0161 Koll\u00e1rovi\u010d<\/strong> (Ib) &#8211; <strong>Rozpoznanie neopr\u00e1vnenej aktivity v zaznamenan\u00fdch bezpe\u010dnsotn\u00fdch udalostiach<\/strong><br \/>\nVed\u00faci: RNDr. Tom\u00e1\u0161 Bajto\u0161, PhD.<\/p>\n<p><strong>Kiara Ko\u0161\u010dov\u00e1<\/strong> (ADUIb) &#8211; <strong>Vyu\u017eitie sekven\u010dn\u00e9ho dolovania d\u00e1t pri anal\u00fdze digit\u00e1lnych st\u00f4p<\/strong><br \/>\nVed\u00faci: RNDr. Rastislav Krivo\u0161-Bellu\u0161, PhD.<\/p>\n<p><strong>Karol\u00edna Kri\u0161tofov\u00e1<\/strong> (AIb) &#8211; <strong>Aplik\u00e1cia RAG syst\u00e9mu pre\u00a0pr\u00e1vne texty<\/strong><br \/>\nVed\u00faci: RNDr. D\u00e1vid Varga, Konzultant: RNDr. Zolt\u00e1n Szopl\u00e1k<\/p>\n<p><strong>Mat\u00fa\u0161 Kundracik<\/strong> (Ib) &#8211; <strong>Extrakcia a predikcia verdiktov s\u00fadnych rozhodnut\u00ed<\/strong><br \/>\nVed\u00faci: RNDr. Zolt\u00e1n Szopl\u00e1k<\/p>\n<p><strong>Liubomyr Logoida<\/strong> (Ib) &#8211; <strong>Vyhodnocovanie spo\u013eahlivosti odpoved\u00ed v\u00a0agentick\u00fdch syst\u00e9moch<\/strong><br \/>\nVed\u00faci: RNDr. D\u00e1vid Varga, Konzultant: Marek Ku\u010d\u00e1k<\/p>\n<p><strong>\u0160tefan Malik<\/strong> (Ib) &#8211; <strong>Odpor\u00fa\u010dac\u00ed syst\u00e9m pre\u00a0anot\u00e1ciu pr\u00e1vnych textov<\/strong><br \/>\nVed\u00faci: RNDr. Zolt\u00e1n Szopl\u00e1k, Konzultant: RNDr. Peter Gursk\u00fd, PhD.<\/p>\n<p><strong>Stanislava Maru\u0161ov\u00e1<\/strong> (AIb) &#8211; <strong>Extrakcia k\u013e\u00fa\u010dov\u00fdch vlastnost\u00ed judik\u00e1tov<\/strong><br \/>\nVed\u00faci: RNDr. Peter Gursk\u00fd, PhD., Konzultant: RNDr. \u0160imon Horv\u00e1t, PhD.<\/p>\n<p><strong>Krist\u00edna Matisov\u00e1<\/strong> (MIb) &#8211; <strong>Zbierka vzorov\u00fdch projektov pre\u00a0programovanie mobiln\u00fdch aplik\u00e1ci\u00ed v\u00a0prostred\u00ed MIT App Inventor vyu\u017e\u00edvaj\u00facich senzory, multim\u00e9dia a\u00a0datab\u00e1zy<\/strong><br \/>\nVed\u00faci: doc. RNDr. \u013dubom\u00edr \u0160najder, PhD.<\/p>\n<p><strong>Matej Pinko<\/strong> (MIb) &#8211; <strong>Asisten\u010dn\u00fd a\u00a0eduka\u010dn\u00fd softv\u00e9r pre\u00a0\u017eiakov so \u0161peci\u00e1lnymi potrebami<\/strong><br \/>\nVed\u00faci: doc. RNDr. \u013dubom\u00edr \u0160najder, PhD.<\/p>\n<p><strong>Vladim\u00edr Pirn\u00edk<\/strong> (MIb) &#8211; <strong>Vyu\u017eitie n\u00e1strojov programovania vo\u00a0vyu\u010dovan\u00ed stredo\u0161kolskej matematiky.<\/strong><br \/>\nVed\u00faci: PaedDr. J\u00e1n Guni\u0161, PhD., univerzitn\u00fd docent<\/p>\n<p><strong>Hugo Popovi\u010d<\/strong> (BIb) &#8211; <strong>N\u00e1vrh modulu v\u00a0jazyku MicroPython pre\u00a0pr\u00e1cu so senzormi a\u00a0aktu\u00e1tormi zariadenia BBC micro:bit.<\/strong><br \/>\nVed\u00faci: PaedDr. J\u00e1n Guni\u0161, PhD., univerzitn\u00fd docent<\/p>\n<p><strong>Volodymyr Rodych<\/strong> (AIb) &#8211; <strong>Hate Speech Detection and Sentiment Analysis in Low-Resource Languages using Machine Learning Approaches<\/strong><br \/>\nVed\u00faci: Ing. Manohar Gowdru Shridhara<\/p>\n<p><strong>Simona Spi\u0161iakov\u00e1<\/strong> (BIb) &#8211; <strong>Interactive Visualization of MRI and fMRI data using Oculus<\/strong><br \/>\nVed\u00faci: doc. Ing. Norbert Kop\u010do, PhD., univerzitn\u00fd profesor, Konzultant: M.Sc. Yeganeh Modaresnia<\/p>\n<p><strong>Roman Stepanov<\/strong> (ADUIb) &#8211; <strong>Auton\u00f3mni AI agenti pre\u00a0automatiz\u00e1ciu v\u00fdskumu a\u00a0spracovania inform\u00e1ci\u00ed<\/strong><br \/>\nVed\u00faci: RNDr. Peter Gursk\u00fd, PhD., Konzultant: Marek Ku\u010d\u00e1k<\/p>\n<p><strong>Luk\u00e1\u0161 Varga<\/strong> (Ib) &#8211; <strong>Anonymiz\u00e1cia pr\u00e1vnych textov<\/strong><br \/>\nVed\u00faci: RNDr. D\u00e1vid Varga, Konzultant: RNDr. Zolt\u00e1n Szopl\u00e1k<\/p>\n","protected":false},"excerpt":{"rendered":"<p>Adam Bruno Balint (AIb) &#8211; V\u00fdvoj a\u00a0moderniz\u00e1cia interakt\u00edvneho prehr\u00e1va\u010da testov Alf Ved\u00faci: RNDr. Viliam Ka\u010dala, PhD., Konzultant: Mgr. Martin Klimo Veronika Ba\u0161kovsk\u00e1 (AIb) &#8211; Klasifik\u00e1cia s\u00fadnych rozhodnut\u00ed pomocou grafov\u00fdch neur\u00f3nov\u00fdch&hellip;<\/p>\n","protected":false},"author":22,"featured_media":0,"parent":0,"menu_order":0,"comment_status":"closed","ping_status":"closed","template":"","meta":{"footnotes":""},"class_list":["post-167","page","type-page","status-publish","hentry"],"_links":{"self":[{"href":"https:\/\/ics.science.upjs.sk\/bc\/wp-json\/wp\/v2\/pages\/167","targetHints":{"allow":["GET"]}}],"collection":[{"href":"https:\/\/ics.science.upjs.sk\/bc\/wp-json\/wp\/v2\/pages"}],"about":[{"href":"https:\/\/ics.science.upjs.sk\/bc\/wp-json\/wp\/v2\/types\/page"}],"author":[{"embeddable":true,"href":"https:\/\/ics.science.upjs.sk\/bc\/wp-json\/wp\/v2\/users\/22"}],"replies":[{"embeddable":true,"href":"https:\/\/ics.science.upjs.sk\/bc\/wp-json\/wp\/v2\/comments?post=167"}],"version-history":[{"count":5,"href":"https:\/\/ics.science.upjs.sk\/bc\/wp-json\/wp\/v2\/pages\/167\/revisions"}],"predecessor-version":[{"id":239,"href":"https:\/\/ics.science.upjs.sk\/bc\/wp-json\/wp\/v2\/pages\/167\/revisions\/239"}],"wp:attachment":[{"href":"https:\/\/ics.science.upjs.sk\/bc\/wp-json\/wp\/v2\/media?parent=167"}],"curies":[{"name":"wp","href":"https:\/\/api.w.org\/{rel}","templated":true}]}}