{"id":12,"date":"2024-09-23T10:33:51","date_gmt":"2024-09-23T08:33:51","guid":{"rendered":"https:\/\/ics.science.upjs.sk\/bc\/?page_id=12"},"modified":"2026-02-21T21:33:49","modified_gmt":"2026-02-21T20:33:49","slug":"3-rocnik-ls","status":"publish","type":"page","link":"https:\/\/ics.science.upjs.sk\/bc\/3-rocnik-ls\/","title":{"rendered":"3. ro\u010dn\u00edk, LS"},"content":{"rendered":"<p><em>\u00daINF\/SZPb\/22 Spolo\u010dn\u00fd semin\u00e1r k z\u00e1vere\u010dnej pr\u00e1ci<\/em><\/p>\n<p><em>Aktualizovan\u00e9: febru\u00e1r 2026<\/em><\/p>\n<p>Podmienky na <strong>z\u00edskanie hodnotenia<\/strong>:<\/p>\n<ul>\n<li>prezent\u00e1cia bakal\u00e1rskej pr\u00e1ce (v apr\u00edli alebo v m\u00e1ji)<\/li>\n<\/ul>\n<p>Prezen\u010dn\u00e9 stretnutia po\u010das semestra nebud\u00fa.<\/p>\n<h1>\u010cl\u00e1nok<\/h1>\n<p>\u010cl\u00e1nok bol presunut\u00fd do zimn\u00e9ho semestra. Kto sa rozhodol nenap\u00edsa\u0165 \u010dl\u00e1nok v zimnom semestri, m\u00f4\u017ee ho odovzda\u0165 v letnom semestri s v\u00e4\u010d\u0161\u00edm rozsahom (min. 7 str\u00e1n).<\/p>\n<p>Odpor\u00fa\u010dan\u00fd term\u00edn je v polovici marca (pondelok 16.3.2026). \u010cl\u00e1nok nahrajte do zdie\u013ean\u00e9ho prie\u010dinka v onedrive (odkaz bol poslan\u00fd emailom).<\/p>\n<h1>Prezent\u00e1cia<\/h1>\n<p>Konkr\u00e9tne d\u00e1tumy sa dohodn\u00fa emailom zhruba 2 t\u00fd\u017edne pred prezent\u00e1ciami.<\/p>\n<p>M\u00f4\u017eete si vybra\u0165 jednu z nasleduj\u00facich foriem prezent\u00e1cie:<\/p>\n<ul>\n<li>prezen\u010dne v apr\u00edli (13-17.4.) &#8211; ak potrebujete doladi\u0165 prezent\u00e1ciu e\u0161te pred \u0160VK.<\/li>\n<li>prezen\u010dne v m\u00e1ji &#8211; odpor\u00fa\u010dan\u00e1 mo\u017enos\u0165. V zmie\u0161an\u00fdch men\u0161\u00edch skupin\u00e1ch s druh\u00e1kmi.<\/li>\n<li>\u0160VK (bez prezent\u00e1cie na semin\u00e1ri) &#8211; ak odprezentujete na \u0160VK a nepotrebujete \u010fal\u0161\u00ed feedback, m\u00f4\u017eeme to uzna\u0165 ako odprezentovanie v r\u00e1mci semin\u00e1ra. Na tak\u00fato mo\u017enos\u0165 vy\u017eadujem potvrdenie od niektor\u00e9ho \u010dlena komisie, \u017ee prezent\u00e1cia nemala v\u00fdraznej\u0161ie nedostatky.<\/li>\n<li>offline &#8211; poskytnut\u00edm nahr\u00e1vky prezentovania t\u00e9my. Posta\u010duj\u00fa slajdy s audio koment\u00e1rom. T\u00fato mo\u017enos\u0165 si m\u00f4\u017eete vybra\u0165 iba ak ste tak neurobili v zimnom semestri.<\/li>\n<\/ul>\n<p>\u010casov\u00fd rozsah prezent\u00e1cie je 15 min\u00fat (+ kr\u00e1tka diskusia).<\/p>\n<p>Okrem toho prezentujete svoje t\u00e9my na \u0161pecializovan\u00fdch semin\u00e1roch, kde je d\u00f4raz na obsah. Na tomto semin\u00e1ri je zameranie na form\u00e1lnu str\u00e1nku a formu prezentovania t\u00e9my a v\u00fdsledkov bakal\u00e1rskej pr\u00e1ce. Prezentovanie sl\u00fa\u017ei ako pr\u00edprava na \u0160VK a \u0161t\u00e1tnice.<\/p>\n<h1>\u0160VK<\/h1>\n<p>\u0160tudentsk\u00e1 vedeck\u00e1 konferencia (<a href=\"https:\/\/www.upjs.sk\/prirodovedecka-fakulta\/studium\/bakalarske-a-magisterske\/svk\/svk\/\">web<\/a>) bude v stredu 22.4.2026.<\/p>\n<p>Bakal\u00e1rska pr\u00e1ca (aj v ne\u00faplnom stave) m\u00f4\u017ee by\u0165 pou\u017eit\u00e1 ako pr\u00edspevok na \u0160VK (<em>Na \u0160VK mo\u017eno prihl\u00e1si\u0165 aj pr\u00e1cu, ktor\u00e1 je ucelenou \u010das\u0165ou z\u00e1vere\u010dnej pr\u00e1ce.<\/em>)<\/p>\n<p>Na \u00fa\u010das\u0165 je potrebn\u00e9:<\/p>\n<ul>\n<li>poskytn\u00fa\u0165 p\u00edsomn\u00fa pr\u00e1cu v rozsahu 15-20 str\u00e1n<\/li>\n<li>prezentova\u0165 15 min\u00fat + diskusia (form\u00e1t je podobn\u00fd ako na \u0161t\u00e1tniciach)<\/li>\n<\/ul>\n<p>Najlep\u0161ie pr\u00e1ce vo svojej kateg\u00f3rii z\u00edskavaj\u00fa finan\u010dn\u00e9 ohodnotenie. Okrem komisie z \u010dlenov \u00dastavu Informatiky sa z\u00fa\u010dast\u0148uj\u00fa prezent\u00e1ci\u00ed aj z\u00e1stupcovia IT firiem.<\/p>\n<p>Za prezent\u00e1ciu na \u0160VK m\u00f4\u017eete z\u00edska\u0165 4 kredity (blok C &#8211; volite\u013en\u00e9).<\/p>\n","protected":false},"excerpt":{"rendered":"<p>\u00daINF\/SZPb\/22 Spolo\u010dn\u00fd semin\u00e1r k z\u00e1vere\u010dnej pr\u00e1ci Aktualizovan\u00e9: febru\u00e1r 2026 Podmienky na z\u00edskanie hodnotenia: prezent\u00e1cia bakal\u00e1rskej pr\u00e1ce (v apr\u00edli alebo v m\u00e1ji) Prezen\u010dn\u00e9 stretnutia po\u010das semestra nebud\u00fa. \u010cl\u00e1nok \u010cl\u00e1nok bol presunut\u00fd&hellip;<\/p>\n","protected":false},"author":22,"featured_media":0,"parent":0,"menu_order":0,"comment_status":"closed","ping_status":"closed","template":"","meta":{"footnotes":""},"class_list":["post-12","page","type-page","status-publish","hentry"],"_links":{"self":[{"href":"https:\/\/ics.science.upjs.sk\/bc\/wp-json\/wp\/v2\/pages\/12","targetHints":{"allow":["GET"]}}],"collection":[{"href":"https:\/\/ics.science.upjs.sk\/bc\/wp-json\/wp\/v2\/pages"}],"about":[{"href":"https:\/\/ics.science.upjs.sk\/bc\/wp-json\/wp\/v2\/types\/page"}],"author":[{"embeddable":true,"href":"https:\/\/ics.science.upjs.sk\/bc\/wp-json\/wp\/v2\/users\/22"}],"replies":[{"embeddable":true,"href":"https:\/\/ics.science.upjs.sk\/bc\/wp-json\/wp\/v2\/comments?post=12"}],"version-history":[{"count":12,"href":"https:\/\/ics.science.upjs.sk\/bc\/wp-json\/wp\/v2\/pages\/12\/revisions"}],"predecessor-version":[{"id":237,"href":"https:\/\/ics.science.upjs.sk\/bc\/wp-json\/wp\/v2\/pages\/12\/revisions\/237"}],"wp:attachment":[{"href":"https:\/\/ics.science.upjs.sk\/bc\/wp-json\/wp\/v2\/media?parent=12"}],"curies":[{"name":"wp","href":"https:\/\/api.w.org\/{rel}","templated":true}]}}