{"id":10,"date":"2024-09-23T10:33:24","date_gmt":"2024-09-23T08:33:24","guid":{"rendered":"https:\/\/ics.science.upjs.sk\/bc\/?page_id=10"},"modified":"2025-09-12T14:56:57","modified_gmt":"2025-09-12T12:56:57","slug":"3-rocnik-zs","status":"publish","type":"page","link":"https:\/\/ics.science.upjs.sk\/bc\/3-rocnik-zs\/","title":{"rendered":"3. ro\u010dn\u00edk, ZS"},"content":{"rendered":"<p><em>\u00daINF\/SZPa\/22 Spolo\u010dn\u00fd semin\u00e1r k z\u00e1vere\u010dnej pr\u00e1ci<\/em><\/p>\n<p>Aktualizovan\u00e9: september 2025<\/p>\n<p>Na z\u00edskanie hodnotenia <em>absolvoval<\/em> je nutn\u00e9 odprezentova\u0165 zadanie a aktu\u00e1lny stav pr\u00e1ce (1x december) a nap\u00edsa\u0165 5-stranov\u00fd \u010dl\u00e1nok. Prezen\u010dn\u00e9 pravideln\u00e9 stretnutia nebud\u00fa.<\/p>\n<h1>Prezent\u00e1cie<\/h1>\n<p><span style=\"text-decoration: underline\">Prezent\u00e1cie aktu\u00e1lneho stavu pr\u00e1ce.<\/span><\/p>\n<p>Term\u00edny sa dohodn\u00fa mimo rozvrh (blokovo pod\u013ea po\u010dtu \u0161tudentov). \u00da\u010das\u0165 v\u0161etk\u00fdch \u0161tudentov je \u017eiadan\u00e1. Cie\u013eom je, aby ste mali preh\u013ead o tom, \u010do robia ostatn\u00ed a v akom stave s\u00fa.<\/p>\n<p>Rozsah prezent\u00e1cie je 10 min\u00fat + diskusia. D\u00f4raz je na \u00favod prezent\u00e1cie a sp\u00f4sob vysvetlenia, \u010domu sa bakal\u00e1rska pr\u00e1ca venuje. Okrem toho je potrebn\u00e9 spomen\u00fa\u0165 aktu\u00e1lny stav &#8211; \u010do u\u017e je uroben\u00e9 a ak\u00e9 bud\u00fa \u010fal\u0161ie kroky.<\/p>\n<p>Term\u00edny bud\u00fa upresnen\u00e9 emailom min. dva t\u00fd\u017edne pred prezentovan\u00edm.<\/p>\n<p>M\u00e1te mo\u017enos\u0165 po\u017eiada\u0165 aj o di\u0161tan\u010dn\u00fa formu prezentovania (po\u0161lete slajdy + audio). Av\u0161ak vy\u017eadujeme minim\u00e1lne jednu klasick\u00fa prezent\u00e1ciu v z\u00e1vere\u010dnom ro\u010dn\u00edku, teda nem\u00f4\u017eete posiela\u0165 prezent\u00e1ciu aj v zimnom aj letnom semestri.<\/p>\n<h1>\u010cl\u00e1nok<\/h1>\n<p>Okrem prezentovania si na tomto semin\u00e1ri tr\u00e9nujeme aj p\u00edsanie. \u0160tandard je nap\u00edsa\u0165 5-stranov\u00fd \u010dl\u00e1nok po\u010das sk\u00fa\u0161kov\u00e9ho. \u010cl\u00e1nok posielate svojmu ved\u00facemu na schv\u00e1lenie. So s\u00fahlasom ved\u00faceho je mo\u017en\u00e9 presun\u00fa\u0165 si vypracovanie \u010dl\u00e1nku na letn\u00fd semester. Term\u00edn bude pribli\u017ene o mesiac nesk\u00f4r (polovica marca) a rozsah \u010dl\u00e1nku bude v\u00e4\u010d\u0161\u00ed (aktu\u00e1lne 7 str\u00e1n &#8211; m\u00f4\u017ee sa zmeni\u0165).<\/p>\n<p>\u010cl\u00e1nok<strong> nahrajte do zdie\u013ean\u00e9ho prie\u010dinka<\/strong> v stanovenom term\u00edne vo form\u00e1te PDF. Odkaz na prie\u010dinok dostanete emailom. Okrem toho \u010dl\u00e1nok posielate svojmu ved\u00facemu, ktor\u00fd si to pre\u010d\u00edta.<\/p>\n<p>Minim\u00e1lny rozsah je 5 str\u00e1n (\u00favodn\u00e9 formality do toho nepo\u010d\u00edtajte).<\/p>\n<p>\u010cl\u00e1nok p\u00ed\u0161te <strong>vo form\u00e1te z\u00e1vere\u010dnej pr\u00e1ce<\/strong> (<a href=\"https:\/\/www.upjs.sk\/app\/uploads\/sites\/10\/2022\/09\/sablona_ZP_V2.dotx\">word<\/a> alebo <a href=\"https:\/\/github.com\/novotnyr\/rnthesis\">latex<\/a>). Viac inform\u00e1cii n\u00e1jdete <a href=\"https:\/\/www.upjs.sk\/prirodovedecka-fakulta\/studium\/bakalarske-a-magisterske\/organizacia-studia-bc-mgr\/\">na str\u00e1nke<\/a> (v sekcii \u0161t\u00e1tne sk\u00fa\u0161ky).<\/p>\n<p>\u010cl\u00e1nok nemus\u00ed ma\u0165 \u00favodn\u00e9 n\u00e1le\u017eitosti. Posta\u010duje vlastn\u00fd text. M\u00f4\u017eete k tomu prist\u00fapi\u0165 r\u00f4zne. Napr.:<\/p>\n<ul>\n<li>\u010dl\u00e1nok poskytuje prv\u00fd draft bakal\u00e1rskej pr\u00e1ce. Bud\u00fa tam rozvrhnut\u00e9 kapitoly a ku ka\u017edej bude nap\u00edsan\u00e1 napr\u00edklad jedna strana. N\u00e1sledne budete bakal\u00e1rsku pr\u00e1cu stava\u0165 na tomto prvom texte.<\/li>\n<li>\u010dl\u00e1nok sa zameriava na vybran\u00e9 t\u00e9my, ktor\u00e9 vysvet\u013euje detailnej\u0161ie. V ide\u00e1lnom pr\u00edpade bud\u00fa \u010dasti tohto \u010dl\u00e1nku priamo pou\u017eit\u00e9 v z\u00e1vere\u010dnej pr\u00e1ci.<\/li>\n<li>\u010dl\u00e1nok pon\u00faka preh\u013ead literat\u00fary. Obsah \u010dl\u00e1nku bude pou\u017eit\u00fd v bakal\u00e1rskej pr\u00e1ci. Ak m\u00e1 preh\u013ead literat\u00fary menej ako 7 str\u00e1n, zvy\u0161n\u00e9 strany dopln\u00edte \u013eubovo\u013en\u00fdm textom.<\/li>\n<li>\u010dl\u00e1nok nep\u00ed\u0161ete s cie\u013eom, aby bol priamo pou\u017eit\u00fd v bakal\u00e1rskej pr\u00e1ci, ale sp\u00ed\u0161ete aktu\u00e1lny stav pr\u00e1ce.<\/li>\n<\/ul>\n<p><em>Cie\u013eom tohto \u010dl\u00e1nku je:<\/em><\/p>\n<ul>\n<li>aby ste spolu s ved\u00facim videli, ako sa vyjadrujete p\u00edsomne. Pod\u013ea toho je potrebn\u00e9 napl\u00e1nova\u0165 pr\u00e1cu (zvl\u00e1\u0161\u0165 posledn\u00e9 t\u00fd\u017edne pred odovzdan\u00edm).<\/li>\n<li>formulova\u0165 my\u0161lienky &#8211; pri sp\u00edsan\u00ed aktu\u00e1lneho stavu pr\u00e1ce, preh\u013eadu literat\u00fary alebo \u010fal\u0161\u00edch vec\u00ed, si m\u00f4\u017eete uvedomi\u0165 podstatn\u00e9 inform\u00e1cie, ktor\u00e9 by v\u00e1m bez p\u00edsania unikli.<\/li>\n<li>u\u013eah\u010d\u00edte si samotn\u00fd proces p\u00edsania pr\u00e1ce, ke\u010f nebudete musie\u0165 za\u010d\u00edna\u0165 s pr\u00e1zdnym dokumentom.<\/li>\n<\/ul>\n<p>Ak\u00e9ko\u013evek po\u017eiadavky mimo tohto zadania (in\u00fd form\u00e1t, obsah a pod.) konzultujte vopred.<\/p>\n<h1>In\u00e9 aktivity<\/h1>\n<p>V septembri prebiehaj\u00fa\u00a0<strong>stretnutia s ved\u00facim<\/strong>, resp. konzultantom pr\u00e1ce. Informujete n\u00e1s o zmen\u00e1ch v zadan\u00ed alebo probl\u00e9moch, ktor\u00e9 br\u00e1nia posunu vo vypracovan\u00ed bakal\u00e1rskej pr\u00e1ce.<\/p>\n<p>V okt\u00f3bri prebiehaj\u00fa prv\u00e9 prezent\u00e1cie v r\u00e1mci <strong>\u0161pecializovan\u00e9ho odborn\u00e9ho semin\u00e1ra<\/strong> (Ib, AIb). \u0160tudenti, ktor\u00ed tento semin\u00e1r nemaj\u00fa a maj\u00fa potrebu konzultova\u0165 zadanie alebo postup pr\u00e1c aj mimo svojho ved\u00faceho, m\u00f4\u017eete sa ozva\u0165 individu\u00e1lne.<\/p>\n<p>Ak s\u00fa nejak\u00e9 <strong>ot\u00e1zky<\/strong>, ktor\u00e9 nezodpovie ved\u00faci, resp. sa t\u00fdkaju v\u00e4\u010d\u0161ej skupiny \u0161tudentov, informujte n\u00e1s. M\u00f4\u017eeme zorganizova\u0165 stretnutie, webin\u00e1r alebo poskytn\u00fa\u0165 odpove\u010f\/n\u00e1vod v p\u00edsomnej forme (napr. k \u0161abl\u00f3nam na z\u00e1vere\u010dn\u00e9 pr\u00e1ce, sp\u00f4sobu citovania, form\u00e1lnej \u00faprave a pod.).<\/p>\n","protected":false},"excerpt":{"rendered":"<p>\u00daINF\/SZPa\/22 Spolo\u010dn\u00fd semin\u00e1r k z\u00e1vere\u010dnej pr\u00e1ci Aktualizovan\u00e9: september 2025 Na z\u00edskanie hodnotenia absolvoval je nutn\u00e9 odprezentova\u0165 zadanie a aktu\u00e1lny stav pr\u00e1ce (1x december) a nap\u00edsa\u0165 5-stranov\u00fd \u010dl\u00e1nok. Prezen\u010dn\u00e9 pravideln\u00e9 stretnutia&hellip;<\/p>\n","protected":false},"author":22,"featured_media":0,"parent":0,"menu_order":0,"comment_status":"closed","ping_status":"closed","template":"","meta":{"footnotes":""},"class_list":["post-10","page","type-page","status-publish","hentry"],"_links":{"self":[{"href":"https:\/\/ics.science.upjs.sk\/bc\/wp-json\/wp\/v2\/pages\/10","targetHints":{"allow":["GET"]}}],"collection":[{"href":"https:\/\/ics.science.upjs.sk\/bc\/wp-json\/wp\/v2\/pages"}],"about":[{"href":"https:\/\/ics.science.upjs.sk\/bc\/wp-json\/wp\/v2\/types\/page"}],"author":[{"embeddable":true,"href":"https:\/\/ics.science.upjs.sk\/bc\/wp-json\/wp\/v2\/users\/22"}],"replies":[{"embeddable":true,"href":"https:\/\/ics.science.upjs.sk\/bc\/wp-json\/wp\/v2\/comments?post=10"}],"version-history":[{"count":14,"href":"https:\/\/ics.science.upjs.sk\/bc\/wp-json\/wp\/v2\/pages\/10\/revisions"}],"predecessor-version":[{"id":185,"href":"https:\/\/ics.science.upjs.sk\/bc\/wp-json\/wp\/v2\/pages\/10\/revisions\/185"}],"wp:attachment":[{"href":"https:\/\/ics.science.upjs.sk\/bc\/wp-json\/wp\/v2\/media?parent=10"}],"curies":[{"name":"wp","href":"https:\/\/api.w.org\/{rel}","templated":true}]}}