{"id":400,"date":"2025-09-24T12:37:11","date_gmt":"2025-09-24T10:37:11","guid":{"rendered":"https:\/\/ics.science.upjs.sk\/ano\/?page_id=400"},"modified":"2025-09-24T12:37:11","modified_gmt":"2025-09-24T10:37:11","slug":"cvicenia-2024","status":"publish","type":"page","link":"https:\/\/ics.science.upjs.sk\/ano\/cvicenia-2024\/","title":{"rendered":"Cvi\u010denia 2024"},"content":{"rendered":"<p>Rie\u0161enia z cvi\u010den\u00ed &#8211; <a href=\"https:\/\/gitlab.science.upjs.sk\/analyza-obrazu\/ano_2024\">GITLAB<\/a><\/p>\n<hr \/>\n<ul>\n<li><strong>20.09.2024:<\/strong> 1. \u00davod do kni\u017enice opencv (<a href=\"https:\/\/gitlab.science.upjs.sk\/analyza-obrazu\/ano_2024\/-\/blob\/main\/cvicenie1.py?ref_type=heads\">.py<\/a>), vykreslenie histogramu (<a href=\"https:\/\/gitlab.science.upjs.sk\/analyza-obrazu\/ano_2024\/-\/blob\/main\/cvicenie1_histogram.py?ref_type=heads\">.py<\/a>)<\/li>\n<li><strong>27.09.2024:<\/strong> 2. <del>Vyhladzovanie histogramu<\/del>, matematick\u00e1 morfol\u00f3gia (<a href=\"https:\/\/gitlab.science.upjs.sk\/analyza-obrazu\/ano_2024\/-\/blob\/main\/cvicenie2.py?ref_type=heads\">.py<\/a>)<\/li>\n<li>04.10.2024: vo\u013eno<\/li>\n<li><strong>11.10.2024: <\/strong>3. vytvorenie \u0161umu a jeho odstr\u00e1nenie (<a href=\"https:\/\/gitlab.science.upjs.sk\/analyza-obrazu\/ano_2024\/-\/blob\/main\/cvicenie3-noise.ipynb?ref_type=heads\">.ipynb<\/a>). Prelepovanie bilboardu &#8211; bin\u00e1rne oper\u00e1cie, maska, perspekt\u00edvna transform\u00e1cia (<a href=\"https:\/\/gitlab.science.upjs.sk\/analyza-obrazu\/ano_2024\/-\/blob\/main\/cvicenie3-bilboard.ipynb?ref_type=heads\">.ipynb<\/a>)<\/li>\n<li><strong>18.10.2024: <\/strong>4. Fourierov\u00e1 transform\u00e1cia (<a href=\"https:\/\/gitlab.science.upjs.sk\/analyza-obrazu\/ano_2024\/-\/blob\/main\/cvicenie4-fourier.py?ref_type=heads\">.py<\/a>), detekcia \u010diar LSD (<a href=\"https:\/\/gitlab.science.upjs.sk\/analyza-obrazu\/ano_2024\/-\/blob\/main\/cvicenie4-lsd.ipynb?ref_type=heads\">.ipynb<\/a>), detekcia kruhov &#8211; Hough (<a href=\"https:\/\/opencv24-python-tutorials.readthedocs.io\/en\/latest\/py_tutorials\/py_imgproc\/py_houghcircles\/py_houghcircles.html\">n\u00e1vod<\/a>)<\/li>\n<li><strong>25.10.2024:<\/strong> 5. Cannyho detektor (<a href=\"https:\/\/gitlab.science.upjs.sk\/analyza-obrazu\/ano_2024\/-\/blob\/main\/cvicenie5-canny.py?ref_type=heads\">.py<\/a>), detekcia \u010diar &#8211; Hough (<a href=\"https:\/\/gitlab.science.upjs.sk\/analyza-obrazu\/ano_2024\/-\/blob\/main\/cvicenie5-hrany-a-ciary.ipynb?ref_type=heads\">.ipynb<\/a>), detekcia rohov (<a href=\"https:\/\/gitlab.science.upjs.sk\/analyza-obrazu\/ano_2024\/-\/blob\/main\/cvicenie6-video.py?ref_type=heads\">.py<\/a>)<\/li>\n<li>01.11.2024: vo\u013eno<\/li>\n<li><strong>08.11.2024:<\/strong> 6. klastrovanie k-means (<a href=\"https:\/\/gitlab.science.upjs.sk\/analyza-obrazu\/ano_2024\/-\/blob\/main\/cvicenie6-kmeans.ipynb?ref_type=heads\">.ipynb<\/a>), grabcut (<a href=\"https:\/\/gitlab.science.upjs.sk\/analyza-obrazu\/ano_2024\/-\/blob\/main\/cvicenie6-segmentacia.py?ref_type=heads\">.py<\/a>), kont\u00fary<\/li>\n<li>15.11.2024: vo\u013eno<\/li>\n<li><strong>22.11.2024: <\/strong>7. panor\u00e1ma &#8211; n\u00e1jdenie pr\u00edznakov a sp\u00e1janie obr\u00e1zkov (<a href=\"https:\/\/gitlab.science.upjs.sk\/analyza-obrazu\/ano_2024\/-\/blob\/main\/cvicenie7-panorama.ipynb?ref_type=heads\">.ipynb<\/a>)<\/li>\n<li><strong>29.11.2024:<\/strong> 8. mediapipe &#8211; detekcia tv\u00e1re (<a href=\"https:\/\/gitlab.science.upjs.sk\/analyza-obrazu\/ano_2024\/-\/blob\/main\/cvicenie8-mediapipe.ipynb?ref_type=heads\">.ipynb<\/a>), nts (<a href=\"https:\/\/gitlab.science.upjs.sk\/analyza-obrazu\/ano_2024\/-\/blob\/main\/cvicenie8-style_transfer.ipynb?ref_type=heads\">.ipynb<\/a>)<\/li>\n<li>06.12.2024: nahraden\u00e9 predn\u00e1\u0161kou<\/li>\n<li>13.12.2024: vo\u013eno<\/li>\n<li>20.12.2024: predterm\u00edn<\/li>\n<\/ul>\n<h2>Odkazy k cvi\u010deniam<\/h2>\n<p>Dokument\u00e1cia: <a href=\"https:\/\/opencv24-python-tutorials.readthedocs.io\/en\/latest\/py_tutorials\/py_tutorials.html\">Python OpenCV (tutorials)<\/a>, <a href=\"https:\/\/numpy.org\/doc\/stable\/user\/absolute_beginners.html\">Numpy<\/a>, <a href=\"https:\/\/pandas.pydata.org\/docs\/getting_started\/index.html\">Pandas<\/a><\/p>\n","protected":false},"excerpt":{"rendered":"<p>Rie\u0161enia z cvi\u010den\u00ed &#8211; GITLAB 20.09.2024: 1. \u00davod do kni\u017enice opencv (.py), vykreslenie histogramu (.py) 27.09.2024: 2. Vyhladzovanie histogramu, matematick\u00e1 morfol\u00f3gia (.py) 04.10.2024: vo\u013eno 11.10.2024: 3. vytvorenie \u0161umu a jeho&hellip;<\/p>\n","protected":false},"author":22,"featured_media":0,"parent":0,"menu_order":0,"comment_status":"closed","ping_status":"closed","template":"","meta":{"footnotes":""},"class_list":["post-400","page","type-page","status-publish","hentry"],"_links":{"self":[{"href":"https:\/\/ics.science.upjs.sk\/ano\/wp-json\/wp\/v2\/pages\/400","targetHints":{"allow":["GET"]}}],"collection":[{"href":"https:\/\/ics.science.upjs.sk\/ano\/wp-json\/wp\/v2\/pages"}],"about":[{"href":"https:\/\/ics.science.upjs.sk\/ano\/wp-json\/wp\/v2\/types\/page"}],"author":[{"embeddable":true,"href":"https:\/\/ics.science.upjs.sk\/ano\/wp-json\/wp\/v2\/users\/22"}],"replies":[{"embeddable":true,"href":"https:\/\/ics.science.upjs.sk\/ano\/wp-json\/wp\/v2\/comments?post=400"}],"version-history":[{"count":1,"href":"https:\/\/ics.science.upjs.sk\/ano\/wp-json\/wp\/v2\/pages\/400\/revisions"}],"predecessor-version":[{"id":401,"href":"https:\/\/ics.science.upjs.sk\/ano\/wp-json\/wp\/v2\/pages\/400\/revisions\/401"}],"wp:attachment":[{"href":"https:\/\/ics.science.upjs.sk\/ano\/wp-json\/wp\/v2\/media?parent=400"}],"curies":[{"name":"wp","href":"https:\/\/api.w.org\/{rel}","templated":true}]}}