{"id":290,"date":"2023-12-22T12:22:15","date_gmt":"2023-12-22T11:22:15","guid":{"rendered":"https:\/\/ics.science.upjs.sk\/ano\/?page_id=290"},"modified":"2025-12-20T00:28:26","modified_gmt":"2025-12-19T23:28:26","slug":"otazky-na-skusku","status":"publish","type":"page","link":"https:\/\/ics.science.upjs.sk\/ano\/otazky-na-skusku\/","title":{"rendered":"Ot\u00e1zky na sk\u00fa\u0161ku"},"content":{"rendered":"<ol>\n<li>Bin\u00e1rne obrazy, metrika, vzdialenos\u0165, susedstvo, matematick\u00e1 morfol\u00f3gia (dilat\u00e1cia, er\u00f3zia, otvorenie, zatvorenie).<\/li>\n<li>Farebn\u00fd, \u0161edot\u00f3nov\u00fd, bin\u00e1rny obraz, prahovanie, histogram, vyhladzovanie histogramu.<\/li>\n<li>\u0160um, odstra\u0148ovanie \u0161umu, konvol\u00facia, filtrovanie.<\/li>\n<li>Filtrovanie vo frekven\u010dnej oblasti, Fourierov\u00e1 tranform\u00e1cia a konvolu\u010dn\u00e1 veta, s\u00ednusoida, vzorkovanie, aliasing.<\/li>\n<li>Detekcia hr\u00e1n, gradient, laplacian, Cannyho hranov\u00fd detektor.<\/li>\n<li>Hough transform\u00e1cia na detekciu \u010diar a kruhov, detekcia rohov (Harris, Shi-Tomasi).<\/li>\n<li>Segment\u00e1cia obrazu, grabcut, klastrovanie (k-means, meanshift).<\/li>\n<li>Detekcia pr\u00edznakov (features), blob detection, SIFT detektor a deskriptor.<\/li>\n<li>Geometrick\u00e9 transform\u00e1cie, transforma\u010dn\u00e1 matica, 2\u00d72 a 3\u00d73 transform\u00e1cie, sp\u00e1janie obr\u00e1zkov na z\u00e1klade zhodnosti pr\u00edznakov (panor\u00e1ma), robustn\u00e9 odhadnutie transform\u00e1cie (RANSAC).<\/li>\n<li>Rozpozn\u00e1vanie, detekcia tv\u00e1re, Haar features, integral image, SVM klasifik\u00e1cia, spracovanie obrazu pre neur\u00f3nov\u00e9 siete (predspracovanie, image whitening, dataset augmentation).<\/li>\n<li>Sledovanie objektu v sekvenci\u00ed obr\u00e1zkov (single object tracking), mixture of gaussians, template matching, sledovanie pomocou histogramov.<\/li>\n<li>Multi object tracking (tracking-by-detection), SORT, Kalman filter, ma\u010farsk\u00fd algoritmus, vybran\u00e9 met\u00f3dy.<\/li>\n<li>Matematick\u00e9 a \u0161tatistick\u00e9 z\u00e1klady met\u00f3d po\u010d\u00edta\u010dov\u00e9ho videnia a ich aplik\u00e1cie &#8211; napr. deriv\u00e1cie, integr\u00e1ly, matice, vektory, grafov\u00e9 modely, periodick\u00e9 funkcie, met\u00f3da najmen\u0161\u00edch \u0161tvorcov, aproxim\u00e1cia a fitting \u010diar.<\/li>\n<\/ol>\n","protected":false},"excerpt":{"rendered":"<p>Bin\u00e1rne obrazy, metrika, vzdialenos\u0165, susedstvo, matematick\u00e1 morfol\u00f3gia (dilat\u00e1cia, er\u00f3zia, otvorenie, zatvorenie). Farebn\u00fd, \u0161edot\u00f3nov\u00fd, bin\u00e1rny obraz, prahovanie, histogram, vyhladzovanie histogramu. \u0160um, odstra\u0148ovanie \u0161umu, konvol\u00facia, filtrovanie. Filtrovanie vo frekven\u010dnej oblasti, Fourierov\u00e1 tranform\u00e1cia&hellip;<\/p>\n","protected":false},"author":22,"featured_media":0,"parent":0,"menu_order":0,"comment_status":"closed","ping_status":"closed","template":"","meta":{"footnotes":""},"class_list":["post-290","page","type-page","status-publish","hentry"],"_links":{"self":[{"href":"https:\/\/ics.science.upjs.sk\/ano\/wp-json\/wp\/v2\/pages\/290","targetHints":{"allow":["GET"]}}],"collection":[{"href":"https:\/\/ics.science.upjs.sk\/ano\/wp-json\/wp\/v2\/pages"}],"about":[{"href":"https:\/\/ics.science.upjs.sk\/ano\/wp-json\/wp\/v2\/types\/page"}],"author":[{"embeddable":true,"href":"https:\/\/ics.science.upjs.sk\/ano\/wp-json\/wp\/v2\/users\/22"}],"replies":[{"embeddable":true,"href":"https:\/\/ics.science.upjs.sk\/ano\/wp-json\/wp\/v2\/comments?post=290"}],"version-history":[{"count":16,"href":"https:\/\/ics.science.upjs.sk\/ano\/wp-json\/wp\/v2\/pages\/290\/revisions"}],"predecessor-version":[{"id":495,"href":"https:\/\/ics.science.upjs.sk\/ano\/wp-json\/wp\/v2\/pages\/290\/revisions\/495"}],"wp:attachment":[{"href":"https:\/\/ics.science.upjs.sk\/ano\/wp-json\/wp\/v2\/media?parent=290"}],"curies":[{"name":"wp","href":"https:\/\/api.w.org\/{rel}","templated":true}]}}