{"id":276,"date":"2023-12-07T15:09:57","date_gmt":"2023-12-07T14:09:57","guid":{"rendered":"https:\/\/ics.science.upjs.sk\/ano\/?page_id=276"},"modified":"2023-12-07T15:09:57","modified_gmt":"2023-12-07T14:09:57","slug":"3d","status":"publish","type":"page","link":"https:\/\/ics.science.upjs.sk\/ano\/3d\/","title":{"rendered":"3D"},"content":{"rendered":"<ul>\n<li><a href=\"https:\/\/ics.science.upjs.sk\/ano\/wp-content\/uploads\/sites\/17\/2022\/12\/10-3d.pdf\">slajdy<\/a><\/li>\n<li>Dierkova kamera, Intrinsic, Extrinsic parameters (<a href=\"https:\/\/towardsdatascience.com\/image-formation-and-pinhole-model-of-the-camera-53872ee4ee92\">1<\/a>, <a href=\"https:\/\/towardsdatascience.com\/camera-extrinsic-matrix-with-example-in-python-cfe80acab8dd\">2<\/a>, <a href=\"https:\/\/towardsdatascience.com\/what-are-intrinsic-and-extrinsic-camera-parameters-in-computer-vision-7071b72fb8ec\">3<\/a>)<\/li>\n<li><a href=\"https:\/\/dl.acm.org\/doi\/pdf\/10.1145\/1141911.1141964\">Photo tourism<\/a><\/li>\n<li><a href=\"https:\/\/fpcv.cs.columbia.edu\/\">First principles<\/a><\/li>\n<li>Opencv (<a href=\"https:\/\/opencv24-python-tutorials.readthedocs.io\/en\/latest\/py_tutorials\/py_video\/py_lucas_kanade\/py_lucas_kanade.html#\">optical flow<\/a>, <a href=\"https:\/\/opencv24-python-tutorials.readthedocs.io\/en\/latest\/py_tutorials\/py_calib3d\/py_depthmap\/py_depthmap.html\">depth<\/a>, <a href=\"https:\/\/opencv24-python-tutorials.readthedocs.io\/en\/latest\/py_tutorials\/py_calib3d\/py_epipolar_geometry\/py_epipolar_geometry.html\">epipolar<\/a>)<\/li>\n<li>pr\u00e1ce (<a href=\"https:\/\/opac.crzp.sk\/?fn=detailBiblioFormChildIS8BR&amp;sid=C87B0DC5E3BB96411EE9DB818551&amp;seo=CRZP-detail-kniha\">Kopernicky<\/a>, <a href=\"https:\/\/opac.crzp.sk\/?fn=detailBiblioFormChildYSABH&amp;sid=D79A57A76A32382FF2B1A75572E0&amp;seo=CRZP-detail-kniha\">Sta\u0148a<\/a>, <a href=\"https:\/\/opac.crzp.sk\/?fn=detailBiblioFormChildCSBJV&amp;sid=789C37423FE7D9CF414378E32C27&amp;seo=CRZP-detail-kniha\">Nikorovi\u010d<\/a>, <a href=\"https:\/\/opac.crzp.sk\/?fn=docview2ChildGSDAB&amp;record=D6D76FDBEB5D0472D877C1D57304&amp;seo=CRZP-Prehliadanie-pr%C3%A1c\">Gregorek<\/a>, <a href=\"https:\/\/opac.crzp.sk\/?fn=detailBiblioFormChildK52FQ&amp;sid=6AA8E1A8284D263B45944D20F398&amp;seo=CRZP-detail-kniha\">\u0160imkov\u00e1<\/a>)<\/li>\n<\/ul>\n","protected":false},"excerpt":{"rendered":"<p>slajdy Dierkova kamera, Intrinsic, Extrinsic parameters (1, 2, 3) Photo tourism First principles Opencv (optical flow, depth, epipolar) pr\u00e1ce (Kopernicky, Sta\u0148a, Nikorovi\u010d, Gregorek, \u0160imkov\u00e1)<\/p>\n","protected":false},"author":22,"featured_media":0,"parent":0,"menu_order":0,"comment_status":"closed","ping_status":"closed","template":"","meta":{"footnotes":""},"class_list":["post-276","page","type-page","status-publish","hentry"],"_links":{"self":[{"href":"https:\/\/ics.science.upjs.sk\/ano\/wp-json\/wp\/v2\/pages\/276","targetHints":{"allow":["GET"]}}],"collection":[{"href":"https:\/\/ics.science.upjs.sk\/ano\/wp-json\/wp\/v2\/pages"}],"about":[{"href":"https:\/\/ics.science.upjs.sk\/ano\/wp-json\/wp\/v2\/types\/page"}],"author":[{"embeddable":true,"href":"https:\/\/ics.science.upjs.sk\/ano\/wp-json\/wp\/v2\/users\/22"}],"replies":[{"embeddable":true,"href":"https:\/\/ics.science.upjs.sk\/ano\/wp-json\/wp\/v2\/comments?post=276"}],"version-history":[{"count":1,"href":"https:\/\/ics.science.upjs.sk\/ano\/wp-json\/wp\/v2\/pages\/276\/revisions"}],"predecessor-version":[{"id":277,"href":"https:\/\/ics.science.upjs.sk\/ano\/wp-json\/wp\/v2\/pages\/276\/revisions\/277"}],"wp:attachment":[{"href":"https:\/\/ics.science.upjs.sk\/ano\/wp-json\/wp\/v2\/media?parent=276"}],"curies":[{"name":"wp","href":"https:\/\/api.w.org\/{rel}","templated":true}]}}