{"id":267,"date":"2023-12-05T11:25:45","date_gmt":"2023-12-05T10:25:45","guid":{"rendered":"https:\/\/ics.science.upjs.sk\/ano\/?page_id=267"},"modified":"2023-12-05T11:29:50","modified_gmt":"2023-12-05T10:29:50","slug":"tracking","status":"publish","type":"page","link":"https:\/\/ics.science.upjs.sk\/ano\/tracking\/","title":{"rendered":"Tracking"},"content":{"rendered":"<ul>\n<li><a href=\"https:\/\/courses.cs.washington.edu\/courses\/cse455\/09wi\/Lects\/lect12.pdf\">Textures &#8211; slajdy<\/a><\/li>\n<li><a href=\"https:\/\/www.paperflite.com\/sites\/default\/files\/2020-01\/WaldoBanner.jpg\">waldo<\/a><\/li>\n<li><a href=\"https:\/\/www.reddit.com\/media?url=https%3A%2F%2Fpreview.redd.it%2Fe13ts578tb881.jpg%3Fwidth%3D1080%26crop%3Dsmart%26auto%3Dwebp%26s%3D72c62d1f60d436debe7f8b53e7af4929d955902f\">Keep absolutely still. Its vision is based on movement<\/a><\/li>\n<li>kamery <a href=\"https:\/\/kukaj.se\/\">Pre\u0161ov<\/a>, <a href=\"http:\/\/dopravanazivo.tvkosice.sk\/\">Ko\u0161ice<\/a><\/li>\n<li><a href=\"http:\/\/www.ai.mit.edu\/projects\/vsam\/Publications\/stauffer_cvpr98_track.pdf\">Gaussian mixture model<\/a><\/li>\n<li><a href=\"https:\/\/broutonlab.com\/blog\/opencv-object-tracking\">Object tracking algoritmy<\/a><\/li>\n<li><a href=\"https:\/\/www.mdpi.com\/1424-8220\/20\/18\/5343\">Bayes filter<\/a><\/li>\n<li><a href=\"https:\/\/ics.upjs.sk\/~opiela\/iot\/indora\/pf-simulator.zip\">Particle filter simul\u00e1tor<\/a><\/li>\n<li><a href=\"https:\/\/ics.upjs.sk\/~opiela\/iot\/uvod-do-iot\/\">indoor lokaliz\u00e1cia<\/a><\/li>\n<li><a href=\"https:\/\/link.springer.com\/content\/pdf\/10.1007\/978-3-319-02895-8_30.pdf\">kinect tracking<\/a><\/li>\n<li><a href=\"https:\/\/fpcv.cs.columbia.edu\/\">first principles<\/a><\/li>\n<\/ul>\n","protected":false},"excerpt":{"rendered":"<p>Textures &#8211; slajdy waldo Keep absolutely still. Its vision is based on movement kamery Pre\u0161ov, Ko\u0161ice Gaussian mixture model Object tracking algoritmy Bayes filter Particle filter simul\u00e1tor indoor lokaliz\u00e1cia kinect&hellip;<\/p>\n","protected":false},"author":22,"featured_media":0,"parent":0,"menu_order":0,"comment_status":"closed","ping_status":"closed","template":"","meta":{"footnotes":""},"class_list":["post-267","page","type-page","status-publish","hentry"],"_links":{"self":[{"href":"https:\/\/ics.science.upjs.sk\/ano\/wp-json\/wp\/v2\/pages\/267","targetHints":{"allow":["GET"]}}],"collection":[{"href":"https:\/\/ics.science.upjs.sk\/ano\/wp-json\/wp\/v2\/pages"}],"about":[{"href":"https:\/\/ics.science.upjs.sk\/ano\/wp-json\/wp\/v2\/types\/page"}],"author":[{"embeddable":true,"href":"https:\/\/ics.science.upjs.sk\/ano\/wp-json\/wp\/v2\/users\/22"}],"replies":[{"embeddable":true,"href":"https:\/\/ics.science.upjs.sk\/ano\/wp-json\/wp\/v2\/comments?post=267"}],"version-history":[{"count":4,"href":"https:\/\/ics.science.upjs.sk\/ano\/wp-json\/wp\/v2\/pages\/267\/revisions"}],"predecessor-version":[{"id":273,"href":"https:\/\/ics.science.upjs.sk\/ano\/wp-json\/wp\/v2\/pages\/267\/revisions\/273"}],"wp:attachment":[{"href":"https:\/\/ics.science.upjs.sk\/ano\/wp-json\/wp\/v2\/media?parent=267"}],"curies":[{"name":"wp","href":"https:\/\/api.w.org\/{rel}","templated":true}]}}