{"id":187,"date":"2023-09-07T14:42:20","date_gmt":"2023-09-07T12:42:20","guid":{"rendered":"https:\/\/ics.science.upjs.sk\/ano\/?page_id=187"},"modified":"2024-09-20T04:03:04","modified_gmt":"2024-09-20T02:03:04","slug":"prednasky-2023","status":"publish","type":"page","link":"https:\/\/ics.science.upjs.sk\/ano\/prednasky-2023\/","title":{"rendered":"Predn\u00e1\u0161ky 2023"},"content":{"rendered":"<ul>\n<li><strong>19.09.2023:<\/strong> 1. \u00davod do po\u010d\u00edta\u010dov\u00e9ho videnia<\/li>\n<li>26.09.2023: bez predn\u00e1\u0161ky<\/li>\n<li><strong>03.10.2023: <\/strong>2. Bin\u00e1rne obrazy, matematick\u00e1 morfol\u00f3gia<\/li>\n<li><strong>10.10.2023: <\/strong>3. Filtrovanie, kovol\u00facia<\/li>\n<li><strong>17.10.2023: <\/strong>4. Transform\u00e1cie<\/li>\n<li>24.10.2023: bez predn\u00e1\u0161ky<\/li>\n<li>31.10.2023: bez predn\u00e1\u0161ky<\/li>\n<li><strong>07.11.2023: <\/strong>5. Gradient, detekcia \u010diar a rohov<\/li>\n<li><strong>14.11.2023:<\/strong> 6. Segment\u00e1cia (<a href=\"https:\/\/ics.science.upjs.sk\/ano\/wp-content\/uploads\/sites\/17\/2023\/11\/Segmentacia-Grabcut.pdf\">Grabcut &#8211; text<\/a>)<\/li>\n<li><strong>21.11.2023:<\/strong> 7. Pr\u00edznaky (<a href=\"https:\/\/ics.science.upjs.sk\/ano\/wp-content\/uploads\/sites\/17\/2022\/11\/07-features.pdf\">pdf<\/a>)<\/li>\n<li><strong>28.11.2023:<\/strong> 8. Rozpozn\u00e1vanie<\/li>\n<li><strong>05.12.2023:<\/strong> 9. Text\u00fary, tracking (<a href=\"https:\/\/ics.science.upjs.sk\/ano\/tracking\/\">odkazy<\/a>)<\/li>\n<li><strong>07.12.2023<\/strong> (v \u010dase cvi\u010denia): 10. 3D (<a href=\"https:\/\/ics.science.upjs.sk\/ano\/3d\/\">odkazy<\/a>)<\/li>\n<li>12.12.2023: bez predn\u00e1\u0161ky<\/li>\n<li>19.12.2023: bez predn\u00e1\u0161ky<\/li>\n<\/ul>\n<p>\u0160\u00edpky (<a href=\"https:\/\/ics.science.upjs.sk\/ano\/wp-content\/uploads\/sites\/17\/2023\/11\/sipky.pptx\">pptx<\/a>, <a href=\"https:\/\/ics.science.upjs.sk\/ano\/wp-content\/uploads\/sites\/17\/2023\/11\/sipky.pdf\">pdf<\/a>)<\/p>\n<p>Odkazy k rozpozn\u00e1vaniu:<\/p>\n<ul>\n<li><a href=\"https:\/\/ics.science.upjs.sk\/ano\/wp-content\/uploads\/sites\/17\/2023\/11\/Screenshot-from-2023-11-28-11-28-56.png\">ML<\/a><\/li>\n<li><a href=\"https:\/\/www.cs.cornell.edu\/courses\/cs5670\/2022sp\/lectures\/lec19_intro_recognition_for_web.pdf\">recognition<\/a><\/li>\n<li><a href=\"https:\/\/www.kdnuggets.com\/2018\/10\/preprocessing-deep-learning-covariance-matrix-image-whitening.html\">image whitening<\/a><\/li>\n<li><a href=\"https:\/\/quickdraw.withgoogle.com\/#\">quick draw<\/a><\/li>\n<li><a href=\"https:\/\/ics.science.upjs.sk\/ano\/wp-content\/uploads\/sites\/17\/2023\/11\/obhajoba_BP.pdf\">image modification NN<\/a><\/li>\n<\/ul>\n","protected":false},"excerpt":{"rendered":"<p>19.09.2023: 1. \u00davod do po\u010d\u00edta\u010dov\u00e9ho videnia 26.09.2023: bez predn\u00e1\u0161ky 03.10.2023: 2. Bin\u00e1rne obrazy, matematick\u00e1 morfol\u00f3gia 10.10.2023: 3. Filtrovanie, kovol\u00facia 17.10.2023: 4. Transform\u00e1cie 24.10.2023: bez predn\u00e1\u0161ky 31.10.2023: bez predn\u00e1\u0161ky 07.11.2023: 5.&hellip;<\/p>\n","protected":false},"author":22,"featured_media":0,"parent":0,"menu_order":0,"comment_status":"closed","ping_status":"closed","template":"","meta":{"footnotes":""},"class_list":["post-187","page","type-page","status-publish","hentry"],"_links":{"self":[{"href":"https:\/\/ics.science.upjs.sk\/ano\/wp-json\/wp\/v2\/pages\/187","targetHints":{"allow":["GET"]}}],"collection":[{"href":"https:\/\/ics.science.upjs.sk\/ano\/wp-json\/wp\/v2\/pages"}],"about":[{"href":"https:\/\/ics.science.upjs.sk\/ano\/wp-json\/wp\/v2\/types\/page"}],"author":[{"embeddable":true,"href":"https:\/\/ics.science.upjs.sk\/ano\/wp-json\/wp\/v2\/users\/22"}],"replies":[{"embeddable":true,"href":"https:\/\/ics.science.upjs.sk\/ano\/wp-json\/wp\/v2\/comments?post=187"}],"version-history":[{"count":19,"href":"https:\/\/ics.science.upjs.sk\/ano\/wp-json\/wp\/v2\/pages\/187\/revisions"}],"predecessor-version":[{"id":316,"href":"https:\/\/ics.science.upjs.sk\/ano\/wp-json\/wp\/v2\/pages\/187\/revisions\/316"}],"wp:attachment":[{"href":"https:\/\/ics.science.upjs.sk\/ano\/wp-json\/wp\/v2\/media?parent=187"}],"curies":[{"name":"wp","href":"https:\/\/api.w.org\/{rel}","templated":true}]}}