{"id":175,"date":"2023-09-07T14:23:12","date_gmt":"2023-09-07T12:23:12","guid":{"rendered":"https:\/\/ics.science.upjs.sk\/ano\/?page_id=175"},"modified":"2025-09-24T12:36:02","modified_gmt":"2025-09-24T10:36:02","slug":"archiv","status":"publish","type":"page","link":"https:\/\/ics.science.upjs.sk\/ano\/archiv\/","title":{"rendered":"Arch\u00edv"},"content":{"rendered":"<h2>2024\/25<\/h2>\n<ul>\n<li><a href=\"https:\/\/ics.science.upjs.sk\/ano\/prednasky-2024\/\">Predn\u00e1\u0161ky<\/a><\/li>\n<li><a href=\"https:\/\/ics.science.upjs.sk\/ano\/cvicenia-2024\/\">Cvi\u010denia<\/a><\/li>\n<li><a href=\"https:\/\/ics.science.upjs.sk\/ano\/domace-zadania-2024\/\">Dom\u00e1ce zadania<\/a><\/li>\n<\/ul>\n<h2>2023\/24<\/h2>\n<ul>\n<li><a href=\"https:\/\/ics.science.upjs.sk\/ano\/prednasky-2023\/\">Predn\u00e1\u0161ky<\/a><\/li>\n<li><a href=\"https:\/\/ics.science.upjs.sk\/ano\/cvicenia-2023\/\">Cvi\u010denia<\/a><\/li>\n<li><a href=\"https:\/\/ics.science.upjs.sk\/ano\/domace-zadania-2023\/\">Dom\u00e1ce zadania<\/a><\/li>\n<\/ul>\n<h2>2022\/23<\/h2>\n<ul>\n<li><a href=\"https:\/\/ics.science.upjs.sk\/ano\/prednasky-2022\/\">Predn\u00e1\u0161ky<\/a><\/li>\n<li><a href=\"https:\/\/ics.science.upjs.sk\/ano\/cvicenia-2022\/\">Cvi\u010denia<\/a><\/li>\n<li><a href=\"https:\/\/ics.science.upjs.sk\/ano\/domace-zadania-2022\/\">Dom\u00e1ce zadania<\/a><\/li>\n<\/ul>\n","protected":false},"excerpt":{"rendered":"<p>2024\/25 Predn\u00e1\u0161ky Cvi\u010denia Dom\u00e1ce zadania 2023\/24 Predn\u00e1\u0161ky Cvi\u010denia Dom\u00e1ce zadania 2022\/23 Predn\u00e1\u0161ky Cvi\u010denia Dom\u00e1ce zadania<\/p>\n","protected":false},"author":22,"featured_media":0,"parent":0,"menu_order":0,"comment_status":"closed","ping_status":"closed","template":"","meta":{"footnotes":""},"class_list":["post-175","page","type-page","status-publish","hentry"],"_links":{"self":[{"href":"https:\/\/ics.science.upjs.sk\/ano\/wp-json\/wp\/v2\/pages\/175","targetHints":{"allow":["GET"]}}],"collection":[{"href":"https:\/\/ics.science.upjs.sk\/ano\/wp-json\/wp\/v2\/pages"}],"about":[{"href":"https:\/\/ics.science.upjs.sk\/ano\/wp-json\/wp\/v2\/types\/page"}],"author":[{"embeddable":true,"href":"https:\/\/ics.science.upjs.sk\/ano\/wp-json\/wp\/v2\/users\/22"}],"replies":[{"embeddable":true,"href":"https:\/\/ics.science.upjs.sk\/ano\/wp-json\/wp\/v2\/comments?post=175"}],"version-history":[{"count":4,"href":"https:\/\/ics.science.upjs.sk\/ano\/wp-json\/wp\/v2\/pages\/175\/revisions"}],"predecessor-version":[{"id":397,"href":"https:\/\/ics.science.upjs.sk\/ano\/wp-json\/wp\/v2\/pages\/175\/revisions\/397"}],"wp:attachment":[{"href":"https:\/\/ics.science.upjs.sk\/ano\/wp-json\/wp\/v2\/media?parent=175"}],"curies":[{"name":"wp","href":"https:\/\/api.w.org\/{rel}","templated":true}]}}