{"id":12,"date":"2022-01-19T14:08:59","date_gmt":"2022-01-19T13:08:59","guid":{"rendered":"https:\/\/ics.science.upjs.sk\/ano\/?page_id=12"},"modified":"2025-12-23T01:27:57","modified_gmt":"2025-12-23T00:27:57","slug":"hodnotenie","status":"publish","type":"page","link":"https:\/\/ics.science.upjs.sk\/ano\/hodnotenie\/","title":{"rendered":"Hodnotenie"},"content":{"rendered":"<p>Predmet kon\u010d\u00ed z\u00e1vere\u010dnou sk\u00fa\u0161kou v sk\u00fa\u0161kovom obdob\u00ed. Na z\u00edskanie hodnotenia je potrebn\u00e9 preuk\u00e1za\u0165 vedomosti a zru\u010dnosti v teoretickej (preh\u013eadovej) a praktickej \u010dasti.<\/p>\n<h2><strong>Semester a dom\u00e1ce zadania<\/strong><\/h2>\n<ul>\n<li>na konci okt\u00f3bra bud\u00fa zverejnen\u00e9 dom\u00e1ce zadania. Vypracovanie je samostatn\u00e9.<\/li>\n<li>dom\u00e1ce zadania je mo\u017en\u00e9 nahradi\u0165 mini projektom &#8211; teda s\u00e9riou vlastn\u00fdch zadan\u00ed, ktor\u00e9 sa bud\u00fa venova\u0165 jednej t\u00e9me. Na t\u00e9me a rozsahu je potrebn\u00e9 dohodn\u00fa\u0165 sa individu\u00e1lne.<\/li>\n<li>\u00fa\u010das\u0165 na predn\u00e1\u0161kach a cvi\u010deniach je nepovinn\u00e1, ale odpor\u00fa\u010dan\u00e1<\/li>\n<\/ul>\n<h2>Hodnotenie<\/h2>\n<ul>\n<li>Za splnenie minim\u00e1lnych krit\u00e9ri\u00ed na z\u00e1vere\u010dnej sk\u00fa\u0161ke z\u00edskate E.<\/li>\n<li>Vypracovanie dom\u00e1cich zadan\u00ed m\u00f4\u017ee zlep\u0161i\u0165 zn\u00e1mku o 2 stupne (za 2 vypracovan\u00e9 \u00falohy je v\u00fdsledn\u00e1 zn\u00e1mka zlep\u0161en\u00e1 o 1 stupe\u0148)<\/li>\n<li>Za praktick\u00fa \u010das\u0165 z\u00e1vere\u010dnej sk\u00fa\u0161ky je mo\u017en\u00e9 zlep\u0161i\u0165 si zn\u00e1mku o 1 stupe\u0148.<\/li>\n<li>Za \u00fastnu \u010das\u0165 z\u00e1vere\u010dnej sk\u00fa\u0161ky je mo\u017en\u00e9 zlep\u0161i\u0165 si zn\u00e1mku o 1 stupe\u0148.<\/li>\n<li>D\u00f4sledok: v pr\u00edpade nevyrie\u0161enia ani jedn\u00e9ho dom\u00e1ceho zadania nie je mo\u017en\u00e9 z\u00edska\u0165 zn\u00e1mku lep\u0161iu ako C.<\/li>\n<\/ul>\n<h1><strong>Z\u00e1vere\u010dn\u00e1 sk\u00fa\u0161ka<\/strong><\/h1>\n<p>Vypracovanie praktickej \u010dasti trv\u00e1 maxim\u00e1lne 90 min\u00fat a je potrebn\u00e9 ju absolvova\u0165 pred \u00fastnou \u010das\u0165ou. Na sk\u00fa\u0161ku sa prihlasujete v AIS-e.<\/p>\n<hr \/>\n<h2>Praktick\u00e1 \u010das\u0165<\/h2>\n<p><em>Prebieha individu\u00e1lne &#8211; <a href=\"https:\/\/ics.science.upjs.sk\/ano\/prakticka-skuska\/\">pre\u010d\u00edtajte si postup<\/a>.<\/em><\/p>\n<p>Cie\u013eom je preuk\u00e1za\u0165 zvl\u00e1dnutie techn\u00edk precvi\u010dovan\u00fdch po\u010das semestra s pou\u017eit\u00edm kni\u017enice opencv. Na sk\u00fa\u0161ke m\u00f4\u017eete pou\u017e\u00edva\u0165 aj vlastn\u00fd notebook. Programova\u0165 m\u00f4\u017eete v \u013eubovo\u013enom prostred\u00ed (pycharm, kaggle, colab&#8230;). Ak\u00e9ko\u013evek zdroje s\u00fa povolen\u00e9 (okrem kop\u00edrovania cel\u00fdch rie\u0161en\u00ed).<\/p>\n<p><del>Praktick\u00e1 \u010das\u0165 za\u010d\u00edna predstaven\u00edm obr\u00e1zka\/videa a kr\u00e1tkou spolo\u010dnou diskusiou &#8211; generovan\u00edm n\u00e1padov. N\u00e1sledne si s ka\u017ed\u00fdm dohodnem \u00falohu, ktor\u00fa ide rie\u0161i\u0165. V z\u00e1vislosti od mno\u017estva a kvality vypracovania dom\u00e1cich zadan\u00ed (alebo projektu) dost\u00e1vate mo\u017enos\u0165 samostatne si zvoli\u0165, \u010do budete robi\u0165. Praktick\u00e1 \u010das\u0165 kon\u010d\u00ed obhajobou rie\u0161enia (uk\u00e1\u017eka a koment\u00e1r ku k\u00f3du).<\/del><\/p>\n<p>O\u010dak\u00e1vam, \u017ee zvl\u00e1date techniky precvi\u010dovan\u00e9 po\u010das semestra na cvi\u010deniach a dom\u00e1cich zadaniach. Okrem toho by ste mali ovl\u00e1da\u0165 z\u00e1kladn\u00fa manipul\u00e1ciu s obr\u00e1zkami v pythone a vedie\u0165 aplikova\u0165 \u013eubovo\u013en\u00fd algoritmus z kni\u017enice opencv s pou\u017eit\u00edm dokument\u00e1cie.<\/p>\n<hr \/>\n<h2>\u00dastna \u010das\u0165<\/h2>\n<p>\u00dastnou \u010das\u0165ou sk\u00fa\u0161ky preukazujete zvl\u00e1dnutie teoretick\u00fdch z\u00e1kladov po\u010d\u00edta\u010dov\u00e9ho videnia. T\u00e1to \u010das\u0165 prebieha individu\u00e1lne &#8211; pod\u013ea po\u010dtu prihl\u00e1sen\u00fdch \u0161tudentov si dohodneme priebeh priamo na mieste.<\/p>\n<p>Odpoved\u00e1te na dve ot\u00e1zky z ni\u017e\u0161ie uveden\u00e9ho zoznamu. Jednu ot\u00e1zku si m\u00f4\u017eete vybra\u0165, druh\u00fa dostanete pridelen\u00fa n\u00e1hodne. M\u00f4\u017eete absolvova\u0165 pr\u00edpravu &#8211; nie s\u00fa dovolen\u00e9 \u017eiadne zdroje (ani vopred pripraven\u00e9 materi\u00e1ly). Po\u010das samotn\u00e9ho sk\u00fa\u0161ania je mo\u017en\u00e9 pou\u017ei\u0165 v rozumnej miere internet a vyh\u013eada\u0165 nie\u010do.<\/p>\n<p>Okrem pozn\u00e1mok z predn\u00e1\u0161ok m\u00e1te k dispoz\u00edcii <a href=\"https:\/\/ics.science.upjs.sk\/ano\/literatura\/\">\u0161tudijn\u00fa literat\u00faru<\/a>. Postupne bud\u00fa k jednotliv\u00fdm t\u00e9mam z <a href=\"https:\/\/ics.science.upjs.sk\/ano\/prednasky\/\">predn\u00e1\u0161ok<\/a> doplnen\u00e9 aj konkr\u00e9tne zdroje (pod\u013ea ktor\u00e9ho konkr\u00e9tneho zdroja boli roben\u00e9 jednotliv\u00e9 predn\u00e1\u0161ky)<\/p>\n<p><span style=\"color: #ff0000\">Na absolvovanie predmetu je potrebn\u00e9 z\u00edska\u0165 aspo\u0148 50% z ka\u017edej \u010dasti sk\u00fa\u0161ky.<\/span><\/p>\n<h2><a href=\"https:\/\/ics.science.upjs.sk\/ano\/otazky-na-skusku\/\">Ot\u00e1zky na \u00fastnu \u010das\u0165 sk\u00fa\u0161ky<\/a><\/h2>\n","protected":false},"excerpt":{"rendered":"<p>Predmet kon\u010d\u00ed z\u00e1vere\u010dnou sk\u00fa\u0161kou v sk\u00fa\u0161kovom obdob\u00ed. Na z\u00edskanie hodnotenia je potrebn\u00e9 preuk\u00e1za\u0165 vedomosti a zru\u010dnosti v teoretickej (preh\u013eadovej) a praktickej \u010dasti. Semester a dom\u00e1ce zadania na konci okt\u00f3bra bud\u00fa&hellip;<\/p>\n","protected":false},"author":22,"featured_media":0,"parent":0,"menu_order":0,"comment_status":"closed","ping_status":"closed","template":"","meta":{"footnotes":""},"class_list":["post-12","page","type-page","status-publish","hentry"],"_links":{"self":[{"href":"https:\/\/ics.science.upjs.sk\/ano\/wp-json\/wp\/v2\/pages\/12","targetHints":{"allow":["GET"]}}],"collection":[{"href":"https:\/\/ics.science.upjs.sk\/ano\/wp-json\/wp\/v2\/pages"}],"about":[{"href":"https:\/\/ics.science.upjs.sk\/ano\/wp-json\/wp\/v2\/types\/page"}],"author":[{"embeddable":true,"href":"https:\/\/ics.science.upjs.sk\/ano\/wp-json\/wp\/v2\/users\/22"}],"replies":[{"embeddable":true,"href":"https:\/\/ics.science.upjs.sk\/ano\/wp-json\/wp\/v2\/comments?post=12"}],"version-history":[{"count":23,"href":"https:\/\/ics.science.upjs.sk\/ano\/wp-json\/wp\/v2\/pages\/12\/revisions"}],"predecessor-version":[{"id":516,"href":"https:\/\/ics.science.upjs.sk\/ano\/wp-json\/wp\/v2\/pages\/12\/revisions\/516"}],"wp:attachment":[{"href":"https:\/\/ics.science.upjs.sk\/ano\/wp-json\/wp\/v2\/media?parent=12"}],"curies":[{"name":"wp","href":"https:\/\/api.w.org\/{rel}","templated":true}]}}