{"id":662,"date":"2021-10-25T19:24:13","date_gmt":"2021-10-25T17:24:13","guid":{"rendered":"https:\/\/ics.science.upjs.sk\/adui\/?page_id=662"},"modified":"2025-01-02T16:45:54","modified_gmt":"2025-01-02T15:45:54","slug":"christmasdatasecurityday","status":"publish","type":"page","link":"https:\/\/ics.science.upjs.sk\/adui\/christmasdatasecurityday\/","title":{"rendered":"Christmas Data&amp;Security Day"},"content":{"rendered":"\r\n<figure class=\"wp-block-image size-large\"><img fetchpriority=\"high\" decoding=\"async\" class=\"alignnone wp-image-1452 size-full\" src=\"https:\/\/ics.science.upjs.sk\/adui\/wp-content\/uploads\/sites\/10\/2022\/11\/titulka-na-stra\u0301nku-1.png\" alt=\"\" width=\"1640\" height=\"924\" srcset=\"https:\/\/ics.science.upjs.sk\/adui\/wp-content\/uploads\/sites\/10\/2022\/11\/titulka-na-stra\u0301nku-1.png 1640w, https:\/\/ics.science.upjs.sk\/adui\/wp-content\/uploads\/sites\/10\/2022\/11\/titulka-na-stra\u0301nku-1-300x169.png 300w, https:\/\/ics.science.upjs.sk\/adui\/wp-content\/uploads\/sites\/10\/2022\/11\/titulka-na-stra\u0301nku-1-1024x577.png 1024w, https:\/\/ics.science.upjs.sk\/adui\/wp-content\/uploads\/sites\/10\/2022\/11\/titulka-na-stra\u0301nku-1-768x433.png 768w, https:\/\/ics.science.upjs.sk\/adui\/wp-content\/uploads\/sites\/10\/2022\/11\/titulka-na-stra\u0301nku-1-1536x865.png 1536w\" sizes=\"(max-width: 1640px) 100vw, 1640px\" \/><\/figure>\r\n\r\n<div class=\"wp-block-spacer\" style=\"height: 10px\" aria-hidden=\"true\">\u00a0<\/div>\r\n\r\n\r\n\r\n<div class=\"wp-block-spacer\" style=\"height: 30px\" aria-hidden=\"true\">\u00a0<\/div>\r\n\r\n\r\n\r\n<p class=\"has-background\" style=\"background-color: #e0e0e0\" data-darkreader-inline-bgcolor=\"\">Fotky z tejto akcie si m\u00f4\u017ee\u0161 pozrie\u0165 <a href=\"https:\/\/ics.science.upjs.sk\/adui\/christmas-datasecurity-day-fotogaleria\/\" target=\"_blank\" rel=\"noopener\">tu<\/a>.<\/p>\r\n\r\n\r\n\r\n<div class=\"wp-block-spacer\" style=\"height: 20px\" aria-hidden=\"true\">\u00a0<\/div>\r\n\r\n\r\n\r\n<p class=\"has-background\" style=\"background-color: #e0e0e0\" data-darkreader-inline-bgcolor=\"\">R\u00e1d by si sa dozvedel, ako sa daj\u00fa h\u013eada\u0165 nezvestn\u00e9 osoby pomocou open source intelligence? Chce\u0161 sa ocitn\u00fa\u0165 v ko\u017ei banky, ktor\u00e1 sa rozhoduje komu udel\u00ed p\u00f4\u017ei\u010dku? Chce\u0161 sa nau\u010di\u0165, ako spr\u00e1vne spracova\u0165 a interpretova\u0165 d\u00e1ta?<\/p>\r\n\r\n\r\n\r\n<p class=\"has-background\" style=\"background-color: #e0e0e0\" data-darkreader-inline-bgcolor=\"\">Ak si aspo\u0148 na jednu ot\u00e1zku odpovedal kladne, poz\u00fdvame \u0164a na <strong>Viano\u010dn\u00fd Data&amp;Security Day v Michalovciach!<\/strong> Je to akcia pre zvedav\u00fdch stredo\u0161kol\u00e1kov. Viano\u010dn\u00fd Data&amp;Security Day pozost\u00e1va z jednej predn\u00e1\u0161ky a zo \u0161tyroch workshopov, z ktor\u00fdch si pri registr\u00e1cii vyberie\u0161 dva. Praktick\u00e9 workshopy vych\u00e1dzaj\u00fa zo sk\u00fasenost\u00ed pri rie\u0161en\u00ed re\u00e1lnych \u00faloh z d\u00e1tovej anal\u00fdzy a rie\u0161en\u00ed po\u010d\u00edta\u010dov\u00fdch bezpe\u010dnostn\u00fdch incidentov. Bude\u0161 mat mo\u017enos\u0165 sa porozpr\u00e1va\u0165 s \u013eu\u010fmi, ktor\u00ed sa profesion\u00e1lne venuj\u00fa d\u00e1tovej anal\u00fdze, informa\u010dnej a kybernetickej bezpe\u010dnosti, spozn\u00e1\u0161 nov\u00fdch \u013eud\u00ed a zas\u00fa\u0165a\u017e\u00ed\u0161 si o zauj\u00edmav\u00e9 ceny.<\/p>\r\n\r\n<div class=\"wp-block-spacer\" style=\"height: 50px\" aria-hidden=\"true\">\u00a0<\/div>\r\n\r\n\r\n\r\n<h4 id=\"2-rok-studia\" class=\"has-white-color has-text-color has-background wp-block-heading\" style=\"background-color: #50adc0;text-align: center\" data-darkreader-inline-bgcolor=\"\">KEDY A KDE?<\/h4>\r\n\r\n\r\n\r\n<figure class=\"wp-block-image size-large\"><img decoding=\"async\" class=\"aligncenter wp-image-1335 size-large\" src=\"https:\/\/ics.science.upjs.sk\/adui\/wp-content\/uploads\/sites\/10\/2022\/11\/info-hlavic\u030cka.png\" alt=\"\" width=\"900\" height=\"507\" \/><\/figure>\r\n\r\n<div class=\"wp-block-spacer\" style=\"height: 50px\" aria-hidden=\"true\">\u00a0<\/div>\r\n\r\n\r\n\r\n<h4 id=\"2-rok-studia\" class=\"has-white-color has-text-color has-background wp-block-heading\" style=\"background-color: #50adc0;text-align: center\" data-darkreader-inline-bgcolor=\"\">PROGRAM<\/h4>\r\n\r\n\r\n\r\n<figure class=\"wp-block-image size-large\"><img decoding=\"async\" class=\"aligncenter wp-image-1335 size-large\" src=\"https:\/\/ics.science.upjs.sk\/adui\/wp-content\/uploads\/sites\/10\/2022\/11\/cely\u0301-program-na-stra\u0301nku.png\" alt=\"\" width=\"900\" height=\"507\" \/><\/figure>\r\n<p>&nbsp;<\/p>\r\n\r\n<div class=\"wp-block-spacer\" style=\"height: 5px\" aria-hidden=\"true\">\u00a0<\/div>\r\n\r\n\r\n\r\n<h4 id=\"2-rok-studia\" class=\"has-white-color has-text-color has-background wp-block-heading\" style=\"background-color: #50adc0;text-align: center\" data-darkreader-inline-bgcolor=\"\">PREDN\u00c1\u0160KA<\/h4>\r\n\r\n\r\n\r\n<div class=\"wp-block-media-text alignwide is-stacked-on-mobile\" style=\"grid-template-columns: 43% auto\">\r\n<figure class=\"wp-block-media-text__media\"><img decoding=\"async\" class=\"wp-image-196 size-full\" src=\"https:\/\/ics.science.upjs.sk\/adui\/wp-content\/uploads\/sites\/10\/2022\/11\/key.png\" alt=\"\" \/><\/figure>\r\n<div class=\"wp-block-media-text__content\">\r\n<p><strong>Ako urobi\u0165 svet lep\u0161\u00edm v\u010faka umelej inteligencii<\/strong><\/p>\r\n\r\n\r\n\r\n<p class=\"has-small-font-size\">Si zvedav\u00fd ako \u013eudia na v\u00fdchode Slovenska pracuj\u00fa na v\u00fdvoji najmodernej\u0161\u00edch aplik\u00e1ci\u00ed umelej inteligencie pre firmy zo Silicon Valley? Pr\u00ed\u010f a uvid\u00ed\u0161 zop\u00e1r re\u00e1lnych pr\u00edkladov a jemne nakukne\u0161 aj pod pokrievku toho ako to m\u00f4\u017ee fungova\u0165.<\/p>\r\n<\/div>\r\n<\/div>\r\n\r\n\r\n\r\n<div class=\"wp-block-spacer\" style=\"height: 50px\" aria-hidden=\"true\">\u00a0<\/div>\r\n\r\n\r\n\r\n<h4 id=\"2-rok-studia\" class=\"has-white-color has-text-color has-background wp-block-heading\" style=\"background-color: #50adc0;text-align: center\" data-darkreader-inline-bgcolor=\"\">WORKSHOPY<\/h4>\r\n\r\n\r\n\r\n<div class=\"wp-block-media-text alignwide has-media-on-the-right is-stacked-on-mobile\" style=\"grid-template-columns: auto 43%\">\r\n<figure class=\"wp-block-media-text__media\"><img loading=\"lazy\" decoding=\"async\" class=\"alignnone wp-image-1371 size-full\" src=\"https:\/\/ics.science.upjs.sk\/adui\/wp-content\/uploads\/sites\/10\/2022\/11\/10.png\" alt=\"\" width=\"4792\" height=\"3728\" srcset=\"https:\/\/ics.science.upjs.sk\/adui\/wp-content\/uploads\/sites\/10\/2022\/11\/10.png 4792w, https:\/\/ics.science.upjs.sk\/adui\/wp-content\/uploads\/sites\/10\/2022\/11\/10-300x233.png 300w, https:\/\/ics.science.upjs.sk\/adui\/wp-content\/uploads\/sites\/10\/2022\/11\/10-1024x797.png 1024w, https:\/\/ics.science.upjs.sk\/adui\/wp-content\/uploads\/sites\/10\/2022\/11\/10-768x597.png 768w, https:\/\/ics.science.upjs.sk\/adui\/wp-content\/uploads\/sites\/10\/2022\/11\/10-1536x1195.png 1536w, https:\/\/ics.science.upjs.sk\/adui\/wp-content\/uploads\/sites\/10\/2022\/11\/10-2048x1593.png 2048w\" sizes=\"(max-width: 4792px) 100vw, 4792px\" \/><\/figure>\r\n<div class=\"wp-block-media-text__content\">\r\n<p><strong>Ako sme h\u013eadali nezvestn\u00e9 osoby \u2013 OSINT v praxi<\/strong><\/p>\r\n\r\n\r\n\r\n<p class=\"has-small-font-size\" style=\"text-align: left\">Open source intelligence (OSINT) v\u00fdrazne pom\u00e1ha pri informa\u010dnej a kybernetickej bezpe\u010dnosti. V r\u00e1mci workshopu si ale uk\u00e1\u017eeme, ako je mo\u017en\u00e9 h\u013eada\u0165 straten\u00e9 osoby pomocou OSINTu. Vysk\u00fa\u0161ame si nieko\u013eko z\u00e1kladn\u00fdch n\u00e1strojov pre h\u013eadanie inform\u00e1ci\u00ed relevantn\u00fdch pre osoby (emailov\u00fdch adries, pou\u017e\u00edvate\u013esk\u00fdch \u00fa\u010dtov, fotografi\u00ed).<\/p>\r\n<\/div>\r\n<\/div>\r\n\r\n\r\n\r\n<div class=\"wp-block-spacer\" style=\"height: 40px\" aria-hidden=\"true\">\u00a0<\/div>\r\n\r\n\r\n\r\n<div class=\"wp-block-media-text alignwide is-stacked-on-mobile\" style=\"grid-template-columns: 43% auto\">\r\n<figure class=\"wp-block-media-text__media\"><img loading=\"lazy\" decoding=\"async\" class=\"alignnone wp-image-1370 size-full\" src=\"https:\/\/ics.science.upjs.sk\/adui\/wp-content\/uploads\/sites\/10\/2022\/11\/9.png\" alt=\"\" width=\"4792\" height=\"3728\" srcset=\"https:\/\/ics.science.upjs.sk\/adui\/wp-content\/uploads\/sites\/10\/2022\/11\/9.png 4792w, https:\/\/ics.science.upjs.sk\/adui\/wp-content\/uploads\/sites\/10\/2022\/11\/9-300x233.png 300w, https:\/\/ics.science.upjs.sk\/adui\/wp-content\/uploads\/sites\/10\/2022\/11\/9-1024x797.png 1024w, https:\/\/ics.science.upjs.sk\/adui\/wp-content\/uploads\/sites\/10\/2022\/11\/9-768x597.png 768w, https:\/\/ics.science.upjs.sk\/adui\/wp-content\/uploads\/sites\/10\/2022\/11\/9-1536x1195.png 1536w, https:\/\/ics.science.upjs.sk\/adui\/wp-content\/uploads\/sites\/10\/2022\/11\/9-2048x1593.png 2048w\" sizes=\"(max-width: 4792px) 100vw, 4792px\" \/><\/figure>\r\n<div class=\"wp-block-media-text__content\">\r\n<p><strong>\u00davod do forenznej anal\u00fdzy opera\u010dnej pam\u00e4te<\/strong><\/p>\r\n\r\n\r\n\r\n<p class=\"has-small-font-size\" style=\"text-align: left\">Forenzn\u00e1 anal\u00fdza opera\u010dnej pam\u00e4te je d\u00f4le\u017eitou s\u00fa\u010das\u0165ou rie\u0161enia bezpe\u010dnostn\u00fdch incidentov. Vieme z nej z\u00edska\u0165 mnoho d\u00f4le\u017eit\u00fdch inform\u00e1ci\u00ed s\u00favisiacich s bezpe\u010dnostn\u00fdm incidentom. Cie\u013eom tohto workshopu je uk\u00e1za\u0165 si sp\u00f4sob, ak\u00fdm sa pam\u00e4\u0165 zais\u0165uje. Uk\u00e1\u017eeme si nieko\u013eko pr\u00edkladov inform\u00e1ci\u00ed, ktor\u00e9 z nej vieme extrahova\u0165 a ktor\u00e9 m\u00f4\u017eu pom\u00f4c\u0165 pri samotnom vy\u0161etrovan\u00ed.\u00a0<\/p>\r\n<\/div>\r\n<\/div>\r\n\r\n\r\n\r\n<div class=\"wp-block-spacer\" style=\"height: 40px\" aria-hidden=\"true\">\u00a0<\/div>\r\n\r\n\r\n\r\n<div class=\"wp-block-media-text alignwide has-media-on-the-right is-stacked-on-mobile\" style=\"grid-template-columns: auto 43%\">\r\n<figure class=\"wp-block-media-text__media\"><img loading=\"lazy\" decoding=\"async\" class=\"alignnone wp-image-1368 size-full\" src=\"https:\/\/ics.science.upjs.sk\/adui\/wp-content\/uploads\/sites\/10\/2022\/11\/2.png\" alt=\"\" width=\"4792\" height=\"3728\" srcset=\"https:\/\/ics.science.upjs.sk\/adui\/wp-content\/uploads\/sites\/10\/2022\/11\/2.png 4792w, https:\/\/ics.science.upjs.sk\/adui\/wp-content\/uploads\/sites\/10\/2022\/11\/2-300x233.png 300w, https:\/\/ics.science.upjs.sk\/adui\/wp-content\/uploads\/sites\/10\/2022\/11\/2-1024x797.png 1024w, https:\/\/ics.science.upjs.sk\/adui\/wp-content\/uploads\/sites\/10\/2022\/11\/2-768x597.png 768w, https:\/\/ics.science.upjs.sk\/adui\/wp-content\/uploads\/sites\/10\/2022\/11\/2-1536x1195.png 1536w, https:\/\/ics.science.upjs.sk\/adui\/wp-content\/uploads\/sites\/10\/2022\/11\/2-2048x1593.png 2048w\" sizes=\"(max-width: 4792px) 100vw, 4792px\" \/><\/figure>\r\n<div class=\"wp-block-media-text__content\">\r\n<p><strong>Schv\u00e1li\u0165 alebo neschv\u00e1li\u0165 p\u00f4\u017ei\u010dku?<\/strong><\/p>\r\n\r\n\r\n\r\n<p class=\"has-small-font-size\" style=\"text-align: left\">na workshope si vysk\u00fa\u0161ate, ak\u00e9 je to by\u0165 v ko\u017ei banky a rozhodova\u0165 o tom, komu udeli\u0165 p\u00f4\u017ei\u010dku. Na z\u00e1klade r\u00f4znych d\u00e1t o klientoch si sk\u00fasite zostavi\u0165 \u0161tatistick\u00fd model, ktor\u00fd v\u00e1m pom\u00f4\u017ee pri rozhodovan\u00ed.\u00a0<\/p>\r\n<\/div>\r\n<\/div>\r\n\r\n\r\n\r\n<div class=\"wp-block-spacer\" style=\"height: 40px\" aria-hidden=\"true\">\u00a0<\/div>\r\n\r\n\r\n\r\n<div class=\"wp-block-media-text alignwide is-stacked-on-mobile\" style=\"grid-template-columns: 43% auto\">\r\n<figure class=\"wp-block-media-text__media\"><img loading=\"lazy\" decoding=\"async\" class=\"alignnone wp-image-1369 size-full\" src=\"https:\/\/ics.science.upjs.sk\/adui\/wp-content\/uploads\/sites\/10\/2022\/11\/5.png\" alt=\"\" width=\"4792\" height=\"3728\" srcset=\"https:\/\/ics.science.upjs.sk\/adui\/wp-content\/uploads\/sites\/10\/2022\/11\/5.png 4792w, https:\/\/ics.science.upjs.sk\/adui\/wp-content\/uploads\/sites\/10\/2022\/11\/5-300x233.png 300w, https:\/\/ics.science.upjs.sk\/adui\/wp-content\/uploads\/sites\/10\/2022\/11\/5-1024x797.png 1024w, https:\/\/ics.science.upjs.sk\/adui\/wp-content\/uploads\/sites\/10\/2022\/11\/5-768x597.png 768w, https:\/\/ics.science.upjs.sk\/adui\/wp-content\/uploads\/sites\/10\/2022\/11\/5-1536x1195.png 1536w, https:\/\/ics.science.upjs.sk\/adui\/wp-content\/uploads\/sites\/10\/2022\/11\/5-2048x1593.png 2048w\" sizes=\"(max-width: 4792px) 100vw, 4792px\" \/><\/figure>\r\n<div class=\"wp-block-media-text__content\">\r\n<p><strong>Ako rozumie\u0165 d\u00e1tam a nenecha\u0165 sa nimi oklama\u0165<\/strong><\/p>\r\n\r\n\r\n\r\n<p class=\"has-small-font-size\" style=\"text-align: left\">Prvou v\u00fdzvou pri pr\u00e1ci s d\u00e1tami je ich spracovanie na pou\u017eitie. Uk\u00e1\u017eeme si, ako spracov\u00e1va\u0165 a interpretova\u0165 d\u00e1ta, aby si odl\u00ed\u0161il zmyslupln\u00e9 inform\u00e1cie v ka\u017edodennej lav\u00edne valiacich sa \u00fadajov.\u00a0<\/p>\r\n<\/div>\r\n<\/div>\r\n\r\n\r\n\r\n<div class=\"wp-block-spacer\" style=\"height: 50px\" aria-hidden=\"true\">\u00a0<\/div>\r\n\r\n\r\n\r\n<h4 id=\"2-rok-studia\" class=\"has-white-color has-text-color has-background wp-block-heading\" style=\"background-color: #50adc0;text-align: center\" data-darkreader-inline-bgcolor=\"\">FAQ<\/h4>\r\n\r\n\r\n\r\n<div class=\"wp-block-columns are-vertically-aligned-top is-layout-flex wp-container-core-columns-is-layout-9d6595d7 wp-block-columns-is-layout-flex\">\r\n<div class=\"wp-block-column is-vertically-aligned-top is-layout-flow wp-block-column-is-layout-flow\" style=\"flex-basis: 33.33%\">\r\n<p class=\"has-black-color has-text-color has-background has-medium-font-size\" style=\"background-color: #f5e78f\" data-darkreader-inline-bgcolor=\"\"><strong>Pre\u010do je Viano\u010dn\u00fd Data&amp;Security Day v sobotu?<\/strong><\/p>\r\n<\/div>\r\n\r\n\r\n\r\n<div class=\"wp-block-column is-vertically-aligned-top is-layout-flow wp-block-column-is-layout-flow\" style=\"flex-basis: 66.66%\">\r\n<p class=\"has-text-align-left has-black-color has-text-color has-background\" style=\"background-color: #e0e0e0\" data-darkreader-inline-bgcolor=\"\">Akcia je ur\u010den\u00e1 v\u0161etk\u00fdm stredo\u0161kol\u00e1kom, ktor\u00ed radi rozm\u00fd\u0161\u013eaj\u00fa a objavuj\u00fa nov\u00e9 veci, a to nielen cez \u0161kolsk\u00fd t\u00fd\u017ede\u0148. Workshopy bud\u00fa veden\u00e9 skvel\u00fdmi \u013eu\u010fmi z univerzity aj z ko\u0161ick\u00fdch firiem.<\/p>\r\n<\/div>\r\n<\/div>\r\n\r\n\r\n\r\n<div class=\"wp-block-columns are-vertically-aligned-top is-layout-flex wp-container-core-columns-is-layout-9d6595d7 wp-block-columns-is-layout-flex\">\r\n<div class=\"wp-block-column is-vertically-aligned-top is-layout-flow wp-block-column-is-layout-flow\" style=\"flex-basis: 33.33%\">\r\n<p class=\"has-black-color has-text-color has-background has-medium-font-size\" style=\"background-color: #f5e78f\" data-darkreader-inline-bgcolor=\"\"><strong>\u010co si m\u00e1m so sebou prinies\u0165?<\/strong><\/p>\r\n<\/div>\r\n\r\n\r\n\r\n<div class=\"wp-block-column is-vertically-aligned-top is-layout-flow wp-block-column-is-layout-flow\" style=\"flex-basis: 66.66%\">\r\n<p class=\"has-text-align-left has-black-color has-text-color has-background\" style=\"background-color: #e0e0e0\" data-darkreader-inline-bgcolor=\"\">Prines si hlavne dobr\u00fa n\u00e1ladu. Ak r\u00e1d rob\u00ed\u0161 na svojom notebooku, dones si aj ten. Nie je to v\u0161ak nutn\u00e9 &#8211; ak nebude\u0161 ma\u0165 notebook, workshopy bud\u00fa v po\u010d\u00edta\u010dov\u00fdch miestnostiach, kde bude\u0161 ma\u0165 k dispoz\u00edcii po\u010d\u00edta\u010d.<\/p>\r\n<\/div>\r\n<\/div>\r\n\r\n\r\n\r\n<div class=\"wp-block-spacer\" style=\"height: 50px\" aria-hidden=\"true\">\u00a0<\/div>\r\n\r\n\r\n\r\n<h4 id=\"2-rok-studia\" class=\"has-white-color has-text-color has-background wp-block-heading\" style=\"background-color: #50adc0;text-align: center\" data-darkreader-inline-bgcolor=\"\">ORGANIZ\u00c1TORI<\/h4>\r\n\r\n\r\n\r\n<div class=\"wp-block-columns is-layout-flex wp-container-core-columns-is-layout-9d6595d7 wp-block-columns-is-layout-flex\">\r\n<div class=\"wp-block-column is-layout-flow wp-block-column-is-layout-flow\">\r\n<figure class=\"wp-block-image size-medium\"><a href=\"https:\/\/www.upjs.sk\/prirodovedecka-fakulta\/\" target=\"_blank\" rel=\"noopener\"><img loading=\"lazy\" decoding=\"async\" class=\"alignnone wp-image-2493\" src=\"https:\/\/ics.science.upjs.sk\/adui\/wp-content\/uploads\/sites\/10\/2022\/12\/PriF_color.png\" alt=\"\" width=\"687\" height=\"611\" \/><\/a><\/figure>\r\n<\/div>\r\n\r\n\r\n\r\n<div class=\"wp-block-column is-layout-flow wp-block-column-is-layout-flow\">\r\n<figure class=\"wp-block-image size-medium\"><a href=\"https:\/\/www.kosiceitvalley.sk\/\" target=\"_blank\" rel=\"noopener\"><img loading=\"lazy\" decoding=\"async\" class=\"alignnone wp-image-2493\" src=\"https:\/\/ics.science.upjs.sk\/adui\/wp-content\/uploads\/sites\/10\/2022\/12\/it-valley_na-vysku_farebne-1.png\" alt=\"\" width=\"1554\" height=\"1663\" \/><\/a><\/figure>\r\n<\/div>\r\n\r\n\r\n\r\n<div class=\"wp-block-column is-layout-flow wp-block-column-is-layout-flow\">\r\n<figure class=\"wp-block-image size-medium\"><a href=\"http:\/\/www.gymmi.tode.cz\/\" target=\"_blank\" rel=\"noopener\"><img loading=\"lazy\" decoding=\"async\" class=\"alignnone wp-image-2493\" src=\"https:\/\/ics.science.upjs.sk\/adui\/wp-content\/uploads\/sites\/10\/2022\/12\/logoV.jpg\" alt=\"\" width=\"1500\" height=\"1485\" \/><\/a><\/figure>\r\n<\/div>\r\n<\/div>\r\n\r\n\r\n\r\n<div class=\"wp-block-spacer\" style=\"height: 50px\" aria-hidden=\"true\">\u00a0<\/div>\r\n\r\n\r\n\r\n<h4 id=\"2-rok-studia\" class=\"has-white-color has-text-color has-background wp-block-heading\" style=\"background-color: #50adc0;text-align: center\" data-darkreader-inline-bgcolor=\"\">PERTNERI A SPONZORI<\/h4>\r\n\r\n\r\n\r\n<div class=\"wp-block-columns is-layout-flex wp-container-core-columns-is-layout-9d6595d7 wp-block-columns-is-layout-flex\">\r\n<div class=\"wp-block-column is-layout-flow wp-block-column-is-layout-flow\" style=\"flex-basis: 66.66%;text-align: center\">\r\n<figure class=\"wp-block-image size-large\"><a href=\"https:\/\/zive.aktuality.sk\/\" target=\"_blank\" rel=\"noreferrer noopener\"><img decoding=\"async\" class=\"wp-image-2493\" src=\"https:\/\/ics.science.upjs.sk\/adui\/wp-content\/uploads\/sites\/10\/2022\/12\/Zive.sk_.jpeg\" alt=\"\" \/><\/a>\r\n<figcaption class=\"wp-element-caption\">Zive.sk &#8211; hlavn\u00fd medi\u00e1lny partner<\/figcaption>\r\n<\/figure>\r\n<\/div>\r\n\r\n\r\n\r\n<div class=\"wp-block-column is-layout-flow wp-block-column-is-layout-flow\" style=\"flex-basis: 33.33%;text-align: center\">\r\n<figure class=\"wp-block-image size-large\"><a href=\"https:\/\/www.lasergamemichalovce.sk\/\" target=\"_blank\" rel=\"noreferrer noopener\"><img decoding=\"async\" class=\"wp-image-2493\" src=\"https:\/\/ics.science.upjs.sk\/adui\/wp-content\/uploads\/sites\/10\/2022\/12\/Laser-Game-Michalovce.jpg\" alt=\"\" \/><\/a>\r\n<figcaption class=\"wp-element-caption\">Laser Game Michalovce &#8211; sponzor<\/figcaption>\r\n<\/figure>\r\n<\/div>\r\n<\/div>\r\n\r\n\r\n\r\n<div class=\"wp-block-spacer\" style=\"height: 50px\" aria-hidden=\"true\">\u00a0<\/div>\r\n\r\n\r\n\r\n<h4 id=\"2-rok-studia\" class=\"has-white-color has-text-color has-background wp-block-heading\" style=\"background-color: #50adc0;text-align: center\" data-darkreader-inline-bgcolor=\"\">PREDCH\u00c1DZAJ\u00daCE AKCIE<\/h4>\r\n\r\n\r\n\r\n<div class=\"wp-block-columns is-layout-flex wp-container-core-columns-is-layout-9d6595d7 wp-block-columns-is-layout-flex\">\r\n<div class=\"wp-block-column is-layout-flow wp-block-column-is-layout-flow\">\r\n<p class=\"has-text-align-center has-white-color has-text-color has-background\" style=\"background-color: #e0e0e0\"><a href=\"https:\/\/ics.science.upjs.sk\/adui\/dataday\/\" target=\"_blank\" rel=\"noreferrer noopener\">DataDay 1<\/a><\/p>\r\n\r\n\r\n\r\n<p class=\"has-text-align-center has-white-color has-text-color has-background\" style=\"background-color: #e0e0e0\"><a href=\"https:\/\/cyberawareness.sk\/cybersecurityday\/\" target=\"_blank\" rel=\"noreferrer noopener\">Jarn\u00fd CyberSecurityDay 2022<\/a><\/p>\r\n<\/div>\r\n\r\n\r\n\r\n<div class=\"wp-block-column is-layout-flow wp-block-column-is-layout-flow\">\r\n<p class=\"has-text-align-center has-white-color has-text-color has-background\" style=\"background-color: #e0e0e0\"><a href=\"https:\/\/ics.science.upjs.sk\/adui\/dataday2\/\" target=\"_blank\" rel=\"noreferrer noopener\">DataDay 2<\/a><\/p>\r\n\r\n\r\n\r\n<p class=\"has-text-align-center has-white-color has-text-color has-background\" style=\"background-color: #e0e0e0\"><a href=\"https:\/\/cyberawareness.sk\/jesenny-cybersecurity-day-2022\/\" target=\"_blank\" rel=\"noreferrer noopener\">Jesenn\u00fd CyberSecurityDay 2022<\/a><\/p>\r\n<\/div>\r\n<\/div>\r\n\r\n\r\n\r\n<div class=\"wp-block-spacer\" style=\"height: 50px;text-align: center\" aria-hidden=\"true\">\u00a0<\/div>\r\n\r\n<p>&nbsp;<\/p>\r\n<hr class=\"wp-block-separator\" \/>\r\n<p>Viac o DAM-e n\u00e1jdete <a href=\"https:\/\/dam.science.upjs.sk\/index.html\" target=\"_blank\" rel=\"noopener\">tu<\/a>.<\/p><br><br>\r\n\r\n<div style=\"text-align: center;width: 100%;min-height: 1px;flex: 0 0 100%;max-width: 100%;padding: 40px 15px 20px 15px\"><a title=\"UPJ\u0160\" href=\"https:\/\/www.upjs.sk\/?prefferedLang=SK\" target=\"_blank\" rel=\"noopener noreferrer\"><img decoding=\"async\" class=\"\" style=\"height: 92px;text-decoration: none\" src=\"https:\/\/ics.science.upjs.sk\/adui\/wp-content\/uploads\/sites\/10\/2020\/03\/upjs_f.png\" width=\"92\" \/><\/a> <a title=\"PF UPJ\u0160\" href=\"https:\/\/www.upjs.sk\/prirodovedecka-fakulta\/?prefferedLang=SK\" target=\"_blank\" rel=\"noopener noreferrer\"><img decoding=\"async\" style=\"padding: 0px;height: 80px;text-decoration: none\" src=\"https:\/\/ics.science.upjs.sk\/adui\/wp-content\/uploads\/sites\/10\/2019\/10\/upjs-logo.png\" \/><\/a> <a title=\"\u00daMAT\" href=\"https:\/\/www.upjs.sk\/prirodovedecka-fakulta\/ustav\/umv\/\" target=\"_blank\" rel=\"noopener noreferrer\"><img decoding=\"async\" style=\"padding: 0px;height: 80px;text-decoration: none\" src=\"https:\/\/ics.science.upjs.sk\/adui\/wp-content\/uploads\/sites\/10\/2022\/11\/ustav-matematiky_v4_farebna_stvorec.png\" \/><\/a> <a title=\"\u00daINF\" href=\"https:\/\/ics.science.upjs.sk\/\" target=\"_blank\" rel=\"noopener noreferrer\"><img decoding=\"async\" style=\"padding: 0px;height: 80px;text-decoration: none\" src=\"https:\/\/ics.science.upjs.sk\/adui\/wp-content\/uploads\/sites\/10\/2023\/01\/ustav-informatiky_v4_farebna_stvorec.png\" \/><\/a><\/div>\r\n<!-- \/wp:post-content -->","protected":false},"excerpt":{"rendered":"<p>Fotky z tejto akcie si m\u00f4\u017ee\u0161 pozrie\u0165 tu. R\u00e1d by si sa dozvedel, ako sa daj\u00fa h\u013eada\u0165 nezvestn\u00e9 osoby pomocou open source intelligence? Chce\u0161 sa ocitn\u00fa\u0165 v ko\u017ei banky, ktor\u00e1&hellip;<\/p>\n","protected":false},"author":14,"featured_media":0,"parent":0,"menu_order":0,"comment_status":"closed","ping_status":"closed","template":"","meta":{"footnotes":""},"class_list":["post-662","page","type-page","status-publish","hentry"],"_links":{"self":[{"href":"https:\/\/ics.science.upjs.sk\/adui\/wp-json\/wp\/v2\/pages\/662","targetHints":{"allow":["GET"]}}],"collection":[{"href":"https:\/\/ics.science.upjs.sk\/adui\/wp-json\/wp\/v2\/pages"}],"about":[{"href":"https:\/\/ics.science.upjs.sk\/adui\/wp-json\/wp\/v2\/types\/page"}],"author":[{"embeddable":true,"href":"https:\/\/ics.science.upjs.sk\/adui\/wp-json\/wp\/v2\/users\/14"}],"replies":[{"embeddable":true,"href":"https:\/\/ics.science.upjs.sk\/adui\/wp-json\/wp\/v2\/comments?post=662"}],"version-history":[{"count":91,"href":"https:\/\/ics.science.upjs.sk\/adui\/wp-json\/wp\/v2\/pages\/662\/revisions"}],"predecessor-version":[{"id":2639,"href":"https:\/\/ics.science.upjs.sk\/adui\/wp-json\/wp\/v2\/pages\/662\/revisions\/2639"}],"wp:attachment":[{"href":"https:\/\/ics.science.upjs.sk\/adui\/wp-json\/wp\/v2\/media?parent=662"}],"curies":[{"name":"wp","href":"https:\/\/api.w.org\/{rel}","templated":true}]}}