{"id":633,"date":"2020-06-26T15:31:23","date_gmt":"2020-06-26T13:31:23","guid":{"rendered":"https:\/\/ics.science.upjs.sk\/adui\/?page_id=633"},"modified":"2023-01-04T20:24:46","modified_gmt":"2023-01-04T19:24:46","slug":"masters-degree","status":"publish","type":"page","link":"https:\/\/ics.science.upjs.sk\/adui\/en\/masters-degree\/","title":{"rendered":"Master\u2019s degree"},"content":{"rendered":"\r\n<figure class=\"wp-block-image\"><img fetchpriority=\"high\" decoding=\"async\" width=\"1024\" height=\"483\" class=\"wp-image-173\" src=\"https:\/\/ics.science.upjs.sk\/adui\/wp-content\/uploads\/sites\/10\/2019\/11\/obr2-1024x483.jpg\" alt=\"\" srcset=\"https:\/\/ics.science.upjs.sk\/adui\/wp-content\/uploads\/sites\/10\/2019\/11\/obr2-1024x483.jpg 1024w, https:\/\/ics.science.upjs.sk\/adui\/wp-content\/uploads\/sites\/10\/2019\/11\/obr2-300x141.jpg 300w, https:\/\/ics.science.upjs.sk\/adui\/wp-content\/uploads\/sites\/10\/2019\/11\/obr2-768x362.jpg 768w\" sizes=\"(max-width: 1024px) 100vw, 1024px\" \/><\/figure>\r\n\r\n\r\n\r\n<p class=\"has-background\" style=\"background-color: #f4f4f4\"><strong>Data Analysis and Artificial Intelligence<\/strong> is an interdisciplinary study programme at the Faculty of Science at the Pavol Jozef \u0160af\u00e1rik University in Ko\u0161ice, which combines the theoretical and practical skills from the field of mathematics and computer science in a balanced manner. Interdisciplinarity provides the graduate <strong>greater opportunities in choosing follow-up studies or on the labor market.<\/strong><\/p>\r\n\r\n\r\n\r\n<div class=\"wp-block-button aligncenter\"><a class=\"wp-block-button__link has-very-dark-gray-color has-light-green-cyan-background-color has-text-color has-background\" href=\"https:\/\/e-prihlaska.upjs.sk\/ais\/eprihlas\/#!\/home\" target=\"_blank\" rel=\"noreferrer noopener\">Apply to study ADUI<\/a><\/div>\r\n\r\n\r\n<hr class=\"wp-block-separator\" \/>\r\n\r\n\r\n<p>&nbsp;<\/p>\r\n\r\n\r\n\r\n<h3 class=\"has-text-align-center wp-block-heading\"><strong>Selection of courses<\/strong><\/h3>\r\n\r\n\r\n\r\n<h4 class=\"has-white-color has-text-color has-background wp-block-heading\" style=\"background-color: #00376f\">1<strong>st year of study<\/strong><\/h4>\r\n\r\n\r\n\r\n<ul class=\"has-background wp-block-list\" style=\"background-color: #c4c4c4\">\r\n<li><strong>Combinational algorithms, Stochastic processes, Multidimensional Statistical Methods <\/strong>&#8211; Understanding real life calls for the creation and understanding of its models.<\/li>\r\n<\/ul>\r\n\r\n\r\n\r\n<ul class=\"has-background wp-block-list\" style=\"background-color: #e4e4e4\">\r\n<li><strong>Data Management Seminar I <\/strong>&#8211; We will take a look at real life problems in cooperation with <a href=\"https:\/\/ics.science.upjs.sk\/adui\/en\/our-partners-2\/\">our partners<\/a>.<\/li>\r\n<\/ul>\r\n\r\n\r\n\r\n<ul class=\"has-background wp-block-list\" style=\"background-color: #c4c4c4\">\r\n<li><strong>Computational complexity, Organization and data processing <\/strong>&#8211; Even today\u2019s computational means cannot cope with every single problem. When that happens, the human brain enters the game.<\/li>\r\n<\/ul>\r\n\r\n\r\n\r\n<ul class=\"has-background wp-block-list\" style=\"background-color: #e4e4e4\">\r\n<li><strong><strong>Machine Learning<\/strong><\/strong> &#8211; Nowadays we simply cannot imagine autonomous and expert system without Machine Learning.<\/li>\r\n<\/ul>\r\n\r\n\r\n\r\n<ul class=\"has-background wp-block-list\" style=\"background-color: #c4c4c4\">\r\n<li><b>Markov&#8217;s processes and their applications<\/b><\/li>\r\n<\/ul>\r\n\r\n\r\n\r\n<ul class=\"has-background wp-block-list\" style=\"background-color: #e4e4e4\">\r\n<li><b>Foundations of knowledge systems<\/b><\/li>\r\n<\/ul>\r\n\r\n<p>&nbsp;<\/p>\r\n\r\n<h4 class=\"has-white-color has-text-color has-background wp-block-heading\" style=\"background-color: #00376f\"><strong>2nd year of study<\/strong><\/h4>\r\n\r\n\r\n\r\n<ul class=\"has-background wp-block-list\" style=\"background-color: #c4c4c4\">\r\n<li><strong><strong><strong>Neural Networks<\/strong><\/strong><\/strong> &#8211; Deep Neural Networks keep shining brighter and brighter and every Data Analyst needs to understand how to use them.<\/li>\r\n<\/ul>\r\n\r\n\r\n\r\n<ul class=\"has-background wp-block-list\" style=\"background-color: #e4e4e4\">\r\n<li><strong><strong>Classical and quantum computations<\/strong> <\/strong>&#8211; Our graduates keep up with the times, quantum computers are not only utopian dreams.<\/li>\r\n<\/ul>\r\n\r\n\r\n\r\n<ul class=\"has-background wp-block-list\" style=\"background-color: #c4c4c4\">\r\n<li><strong><strong>Approximation algorithms<\/strong> <\/strong>&#8211; The need for different tools used to solve real life problems is endless.<\/li>\r\n<\/ul>\r\n\r\n\r\n\r\n<ul class=\"has-background wp-block-list\" style=\"background-color: #e4e4e4\">\r\n<li><strong><strong>Data management seminar II<\/strong><\/strong> &#8211; We will take a look at real life problems in cooperation with <a href=\"https:\/\/ics.science.upjs.sk\/adui\/en\/our-partners-2\/\">our partners<\/a>.<\/li>\r\n<\/ul>\r\n\r\n\r\n<hr class=\"wp-block-separator\" \/>\r\n\r\n\r\n<div class=\"wp-block-buttons is-content-justification-center is-layout-flex wp-block-buttons-is-layout-flex\">\r\n<div class=\"wp-block-button\"><span style=\"color: #ffffff\"><a class=\"wp-block-button__link has-white-color has-text-color has-background\" style=\"background-color: #00376f;color: #ffffff\" href=\"https:\/\/ics.science.upjs.sk\/adui\/en\/faq-2\/\">FAQ<\/a><\/span><\/div>\r\n<\/div>\r\n\r\n\r\n<hr class=\"wp-block-separator\" \/>\r\n\r\n\r\n<div style=\"text-align: center;width: 100%;min-height: 1px;flex: 0 0 100%;max-width: 100%;padding: 40px 15px 20px 15px\"><a title=\"UPJ\u0160\" href=\"https:\/\/www.upjs.sk\/en\/\" target=\"_blank\" rel=\"noopener noreferrer\"><img decoding=\"async\" style=\"height: 92px;text-decoration: none\" src=\"https:\/\/ics.science.upjs.sk\/adui\/wp-content\/uploads\/sites\/10\/2020\/03\/upjs_f.png\" \/><\/a> <a title=\"PF UPJ\u0160\" href=\"https:\/\/www.upjs.sk\/en\/faculty-of-science\/\" target=\"_blank\" rel=\"noopener noreferrer\"><img decoding=\"async\" style=\"padding: 0px;height: 80px;text-decoration: none\" src=\"https:\/\/ics.science.upjs.sk\/adui\/wp-content\/uploads\/sites\/10\/2019\/10\/upjs-logo.png\" \/><\/a> <a title=\"\u00daMV\" href=\"https:\/\/www.upjs.sk\/prirodovedecka-fakulta\/ustav\/umv\/24971\/\" target=\"_blank\" rel=\"noopener noreferrer\"><img decoding=\"async\" style=\"padding: 0px;height: 80px;text-decoration: none\" src=\"https:\/\/ics.science.upjs.sk\/adui\/wp-content\/uploads\/sites\/10\/2022\/11\/ustav-matematiky_v4_farebna_stvorec.png\" \/><\/a> <a title=\"\u00daINF\" href=\"https:\/\/ics.science.upjs.sk\/en\/institute-of-computer-science\/\" target=\"_blank\" rel=\"noopener noreferrer\"><img decoding=\"async\" style=\"padding: 0px;height: 80px;text-decoration: none\" src=\"https:\/\/ics.science.upjs.sk\/adui\/wp-content\/uploads\/sites\/10\/2023\/01\/ustav-informatiky_v4_farebna_stvorec.png\" \/><\/a><\/div>\r\n","protected":false},"excerpt":{"rendered":"<p>Data Analysis and Artificial Intelligence is an interdisciplinary study programme at the Faculty of Science at the Pavol Jozef \u0160af\u00e1rik University in Ko\u0161ice, which combines the theoretical and practical skills&hellip;<\/p>\n","protected":false},"author":14,"featured_media":0,"parent":0,"menu_order":0,"comment_status":"closed","ping_status":"closed","template":"","meta":{"footnotes":""},"class_list":["post-633","page","type-page","status-publish","hentry"],"_links":{"self":[{"href":"https:\/\/ics.science.upjs.sk\/adui\/wp-json\/wp\/v2\/pages\/633","targetHints":{"allow":["GET"]}}],"collection":[{"href":"https:\/\/ics.science.upjs.sk\/adui\/wp-json\/wp\/v2\/pages"}],"about":[{"href":"https:\/\/ics.science.upjs.sk\/adui\/wp-json\/wp\/v2\/types\/page"}],"author":[{"embeddable":true,"href":"https:\/\/ics.science.upjs.sk\/adui\/wp-json\/wp\/v2\/users\/14"}],"replies":[{"embeddable":true,"href":"https:\/\/ics.science.upjs.sk\/adui\/wp-json\/wp\/v2\/comments?post=633"}],"version-history":[{"count":12,"href":"https:\/\/ics.science.upjs.sk\/adui\/wp-json\/wp\/v2\/pages\/633\/revisions"}],"predecessor-version":[{"id":1617,"href":"https:\/\/ics.science.upjs.sk\/adui\/wp-json\/wp\/v2\/pages\/633\/revisions\/1617"}],"wp:attachment":[{"href":"https:\/\/ics.science.upjs.sk\/adui\/wp-json\/wp\/v2\/media?parent=633"}],"curies":[{"name":"wp","href":"https:\/\/api.w.org\/{rel}","templated":true}]}}