{"id":630,"date":"2020-06-26T14:34:58","date_gmt":"2020-06-26T12:34:58","guid":{"rendered":"https:\/\/ics.science.upjs.sk\/adui\/?page_id=630"},"modified":"2023-11-17T00:03:33","modified_gmt":"2023-11-16T23:03:33","slug":"bachelors-degree","status":"publish","type":"page","link":"https:\/\/ics.science.upjs.sk\/adui\/en\/bachelors-degree\/","title":{"rendered":"Bachelor\u2019s degree"},"content":{"rendered":"\r\n<figure class=\"wp-block-image\" style=\"padding-left: 40px\"><img fetchpriority=\"high\" decoding=\"async\" width=\"1024\" height=\"422\" class=\"wp-image-172\" src=\"https:\/\/ics.science.upjs.sk\/adui\/wp-content\/uploads\/sites\/10\/2019\/11\/obr1-1024x422.jpg\" alt=\"\" srcset=\"https:\/\/ics.science.upjs.sk\/adui\/wp-content\/uploads\/sites\/10\/2019\/11\/obr1-1024x422.jpg 1024w, https:\/\/ics.science.upjs.sk\/adui\/wp-content\/uploads\/sites\/10\/2019\/11\/obr1-300x124.jpg 300w, https:\/\/ics.science.upjs.sk\/adui\/wp-content\/uploads\/sites\/10\/2019\/11\/obr1-768x316.jpg 768w\" sizes=\"(max-width: 1024px) 100vw, 1024px\" \/><\/figure>\r\n\r\n\r\n\r\n<p class=\"has-background\" style=\"background-color: #f4f4f4\"><strong>Data Analysis and Artificial Intelligence<\/strong> is an interdisciplinary study programme at the Faculty of Science at the Pavol Jozef \u0160af\u00e1rik University in Ko\u0161ice, which combines the theoretical and practical skills from the field of mathematics and computer science in a balanced manner. Interdisciplinarity provides the graduate <strong>greater opportunities in choosing follow-up studies or on the labor market.<\/strong><\/p>\r\n\r\n\r\n\r\n<p class=\"has-background\" style=\"background-color: #f4f4f4\"><span style=\"color: #000000\">For more info, see <a style=\"color: #000000\" href=\"https:\/\/studijne-programy.upjs.sk\/en\/prihlaska\/ADUIb?prihlasky=\" target=\"_blank\" rel=\"noreferrer noopener\" data-type=\"URL\" data-id=\"https:\/\/www.upjs.sk\/en\/faculty-of-science\/potential-students\/int-study\/adui-two-major-study\/\">the faculty page<\/a>.<\/span><\/p>\r\n\r\n\r\n\r\n<div class=\"wp-block-button aligncenter\"><a class=\"wp-block-button__link has-very-dark-gray-color has-light-green-cyan-background-color has-text-color has-background\" href=\"https:\/\/e-prihlaska.upjs.sk\/ais\/eprihlas\/#!\/home\" target=\"_blank\" rel=\"noreferrer noopener\">Apply to study ADUI<\/a><\/div>\r\n\r\n\r\n<hr class=\"wp-block-separator\" \/>\r\n\r\n\r\n<h3 class=\"has-text-align-center has-black-color has-white-background-color has-text-color has-background wp-block-heading\"><strong>Selection of courses<\/strong><\/h3>\r\n\r\n\r\n\r\n<h4 id=\"1-rok-studia\" class=\"has-white-color has-text-color has-background wp-block-heading\" style=\"background-color: #00376f\">1st year of study<\/h4>\r\n\r\n\r\n\r\n<ul class=\"has-background wp-block-list\" style=\"background-color: #c4c4c4\">\r\n<li><strong>Introduction to data analysis \u2013\u00a0<\/strong>The student will get an idea of what the focus and application of their studies will be right at the beginning.<\/li>\r\n<\/ul>\r\n\r\n\r\n\r\n<ul class=\"has-background wp-block-list\" style=\"background-color: #e4e4e4\">\r\n<li><strong>Algebra I, Algebra II for informaticians, Function of real variable, Function of real variables, Introduction to study of informatics<\/strong>\u00a0&#8211; The level of mathematic skills is what distinguishes our graduates from users of various analytical tools.<\/li>\r\n<\/ul>\r\n\r\n\r\n\r\n<ul class=\"has-background wp-block-list\" style=\"background-color: #c4c4c4\">\r\n<li><strong>Programming, algorithms and complexity\u00a0<\/strong>\u2013 The student will acquire the ability to process data but also have the possibility to change their specification.<\/li>\r\n<\/ul>\r\n\r\n\r\n\r\n<ul class=\"has-background wp-block-list\" style=\"background-color: #e4e4e4\">\r\n<li><strong>Mathematical software\u00a0<\/strong>\u2013 Many problems can no longer be solved without a computer. We will teach the student how to chose and use the right software.<\/li>\r\n<\/ul>\r\n\r\n\r\n\r\n<ul class=\"has-background wp-block-list\" style=\"background-color: #c4c4c4\">\r\n<li><strong>Linux Basics\u00a0<\/strong>&#8211;\u00a0working with different operating system is a benefit for everyone in IT sphere<\/li>\r\n<\/ul>\r\n\r\n<p>&nbsp;<\/p>\r\n\r\n\r\n\r\n\r\n\r\n\r\n\r\n<h4 id=\"1-rok-studia\" class=\"has-white-color has-text-color has-background wp-block-heading\" style=\"background-color: #00376f\">2nd year of study<\/h4>\r\n\r\n\r\n\r\n<ul class=\"has-background wp-block-list\" style=\"background-color: #c4c4c4\">\r\n<li><strong>Introduction to Machine Learning \u2013<\/strong>Machine Learning moves today\u2019s world.<\/li>\r\n<\/ul>\r\n\r\n\r\n\r\n<ul class=\"has-background wp-block-list\" style=\"background-color: #e4e4e4\">\r\n<li><strong>Database systems for mathematicians\u00a0<\/strong>\u2013 Data need to be stored and handled correctly.<\/li>\r\n<\/ul>\r\n\r\n\r\n\r\n<ul class=\"has-background wp-block-list\" style=\"background-color: #c4c4c4\">\r\n<li><strong>Linear and Integer programming, Discrete mathematics I and II \u2013 <\/strong>A further dive into exact foundations is needed after a warm-up.<\/li>\r\n<\/ul>\r\n\r\n\r\n\r\n<ul class=\"has-background wp-block-list\" style=\"background-color: #e4e4e4\">\r\n<li><strong>Introduction to Information Security<\/strong>\u00a0\u2013 One has to be careful when dealing with data.<\/li>\r\n<\/ul>\r\n\r\n\r\n\r\n<ul class=\"has-background wp-block-list\" style=\"background-color: #c4c4c4\">\r\n<li><strong>Automata and formal languages<\/strong>\u00a0\u2013 Programming languages change while the foundations they are built on stay invariant.<\/li>\r\n<\/ul>\r\n\r\n\r\n\r\n<ul class=\"has-background wp-block-list\" style=\"background-color: #e4e4e4\">\r\n<li><strong>Advanced programming in Python \u2013\u00a0<\/strong>We are keeping up with current trends in the field.<\/li>\r\n<\/ul>\r\n\r\n\r\n\r\n<ul class=\"has-background wp-block-list\" style=\"background-color: #c4c4c4\">\r\n<li><strong>Probability theory\u00a0<\/strong>\u2013 Plenty of events around us is non-deterministic.<\/li>\r\n<\/ul>\r\n\r\n\r\n\r\n<ul class=\"has-background wp-block-list\" style=\"background-color: #e4e4e4\">\r\n<li><strong>Data analysis project I <\/strong>\u2013 Practical experience in the data processing life cycle is invaluable.<\/li>\r\n<\/ul>\r\n\r\n<p>&nbsp;<\/p>\r\n\r\n<h4 id=\"1-rok-studia\" class=\"has-white-color has-text-color has-background wp-block-heading\" style=\"background-color: #00376f\">3rd year of study<\/h4>\r\n\r\n\r\n\r\n<ul class=\"has-background wp-block-list\" style=\"background-color: #c4c4c4\">\r\n<li><strong>Image analysis<\/strong><\/li>\r\n<\/ul>\r\n\r\n\r\n\r\n<ul class=\"has-background wp-block-list\" style=\"background-color: #e4e4e4\">\r\n<li><strong><strong>Mathematical statistics<\/strong><\/strong>\u00a0\u2013 Ordinary methods of data analysis are still going strong.<\/li>\r\n<\/ul>\r\n\r\n\r\n\r\n<ul class=\"has-background wp-block-list\" style=\"background-color: #c4c4c4\">\r\n<li><strong>Data analysis project II <\/strong>\u2013 There is no such thing as having enough of practical experience.<\/li>\r\n<\/ul>\r\n\r\n\r\n\r\n<ul class=\"has-background wp-block-list\" style=\"background-color: #e4e4e4\">\r\n<li><strong>Numerical Methods<\/strong>\u00a0\u2013 An exact answer to some problems does not always exist, but real life expects a solution.<\/li>\r\n<\/ul>\r\n\r\n\r\n\r\n<ul class=\"has-background wp-block-list\" style=\"background-color: #c4c4c4\">\r\n<li><strong>Functional Programming <\/strong>\u2013 Each problem has to be analyzed from different angles.<\/li>\r\n<\/ul>\r\n\r\n\r\n\r\n<ul class=\"has-background wp-block-list\" style=\"background-color: #e4e4e4\">\r\n<li><strong><strong>Introduction to neural networks\u00a0<\/strong><\/strong>&#8211;\u00a0students will get a glimpse into the world of predicting various situations<\/li>\r\n<\/ul>\r\n\r\n\r\n\r\n<ul class=\"has-background wp-block-list\" style=\"background-color: #c4c4c4\">\r\n<li><strong>Technologies of big data processing<\/strong><\/li>\r\n<\/ul>\r\n\r\n\r\n\r\n<ul class=\"has-background wp-block-list\" style=\"background-color: #e4e4e4\">\r\n<li><strong>Vybran\u00e9 aplik\u00e1cie d\u00e1tovej anal\u00fdzy<\/strong><\/li>\r\n<\/ul>\r\n\r\n\r\n<!-- \/wp:post-content -->\r\n\r\n<!-- wp:heading {\"textAlign\":\"center\",\"level\":3,\"backgroundColor\":\"white\",\"textColor\":\"black\"} \/-->\r\n\r\n<!-- wp:separator --><hr class=\"wp-block-separator\" \/><!-- \/wp:separator -->\r\n\r\n<!-- wp:paragraph {\"style\":{\"color\":{\"background\":\"#00376f\"}},\"textColor\":\"white\"} -->\r\n<p class=\"has-white-color has-text-color has-background\" style=\"background-color: #00376f\"><span style=\"color: #ffffff\">For more info about all courses, see <a style=\"color: #ffffff\" href=\"https:\/\/ais2.upjs.sk\/repo2\/repository\/default\/ais\/studijneplany\/2019-2020\/PF_UPJS\/EN\/ADUIb.xml\" target=\"_blank\" rel=\"noreferrer noopener\" data-type=\"URL\" data-id=\"https:\/\/ais2.upjs.sk\/repo2\/repository\/default\/ais\/studijneplany\/2019-2020\/PF_UPJS\/EN\/ADUIb.xml\">the study plan<\/a> and <a style=\"color: #ffffff\" href=\"https:\/\/ais2.upjs.sk\/repo2\/repository\/default\/ais\/informacnelisty\/2019-2020\/PF_UPJS\/EN\/ADUIb.pdf\" target=\"_blank\" rel=\"noreferrer noopener\" data-type=\"URL\" data-id=\"https:\/\/ais2.upjs.sk\/repo2\/repository\/default\/ais\/informacnelisty\/2019-2020\/PF_UPJS\/EN\/ADUIb.pdf\">information list of courses<\/a>.<\/span><\/p>\r\n<!-- \/wp:paragraph -->\r\n\r\n<!-- wp:separator --><hr class=\"wp-block-separator\" \/><!-- \/wp:separator -->\r\n\r\n<!-- wp:buttons {\"contentJustification\":\"center\"} -->\r\n<div class=\"wp-block-buttons is-content-justification-center\"><!-- wp:button {\"textColor\":\"white\",\"style\":{\"color\":{\"background\":\"#00376f\"}}} -->\r\n<div class=\"wp-block-button\"><a class=\"wp-block-button__link has-white-color has-text-color has-background\" style=\"background-color: #00376f\" href=\"https:\/\/ics.science.upjs.sk\/adui\/en\/faq-2\/\">FAQ<\/a><\/div>\r\n<!-- \/wp:button --><\/div>\r\n<!-- \/wp:buttons -->\r\n\r\n<!-- wp:separator --><hr class=\"wp-block-separator\" \/><!-- \/wp:separator -->\r\n\r\n<!-- wp:cover {\"url\":\"https:\/\/ics.science.upjs.sk\/adui\/wp-content\/uploads\/sites\/10\/2019\/11\/obr2-1024x483.jpg\",\"id\":173,\"dimRatio\":20,\"minHeight\":70,\"minHeightUnit\":\"px\",\"contentPosition\":\"center center\",\"style\":{\"color\":[]}} -->\r\n<div class=\"wp-block-cover has-background-dim-20 has-background-dim\" style=\"min-height: 70px\"><img decoding=\"async\" width=\"1024\" height=\"483\" class=\"wp-block-cover__image-background wp-image-173\" src=\"https:\/\/ics.science.upjs.sk\/adui\/wp-content\/uploads\/sites\/10\/2019\/11\/obr2-1024x483.jpg\" alt=\"\" data-object-fit=\"cover\" srcset=\"https:\/\/ics.science.upjs.sk\/adui\/wp-content\/uploads\/sites\/10\/2019\/11\/obr2-1024x483.jpg 1024w, https:\/\/ics.science.upjs.sk\/adui\/wp-content\/uploads\/sites\/10\/2019\/11\/obr2-300x141.jpg 300w, https:\/\/ics.science.upjs.sk\/adui\/wp-content\/uploads\/sites\/10\/2019\/11\/obr2-768x362.jpg 768w\" sizes=\"(max-width: 1024px) 100vw, 1024px\" \/>\r\n<div class=\"wp-block-cover__inner-container\"><!-- wp:paragraph {\"align\":\"center\",\"style\":{\"typography\":{\"fontSize\":\"33px\"}},\"textColor\":\"white\"} -->\r\n<p class=\"has-text-align-center has-white-color has-text-color\" style=\"font-size: 33px\"><span style=\"color: #ffffff\"><strong><a style=\"color: #ffffff\" href=\"https:\/\/ics.science.upjs.sk\/adui\/en\/masters-degree\/\" data-type=\"URL\" data-id=\"https:\/\/ics.science.upjs.sk\/adui\/en\/masters-degree\/\">Master&#8217;s degree<\/a><\/strong><\/span><\/p>\r\n<!-- \/wp:paragraph --><\/div>\r\n<\/div>\r\n<!-- \/wp:cover -->\r\n\r\n<!-- wp:separator --><hr class=\"wp-block-separator\" \/><!-- \/wp:separator -->\r\n\r\n<!-- wp:html -->\r\n<div style=\"text-align: center;width: 100%;min-height: 1px;flex: 0 0 100%;max-width: 100%;padding: 40px 15px 20px 15px\"><a title=\"UPJ\u0160\" href=\"https:\/\/www.upjs.sk\/en\/\" target=\"_blank\" rel=\"noopener noreferrer\"><img decoding=\"async\" style=\"height: 92px;text-decoration: none\" src=\"https:\/\/ics.science.upjs.sk\/adui\/wp-content\/uploads\/sites\/10\/2020\/03\/upjs_f.png\" \/><\/a> <a title=\"PF UPJ\u0160\" href=\"https:\/\/www.upjs.sk\/en\/faculty-of-science\/\" target=\"_blank\" rel=\"noopener noreferrer\"><img decoding=\"async\" style=\"padding: 0px;height: 80px;text-decoration: none\" src=\"https:\/\/ics.science.upjs.sk\/adui\/wp-content\/uploads\/sites\/10\/2019\/10\/upjs-logo.png\" \/><\/a> <a title=\"\u00daMV\" href=\"https:\/\/www.upjs.sk\/prirodovedecka-fakulta\/ustav\/umv\/24971\/\" target=\"_blank\" rel=\"noopener noreferrer\"><img decoding=\"async\" style=\"padding: 0px;height: 80px;text-decoration: none\" src=\"https:\/\/ics.science.upjs.sk\/adui\/wp-content\/uploads\/sites\/10\/2022\/11\/ustav-matematiky_v4_farebna_stvorec.png\" \/><\/a> <a title=\"\u00daINF\" href=\"https:\/\/ics.science.upjs.sk\/en\/institute-of-computer-science\/\" target=\"_blank\" rel=\"noopener noreferrer\"><img decoding=\"async\" style=\"padding: 0px;height: 80px;text-decoration: none\" src=\"https:\/\/ics.science.upjs.sk\/adui\/wp-content\/uploads\/sites\/10\/2023\/01\/ustav-informatiky_v4_farebna_stvorec.png\" \/><\/a><\/div>\r\n<!-- \/wp:html -->","protected":false},"excerpt":{"rendered":"<p>Data Analysis and Artificial Intelligence is an interdisciplinary study programme at the Faculty of Science at the Pavol Jozef \u0160af\u00e1rik University in Ko\u0161ice, which combines the theoretical and practical skills&hellip;<\/p>\n","protected":false},"author":14,"featured_media":0,"parent":0,"menu_order":0,"comment_status":"closed","ping_status":"closed","template":"","meta":{"footnotes":""},"class_list":["post-630","page","type-page","status-publish","hentry"],"_links":{"self":[{"href":"https:\/\/ics.science.upjs.sk\/adui\/wp-json\/wp\/v2\/pages\/630","targetHints":{"allow":["GET"]}}],"collection":[{"href":"https:\/\/ics.science.upjs.sk\/adui\/wp-json\/wp\/v2\/pages"}],"about":[{"href":"https:\/\/ics.science.upjs.sk\/adui\/wp-json\/wp\/v2\/types\/page"}],"author":[{"embeddable":true,"href":"https:\/\/ics.science.upjs.sk\/adui\/wp-json\/wp\/v2\/users\/14"}],"replies":[{"embeddable":true,"href":"https:\/\/ics.science.upjs.sk\/adui\/wp-json\/wp\/v2\/comments?post=630"}],"version-history":[{"count":20,"href":"https:\/\/ics.science.upjs.sk\/adui\/wp-json\/wp\/v2\/pages\/630\/revisions"}],"predecessor-version":[{"id":1925,"href":"https:\/\/ics.science.upjs.sk\/adui\/wp-json\/wp\/v2\/pages\/630\/revisions\/1925"}],"wp:attachment":[{"href":"https:\/\/ics.science.upjs.sk\/adui\/wp-json\/wp\/v2\/media?parent=630"}],"curies":[{"name":"wp","href":"https:\/\/api.w.org\/{rel}","templated":true}]}}