{"id":613,"date":"2020-06-25T18:32:36","date_gmt":"2020-06-25T16:32:36","guid":{"rendered":"https:\/\/ics.science.upjs.sk\/adui\/?page_id=613"},"modified":"2023-01-04T20:26:16","modified_gmt":"2023-01-04T19:26:16","slug":"study","status":"publish","type":"page","link":"https:\/\/ics.science.upjs.sk\/adui\/en\/study\/","title":{"rendered":"Study"},"content":{"rendered":"\r\n<p class=\"has-background\" style=\"background-color: #f4f4f4\"><strong>Data Analysis and Artificial Intelligence<\/strong> is an interdisciplinary study programme at the Faculty of Science at the Pavol Jozef \u0160af\u00e1rik University in Ko\u0161ice, which combines the theoretical and practical skills from the field of mathematics and computer science in a balanced manner. Interdisciplinarity provides the graduate <strong>greater opportunities in choosing follow-up studies or on the labor market.<\/strong><\/p>\r\n\r\n\r\n\r\n<p class=\"has-background\" style=\"background-color: #f4f4f4\"><span style=\"color: #000000\">For more info, see <a style=\"color: #000000\" href=\"https:\/\/www.upjs.sk\/en\/faculty-of-science\/potential-students\/int-study\/adui-two-major-study\/\" target=\"_blank\" rel=\"noreferrer noopener\" data-type=\"URL\" data-id=\"https:\/\/www.upjs.sk\/en\/faculty-of-science\/potential-students\/int-study\/adui-two-major-study\/\">the faculty page<\/a>.<\/span><\/p>\r\n\r\n\r\n\r\n<div class=\"wp-block-button aligncenter\"><a class=\"wp-block-button__link has-very-dark-gray-color has-light-green-cyan-background-color has-text-color has-background\" href=\"https:\/\/e-prihlaska.upjs.sk\/ais\/eprihlas\/#!\/home\" target=\"_blank\" rel=\"noreferrer noopener\">Apply to study ADUI<\/a><\/div>\r\n\r\n\r\n<hr class=\"wp-block-separator\" \/>\r\n\r\n\r\n<div class=\"wp-block-cover has-background-dim-20 has-background-dim\" style=\"min-height: 300px;aspect-ratio:unset;\"><img fetchpriority=\"high\" decoding=\"async\" width=\"1024\" height=\"422\" class=\"wp-block-cover__image-background wp-image-172\" src=\"https:\/\/ics.science.upjs.sk\/adui\/wp-content\/uploads\/sites\/10\/2019\/11\/obr1-1024x422.jpg\" alt=\"\" data-object-fit=\"cover\" srcset=\"https:\/\/ics.science.upjs.sk\/adui\/wp-content\/uploads\/sites\/10\/2019\/11\/obr1-1024x422.jpg 1024w, https:\/\/ics.science.upjs.sk\/adui\/wp-content\/uploads\/sites\/10\/2019\/11\/obr1-300x124.jpg 300w, https:\/\/ics.science.upjs.sk\/adui\/wp-content\/uploads\/sites\/10\/2019\/11\/obr1-768x316.jpg 768w\" sizes=\"(max-width: 1024px) 100vw, 1024px\" \/>\r\n<div class=\"wp-block-cover__inner-container is-layout-flow wp-block-cover-is-layout-flow\">\r\n<p class=\"has-text-align-center has-white-color has-text-color\" style=\"font-size: 30px\"><span style=\"color: #ffffff\"><strong><a style=\"color: #ffffff\" href=\"https:\/\/ics.science.upjs.sk\/adui\/en\/bachelors-degree\/\" data-type=\"URL\" data-id=\"https:\/\/ics.science.upjs.sk\/adui\/en\/bachelors-degree\/\">Bachelor&#8217;s degree<\/a><\/strong><\/span><\/p>\r\n<\/div>\r\n<\/div>\r\n\r\n\r\n\r\n<div class=\"wp-block-spacer\" style=\"height: 25px\" aria-hidden=\"true\">\u00a0<\/div>\r\n\r\n\r\n\r\n<div class=\"wp-block-cover has-background-dim-20 has-background-dim\" style=\"min-height: 300px;aspect-ratio:unset;\"><img decoding=\"async\" width=\"1024\" height=\"483\" class=\"wp-block-cover__image-background wp-image-173\" src=\"https:\/\/ics.science.upjs.sk\/adui\/wp-content\/uploads\/sites\/10\/2019\/11\/obr2-1024x483.jpg\" alt=\"\" data-object-fit=\"cover\" srcset=\"https:\/\/ics.science.upjs.sk\/adui\/wp-content\/uploads\/sites\/10\/2019\/11\/obr2-1024x483.jpg 1024w, https:\/\/ics.science.upjs.sk\/adui\/wp-content\/uploads\/sites\/10\/2019\/11\/obr2-300x141.jpg 300w, https:\/\/ics.science.upjs.sk\/adui\/wp-content\/uploads\/sites\/10\/2019\/11\/obr2-768x362.jpg 768w\" sizes=\"(max-width: 1024px) 100vw, 1024px\" \/>\r\n<div class=\"wp-block-cover__inner-container is-layout-flow wp-block-cover-is-layout-flow\">\r\n<p class=\"has-text-align-center has-white-color has-text-color\" style=\"font-size: 33px\"><span style=\"color: #ffffff\"><strong><a style=\"color: #ffffff\" href=\"https:\/\/ics.science.upjs.sk\/adui\/en\/masters-degree\/\" data-type=\"URL\" data-id=\"https:\/\/ics.science.upjs.sk\/adui\/en\/masters-degree\/\">Master&#8217;s degree<\/a><\/strong><\/span><\/p>\r\n<\/div>\r\n<\/div>\r\n\r\n\r\n<hr class=\"wp-block-separator\" \/>\r\n\r\n\r\n<p class=\"has-black-color has-text-color has-background\" style=\"background-color: #e4e4e4\"><span style=\"color: #000000\">For more info about all courses on bachelor&#8217;s degree, see <a style=\"color: #000000\" href=\"https:\/\/ais2.upjs.sk\/repo2\/repository\/default\/ais\/studijneplany\/2019-2020\/PF_UPJS\/EN\/ADUIb.xml\" target=\"_blank\" rel=\"noreferrer noopener\" data-type=\"URL\" data-id=\"https:\/\/ais2.upjs.sk\/repo2\/repository\/default\/ais\/studijneplany\/2019-2020\/PF_UPJS\/EN\/ADUIb.xml\">the study plan<\/a> and <a style=\"color: #000000\" href=\"https:\/\/ais2.upjs.sk\/repo2\/repository\/default\/ais\/informacnelisty\/2019-2020\/PF_UPJS\/EN\/ADUIb.pdf\" target=\"_blank\" rel=\"noreferrer noopener\" data-type=\"URL\" data-id=\"https:\/\/ais2.upjs.sk\/repo2\/repository\/default\/ais\/informacnelisty\/2019-2020\/PF_UPJS\/EN\/ADUIb.pdf\">information list of courses<\/a>.<\/span><\/p>\r\n\r\n\r\n<hr class=\"wp-block-separator\" \/>\r\n\r\n\r\n<div class=\"wp-block-buttons is-content-justification-center is-layout-flex wp-block-buttons-is-layout-flex\">\r\n<div class=\"wp-block-button\"><span style=\"color: #ffffff\"><a class=\"wp-block-button__link has-white-color has-text-color has-background\" style=\"background-color: #00376f;color: #ffffff\" href=\"https:\/\/ics.science.upjs.sk\/adui\/en\/faq-2\/\">FAQ<\/a><\/span><\/div>\r\n<\/div>\r\n\r\n\r\n<hr class=\"wp-block-separator\" \/>\r\n\r\n\r\n<div style=\"text-align: center;width: 100%;min-height: 1px;flex: 0 0 100%;max-width: 100%;padding: 40px 15px 20px 15px\"><a title=\"UPJ\u0160\" href=\"https:\/\/www.upjs.sk\/en\/\" target=\"_blank\" rel=\"noopener noreferrer\"><img decoding=\"async\" style=\"height: 92px;text-decoration: none\" src=\"https:\/\/ics.science.upjs.sk\/adui\/wp-content\/uploads\/sites\/10\/2020\/03\/upjs_f.png\" \/><\/a> <a title=\"PF UPJ\u0160\" href=\"https:\/\/www.upjs.sk\/en\/faculty-of-science\/\" target=\"_blank\" rel=\"noopener noreferrer\"><img decoding=\"async\" style=\"padding: 0px;height: 80px;text-decoration: none\" src=\"https:\/\/ics.science.upjs.sk\/adui\/wp-content\/uploads\/sites\/10\/2019\/10\/upjs-logo.png\" \/><\/a> <a title=\"\u00daMV\" href=\"https:\/\/www.upjs.sk\/prirodovedecka-fakulta\/ustav\/umv\/24971\/\" target=\"_blank\" rel=\"noopener noreferrer\"><img decoding=\"async\" style=\"padding: 0px;height: 80px;text-decoration: none\" src=\"https:\/\/ics.science.upjs.sk\/adui\/wp-content\/uploads\/sites\/10\/2022\/11\/ustav-matematiky_v4_farebna_stvorec.png\" \/><\/a> <a title=\"\u00daINF\" href=\"https:\/\/ics.science.upjs.sk\/en\/institute-of-computer-science\/\" target=\"_blank\" rel=\"noopener noreferrer\"><img decoding=\"async\" style=\"padding: 0px;height: 80px;text-decoration: none\" src=\"https:\/\/ics.science.upjs.sk\/adui\/wp-content\/uploads\/sites\/10\/2023\/01\/ustav-informatiky_v4_farebna_stvorec.png\" \/><\/a><\/div>\r\n","protected":false},"excerpt":{"rendered":"<p>Data Analysis and Artificial Intelligence is an interdisciplinary study programme at the Faculty of Science at the Pavol Jozef \u0160af\u00e1rik University in Ko\u0161ice, which combines the theoretical and practical skills&hellip;<\/p>\n","protected":false},"author":14,"featured_media":0,"parent":0,"menu_order":0,"comment_status":"closed","ping_status":"closed","template":"","meta":{"footnotes":""},"class_list":["post-613","page","type-page","status-publish","hentry"],"_links":{"self":[{"href":"https:\/\/ics.science.upjs.sk\/adui\/wp-json\/wp\/v2\/pages\/613","targetHints":{"allow":["GET"]}}],"collection":[{"href":"https:\/\/ics.science.upjs.sk\/adui\/wp-json\/wp\/v2\/pages"}],"about":[{"href":"https:\/\/ics.science.upjs.sk\/adui\/wp-json\/wp\/v2\/types\/page"}],"author":[{"embeddable":true,"href":"https:\/\/ics.science.upjs.sk\/adui\/wp-json\/wp\/v2\/users\/14"}],"replies":[{"embeddable":true,"href":"https:\/\/ics.science.upjs.sk\/adui\/wp-json\/wp\/v2\/comments?post=613"}],"version-history":[{"count":21,"href":"https:\/\/ics.science.upjs.sk\/adui\/wp-json\/wp\/v2\/pages\/613\/revisions"}],"predecessor-version":[{"id":1621,"href":"https:\/\/ics.science.upjs.sk\/adui\/wp-json\/wp\/v2\/pages\/613\/revisions\/1621"}],"wp:attachment":[{"href":"https:\/\/ics.science.upjs.sk\/adui\/wp-json\/wp\/v2\/media?parent=613"}],"curies":[{"name":"wp","href":"https:\/\/api.w.org\/{rel}","templated":true}]}}