{"id":594,"date":"2020-06-23T13:05:44","date_gmt":"2020-06-23T11:05:44","guid":{"rendered":"https:\/\/ics.science.upjs.sk\/adui\/?page_id=594"},"modified":"2023-01-04T20:21:41","modified_gmt":"2023-01-04T19:21:41","slug":"contact-information-2","status":"publish","type":"page","link":"https:\/\/ics.science.upjs.sk\/adui\/en\/contact-information-2\/","title":{"rendered":"Contact information"},"content":{"rendered":"\r\n<p class=\"has-background\" style=\"background-color: #f4f4f4\"><strong>Data analysis and Artificial Intelligence<\/strong> is an interdisciplinary study programme for Bachelor\u2019s and Master\u2019s levels at the <strong><a href=\"https:\/\/www.upjs.sk\/en\/faculty-of-science\/?prefferedLang=EN\" target=\"_blank\" rel=\"noreferrer noopener\" data-type=\"URL\" data-id=\"https:\/\/www.upjs.sk\/en\/faculty-of-science\/?prefferedLang=EN\">Faculty of Science<\/a> of <a href=\"https:\/\/www.upjs.sk\/en\/?prefferedLang=EN\" target=\"_blank\" rel=\"noreferrer noopener\" data-type=\"URL\" data-id=\"https:\/\/www.upjs.sk\/en\/?prefferedLang=EN\">Pavol Jozef \u0160af\u00e1rik University in Ko\u0161ice<\/a><\/strong> organised by <em><a href=\"https:\/\/www.upjs.sk\/prirodovedecka-fakulta\/ustav\/umv\/24971\/\" target=\"_blank\" rel=\"noreferrer noopener\" data-type=\"URL\" data-id=\"https:\/\/www.upjs.sk\/prirodovedecka-fakulta\/ustav\/umv\/24971\/\">the Institute of Mathematics<\/a><\/em> and <em><a href=\"https:\/\/ics.science.upjs.sk\/en\/institute-of-computer-science\/\" target=\"_blank\" rel=\"noreferrer noopener\" data-type=\"URL\" data-id=\"https:\/\/ics.science.upjs.sk\/en\/institute-of-computer-science\/\">the Institute of Informatics<\/a><\/em>.<\/p>\r\n\r\n\r\n\r\n<p class=\"has-background\" style=\"background-color: #f4f4f4\">Looking for further information about the study programme or our events? Email us at <strong><a href=\"mailto:adui@upjs.sk\" target=\"_blank\" rel=\"noreferrer noopener\">adui@upjs.sk<\/a><\/strong>.<\/p>\r\n\r\n\r\n\r\n<div class=\"wp-block-button aligncenter\"><a class=\"wp-block-button__link has-very-dark-gray-color has-light-green-cyan-background-color has-text-color has-background\" href=\"https:\/\/e-prihlaska.upjs.sk\/ais\/eprihlas\/#!\/home\" target=\"_blank\" rel=\"noreferrer noopener\">Apply to study ADUI<\/a><\/div>\r\n\r\n\r\n<hr class=\"wp-block-separator\" \/>\r\n\r\n\r\n<p class=\"has-text-align-center has-white-color has-text-color has-background\" style=\"background-color: #00376f\"><strong>Pavol Jozef \u0160af\u00e1rik University<\/strong><\/p>\r\n\r\n\r\n\r\n<figure class=\"wp-block-table\">\r\n<table>\r\n<tbody>\r\n<tr>\r\n<td><strong>website<\/strong><\/td>\r\n<td><a href=\"https:\/\/www.upjs.sk\/en\/?prefferedLang=EN\" target=\"_blank\" rel=\"noreferrer noopener\">https:\/\/www.upjs.sk\/en\/?prefferedLang=EN<\/a><\/td>\r\n<\/tr>\r\n<tr>\r\n<td><strong>facebook<\/strong><\/td>\r\n<td><a href=\"https:\/\/www.facebook.com\/UniverzitaPavlaJozefaSafarikaVkosiciach\" target=\"_blank\" rel=\"noreferrer noopener\">https:\/\/www.facebook.com\/UniverzitaPavlaJozefaSafarikaVkosiciach<\/a><\/td>\r\n<\/tr>\r\n<tr>\r\n<td><strong>instagram<\/strong><\/td>\r\n<td><a href=\"https:\/\/www.instagram.com\/upjs_kosice\/\" target=\"_blank\" rel=\"noreferrer noopener\">https:\/\/www.instagram.com\/upjs_kosice\/<\/a><\/td>\r\n<\/tr>\r\n<tr>\r\n<td><strong>address<\/strong><\/td>\r\n<td>\u0160rob\u00e1rova 2, 041 80 Ko\u0161ice<\/td>\r\n<\/tr>\r\n<tr>\r\n<td><strong>tel.<\/strong><\/td>\r\n<td>055\/234 1100<\/td>\r\n<\/tr>\r\n<tr>\r\n<td><strong>email<\/strong><\/td>\r\n<td><a href=\"mailto:rektor@upjs.sk\" target=\"_blank\" rel=\"noreferrer noopener\">rektor@upjs.sk<\/a><\/td>\r\n<\/tr>\r\n<\/tbody>\r\n<\/table>\r\n<\/figure>\r\n\r\n\r\n\r\n<div class=\"wp-block-spacer\" style=\"height: 20px\" aria-hidden=\"true\">\u00a0<\/div>\r\n\r\n\r\n\r\n<figure class=\"wp-block-image size-large\"><a href=\"https:\/\/goo.gl\/maps\/ENNHfwrhKoCizXov5\" target=\"_blank\" rel=\"noopener\"><img fetchpriority=\"high\" decoding=\"async\" width=\"1024\" height=\"735\" class=\"wp-image-1150\" src=\"https:\/\/ics.science.upjs.sk\/adui\/wp-content\/uploads\/sites\/10\/2022\/02\/SmartSelect_20220213-232413_Maps-1024x735.jpg\" alt=\"\" srcset=\"https:\/\/ics.science.upjs.sk\/adui\/wp-content\/uploads\/sites\/10\/2022\/02\/SmartSelect_20220213-232413_Maps-1024x735.jpg 1024w, https:\/\/ics.science.upjs.sk\/adui\/wp-content\/uploads\/sites\/10\/2022\/02\/SmartSelect_20220213-232413_Maps-300x215.jpg 300w, https:\/\/ics.science.upjs.sk\/adui\/wp-content\/uploads\/sites\/10\/2022\/02\/SmartSelect_20220213-232413_Maps-768x551.jpg 768w, https:\/\/ics.science.upjs.sk\/adui\/wp-content\/uploads\/sites\/10\/2022\/02\/SmartSelect_20220213-232413_Maps-1536x1103.jpg 1536w, https:\/\/ics.science.upjs.sk\/adui\/wp-content\/uploads\/sites\/10\/2022\/02\/SmartSelect_20220213-232413_Maps.jpg 1684w\" sizes=\"(max-width: 1024px) 100vw, 1024px\" \/><\/a><\/figure>\r\n\r\n\r\n\r\n<div class=\"wp-block-spacer\" style=\"height: 100px\" aria-hidden=\"true\">\u00a0<\/div>\r\n\r\n\r\n\r\n<p class=\"has-text-align-center has-white-color has-text-color has-background\" style=\"background-color: #008338\"><strong>Faculty of Science<\/strong><\/p>\r\n\r\n\r\n\r\n<figure class=\"wp-block-table\">\r\n<table>\r\n<tbody>\r\n<tr>\r\n<td><strong>website<\/strong><\/td>\r\n<td><a href=\"https:\/\/www.upjs.sk\/en\/faculty-of-science\/?prefferedLang=EN\" target=\"_blank\" rel=\"noreferrer noopener\">https:\/\/www.upjs.sk\/en\/faculty-of-science\/?prefferedLang=EN<\/a><\/td>\r\n<\/tr>\r\n<tr>\r\n<td><strong>facebook<\/strong><\/td>\r\n<td><a href=\"https:\/\/www.facebook.com\/pfupjs\/\" target=\"_blank\" rel=\"noreferrer noopener\">https:\/\/www.facebook.com\/pfupjs\/<\/a><\/td>\r\n<\/tr>\r\n<tr>\r\n<td><strong>instagram<\/strong><\/td>\r\n<td><a href=\"https:\/\/www.instagram.com\/pfupjs\/\" target=\"_blank\" rel=\"noreferrer noopener\">https:\/\/www.instagram.com\/pfupjs\/<\/a><\/td>\r\n<\/tr>\r\n<tr>\r\n<td><strong>tel.<\/strong> <strong>(dean\u2019s secretariat)<\/strong><\/td>\r\n<td>+421 55 234 2181<\/td>\r\n<\/tr>\r\n<tr>\r\n<td><strong>email (dean\u2019s secretariat)<\/strong><\/td>\r\n<td><a href=\"mailto:pfsekret@upjs.sk\">pfsekret@upjs.sk<\/a><\/td>\r\n<\/tr>\r\n<\/tbody>\r\n<\/table>\r\n<\/figure>\r\n\r\n\r\n\r\n<div class=\"wp-block-spacer\" style=\"height: 100px\" aria-hidden=\"true\">\u00a0<\/div>\r\n\r\n\r\n\r\n<p class=\"has-text-align-center has-white-color has-text-color has-background\" style=\"background-color: #085e2b\"><strong>The Institute of Mathematics<\/strong><\/p>\r\n\r\n\r\n\r\n<figure class=\"wp-block-table\">\r\n<table>\r\n<tbody>\r\n<tr>\r\n<td><strong>website<\/strong><\/td>\r\n<td><a href=\"https:\/\/www.upjs.sk\/prirodovedecka-fakulta\/ustav\/umv\/24971\/\" target=\"_blank\" rel=\"noreferrer noopener\">https:\/\/www.upjs.sk\/prirodovedecka-fakulta\/ustav\/umv\/24971\/<\/a><\/td>\r\n<\/tr>\r\n<tr>\r\n<td><strong>facebook<\/strong><\/td>\r\n<td><a href=\"https:\/\/www.facebook.com\/matematika.upjs\" target=\"_blank\" rel=\"noreferrer noopener\">https:\/\/www.facebook.com\/matematika.upjs<\/a><\/td>\r\n<\/tr>\r\n<tr>\r\n<td><strong>instagram<\/strong><\/td>\r\n<td><a href=\"https:\/\/www.instagram.com\/matematika.upjs\/\" target=\"_blank\" rel=\"noreferrer noopener\">https:\/\/www.instagram.com\/matematika.upjs\/<\/a><\/td>\r\n<\/tr>\r\n<tr>\r\n<td><strong>address<\/strong><\/td>\r\n<td>Jesenn\u00e1 5, 040 01 Ko\u0161ice<\/td>\r\n<\/tr>\r\n<tr>\r\n<td><strong>tel.<\/strong><\/td>\r\n<td>+421 55 234 2213<\/td>\r\n<\/tr>\r\n<tr>\r\n<td><strong>email<\/strong><\/td>\r\n<td><a href=\"mailto:umv@upjs.sk\" target=\"_blank\" rel=\"noreferrer noopener\">umv@upjs.sk<\/a><\/td>\r\n<\/tr>\r\n<\/tbody>\r\n<\/table>\r\n<\/figure>\r\n\r\n\r\n\r\n<div class=\"wp-block-spacer\" style=\"height: 100px\" aria-hidden=\"true\">\u00a0<\/div>\r\n\r\n\r\n\r\n<p class=\"has-text-align-center has-white-color has-text-color has-background\" style=\"background-color: #96be3d\"><strong>The Institute of Informatics<\/strong><\/p>\r\n\r\n\r\n\r\n<figure class=\"wp-block-table\">\r\n<table>\r\n<tbody>\r\n<tr>\r\n<td><strong><strong>website<\/strong><\/strong><\/td>\r\n<td><a href=\"https:\/\/ics.science.upjs.sk\/en\/institute-of-computer-science\/\" target=\"_blank\" rel=\"noreferrer noopener\">https:\/\/ics.science.upjs.sk\/en\/institute-of-computer-science\/<\/a><\/td>\r\n<\/tr>\r\n<tr>\r\n<td><strong>facebook<\/strong><\/td>\r\n<td><a href=\"https:\/\/www.facebook.com\/UstavInformatikyUPJS\/\" target=\"_blank\" rel=\"noreferrer noopener\">https:\/\/www.facebook.com\/UstavInformatikyUPJS\/<\/a><\/td>\r\n<\/tr>\r\n<tr>\r\n<td><strong>address<\/strong><\/td>\r\n<td>Jesenn\u00e1 5, 040 01 Ko\u0161ice<\/td>\r\n<\/tr>\r\n<tr>\r\n<td><strong>tel.<\/strong><\/td>\r\n<td>+421 55 234 2440<br \/>+421 55 234 2441<\/td>\r\n<\/tr>\r\n<tr>\r\n<td><strong>email<\/strong><\/td>\r\n<td><a href=\"mailto:ui@upjs.sk\" target=\"_blank\" rel=\"noreferrer noopener\">ui@upjs.sk<\/a><\/td>\r\n<\/tr>\r\n<\/tbody>\r\n<\/table>\r\n<\/figure>\r\n\r\n\r\n\r\n<div class=\"wp-block-spacer\" style=\"height: 21px\" aria-hidden=\"true\">\u00a0<\/div>\r\n\r\n\r\n\r\n<figure class=\"wp-block-image size-large\"><a href=\"https:\/\/goo.gl\/maps\/F7GGTC1wpZGCyw6B7\" target=\"_blank\" rel=\"noopener\"><img decoding=\"async\" width=\"1024\" height=\"721\" class=\"wp-image-1151\" src=\"https:\/\/ics.science.upjs.sk\/adui\/wp-content\/uploads\/sites\/10\/2022\/02\/SmartSelect_20220213-231836_Maps-1024x721.jpg\" alt=\"\" srcset=\"https:\/\/ics.science.upjs.sk\/adui\/wp-content\/uploads\/sites\/10\/2022\/02\/SmartSelect_20220213-231836_Maps-1024x721.jpg 1024w, https:\/\/ics.science.upjs.sk\/adui\/wp-content\/uploads\/sites\/10\/2022\/02\/SmartSelect_20220213-231836_Maps-300x211.jpg 300w, https:\/\/ics.science.upjs.sk\/adui\/wp-content\/uploads\/sites\/10\/2022\/02\/SmartSelect_20220213-231836_Maps-768x541.jpg 768w, https:\/\/ics.science.upjs.sk\/adui\/wp-content\/uploads\/sites\/10\/2022\/02\/SmartSelect_20220213-231836_Maps-1536x1082.jpg 1536w, https:\/\/ics.science.upjs.sk\/adui\/wp-content\/uploads\/sites\/10\/2022\/02\/SmartSelect_20220213-231836_Maps.jpg 1688w\" sizes=\"(max-width: 1024px) 100vw, 1024px\" \/><\/a><\/figure>\r\n\r\n\r\n\r\n<div class=\"wp-block-spacer\" style=\"height: 100px\" aria-hidden=\"true\">\u00a0<\/div>\r\n\r\n\r\n\r\n<p class=\"has-text-align-center has-white-color has-text-color has-background\" style=\"background-color: #797979\"><strong>More useful links<\/strong><\/p>\r\n\r\n\r\n\r\n<figure class=\"wp-block-table\">\r\n<table>\r\n<tbody>\r\n<tr>\r\n<td><strong>website Na dva kroky<\/strong><\/td>\r\n<td><a href=\"https:\/\/nadvakroky.sk\/\" target=\"_blank\" rel=\"noreferrer noopener\">https:\/\/nadvakroky.sk\/<\/a><\/td>\r\n<\/tr>\r\n<tr>\r\n<td><strong>website DAM<\/strong><\/td>\r\n<td><a href=\"https:\/\/dam.science.upjs.sk\/\" target=\"_blank\" rel=\"noreferrer noopener\">https:\/\/dam.science.upjs.sk\/<\/a><\/td>\r\n<\/tr>\r\n<tr>\r\n<td><strong>facebook DAM<\/strong><\/td>\r\n<td><a href=\"https:\/\/www.facebook.com\/DAMupjs\/\" target=\"_blank\" rel=\"noreferrer noopener\">https:\/\/www.facebook.com\/DAMupjs\/<\/a><\/td>\r\n<\/tr>\r\n<tr>\r\n<td><strong>e-prihlaska<\/strong><\/td>\r\n<td><a href=\"https:\/\/e-prihlaska.upjs.sk\/ais\/eprihlas\/#!\/home\">https:\/\/e-prihlaska.upjs.sk\/ais\/eprihlas\/#!\/home<\/a><\/td>\r\n<\/tr>\r\n<tr>\r\n<td><strong>information for potential students<\/strong><\/td>\r\n<td><a href=\"https:\/\/www.upjs.sk\/en\/faculty-of-science\/potential-students\/\" target=\"_blank\" rel=\"noreferrer noopener\">https:\/\/www.upjs.sk\/en\/faculty-of-science\/potential-students\/<\/a><\/td>\r\n<\/tr>\r\n<\/tbody>\r\n<\/table>\r\n<\/figure>\r\n\r\n\r\n\r\n<div class=\"wp-block-spacer\" style=\"height: 30px\" aria-hidden=\"true\">\u00a0<\/div>\r\n\r\n\r\n\r\n<div class=\"wp-block-buttons is-content-justification-center is-layout-flex wp-container-core-buttons-is-layout-16018d1d wp-block-buttons-is-layout-flex\">\r\n<div class=\"wp-block-button\"><a class=\"wp-block-button__link has-white-color has-text-color has-background\" style=\"background-color: #00376f\" href=\"https:\/\/tourmake.it\/sk\/tour\/f3b5fca993f3385ba597588a2d33662c?heading=348.17&amp;pitch=-1.19&amp;zoom=0.32&amp;c=319511\" target=\"_blank\" rel=\"noreferrer noopener\">virtual tour<\/a><\/div>\r\n<\/div>\r\n\r\n\r\n\r\n<div class=\"wp-block-spacer\" style=\"height: 10px\" aria-hidden=\"true\">\u00a0<\/div>\r\n\r\n\r\n\r\n<div class=\"wp-block-buttons is-content-justification-center is-layout-flex wp-container-core-buttons-is-layout-16018d1d wp-block-buttons-is-layout-flex\">\r\n<div class=\"wp-block-button\"><span style=\"color: #ffffff\"><a class=\"wp-block-button__link has-white-color has-text-color has-background\" style=\"background-color: #00376f;color: #ffffff\" href=\"https:\/\/upjs_kosice.tematickemapy.sk\/mapa\/mapa.html\" target=\"_blank\" rel=\"noreferrer noopener\">thematic map<\/a><\/span><\/div>\r\n<\/div>\r\n\r\n\r\n<hr class=\"wp-block-separator\" \/>\r\n\r\n\r\n<div style=\"text-align: center;width: 100%;min-height: 1px;flex: 0 0 100%;max-width: 100%;padding: 40px 15px 20px 15px\"><a title=\"UPJ\u0160\" href=\"https:\/\/www.upjs.sk\/en\/\" target=\"_blank\" rel=\"noopener noreferrer\"><img decoding=\"async\" style=\"height: 92px;text-decoration: none\" src=\"https:\/\/ics.science.upjs.sk\/adui\/wp-content\/uploads\/sites\/10\/2020\/03\/upjs_f.png\" \/><\/a> <a title=\"PF UPJ\u0160\" href=\"https:\/\/www.upjs.sk\/en\/faculty-of-science\/\" target=\"_blank\" rel=\"noopener noreferrer\"><img decoding=\"async\" style=\"padding: 0px;height: 80px;text-decoration: none\" src=\"https:\/\/ics.science.upjs.sk\/adui\/wp-content\/uploads\/sites\/10\/2019\/10\/upjs-logo.png\" \/><\/a> <a title=\"\u00daMV\" href=\"https:\/\/www.upjs.sk\/prirodovedecka-fakulta\/ustav\/umv\/24971\/\" target=\"_blank\" rel=\"noopener noreferrer\"><img decoding=\"async\" style=\"padding: 0px;height: 80px;text-decoration: none\" src=\"https:\/\/ics.science.upjs.sk\/adui\/wp-content\/uploads\/sites\/10\/2022\/11\/ustav-matematiky_v4_farebna_stvorec.png\" \/><\/a> <a title=\"\u00daINF\" href=\"https:\/\/ics.science.upjs.sk\/en\/institute-of-computer-science\/\" target=\"_blank\" rel=\"noopener noreferrer\"><img decoding=\"async\" style=\"padding: 0px;height: 80px;text-decoration: none\" src=\"https:\/\/ics.science.upjs.sk\/adui\/wp-content\/uploads\/sites\/10\/2023\/01\/ustav-informatiky_v4_farebna_stvorec.png\" \/><\/a><\/div>\r\n","protected":false},"excerpt":{"rendered":"<p>Data analysis and Artificial Intelligence is an interdisciplinary study programme for Bachelor\u2019s and Master\u2019s levels at the Faculty of Science of Pavol Jozef \u0160af\u00e1rik University in Ko\u0161ice organised by the&hellip;<\/p>\n","protected":false},"author":14,"featured_media":0,"parent":0,"menu_order":0,"comment_status":"closed","ping_status":"closed","template":"","meta":{"footnotes":""},"class_list":["post-594","page","type-page","status-publish","hentry"],"_links":{"self":[{"href":"https:\/\/ics.science.upjs.sk\/adui\/wp-json\/wp\/v2\/pages\/594","targetHints":{"allow":["GET"]}}],"collection":[{"href":"https:\/\/ics.science.upjs.sk\/adui\/wp-json\/wp\/v2\/pages"}],"about":[{"href":"https:\/\/ics.science.upjs.sk\/adui\/wp-json\/wp\/v2\/types\/page"}],"author":[{"embeddable":true,"href":"https:\/\/ics.science.upjs.sk\/adui\/wp-json\/wp\/v2\/users\/14"}],"replies":[{"embeddable":true,"href":"https:\/\/ics.science.upjs.sk\/adui\/wp-json\/wp\/v2\/comments?post=594"}],"version-history":[{"count":20,"href":"https:\/\/ics.science.upjs.sk\/adui\/wp-json\/wp\/v2\/pages\/594\/revisions"}],"predecessor-version":[{"id":1613,"href":"https:\/\/ics.science.upjs.sk\/adui\/wp-json\/wp\/v2\/pages\/594\/revisions\/1613"}],"wp:attachment":[{"href":"https:\/\/ics.science.upjs.sk\/adui\/wp-json\/wp\/v2\/media?parent=594"}],"curies":[{"name":"wp","href":"https:\/\/api.w.org\/{rel}","templated":true}]}}