{"id":3122,"date":"2025-12-27T18:35:41","date_gmt":"2025-12-27T17:35:41","guid":{"rendered":"https:\/\/ics.science.upjs.sk\/adui\/?page_id=3122"},"modified":"2026-03-10T20:48:18","modified_gmt":"2026-03-10T19:48:18","slug":"dataday-6","status":"publish","type":"page","link":"https:\/\/ics.science.upjs.sk\/adui\/dataday-6\/","title":{"rendered":"DataDay 6"},"content":{"rendered":"\r\n<figure class=\"wp-block-image size-large\"><img fetchpriority=\"high\" decoding=\"async\" class=\"alignnone wp-image-1452 size-full\" src=\"https:\/\/ics.science.upjs.sk\/adui\/wp-content\/uploads\/sites\/10\/2025\/12\/logo_data_day_6.png\" alt=\"\" width=\"1640\" height=\"924\" \/><\/figure>\r\n\r\n\r\n\r\n<p class=\"has-background\" style=\"background-color: #e0e0e0\" data-darkreader-inline-bgcolor=\"\">DataDay 6 sa konal <strong>14. febru\u00e1ra 2026<\/strong> a priniesol de\u0148 pln\u00fd d\u00e1t, technol\u00f3gi\u00ed a dobrej atmosf\u00e9ry. \u00da\u010dastn\u00edci si mohli vysk\u00fa\u0161a\u0165 zauj\u00edmav\u00e9 workshopy z oblasti d\u00e1tovej vedy a umelej inteligencie, vypo\u010du\u0165 si p\u00fatav\u00fa \u00favodn\u00fa predn\u00e1\u0161ku o aktu\u00e1lnych trendoch v hologramoch, zapoji\u0165 sa do s\u00fa\u0165a\u017e\u00ed a otestova\u0165 svoje vedomosti v Kahoot kv\u00edze. Nech\u00fdbala ani pizza, priestor na diskusiu a spozn\u00e1vanie nov\u00fdch \u013eud\u00ed so spolo\u010dn\u00fdm z\u00e1ujmom o d\u00e1ta a technol\u00f3gie.<\/p>\r\n\r\n\r\n\r\n<p class=\"has-background\" style=\"background-color: #e0e0e0\" data-darkreader-inline-bgcolor=\"\">Fotografie z DataDay 6 si m\u00f4\u017eete pozrie\u0165 <a href=\"https:\/\/ics.science.upjs.sk\/adui\/dataday-6-fotogaleria\/\" target=\"_blank\">tu<\/a>. Sledujte DAM team na: <a href=\"https:\/\/www.facebook.com\/DAMupjs\" target=\"_blank\" rel=\"noopener\">Facebook<\/a>, <a href=\"https:\/\/www.linkedin.com\/company\/data-analytics-meetings\/\" target=\"_blank\" rel=\"noopener\">LinkedIn<\/a> a <a href=\"https:\/\/www.instagram.com\/dam_upjs\/\" target=\"_blank\" rel=\"noopener\">Instagram<\/a>.<\/p>\r\n\u00a0\r\n\r\n\r\n<div class=\"wp-block-spacer\" style=\"height: 50px\" aria-hidden=\"true\">\u00a0<\/div>\r\n\r\n\r\n\r\n<h4 id=\"2-rok-studia\" class=\"has-white-color has-text-color has-background wp-block-heading\" style=\"background-color: #ff7f04;text-align: center\" data-darkreader-inline-bgcolor=\"\">KEDY A KDE?<\/h4>\r\n\r\n\r\n\r\n<figure class=\"wp-block-image size-medium\"><img decoding=\"async\" class=\"aligncenter wp-image-1335 size-medium\" src=\"https:\/\/ics.science.upjs.sk\/adui\/wp-content\/uploads\/sites\/10\/2025\/12\/time_place_data_day_6.png\" alt=\"\" style=\"width:90%;height:auto\" \/>\r\n<\/figure>\r\n\r\n<div class=\"wp-block-spacer\" style=\"height: 20px\" aria-hidden=\"true\">\u00a0<\/div>\r\n\r\n\r\n\r\n<h4 id=\"2-rok-studia\" class=\"has-white-color has-text-color has-background wp-block-heading\" style=\"background-color: #ff7f04;text-align: center\" data-darkreader-inline-bgcolor=\"\">PROGRAM<\/h4>\r\n\r\n\r\n\r\n<figure class=\"wp-block-image size-large\"><img decoding=\"async\" class=\"aligncenter wp-image-1335\" src=\"https:\/\/ics.science.upjs.sk\/adui\/wp-content\/uploads\/sites\/10\/2026\/01\/programme-scaled.jpg\" alt=\"\" width=\"550\" height=\"310\" \/><\/figure>\r\n\r\n\r\n\r\n<figure class=\"wp-block-image size-large\"><\/figure>\r\n\r\n\r\n\r\n<div class=\"wp-block-spacer\" style=\"height: 40px\" aria-hidden=\"true\">\u00a0<\/div>\r\n\r\n\r\n\r\n<figure class=\"wp-block-image size-large\"><\/figure>\r\n\r\n\r\n\r\n<h4 id=\"2-rok-studia\" class=\"has-white-color has-text-color has-background wp-block-heading\" style=\"background-color: #ff7f04;text-align: center\" data-darkreader-inline-bgcolor=\"\">PREDN\u00c1\u0160KA<\/h4>\r\n\r\n<div class=\"wp-block-media-text alignwide is-stacked-on-mobile\" style=\"grid-template-columns: 43% auto\">\r\n<figure class=\"wp-block-media-text__media\"><img decoding=\"async\" class=\"alignnone wp-image-1370 size-full\" src=\"https:\/\/ics.science.upjs.sk\/adui\/wp-content\/uploads\/sites\/10\/2026\/02\/holographs_dataday6.jpg\" alt=\"\" width=\"4792\" height=\"3728\" \/><\/figure>\r\n<div class=\"wp-block-media-text__content\">\r\n<p><strong>Umel\u00e1 inteligencia v hologramoch<\/strong><\/p>\r\n\r\n\r\n\r\n<p class=\"has-small-font-size\" style=\"text-align: left\">Pri komunik\u00e1cii cez 3D okuliare rozdiel medzi avatarom a hologramom\r\nspo\u010d\u00edva v tom ak\u00e9 d\u00e1ta sa pren\u00e1\u0161aj\u00fa.  V predn\u00e1\u0161ke uk\u00e1\u017eeme ako sa hologram \u010dloveka d\u00e1 vytvori\u0165, ako vyzer\u00e1, ak\u00e9 technick\u00e9 probl\u00e9my predstavuje a o ak\u00e9 d\u00e1ta vlastne ide.<\/p>\r\n<\/div>\r\n<\/div>\r\n\r\n\r\n\r\n\r\n<h4 id=\"2-rok-studia\" class=\"has-white-color has-text-color has-background wp-block-heading\" style=\"background-color: #ff7f04;text-align: center\" data-darkreader-inline-bgcolor=\"\">WORKSHOPY<\/h4>\r\n\r\n\r\n\r\n<div class=\"wp-block-media-text alignwide has-media-on-the-right is-stacked-on-mobile\" style=\"grid-template-columns: auto 43%\">\r\n<figure class=\"wp-block-media-text__media\"><img loading=\"lazy\" decoding=\"async\" class=\"alignnone wp-image-1371 size-full\" src=\"https:\/\/ics.science.upjs.sk\/adui\/wp-content\/uploads\/sites\/10\/2026\/02\/chatbot_dataday6.jpg\" alt=\"\" width=\"4792\" height=\"3728\" \/><\/figure>\r\n<div class=\"wp-block-media-text__content\">\r\n<p><strong>Ako n\u00e1m rozumie chatbot?<\/strong><\/p>\r\n\r\n\r\n\r\n<p class=\"has-small-font-size\" style=\"text-align: left\">Ka\u017ed\u00fd u\u017e asi pou\u017e\u00edva chatbot a vie ako funguje. Kto v\u0161ak tu\u0161\u00ed ako chatbot rozumie n\u00e1m? Na na\u0161om workshope si sk\u00fasite previes\u0165 text z \u013eudskej re\u010di na \u010d\u00edsla zrozumite\u013en\u00e9 pre chatbot.<\/p>\r\n<\/div>\r\n<\/div>\r\n\r\n\r\n\r\n<div class=\"wp-block-media-text alignwide is-stacked-on-mobile\" style=\"grid-template-columns: 43% auto\">\r\n<figure class=\"wp-block-media-text__media\"><img loading=\"lazy\" decoding=\"async\" class=\"alignnone wp-image-1370 size-full\" src=\"https:\/\/ics.science.upjs.sk\/adui\/wp-content\/uploads\/sites\/10\/2026\/02\/social_network_dataday6.jpg\" alt=\"\" width=\"4792\" height=\"3728\" \/><\/figure>\r\n<div class=\"wp-block-media-text__content\">\r\n<p><strong>Som pr\u00edli\u0161 \u010dasto na soci\u00e1lne sieti?<\/strong><\/p>\r\n\r\n\r\n\r\n<p class=\"has-small-font-size\" style=\"text-align: left\">\u010co hovoria d\u00e1ta o na\u0161ej aktivite na soci\u00e1lnych sie\u0165ach?  Na to sa pozrieme na tomto workshope, kde sa pok\u00fasime d\u00e1ta zanalyzova\u0165 pomocou Pythonu a Google Colabu. Pouk\u00e1\u017eeme na pojem empirickej pravdepodobnosti, resp. relat\u00edvnej po\u010detnosti nejakej sk\u00famanej udalosti, ktor\u00e1 sa pou\u017e\u00edva aj v met\u00f3dach strojov\u00e9ho u\u010denia.<\/p>\r\n<\/div>\r\n<\/div>\r\n\r\n\r\n\r\n<div class=\"wp-block-media-text alignwide has-media-on-the-right is-stacked-on-mobile\" style=\"grid-template-columns: auto 43%\">\r\n<figure class=\"wp-block-media-text__media\"><img loading=\"lazy\" decoding=\"async\" class=\"alignnone wp-image-1371 size-full\" src=\"https:\/\/ics.science.upjs.sk\/adui\/wp-content\/uploads\/sites\/10\/2026\/02\/business_intel_dataday6.jpg\" alt=\"\" width=\"4792\" height=\"3728\" \/><\/figure>\r\n<div class=\"wp-block-media-text__content\">\r\n<p><strong>Business intelligence &#8211; ako n\u00e1m d\u00e1ta pom\u00e1haj\u00fa rozhodova\u0165 sa<\/strong><\/p>\r\n\r\n\r\n\r\n<p class=\"has-small-font-size\" style=\"text-align: left\">Tento workshop sa zameriava na to, ako n\u00e1m d\u00e1ta pom\u00e1haj\u00fa identifikova\u0165 \u010fal\u0161ie kroky a optimalizova\u0165 na\u0161e procesy. Presk\u00famame, ak\u00e9 typy d\u00e1t s\u00fa pre n\u00e1s najcennej\u0161ie a ako ich efekt\u00edvne analyzova\u0165, aby sme maximalizovali ich pr\u00ednos pre na\u0161e rozhodovanie.<\/p>\r\n<\/div>\r\n<\/div>\r\n\r\n\r\n\r\n<div class=\"wp-block-media-text alignwide is-stacked-on-mobile\" style=\"grid-template-columns: 43% auto\">\r\n<figure class=\"wp-block-media-text__media\"><img loading=\"lazy\" decoding=\"async\" class=\"alignnone wp-image-1370 size-full\" src=\"https:\/\/ics.science.upjs.sk\/adui\/wp-content\/uploads\/sites\/10\/2026\/02\/cat_classifier_dataday6.jpg\" alt=\"\" width=\"4792\" height=\"3728\" \/><\/figure>\r\n<div class=\"wp-block-media-text__content\">\r\n<p><strong>Ako n\u00e1s vid\u00ed po\u010d\u00edta\u010d: Ma\u010dac\u00ed sprievodca po\u010d\u00edta\u010dov\u00fdm viden\u00edm<\/strong><\/p>\r\n\r\n\r\n\r\n<p class=\"has-small-font-size\" style=\"text-align: left\">Zam\u00fd\u0161\u013eali ste sa niekedy nad t\u00fdm, ako vid\u00ed svet ma\u010dka \u2013 a ako \u201cvid\u00ed\u201d po\u010d\u00edta\u010d? Pr\u00ed\u010fte na n\u00e1\u0161 workshop, kde spoj\u00edme zauj\u00edmavosti zo sveta zvierat s modernou technol\u00f3giou. Dozviete sa, \u010do sa skr\u00fdva za t\u00fdm, \u017ee po\u010d\u00edta\u010d dok\u00e1\u017ee rozpozna\u0165 obr\u00e1zok ma\u010dky (a nepopletie ju s vank\u00fa\u0161om) v\u010faka nie\u010domu, \u010do sa vol\u00e1 konvolu\u010dn\u00e1 neur\u00f3nov\u00e1 sie\u0165 (CNN). \u010cak\u00e1 v\u00e1s jednoduch\u00e9 vysvetlenie, ve\u013ea pr\u00edkladov, a mo\u017eno aj p\u00e1r (ma\u010dac\u00edch) prekvapen\u00ed. Ak v\u00e1s l\u00e1ka svet technol\u00f3gi\u00ed, alebo len chcete vedie\u0165, ako funguje \u201cpo\u010d\u00edta\u010dov\u00fd zrak\u201d, tento workshop je presne pre v\u00e1s!<\/p>\r\n<\/div>\r\n<\/div>\r\n\r\n\r\n\r\n<div class=\"wp-block-media-text alignwide has-media-on-the-right is-stacked-on-mobile\" style=\"grid-template-columns: auto 43%\">\r\n<figure class=\"wp-block-media-text__media\"><img loading=\"lazy\" decoding=\"async\" class=\"alignnone wp-image-1371 size-full\" src=\"https:\/\/ics.science.upjs.sk\/adui\/wp-content\/uploads\/sites\/10\/2026\/02\/decision_tree_dataday6.jpg\" alt=\"\" width=\"4792\" height=\"3728\" \/><\/figure>\r\n<div class=\"wp-block-media-text__content\">\r\n<p><strong>Rozhodnutia na stromoch nerast\u00fa \u2026 alebo \u00e1no?<\/strong><\/p>\r\n\r\n\r\n\r\n<p class=\"has-small-font-size\" style=\"text-align: left\">\u00c1no, nie, a \u010do \u010falej? V tomto workshope sa pozrieme na to, ako rozhodovacie stromy pom\u00e1haj\u00fa robi\u0165 systematick\u00e9 rozhodnutia v r\u00f4znych odvetviach. Vysvetl\u00edme si z\u00e1kladn\u00e9 princ\u00edpy a jeden strom si aj spolo\u010dne vytvor\u00edme.<\/p>\r\n<\/div>\r\n<\/div>\r\n\r\n\r\n\r\n<div class=\"wp-block-spacer\" style=\"height: 40px\" aria-hidden=\"true\">\u00a0<\/div>\r\n\r\n\r\n<h4 id=\"2-rok-studia\" class=\"has-white-color has-text-color has-background wp-block-heading\" style=\"background-color: #ff7f04;text-align: center\" data-darkreader-inline-bgcolor=\"\">FAQ<\/h4>\r\n\r\n\r\n\r\n<div class=\"wp-block-columns are-vertically-aligned-top is-layout-flex wp-container-core-columns-is-layout-9d6595d7 wp-block-columns-is-layout-flex\">\r\n<div class=\"wp-block-column is-vertically-aligned-top is-layout-flow wp-block-column-is-layout-flow\" style=\"flex-basis: 33.33%\">\r\n<p class=\"has-white-color has-text-color has-background has-medium-font-size\" style=\"background-color: #e43340\" data-darkreader-inline-bgcolor=\"\"><strong>Pre\u010do je DataDay 6 v sobotu?<\/strong><\/p>\r\n<\/div>\r\n\r\n\r\n\r\n<div class=\"wp-block-column is-vertically-aligned-top is-layout-flow wp-block-column-is-layout-flow\" style=\"flex-basis: 66.66%\">\r\n<p class=\"has-text-align-left has-black-color has-text-color has-background\" style=\"background-color: #e0e0e0\" data-darkreader-inline-bgcolor=\"\">Akcia je ur\u010den\u00e1 v\u0161etk\u00fdm stredo\u0161kol\u00e1kom, ktor\u00ed radi rozm\u00fd\u0161\u013eaj\u00fa a objavuj\u00fa nov\u00e9 veci, a to nielen cez \u0161kolsk\u00fd t\u00fd\u017ede\u0148. Workshopy bud\u00fa veden\u00e9 skvel\u00fdmi \u013eu\u010fmi z univerzity aj z ko\u0161ick\u00fdch firiem.<\/p>\r\n<\/div>\r\n<\/div>\r\n\r\n\r\n\r\n<div class=\"wp-block-columns are-vertically-aligned-top is-layout-flex wp-container-core-columns-is-layout-9d6595d7 wp-block-columns-is-layout-flex\">\r\n<div class=\"wp-block-column is-vertically-aligned-top is-layout-flow wp-block-column-is-layout-flow\" style=\"flex-basis: 33.33%\">\r\n<p class=\"has-white-color has-text-color has-background has-medium-font-size\" style=\"background-color: #e43340\" data-darkreader-inline-bgcolor=\"\"><strong>\u010co si m\u00e1m so sebou prinies\u0165?<\/strong><\/p>\r\n<\/div>\r\n\r\n\r\n\r\n<div class=\"wp-block-column is-vertically-aligned-top is-layout-flow wp-block-column-is-layout-flow\" style=\"flex-basis: 66.66%\">\r\n<p class=\"has-text-align-left has-black-color has-text-color has-background\" style=\"background-color: #e0e0e0\" data-darkreader-inline-bgcolor=\"\">Prineste si hlavne dobr\u00fa n\u00e1ladu. Ak radi rob\u00edte na svojom notebooku, doneste si aj ten. Nie je to v\u0161ak nutn\u00e9 &#8211; ak nebudete ma\u0165 notebook, workshopy bud\u00fa v po\u010d\u00edta\u010dov\u00fdch miestnostiach, kde budete ma\u0165 k dispoz\u00edcii po\u010d\u00edta\u010d.<\/p>\r\n<\/div>\r\n<\/div>\r\n\r\n\r\n\r\n<div class=\"wp-block-spacer\" style=\"height: 50px\" aria-hidden=\"true\">\u00a0<\/div>\r\n\r\n<p>&nbsp;<\/p>\r\n\r\n<h4 id=\"2-rok-studia\" class=\"has-white-color has-text-color has-background wp-block-heading\" style=\"background-color: #ff7f04;text-align: center\" data-darkreader-inline-bgcolor=\"\">ORGANIZ\u00c1TORI<\/h4>\r\n\r\n\r\n\r\n<div class=\"wp-block-columns is-layout-flex wp-container-core-columns-is-layout-9d6595d7 wp-block-columns-is-layout-flex\">\r\n\r\n\r\n<div class=\"wp-block-column is-layout-flow wp-block-column-is-layout-flow\">\r\n\r\n<figure class=\"wp-block-image size-medium organizer-logo-dataday2026\">\r\n<a href=\"https:\/\/www.upjs.sk\/prirodovedecka-fakulta\/\" target=\"_blank\" rel=\"noopener\">\r\n<img decoding=\"async\" src=\"https:\/\/ics.science.upjs.sk\/adui\/wp-content\/uploads\/sites\/10\/2022\/12\/PriF_color.png\" alt=\"PriF UPJ\u0160\" \/>\r\n<\/a>\r\n<\/figure>\r\n\r\n<\/div>\r\n\r\n\r\n\r\n<div class=\"wp-block-column is-layout-flow wp-block-column-is-layout-flow\">\r\n\r\n<figure class=\"wp-block-image size-medium organizer-logo-dataday2026\">\r\n<a href=\"https:\/\/www.kosiceitvalley.sk\/\" target=\"_blank\" rel=\"noopener\">\r\n<img decoding=\"async\" src=\"https:\/\/ics.science.upjs.sk\/adui\/wp-content\/uploads\/sites\/10\/2022\/12\/it-valley_na-vysku_farebne-1.png\" alt=\"Ko\u0161ice IT Valley\" \/>\r\n<\/a>\r\n<\/figure>\r\n\r\n<\/div>\r\n\r\n\r\n<\/div>\r\n\r\n\r\n\r\n<h4 id=\"2-rok-studia\" class=\"has-white-color has-text-color has-background wp-block-heading\" style=\"background-color: #ff7f04;text-align: center\" data-darkreader-inline-bgcolor=\"\">PARTNERI<\/h4>\r\n\r\n\r\n\r\n<div class=\"wp-block-columns is-layout-flex wp-container-core-columns-is-layout-9d6595d7 wp-block-columns-is-layout-flex\">\r\n\r\n\r\n<div class=\"wp-block-column is-layout-flow wp-block-column-is-layout-flow\">\r\n\r\n<figure class=\"wp-block-image size-medium sponsor-logo-dataday2026\">\r\n<a href=\"https:\/\/www.infobip.com\/\" target=\"_blank\" rel=\"noopener\">\r\n<img decoding=\"async\" class=\"alignnone wp-image-2493\" src=\"https:\/\/ics.science.upjs.sk\/adui\/wp-content\/uploads\/sites\/10\/2025\/01\/01_Infobip_logo_secondary_rgb_color.png\" alt=\"InfoBip\" \/>\r\n<\/a>\r\n<\/figure>\r\n\r\n<\/div>\r\n\r\n\r\n\r\n<div class=\"wp-block-column is-layout-flow wp-block-column-is-layout-flow\">\r\n\r\n<figure class=\"wp-block-image size-medium sponsor-logo-dataday2026\">\r\n<a href=\"https:\/\/slovakia.zurich.com\/sk-sk\" target=\"_blank\" rel=\"noopener\">\r\n<img decoding=\"async\" class=\"alignnone wp-image-2493\" src=\"https:\/\/ics.science.upjs.sk\/adui\/wp-content\/uploads\/sites\/10\/2025\/01\/Zurich_Logo_Vert_Blue_RGBwith-\u00ae1.png\" alt=\"Zurich Insurance\" \/>\r\n<\/a>\r\n<\/figure>\r\n\r\n<\/div>\r\n\r\n\r\n\r\n\r\n<div class=\"wp-block-column is-layout-flow wp-block-column-is-layout-flow\">\r\n\r\n<figure class=\"wp-block-image size-medium sponsor-logo-dataday2026\">\r\n<a href=\"https:\/\/www.matsuko.com\/\" target=\"_blank\" rel=\"noopener\">\r\n<img decoding=\"async\" class=\"alignnone wp-image-2493\" src=\"https:\/\/ics.science.upjs.sk\/adui\/wp-content\/uploads\/sites\/10\/2026\/01\/matsuko_logo.png\" alt=\"Matsuko\" \/>\r\n<\/a>\r\n<\/figure>\r\n\r\n<\/div>\r\n\r\n\r\n\r\n<\/div>\r\n\r\n\r\n\r\n<h4 id=\"2-rok-studia\" class=\"has-white-color has-text-color has-background wp-block-heading\" style=\"background-color: #ff7f04;text-align: center\" data-darkreader-inline-bgcolor=\"\">PREDCH\u00c1DZAJ\u00daCE AKCIE<\/h4>\r\n\r\n\r\n\r\n<div class=\"wp-block-columns is-layout-flex wp-container-core-columns-is-layout-9d6595d7 wp-block-columns-is-layout-flex\">\r\n<div class=\"wp-block-column is-layout-flow wp-block-column-is-layout-flow\">\r\n<p class=\"has-text-align-center has-white-color has-text-color has-background\" style=\"background-color: #e0e0e0\"><a href=\"https:\/\/cyberawareness.sk\/cybersecurityday\/\" target=\"_blank\" rel=\"noreferrer noopener\">Jarn\u00fd CyberSecurityDay 2022<\/a><\/p>\r\n<p class=\"has-text-align-center has-white-color has-text-color has-background\" style=\"background-color: #e0e0e0\"><a href=\"https:\/\/cyberawareness.sk\/jesenny-cybersecurity-day-2022\/\" target=\"_blank\" rel=\"noreferrer noopener\">Jesenn\u00fd CyberSecurityDay 2022<\/a><\/p>\r\n\r\n<p class=\"has-text-align-center has-white-color has-text-color has-background\" style=\"background-color: #e0e0e0\"><a href=\"https:\/\/cyberawareness.sk\/jarny-cybersecurityday-2023\/\" target=\"_blank\" rel=\"noreferrer noopener\">Jarn\u00fd CyberSecurityDay 2023<\/a><\/p>\r\n<p class=\"has-text-align-center has-white-color has-text-color has-background\" style=\"background-color: #e0e0e0\"><a href=\"https:\/\/cyberawareness.sk\/jesenny-cybersecurityday-2023\/\" target=\"_blank\" rel=\"noreferrer noopener\">Jesenn\u00fd CyberSecurityDay 2023<\/a><\/p>\r\n<p class=\"has-text-align-center has-white-color has-text-color has-background\" style=\"background-color: #e0e0e0\"><a href=\"https:\/\/cyberawareness.sk\/letny-cybersecurityday-2024\/\" target=\"_blank\" rel=\"noreferrer noopener\">Letn\u00fd CyberSecurityDay 2024<\/a><\/p>\r\n<p class=\"has-text-align-center has-white-color has-text-color has-background\" style=\"background-color: #e0e0e0\"><a href=\"https:\/\/cyberawareness.sk\/cybersecurityday-2025\/\" target=\"_blank\" rel=\"noreferrer noopener\">Jarn\u00fd CyberSecurityDay 2025<\/a><\/p>\r\n<p class=\"has-text-align-center has-white-color has-text-color has-background\" style=\"background-color: #e0e0e0\"><a href=\"https:\/\/cyberawareness.sk\/jesenny-cybersecurityday-2025\/\" target=\"_blank\" rel=\"noreferrer noopener\">Jesenn\u00fd CyberSecurityDay 2025<\/a><\/p>\r\n<\/div>\r\n\r\n\r\n\r\n<div class=\"wp-block-column is-layout-flow wp-block-column-is-layout-flow\">\r\n<p class=\"has-text-align-center has-white-color has-text-color has-background\" style=\"background-color: #e0e0e0\"><a href=\"https:\/\/ics.science.upjs.sk\/adui\/dataday\/\" target=\"_blank\" rel=\"noreferrer noopener\">DataDay 1<\/a><\/p>\r\n<p class=\"has-text-align-center has-white-color has-text-color has-background\" style=\"background-color: #e0e0e0\"><a href=\"https:\/\/ics.science.upjs.sk\/adui\/dataday2\/\" target=\"_blank\" rel=\"noreferrer noopener\">DataDay 2<\/a><\/p>\r\n\r\n<p class=\"has-text-align-center has-white-color has-text-color has-background\" style=\"background-color: #e0e0e0\"><a href=\"https:\/\/ics.science.upjs.sk\/adui\/christmasdatasecurityday\/\" target=\"_blank\" rel=\"noreferrer noopener\">Christmas Data&amp;Security Day<\/a><\/p>\r\n\r\n<p class=\"has-text-align-center has-white-color has-text-color has-background\" style=\"background-color: #e0e0e0\"><a href=\"https:\/\/ics.science.upjs.sk\/adui\/dataday3\/\" target=\"_blank\" rel=\"noreferrer noopener\">DataDay 3<\/a><\/p>\r\n\r\n<p class=\"has-text-align-center has-white-color has-text-color has-background\" style=\"background-color: #e0e0e0\"><a href=\"https:\/\/ics.science.upjs.sk\/adui\/dataday4\/\" target=\"_blank\" rel=\"noreferrer noopener\">DataDay 4<\/a><\/p>\r\n\r\n<p class=\"has-text-align-center has-white-color has-text-color has-background\" style=\"background-color: #e0e0e0\"><a href=\"https:\/\/ics.science.upjs.sk\/adui\/dataday-5\/\" target=\"_blank\" rel=\"noreferrer noopener\">DataDay 5<\/a><\/p>\r\n<\/div>\r\n<\/div>\r\n<div class=\"wp-block-column\">\r\n<div class=\"wp-block-columns\">\r\n<div style=\"text-align: center;width: 100%;min-height: 1px;flex: 0 0 100%;max-width: 100%;padding: 40px 15px 20px 15px\">\u00a0<\/div>\r\n<\/div>\r\n\r\n<p>&nbsp;<\/p>\r\n<hr class=\"wp-block-separator\" \/>\r\n\r\n\r\n<div class=\"wp-block-spacer\" style=\"height: 30px\" aria-hidden=\"true\">\u00a0<\/div>\r\n\r\n\r\n<p>Viac o DAM-e n\u00e1jdete <a href=\"https:\/\/dam.science.upjs.sk\/index.html\" target=\"_blank\" rel=\"noopener\">tu<\/a>.<\/p><br><br>\r\n\r\n\r\n<p>&nbsp;<\/p>\r\n<div style=\"text-align: center;width: 100%;min-height: 1px;flex: 0 0 100%;max-width: 100%;padding: 40px 15px 20px 15px\"><a title=\"UPJ\u0160\" href=\"https:\/\/www.upjs.sk\/?prefferedLang=SK\" target=\"_blank\" rel=\"noopener noreferrer\"><img decoding=\"async\" class=\"\" style=\"height: 92px;text-decoration: none\" src=\"https:\/\/ics.science.upjs.sk\/adui\/wp-content\/uploads\/sites\/10\/2020\/03\/upjs_f.png\" width=\"92\" \/><\/a> <a title=\"PF UPJ\u0160\" href=\"https:\/\/www.upjs.sk\/prirodovedecka-fakulta\/?prefferedLang=SK\" target=\"_blank\" rel=\"noopener noreferrer\"><img decoding=\"async\" style=\"padding: 0px;height: 80px;text-decoration: none\" src=\"https:\/\/ics.science.upjs.sk\/adui\/wp-content\/uploads\/sites\/10\/2019\/10\/upjs-logo.png\" \/><\/a> <a title=\"\u00daMAT\" href=\"https:\/\/www.upjs.sk\/prirodovedecka-fakulta\/ustav\/umv\/\" target=\"_blank\" rel=\"noopener noreferrer\"><img decoding=\"async\" style=\"padding: 0px;height: 80px;text-decoration: none\" src=\"https:\/\/ics.science.upjs.sk\/adui\/wp-content\/uploads\/sites\/10\/2022\/11\/ustav-matematiky_v4_farebna_stvorec.png\" \/><\/a> <a title=\"\u00daINF\" href=\"https:\/\/ics.science.upjs.sk\/\" target=\"_blank\" rel=\"noopener noreferrer\"><img decoding=\"async\" style=\"padding: 0px;height: 80px;text-decoration: none\" src=\"https:\/\/ics.science.upjs.sk\/adui\/wp-content\/uploads\/sites\/10\/2023\/01\/ustav-informatiky_v4_farebna_stvorec.png\" \/><\/a><\/div>\r\n<\/div>\r\n<!-- \/wp:post-content -->","protected":false},"excerpt":{"rendered":"<p>DataDay 6 sa konal 14. febru\u00e1ra 2026 a priniesol de\u0148 pln\u00fd d\u00e1t, technol\u00f3gi\u00ed a dobrej atmosf\u00e9ry. \u00da\u010dastn\u00edci si mohli vysk\u00fa\u0161a\u0165 zauj\u00edmav\u00e9 workshopy z oblasti d\u00e1tovej vedy a umelej inteligencie, vypo\u010du\u0165&hellip;<\/p>\n","protected":false},"author":33,"featured_media":0,"parent":0,"menu_order":0,"comment_status":"closed","ping_status":"closed","template":"","meta":{"footnotes":""},"class_list":["post-3122","page","type-page","status-publish","hentry"],"_links":{"self":[{"href":"https:\/\/ics.science.upjs.sk\/adui\/wp-json\/wp\/v2\/pages\/3122","targetHints":{"allow":["GET"]}}],"collection":[{"href":"https:\/\/ics.science.upjs.sk\/adui\/wp-json\/wp\/v2\/pages"}],"about":[{"href":"https:\/\/ics.science.upjs.sk\/adui\/wp-json\/wp\/v2\/types\/page"}],"author":[{"embeddable":true,"href":"https:\/\/ics.science.upjs.sk\/adui\/wp-json\/wp\/v2\/users\/33"}],"replies":[{"embeddable":true,"href":"https:\/\/ics.science.upjs.sk\/adui\/wp-json\/wp\/v2\/comments?post=3122"}],"version-history":[{"count":34,"href":"https:\/\/ics.science.upjs.sk\/adui\/wp-json\/wp\/v2\/pages\/3122\/revisions"}],"predecessor-version":[{"id":3409,"href":"https:\/\/ics.science.upjs.sk\/adui\/wp-json\/wp\/v2\/pages\/3122\/revisions\/3409"}],"wp:attachment":[{"href":"https:\/\/ics.science.upjs.sk\/adui\/wp-json\/wp\/v2\/media?parent=3122"}],"curies":[{"name":"wp","href":"https:\/\/api.w.org\/{rel}","templated":true}]}}