{"id":260,"date":"2020-01-28T12:26:25","date_gmt":"2020-01-28T11:26:25","guid":{"rendered":"https:\/\/ics.science.upjs.sk\/adui\/?page_id=260"},"modified":"2025-01-02T16:44:12","modified_gmt":"2025-01-02T15:44:12","slug":"dataday2","status":"publish","type":"page","link":"https:\/\/ics.science.upjs.sk\/adui\/dataday2\/","title":{"rendered":"DataDay 2"},"content":{"rendered":"\r\n<figure class=\"wp-block-image size-large\"><img fetchpriority=\"high\" decoding=\"async\" width=\"900\" height=\"600\" class=\"wp-image-315\" src=\"https:\/\/ics.science.upjs.sk\/adui\/wp-content\/uploads\/sites\/10\/2020\/02\/data-day2.2-1.png\" alt=\"\" srcset=\"https:\/\/ics.science.upjs.sk\/adui\/wp-content\/uploads\/sites\/10\/2020\/02\/data-day2.2-1.png 900w, https:\/\/ics.science.upjs.sk\/adui\/wp-content\/uploads\/sites\/10\/2020\/02\/data-day2.2-1-300x200.png 300w, https:\/\/ics.science.upjs.sk\/adui\/wp-content\/uploads\/sites\/10\/2020\/02\/data-day2.2-1-768x512.png 768w\" sizes=\"(max-width: 900px) 100vw, 900px\" \/><\/figure>\r\n\r\n\r\n\r\n<p class=\"has-medium-font-size\"><em>Pozrie\u0165 si ako bolo na tejto akcii si m\u00f4\u017ee\u0161 <a href=\"https:\/\/ics.science.upjs.sk\/adui\/dataday-2-fotogaleria\/\">tu<\/a>.<\/em><\/p>\r\n\r\n\r\n\r\n<p>Zauj\u00edmaj\u00fa \u0164a sk\u00fasenosti Ko\u0161i\u010dana, ktor\u00fd rob\u00ed pre Lifars &#8211; spolo\u010dnos\u0165, ktor\u00e1 chr\u00e1ni pred kybernetick\u00fdmi \u00fatokmi v\u00fdznamn\u00e9 americk\u00e9 firmy?<\/p>\r\n\r\n\r\n\r\n<p>R\u00e1d by si zistil, ako sa odha\u013euj\u00fa kybernetick\u00e9 hrozby?<\/p>\r\n\r\n\r\n\r\n<p>Chce\u0161 sa ocitn\u00fa\u0165 v ko\u017ei banky, ktor\u00e1 sa rozhoduje komu udel\u00ed p\u00f4\u017ei\u010dku?<\/p>\r\n\r\n\r\n\r\n<p>Chce\u0161 vedie\u0165, ako si vytvori\u0165 vlastn\u00fd svet pomocou neur\u00f3nov\u00fdch siet\u00ed?<\/p>\r\n\r\n\r\n\r\n<p>Chce\u0161 po\u010du\u0165 viac o tom, ako m\u00f4\u017ee by\u0165 matematika u\u017eito\u010dn\u00e1 evolu\u010dn\u00e9mu biol\u00f3govi, ktor\u00fd sk\u00fama dinosaurie lebky?<\/p>\r\n\r\n\r\n\r\n<p>R\u00e1d by si si sk\u00fasil naprogramova\u0165 po\u010d\u00edta\u010dov\u00fa hru?<\/p>\r\n\r\n\r\n\r\n<p>Chce\u0161 ok\u00fasi\u0165 po\u010d\u00edta\u010dov\u00e9 videnie r\u00fdchlo a zbesilo?<\/p>\r\n\r\n\r\n\r\n<p>Ak si aspo\u0148 na jednu ot\u00e1zku odpovedal kladne, poz\u00fdvame \u0164a na <strong>\u010fal\u0161\u00ed DataDay 7. 3. 2020 na p\u00f4de UPJ\u0160 v Ko\u0161iciach!<\/strong><\/p>\r\n\r\n\r\n\r\n<p>DataDay je akcia <strong>pre zvedav\u00fdch stredo\u0161kol\u00e1kov<\/strong>, ktor\u00e1 pozost\u00e1va z jednej predn\u00e1\u0161ky a z workshopov &#8211; z celkov\u00fdch siedmich si m\u00f4\u017ee\u0161 pri registr\u00e1cii vybra\u0165 dva, ktor\u00e9 \u0165a najviac zauj\u00edmaj\u00fa. Okrem toho si bude\u0161 m\u00f4c\u0165 vysk\u00fa\u0161a\u0165 <strong>virtu\u00e1lnu realitu <\/strong>a <strong>zas\u00fa\u0165a\u017ei\u0165 o najr\u00fdchlej\u0161ieho pilota drona.<\/strong><\/p>\r\n\r\n\r\n\r\n<p><strong>Registr\u00e1cia na DataDay 2 je u\u017e ukon\u010den\u00e1<\/strong>. V pr\u00edpade ot\u00e1zok n\u00e1s kontaktujte na adui@upjs.sk.<\/p>\r\n\r\n\r\n\r\n<h3 class=\"wp-block-heading\">Program<\/h3>\r\n\r\n\r\n\r\n<figure class=\"wp-block-image size-large\"><img decoding=\"async\" width=\"1024\" height=\"910\" class=\"wp-image-317\" src=\"https:\/\/ics.science.upjs.sk\/adui\/wp-content\/uploads\/sites\/10\/2020\/02\/program-1024x910.png\" alt=\"\" srcset=\"https:\/\/ics.science.upjs.sk\/adui\/wp-content\/uploads\/sites\/10\/2020\/02\/program-1024x910.png 1024w, https:\/\/ics.science.upjs.sk\/adui\/wp-content\/uploads\/sites\/10\/2020\/02\/program-300x267.png 300w, https:\/\/ics.science.upjs.sk\/adui\/wp-content\/uploads\/sites\/10\/2020\/02\/program-768x683.png 768w, https:\/\/ics.science.upjs.sk\/adui\/wp-content\/uploads\/sites\/10\/2020\/02\/program-1536x1366.png 1536w, https:\/\/ics.science.upjs.sk\/adui\/wp-content\/uploads\/sites\/10\/2020\/02\/program.png 1613w\" sizes=\"(max-width: 1024px) 100vw, 1024px\" \/><\/figure>\r\n\r\n\r\n\r\n<h2 class=\"wp-block-heading\">Predn\u00e1\u0161ka<\/h2>\r\n\r\n\r\n\r\n<div class=\"wp-block-media-text alignwide has-media-on-the-right is-stacked-on-mobile\" style=\"grid-template-columns: auto 43%\">\r\n<figure class=\"wp-block-media-text__media\"><img decoding=\"async\" width=\"1024\" height=\"698\" class=\"wp-image-294 size-full\" src=\"https:\/\/ics.science.upjs.sk\/adui\/wp-content\/uploads\/sites\/10\/2020\/02\/4_hacking-3112539_1920-e1581676105885-1024x698.png\" alt=\"\" srcset=\"https:\/\/ics.science.upjs.sk\/adui\/wp-content\/uploads\/sites\/10\/2020\/02\/4_hacking-3112539_1920-e1581676105885-1024x698.png 1024w, https:\/\/ics.science.upjs.sk\/adui\/wp-content\/uploads\/sites\/10\/2020\/02\/4_hacking-3112539_1920-e1581676105885-300x205.png 300w, https:\/\/ics.science.upjs.sk\/adui\/wp-content\/uploads\/sites\/10\/2020\/02\/4_hacking-3112539_1920-e1581676105885-768x524.png 768w, https:\/\/ics.science.upjs.sk\/adui\/wp-content\/uploads\/sites\/10\/2020\/02\/4_hacking-3112539_1920-e1581676105885-1536x1047.png 1536w, https:\/\/ics.science.upjs.sk\/adui\/wp-content\/uploads\/sites\/10\/2020\/02\/4_hacking-3112539_1920-e1581676105885-190x130.png 190w, https:\/\/ics.science.upjs.sk\/adui\/wp-content\/uploads\/sites\/10\/2020\/02\/4_hacking-3112539_1920-e1581676105885.png 1584w\" sizes=\"(max-width: 1024px) 100vw, 1024px\" \/><\/figure>\r\n<div class=\"wp-block-media-text__content\">\r\n<p><strong>Z\u00e1\u017eitky a sk\u00fasenosti z pr\u00e1ce (forenzn\u00e9ho) detekt\u00edva<\/strong><\/p>\r\n\r\n\r\n\r\n<p class=\"has-small-font-size\">Forenzn\u00fd detekt\u00edv n\u00e1m porozpr\u00e1va svoje z\u00e1\u017eitky z boja s kybernetick\u00fdmi \u00fatokmi, ako treba by\u0165 kreat\u00edvny a dr\u017ea\u0165 krok so st\u00e1le napreduj\u00facou protistranou.<\/p>\r\n<\/div>\r\n<\/div>\r\n\r\n\r\n\r\n<h2 class=\"wp-block-heading\">Workshopy<\/h2>\r\n\r\n\r\n\r\n<div class=\"wp-block-media-text alignwide is-stacked-on-mobile\" style=\"grid-template-columns: 43% auto\">\r\n<figure class=\"wp-block-media-text__media\"><img loading=\"lazy\" decoding=\"async\" width=\"1024\" height=\"788\" class=\"wp-image-297 size-full\" src=\"https:\/\/ics.science.upjs.sk\/adui\/wp-content\/uploads\/sites\/10\/2020\/02\/3_hacker-3342696_1920-1024x788.jpg\" alt=\"\" srcset=\"https:\/\/ics.science.upjs.sk\/adui\/wp-content\/uploads\/sites\/10\/2020\/02\/3_hacker-3342696_1920-1024x788.jpg 1024w, https:\/\/ics.science.upjs.sk\/adui\/wp-content\/uploads\/sites\/10\/2020\/02\/3_hacker-3342696_1920-300x231.jpg 300w, https:\/\/ics.science.upjs.sk\/adui\/wp-content\/uploads\/sites\/10\/2020\/02\/3_hacker-3342696_1920-768x591.jpg 768w, https:\/\/ics.science.upjs.sk\/adui\/wp-content\/uploads\/sites\/10\/2020\/02\/3_hacker-3342696_1920-1536x1182.jpg 1536w, https:\/\/ics.science.upjs.sk\/adui\/wp-content\/uploads\/sites\/10\/2020\/02\/3_hacker-3342696_1920.jpg 1920w\" sizes=\"(max-width: 1024px) 100vw, 1024px\" \/><\/figure>\r\n<div class=\"wp-block-media-text__content\">\r\n<p><strong>Ja som s\u00fabor, zozn\u00e1mte sa<\/strong><\/p>\r\n\r\n\r\n\r\n<p class=\"has-small-font-size\">Pozor, ke\u010f nie\u010do vyzer\u00e1 ako ka\u010dka a kv\u00e1ka ako ka\u010dka, tak to nemus\u00ed e\u0161te aj chodi\u0165 ako ka\u010dka. Na workshope sa dozviete, ako nie\u010do tak\u00e9 vyhackovalo Ukrajinu a sp\u00f4sobilo rozsiahle v\u00fdpadky elektrickej energie.\u00a0<\/p>\r\n<\/div>\r\n<\/div>\r\n\r\n\r\n\r\n<div class=\"wp-block-media-text alignwide has-media-on-the-right is-stacked-on-mobile\" style=\"grid-template-columns: auto 43%\">\r\n<figure class=\"wp-block-media-text__media\"><img loading=\"lazy\" decoding=\"async\" width=\"625\" height=\"417\" class=\"wp-image-295 size-full\" src=\"https:\/\/ics.science.upjs.sk\/adui\/wp-content\/uploads\/sites\/10\/2020\/02\/1_dano2.jpg\" alt=\"\" srcset=\"https:\/\/ics.science.upjs.sk\/adui\/wp-content\/uploads\/sites\/10\/2020\/02\/1_dano2.jpg 625w, https:\/\/ics.science.upjs.sk\/adui\/wp-content\/uploads\/sites\/10\/2020\/02\/1_dano2-300x200.jpg 300w\" sizes=\"(max-width: 625px) 100vw, 625px\" \/><\/figure>\r\n<div class=\"wp-block-media-text__content\">\r\n<p><strong>Schv\u00e1li\u0165 alebo neschv\u00e1li\u0165 p\u00f4\u017ei\u010dku?<\/strong><\/p>\r\n\r\n\r\n\r\n<p class=\"has-small-font-size\">Na workshope si vysk\u00fa\u0161ate, ak\u00e9 je to by\u0165 v ko\u017ei banky a rozhodova\u0165 o tom, komu udeli\u0165 p\u00f4\u017ei\u010dku. Na z\u00e1klade r\u00f4znych d\u00e1t o klientoch si sk\u00fasite zostavi\u0165 \u0161tatistick\u00fd model, ktor\u00fd v\u00e1m pom\u00f4\u017ee pri rozhodovan\u00ed.<\/p>\r\n<\/div>\r\n<\/div>\r\n\r\n\r\n\r\n<div class=\"wp-block-media-text alignwide is-stacked-on-mobile\" style=\"grid-template-columns: 43% auto\">\r\n<figure class=\"wp-block-media-text__media\"><img loading=\"lazy\" decoding=\"async\" width=\"1024\" height=\"683\" class=\"wp-image-296 size-full\" src=\"https:\/\/ics.science.upjs.sk\/adui\/wp-content\/uploads\/sites\/10\/2020\/02\/2_analytics-3088958_1920-1024x683.jpg\" alt=\"\" srcset=\"https:\/\/ics.science.upjs.sk\/adui\/wp-content\/uploads\/sites\/10\/2020\/02\/2_analytics-3088958_1920-1024x683.jpg 1024w, https:\/\/ics.science.upjs.sk\/adui\/wp-content\/uploads\/sites\/10\/2020\/02\/2_analytics-3088958_1920-300x200.jpg 300w, https:\/\/ics.science.upjs.sk\/adui\/wp-content\/uploads\/sites\/10\/2020\/02\/2_analytics-3088958_1920-768x512.jpg 768w, https:\/\/ics.science.upjs.sk\/adui\/wp-content\/uploads\/sites\/10\/2020\/02\/2_analytics-3088958_1920-1536x1024.jpg 1536w, https:\/\/ics.science.upjs.sk\/adui\/wp-content\/uploads\/sites\/10\/2020\/02\/2_analytics-3088958_1920.jpg 1920w\" sizes=\"(max-width: 1024px) 100vw, 1024px\" \/><\/figure>\r\n<div class=\"wp-block-media-text__content\">\r\n<p><strong>H\u013eadanie podozriv\u00fdch d\u00e1t v kope sena<\/strong><\/p>\r\n\r\n\r\n\r\n<p class=\"has-small-font-size\">Na workshope si uk\u00e1\u017eeme, ako sa vyh\u013ead\u00e1vaj\u00fa anom\u00e1lie &#8211; d\u00e1ta, ktor\u00e9 s\u00fa in\u00e9 ako ostatn\u00e9, a \u017ee to nie je v\u017edy tak\u00e9 jednoduch\u00e9.\u00a0<\/p>\r\n<\/div>\r\n<\/div>\r\n\r\n\r\n\r\n<div class=\"wp-block-media-text alignwide has-media-on-the-right is-stacked-on-mobile\" style=\"grid-template-columns: auto 43%\">\r\n<figure class=\"wp-block-media-text__media\"><img loading=\"lazy\" decoding=\"async\" width=\"1024\" height=\"733\" class=\"wp-image-227 size-full\" src=\"https:\/\/ics.science.upjs.sk\/adui\/wp-content\/uploads\/sites\/10\/2019\/11\/315-1-1024x733.jpg\" alt=\"\" srcset=\"https:\/\/ics.science.upjs.sk\/adui\/wp-content\/uploads\/sites\/10\/2019\/11\/315-1-1024x733.jpg 1024w, https:\/\/ics.science.upjs.sk\/adui\/wp-content\/uploads\/sites\/10\/2019\/11\/315-1-300x215.jpg 300w, https:\/\/ics.science.upjs.sk\/adui\/wp-content\/uploads\/sites\/10\/2019\/11\/315-1-768x549.jpg 768w\" sizes=\"(max-width: 1024px) 100vw, 1024px\" \/><\/figure>\r\n<div class=\"wp-block-media-text__content\">\r\n<p><strong>Vytvor si svoj svet pomocou neur\u00f3nov\u00fdch siet\u00ed <\/strong><\/p>\r\n\r\n\r\n\r\n<p class=\"has-small-font-size\">Na tomto workshope ty s\u00e1m nau\u010d\u00ed\u0161 neur\u00f3nov\u00fa sie\u0165, ak\u00fdm sp\u00f4sobom si praje\u0161 hra\u0165 na gitare, kedy chce\u0161, aby ti fo\u0165\u00e1k urobil selfie alebo si vytvor\u00ed\u0161 vlastn\u00fd svet tvorov.<\/p>\r\n<\/div>\r\n<\/div>\r\n\r\n\r\n\r\n<div class=\"wp-block-media-text alignwide is-stacked-on-mobile\" style=\"grid-template-columns: 43% auto\">\r\n<figure class=\"wp-block-media-text__media\"><img loading=\"lazy\" decoding=\"async\" width=\"1024\" height=\"683\" class=\"wp-image-193 size-full\" src=\"https:\/\/ics.science.upjs.sk\/adui\/wp-content\/uploads\/sites\/10\/2019\/11\/2719321-1024x683.jpg\" alt=\"\" srcset=\"https:\/\/ics.science.upjs.sk\/adui\/wp-content\/uploads\/sites\/10\/2019\/11\/2719321-1024x683.jpg 1024w, https:\/\/ics.science.upjs.sk\/adui\/wp-content\/uploads\/sites\/10\/2019\/11\/2719321-300x200.jpg 300w, https:\/\/ics.science.upjs.sk\/adui\/wp-content\/uploads\/sites\/10\/2019\/11\/2719321-768x512.jpg 768w\" sizes=\"(max-width: 1024px) 100vw, 1024px\" \/><\/figure>\r\n<div class=\"wp-block-media-text__content\">\r\n<p><strong>Ke\u010f sa tvor\u00ed po\u010d\u00edta\u010dov\u00e1 hra<\/strong><\/p>\r\n\r\n\r\n\r\n<p class=\"has-small-font-size\">Tvorcovia\u00a0po\u010d\u00edta\u010dov\u00fdch hier sa stret\u00e1vaj\u00fa s\u00a0rozli\u010dn\u00fdmi d\u00e1tami.\u00a0Pr\u00e1cu s d\u00e1tami si\u00a0predstav\u00edme na pr\u00edklade\u00a0\u00a0zn\u00e1mej po\u010d\u00edta\u010dovej hry, ktor\u00fa si v r\u00e1mci workshopu vytvor\u00edme a prisp\u00f4sob\u00edme vlastn\u00fdm potreb\u00e1m.\u00a0<\/p>\r\n<\/div>\r\n<\/div>\r\n\r\n\r\n\r\n<div class=\"wp-block-media-text alignwide has-media-on-the-right is-stacked-on-mobile\" style=\"grid-template-columns: auto 43%\">\r\n<figure class=\"wp-block-media-text__media\"><img loading=\"lazy\" decoding=\"async\" width=\"1024\" height=\"724\" class=\"wp-image-195 size-full\" src=\"https:\/\/ics.science.upjs.sk\/adui\/wp-content\/uploads\/sites\/10\/2019\/11\/1395-1024x724.jpg\" alt=\"\" srcset=\"https:\/\/ics.science.upjs.sk\/adui\/wp-content\/uploads\/sites\/10\/2019\/11\/1395-1024x724.jpg 1024w, https:\/\/ics.science.upjs.sk\/adui\/wp-content\/uploads\/sites\/10\/2019\/11\/1395-300x212.jpg 300w, https:\/\/ics.science.upjs.sk\/adui\/wp-content\/uploads\/sites\/10\/2019\/11\/1395-768x543.jpg 768w\" sizes=\"(max-width: 1024px) 100vw, 1024px\" \/><\/figure>\r\n<div class=\"wp-block-media-text__content\">\r\n<p><strong>Po\u010d\u00edta\u010dov\u00e9 videnie r\u00fdchlo a zbesilo<\/strong><\/p>\r\n\r\n\r\n\r\n<p class=\"has-small-font-size\">Workshop, v ktorom za pou\u017eitia p\u00e1r klikov nau\u010d\u00ed\u0161 po\u010d\u00edta\u010d rozpozn\u00e1va\u0165 objekty na obr\u00e1zkoch.<\/p>\r\n<\/div>\r\n<\/div>\r\n\r\n\r\n\r\n<div class=\"wp-block-media-text alignwide is-stacked-on-mobile\" style=\"grid-template-columns: 43% auto\">\r\n<figure class=\"wp-block-media-text__media\"><img loading=\"lazy\" decoding=\"async\" width=\"1024\" height=\"797\" class=\"wp-image-196 size-full\" src=\"https:\/\/ics.science.upjs.sk\/adui\/wp-content\/uploads\/sites\/10\/2019\/11\/19-1-1024x797.jpg\" alt=\"\" srcset=\"https:\/\/ics.science.upjs.sk\/adui\/wp-content\/uploads\/sites\/10\/2019\/11\/19-1-1024x797.jpg 1024w, https:\/\/ics.science.upjs.sk\/adui\/wp-content\/uploads\/sites\/10\/2019\/11\/19-1-300x233.jpg 300w, https:\/\/ics.science.upjs.sk\/adui\/wp-content\/uploads\/sites\/10\/2019\/11\/19-1-768x597.jpg 768w\" sizes=\"(max-width: 1024px) 100vw, 1024px\" \/><\/figure>\r\n<div class=\"wp-block-media-text__content\">\r\n<p><strong>Po stop\u00e1ch dinosaurov s gr\u00e9ckym banditom<\/strong><\/p>\r\n\r\n\r\n\r\n<p class=\"has-small-font-size\">Na workshope si vysk\u00fa\u0161a\u0161, ako matematika s informatikou pom\u00e1ha biol\u00f3gom odha\u013eova\u0165 z\u00e1hady evol\u00facie dinosaurov a ako tieto met\u00f3dy vyu\u017ei\u0165 aj pri in\u00fdch aplik\u00e1ciach v ka\u017edodennom \u017eivote.\u00a0<\/p>\r\n<\/div>\r\n<\/div>\r\n\r\n\r\n\r\n<h2 class=\"wp-block-heading\">FAQ<\/h2>\r\n\r\n\r\n\r\n<p><em><strong>Pre\u010do je DataDay v sobotu?<\/strong><\/em><\/p>\r\n\r\n\r\n\r\n<p>Akcia je ur\u010den\u00e1 v\u0161etk\u00fdm stredo\u0161kol\u00e1kom, ktor\u00ed radi rozm\u00fd\u0161\u013eaj\u00fa a objavuj\u00fa nov\u00e9 veci, a nielen cez \u0161kolsk\u00fd t\u00fd\u017ede\u0148. Workshopy bud\u00fa veden\u00e9 skvel\u00fdmi \u013eu\u010fmi z univerzity aj z ko\u0161ick\u00fdch firiem.<\/p>\r\n\r\n\r\n\r\n<p><em><strong>Ko\u0161ice s\u00fa trochu \u010faleko, a vlaky zadarmo k n\u00e1m nechodia. \u010co m\u00e1m robi\u0165?<\/strong><\/em><\/p>\r\n\r\n\r\n\r\n<p>Ak k n\u00e1m zva\u017euje\u0161 pr\u00eds\u0165, ale finan\u010dn\u00e9 mo\u017enosti ti to nedovolia, m\u00e1me ur\u010dit\u00e9 mno\u017estvo financi\u00ed na podporu. Limitovan\u00e9mu po\u010dtu \u0161tudentov preplat\u00edme cestovn\u00e9 n\u00e1klady vo v\u00fd\u0161ke max. 10 eur na osobu. Nap\u00ed\u0161 n\u00e1m email na adui@upjs.sk a dohodneme podrobnosti.<\/p>\r\n\r\n\r\n\r\n<p><em><strong>\u010co si m\u00e1m so sebou prinies\u0165?<\/strong><\/em><\/p>\r\n\r\n\r\n\r\n<p>Prines si hlavne dobr\u00fa n\u00e1ladu. Ak r\u00e1d rob\u00ed\u0161 na svojom notebooku, dones si aj ten. Nie je to v\u0161ak nutn\u00e9 &#8211; ak nebude\u0161 ma\u0165 notebook, workshopy bud\u00fa v po\u010d\u00edta\u010dov\u00fdch miestnostiach UPJ\u0160, kde bude\u0161 ma\u0165 k dispoz\u00edcii po\u010d\u00edta\u010d.<\/p>\r\n\r\n\r\n\r\n<h2 class=\"wp-block-heading\">Za podporu \u010fakujeme<\/h2>\r\n\r\n\r\n\r\n<figure class=\"wp-block-image size-large\"><img loading=\"lazy\" decoding=\"async\" width=\"597\" height=\"215\" class=\"wp-image-334\" src=\"https:\/\/ics.science.upjs.sk\/adui\/wp-content\/uploads\/sites\/10\/2020\/02\/dataday2sponsors4.png\" alt=\"\" srcset=\"https:\/\/ics.science.upjs.sk\/adui\/wp-content\/uploads\/sites\/10\/2020\/02\/dataday2sponsors4.png 597w, https:\/\/ics.science.upjs.sk\/adui\/wp-content\/uploads\/sites\/10\/2020\/02\/dataday2sponsors4-300x108.png 300w\" sizes=\"(max-width: 597px) 100vw, 597px\" \/><\/figure>\r\n\r\n\r\n\r\n<figure class=\"wp-block-pullquote\" style=\"border-color: #00376f\">\r\n<blockquote class=\"has-text-color has-vivid-cyan-blue-color\">\r\n<p>Po\u010f spozn\u00e1va\u0165 s nami zauj\u00edmav\u00e9 vyu\u017eitia d\u00e1tovej anal\u00fdzy a umelej inteligencie.<\/p>\r\n<\/blockquote>\r\n<\/figure>\r\n\r\n\r\n<hr class=\"wp-block-separator\" \/>\r\n<p>Viac o DAM-e n\u00e1jdete <a href=\"https:\/\/dam.science.upjs.sk\/index.html\" target=\"_blank\" rel=\"noopener\">tu<\/a>.<\/p><br><br>\r\n\r\n<div style=\"text-align: center;width: 100%;min-height: 1px;flex: 0 0 100%;max-width: 100%;padding: 40px 15px 20px 15px\"><a title=\"UPJ\u0160\" href=\"https:\/\/www.upjs.sk\/?prefferedLang=SK\" target=\"_blank\" rel=\"noopener noreferrer\"><img decoding=\"async\" class=\"\" style=\"height: 92px;text-decoration: none\" src=\"https:\/\/ics.science.upjs.sk\/adui\/wp-content\/uploads\/sites\/10\/2020\/03\/upjs_f.png\" width=\"92\" \/><\/a> <a title=\"PF UPJ\u0160\" href=\"https:\/\/www.upjs.sk\/prirodovedecka-fakulta\/?prefferedLang=SK\" target=\"_blank\" rel=\"noopener noreferrer\"><img decoding=\"async\" style=\"padding: 0px;height: 80px;text-decoration: none\" src=\"https:\/\/ics.science.upjs.sk\/adui\/wp-content\/uploads\/sites\/10\/2019\/10\/upjs-logo.png\" \/><\/a> <a title=\"\u00daMAT\" href=\"https:\/\/www.upjs.sk\/prirodovedecka-fakulta\/ustav\/umv\/\" target=\"_blank\" rel=\"noopener noreferrer\"><img decoding=\"async\" style=\"padding: 0px;height: 80px;text-decoration: none\" src=\"https:\/\/ics.science.upjs.sk\/adui\/wp-content\/uploads\/sites\/10\/2022\/11\/ustav-matematiky_v4_farebna_stvorec.png\" \/><\/a> <a title=\"\u00daINF\" href=\"https:\/\/ics.science.upjs.sk\/\" target=\"_blank\" rel=\"noopener noreferrer\"><img decoding=\"async\" style=\"padding: 0px;height: 80px;text-decoration: none\" src=\"https:\/\/ics.science.upjs.sk\/adui\/wp-content\/uploads\/sites\/10\/2023\/01\/ustav-informatiky_v4_farebna_stvorec.png\" \/><\/a><\/div>\r\n<!-- \/wp:post-content --><!-- \/wp:image --><!-- \/wp:paragraph --><!-- \/wp:paragraph -->","protected":false},"excerpt":{"rendered":"<p>Pozrie\u0165 si ako bolo na tejto akcii si m\u00f4\u017ee\u0161 tu. Zauj\u00edmaj\u00fa \u0164a sk\u00fasenosti Ko\u0161i\u010dana, ktor\u00fd rob\u00ed pre Lifars &#8211; spolo\u010dnos\u0165, ktor\u00e1 chr\u00e1ni pred kybernetick\u00fdmi \u00fatokmi v\u00fdznamn\u00e9 americk\u00e9 firmy? R\u00e1d by&hellip;<\/p>\n","protected":false},"author":14,"featured_media":0,"parent":0,"menu_order":0,"comment_status":"closed","ping_status":"closed","template":"","meta":{"footnotes":""},"class_list":["post-260","page","type-page","status-publish","hentry"],"_links":{"self":[{"href":"https:\/\/ics.science.upjs.sk\/adui\/wp-json\/wp\/v2\/pages\/260","targetHints":{"allow":["GET"]}}],"collection":[{"href":"https:\/\/ics.science.upjs.sk\/adui\/wp-json\/wp\/v2\/pages"}],"about":[{"href":"https:\/\/ics.science.upjs.sk\/adui\/wp-json\/wp\/v2\/types\/page"}],"author":[{"embeddable":true,"href":"https:\/\/ics.science.upjs.sk\/adui\/wp-json\/wp\/v2\/users\/14"}],"replies":[{"embeddable":true,"href":"https:\/\/ics.science.upjs.sk\/adui\/wp-json\/wp\/v2\/comments?post=260"}],"version-history":[{"count":26,"href":"https:\/\/ics.science.upjs.sk\/adui\/wp-json\/wp\/v2\/pages\/260\/revisions"}],"predecessor-version":[{"id":2634,"href":"https:\/\/ics.science.upjs.sk\/adui\/wp-json\/wp\/v2\/pages\/260\/revisions\/2634"}],"wp:attachment":[{"href":"https:\/\/ics.science.upjs.sk\/adui\/wp-json\/wp\/v2\/media?parent=260"}],"curies":[{"name":"wp","href":"https:\/\/api.w.org\/{rel}","templated":true}]}}