{"id":215,"date":"2019-11-12T19:59:54","date_gmt":"2019-11-12T18:59:54","guid":{"rendered":"https:\/\/ics.science.upjs.sk\/adui\/?page_id=215"},"modified":"2024-05-28T12:42:58","modified_gmt":"2024-05-28T10:42:58","slug":"nazory","status":"publish","type":"page","link":"https:\/\/ics.science.upjs.sk\/adui\/nazory\/","title":{"rendered":"N\u00e1zory"},"content":{"rendered":"<h2 class=\"has-text-align-center has-white-color has-text-color has-background\" style=\"background-color: #00376f\">Otv\u00e1ranie Vissim laborat\u00f3ria<\/h2>\r\n<p><a href=\"https:\/\/www.facebook.com\/telketv\/videos\/1702629950331132?locale=sk_SK\" target=\"_blank\" rel=\"noopener\"> <img decoding=\"async\" class=\"alignnone size-medium wp-image-2279\" src=\"https:\/\/ics.science.upjs.sk\/adui\/wp-content\/uploads\/sites\/10\/2024\/05\/foto-1.png\" alt=\"\" \/> <\/a><\/p>\r\n<hr class=\"wp-block-separator\" \/>\r\n\r\n<h2 class=\"has-text-align-center has-white-color has-text-color has-background\" style=\"background-color: #00376f\">\u010co si o novom \u0161tudijnom programe myslia \u013eudia z praxe<\/h2>\r\n\r\n\r\n<blockquote class=\"wp-block-quote\"><img decoding=\"async\" class=\"wp-image-66\" style=\"padding: 10px\" src=\"https:\/\/ics.science.upjs.sk\/adui\/wp-content\/uploads\/sites\/10\/2019\/10\/matus.jpg\" alt=\"\" width=\"188\" height=\"188\" align=\"left\" \/>\r\n<p>V\u00a0MATSUKO vyv\u00edjame Skype 3D bud\u00facnosti. Data science experti u n\u00e1s pracuj\u00fa s najnov\u0161\u00edmi poznatkami z umelej inteligencie na v\u00fdvoji hologramov ako v\u00a0seri\u00e1li \u00a0Star Wars. Preto je u\u00a0n\u00e1s ve\u013ek\u00fd dopyt po znalostiach, ktor\u00e9 z\u00edskaj\u00fa absolventi \u0161tudijn\u00e9ho program Anal\u00fdza d\u00e1t a\u00a0umel\u00e1 inteligencia.<\/p>\r\n<cite>Mat\u00fa\u0161 Kirchmayer, MATSUKO | CEO<\/cite><\/blockquote>\r\n\r\n\r\n\r\n<blockquote class=\"wp-block-quote\"><img decoding=\"async\" class=\"wp-image-66\" style=\"padding: 10px\" src=\"https:\/\/ics.science.upjs.sk\/adui\/wp-content\/uploads\/sites\/10\/2019\/10\/sotter.jpg\" alt=\"\" width=\"188\" height=\"188\" align=\"left\" \/>\r\n<p>\u0160t\u00fadium v odbore D\u00e1tov\u00e1 anal\u00fdza a umel\u00e1 inteligencia je jednozna\u010dne krok spr\u00e1vnym smerom. Rozumie\u0165 t\u00fdmto t\u00e9mam a rozv\u00edja\u0165 ich si vy\u017eaduje kvalitn\u00e9 logick\u00e9 myslenie a ve\u013ek\u00fd z\u00e1ujem o problematiku. Ve\u013emi pozit\u00edvne preto vn\u00edmame, \u017ee UPJ\u0160 pon\u00faka tento \u0161tudijn\u00fd odbor a to aj z d\u00f4vodu, \u017ee spolo\u010dnos\u0165 Novitech a.s. je akt\u00edvna v nasadzovan\u00ed pilotn\u00fdch in\u0161tal\u00e1ci\u00ed slu\u017eieb Industrial 3D (I3D) zameran\u00fdch na dodr\u017eiavanie a realiz\u00e1ciu pracovn\u00fdch postupov, pr\u00edkazov, vzdialen\u00fa asistenciu a virtu\u00e1lnu prehliadku podniku za pou\u017eitia VR\/AR technol\u00f3gi\u00ed v priemysle.<\/p>\r\n<cite>M\u00e1rio \u0160otter, Novitech Group | I3D marketing and sales director<\/cite><\/blockquote>\r\n\r\n\r\n\r\n<blockquote class=\"wp-block-quote\"><img decoding=\"async\" class=\"wp-image-66\" style=\"padding: 10px\" src=\"https:\/\/ics.science.upjs.sk\/adui\/wp-content\/uploads\/sites\/10\/2019\/11\/lacko.jpg\" alt=\"\" width=\"188\" height=\"188\" align=\"left\" \/>\r\n<p>M\u00f4\u017eem len potvrdi\u0165, \u017ee Anal\u00fdza d\u00e1t a Umel\u00e1 inteligencia s\u00fa naozaj trendy, ktor\u00e9 sa rozv\u00edjaj\u00fa ve\u013ek\u00fdm tempom a s\u00fa vo svete ve\u013emi \u017eiadan\u00e9. Firma GlobalLogic pracuje na mnoh\u00fdch zahrani\u010dn\u00fdch projektoch, kde dobr\u00e1 znalos\u0165 d\u00e1t a ich anal\u00fdza s\u00fa k\u013e\u00fa\u010dov\u00e9 po\u017eiadavky. Mnoho na\u0161\u00edch rie\u0161en\u00ed, hlavne pri tvorbe medic\u00ednsk\u00e9ho softv\u00e9ru, by bez pou\u017eitia umelej inteligencie a strojov\u00e9ho u\u010denia nebolo realizovate\u013en\u00fdch. UPJ\u0160 m\u00e1 na\u0161u pln\u00fa podporu<\/p>\r\n<cite>\u0160tefan Lacko, GlobalLogic | Associate Vice President<\/cite><\/blockquote>\r\n\r\n\r\n<hr class=\"wp-block-separator\" \/>\r\n\r\n\r\n<div style=\"text-align: center;width: 100%;min-height: 1px;flex: 0 0 100%;max-width: 100%;padding: 40px 15px 20px 15px\"><a title=\"UPJ\u0160\" href=\"https:\/\/www.upjs.sk\/?prefferedLang=SK\" target=\"_blank\" rel=\"noopener noreferrer\"><img decoding=\"async\" class=\"\" style=\"height: 92px;text-decoration: none\" src=\"https:\/\/ics.science.upjs.sk\/adui\/wp-content\/uploads\/sites\/10\/2020\/03\/upjs_f.png\" width=\"92\" \/><\/a> <a title=\"PF UPJ\u0160\" href=\"https:\/\/www.upjs.sk\/prirodovedecka-fakulta\/?prefferedLang=SK\" target=\"_blank\" rel=\"noopener noreferrer\"><img decoding=\"async\" style=\"padding: 0px;height: 80px;text-decoration: none\" src=\"https:\/\/ics.science.upjs.sk\/adui\/wp-content\/uploads\/sites\/10\/2019\/10\/upjs-logo.png\" \/><\/a> <a title=\"\u00daMAT\" href=\"https:\/\/www.upjs.sk\/prirodovedecka-fakulta\/ustav\/umv\/\" target=\"_blank\" rel=\"noopener noreferrer\"><img decoding=\"async\" style=\"padding: 0px;height: 80px;text-decoration: none\" src=\"https:\/\/ics.science.upjs.sk\/adui\/wp-content\/uploads\/sites\/10\/2022\/11\/ustav-matematiky_v4_farebna_stvorec.png\" \/><\/a> <a title=\"\u00daINF\" href=\"https:\/\/ics.science.upjs.sk\/\" target=\"_blank\" rel=\"noopener noreferrer\"><img decoding=\"async\" style=\"padding: 0px;height: 80px;text-decoration: none\" src=\"https:\/\/ics.science.upjs.sk\/adui\/wp-content\/uploads\/sites\/10\/2023\/01\/ustav-informatiky_v4_farebna_stvorec.png\" \/><\/a><\/div>\r\n<!-- \/wp:post-content --><!-- \/wp:image --><!-- \/wp:paragraph --><!-- \/wp:paragraph -->","protected":false},"excerpt":{"rendered":"<p>Otv\u00e1ranie Vissim laborat\u00f3ria \u010co si o novom \u0161tudijnom programe myslia \u013eudia z praxe V\u00a0MATSUKO vyv\u00edjame Skype 3D bud\u00facnosti. Data science experti u n\u00e1s pracuj\u00fa s najnov\u0161\u00edmi poznatkami z umelej inteligencie&hellip;<\/p>\n","protected":false},"author":10,"featured_media":0,"parent":0,"menu_order":0,"comment_status":"closed","ping_status":"closed","template":"","meta":{"footnotes":""},"class_list":["post-215","page","type-page","status-publish","hentry"],"_links":{"self":[{"href":"https:\/\/ics.science.upjs.sk\/adui\/wp-json\/wp\/v2\/pages\/215","targetHints":{"allow":["GET"]}}],"collection":[{"href":"https:\/\/ics.science.upjs.sk\/adui\/wp-json\/wp\/v2\/pages"}],"about":[{"href":"https:\/\/ics.science.upjs.sk\/adui\/wp-json\/wp\/v2\/types\/page"}],"author":[{"embeddable":true,"href":"https:\/\/ics.science.upjs.sk\/adui\/wp-json\/wp\/v2\/users\/10"}],"replies":[{"embeddable":true,"href":"https:\/\/ics.science.upjs.sk\/adui\/wp-json\/wp\/v2\/comments?post=215"}],"version-history":[{"count":14,"href":"https:\/\/ics.science.upjs.sk\/adui\/wp-json\/wp\/v2\/pages\/215\/revisions"}],"predecessor-version":[{"id":2323,"href":"https:\/\/ics.science.upjs.sk\/adui\/wp-json\/wp\/v2\/pages\/215\/revisions\/2323"}],"wp:attachment":[{"href":"https:\/\/ics.science.upjs.sk\/adui\/wp-json\/wp\/v2\/media?parent=215"}],"curies":[{"name":"wp","href":"https:\/\/api.w.org\/{rel}","templated":true}]}}