{"id":2,"date":"2019-10-11T20:47:33","date_gmt":"2019-10-11T18:47:33","guid":{"rendered":"https:\/\/ics.science.upjs.sk\/adui\/?page_id=2"},"modified":"2024-06-25T12:14:39","modified_gmt":"2024-06-25T10:14:39","slug":"ukazka-strany","status":"publish","type":"page","link":"https:\/\/ics.science.upjs.sk\/adui\/","title":{"rendered":"ADUI &#8211; Anal\u00fdza d\u00e1t a umel\u00e1 inteligencia"},"content":{"rendered":"\r\n<figure class=\"wp-block-image\"><img fetchpriority=\"high\" decoding=\"async\" width=\"800\" height=\"391\" class=\"wp-image-39\" src=\"https:\/\/ics.science.upjs.sk\/adui\/wp-content\/uploads\/sites\/10\/2019\/10\/Word-Art.png\" alt=\"\" srcset=\"https:\/\/ics.science.upjs.sk\/adui\/wp-content\/uploads\/sites\/10\/2019\/10\/Word-Art.png 800w, https:\/\/ics.science.upjs.sk\/adui\/wp-content\/uploads\/sites\/10\/2019\/10\/Word-Art-300x147.png 300w, https:\/\/ics.science.upjs.sk\/adui\/wp-content\/uploads\/sites\/10\/2019\/10\/Word-Art-768x375.png 768w\" sizes=\"(max-width: 800px) 100vw, 800px\" \/><\/figure>\r\n\r\n\r\n\r\n<div class=\"wp-block-button aligncenter\"><a class=\"wp-block-button__link has-very-dark-gray-color has-light-green-cyan-background-color has-text-color has-background\" href=\"https:\/\/e-prihlaska.upjs.sk\/\" target=\"_blank\" rel=\"noreferrer noopener\">Podaj si prihl\u00e1\u0161ku tu<\/a><\/div>\r\n\r\n\r\n<hr class=\"wp-block-separator has-text-color has-background\" style=\"background-color: #c4c4c4;color: #c4c4c4\" \/>\r\n\r\n\r\n<h2 class=\"has-text-align-center has-white-color has-text-color has-background wp-block-heading\" style=\"background-color: #00376f\">\u0160es\u0165 d\u00f4vodov pre\u010do \u0161tudova\u0165 ADUI v Ko\u0161iciach<\/h2>\r\n\r\n\r\n\r\n<div class=\"wp-block-columns is-layout-flex wp-container-core-columns-is-layout-9d6595d7 wp-block-columns-is-layout-flex\">\r\n<div class=\"wp-block-column is-vertically-aligned-top is-layout-flow wp-block-column-is-layout-flow\">\r\n<h3 class=\"has-text-align-center has-black-color has-text-color has-background wp-block-heading\" style=\"background-color: #b4b4b4\">V\u00fdzva<\/h3>\r\n\r\n\r\n\r\n<p class=\"has-text-align-left has-background\" style=\"background-color: #e0e0e0\"><span style=\"font-size: revert;color: initial\">Po\u010das \u0161t\u00fadia z\u00edska\u0161 ve\u013emi slu\u0161n\u00e9 z\u00e1klady z programovania, matematiky a \u0161tatistiky, a tie bude\u0161 vedie\u0165 uplatni\u0165 na rie\u0161enie v\u00fdziev v re\u00e1lnom svete.<\/span><\/p>\r\n\r\n\r\n<hr class=\"wp-block-separator\" \/>\r\n\r\n\r\n<div class=\"wp-block-spacer\" style=\"height: 15px\" aria-hidden=\"true\">\u00a0<\/div>\r\n\r\n\r\n\r\n<h3 class=\"has-text-align-center has-black-color has-text-color has-background wp-block-heading\" style=\"background-color: #b4b4b4\">Odbornos\u0165<\/h3>\r\n\r\n\r\n\r\n<p class=\"has-text-align-left has-background\" style=\"background-color: #e0e0e0\"><span style=\"font-size: revert;color: initial\">Bud\u00fa \u0165a u\u010di\u0165 odborn\u00edci, ktor\u00ed sa venuj\u00fa zauj\u00edmav\u00fdm ot\u00e1zkam &#8211; vylep\u0161uj\u00fa met\u00f3dy na rozpozn\u00e1vanie rakovinotvorn\u00fdch buniek, identifik\u00e1ciu nebezpe\u010dn\u00fdch hackersk\u00fdch \u00fatokov, h\u013eadaniu dvojhviezd, &#8230;<\/span><\/p>\r\n\r\n\r\n<hr class=\"wp-block-separator\" \/>\r\n\r\n\r\n<div class=\"wp-block-spacer\" style=\"height: 15px\" aria-hidden=\"true\">\u00a0<\/div>\r\n\r\n\r\n\r\n<h3 class=\"has-text-align-center has-background wp-block-heading\" style=\"background-color: #b4b4b4\">Akredit\u00e1cia<\/h3>\r\n\r\n\r\n\r\n<p class=\"has-background\" style=\"background-color: #e0e0e0\"><span style=\"font-size: revert;color: initial\">Anal\u00fdza d\u00e1t a umel\u00e1 inteligencia je akreditovan\u00fd \u0161tudijn\u00fd program na bakal\u00e1rskom aj magisterskom stupni.<\/span><\/p>\r\n<\/div>\r\n\r\n\r\n\r\n<div class=\"wp-block-column is-layout-flow wp-block-column-is-layout-flow\">\r\n<div class=\"wp-block-spacer\" style=\"height: 55px\" aria-hidden=\"true\">\u00a0<\/div>\r\n\r\n\r\n\r\n<h3 class=\"has-text-align-center has-background wp-block-heading\" style=\"background-color: #b4b4b4\">Uplatnenie<\/h3>\r\n\r\n\r\n\r\n<p class=\"has-background\" style=\"background-color: #e0e0e0\">Obrovsk\u00e9 <span style=\"font-size: revert;color: initial\">mno\u017estvo zozbieran\u00fdch d\u00e1t vol\u00e1 po rozumnom vyu\u017eit\u00ed. Po d\u00e1tov\u00fdch analytikoch je a e\u0161te dlho bude ve\u013emi ve\u013ek\u00fd dopyt. Priamo na v\u00fdchodnom Slovensku, ale aj v celej Eur\u00f3pe a vo svete.<\/span><\/p>\r\n\r\n\r\n<hr class=\"wp-block-separator\" \/>\r\n\r\n\r\n<div class=\"wp-block-spacer\" style=\"height: 15px\" aria-hidden=\"true\">\u00a0<\/div>\r\n\r\n\r\n\r\n<h3 class=\"has-text-align-center has-black-color has-text-color has-background wp-block-heading\" style=\"background-color: #b4b4b4\">Spolupr\u00e1ca<\/h3>\r\n\r\n\r\n\r\n<p class=\"has-text-align-left has-background\" style=\"background-color: #e0e0e0\"><span style=\"font-size: revert;color: initial\">Po\u010das \u0161t\u00fadia bude\u0161 pracova\u0165 na r\u00f4znych projektoch zadan\u00fdch firmami, s ktor\u00fdmi spolupracujeme. Bude\u0161 m\u00f4c\u0165 \u00eds\u0165 na letn\u00fa st\u00e1\u017e do renomovanej firmy alebo na \u010das\u0165 \u0161t\u00fadia na zahrani\u010dn\u00fa univerzitu.<\/span><\/p>\r\n\r\n\r\n<hr class=\"wp-block-separator\" \/>\r\n\r\n\r\n<div class=\"wp-block-spacer\" style=\"height: 15px\" aria-hidden=\"true\">\u00a0<\/div>\r\n\r\n\r\n\r\n<h3 class=\"has-text-align-center has-background wp-block-heading\" style=\"background-color: #b4b4b4\">Ko\u0161ice<\/h3>\r\n\r\n\r\n\r\n<p class=\"has-background\" style=\"background-color: #e0e0e0\"><span style=\"font-size: revert;color: initial\">Ko\u0161ice s\u00fa mesto mlad\u00fdch \u013eud\u00ed, v ktorom to \u017eije.<\/span><\/p>\r\n<\/div>\r\n<\/div>\r\n\r\n\r\n<hr class=\"wp-block-separator has-text-color has-background\" style=\"background-color: #c4c4c4;color: #c4c4c4\" \/>\r\n\r\n\r\n<h2 class=\"has-text-align-center has-white-color has-text-color has-background\" style=\"background-color: #00376f\">Otv\u00e1ranie Vissim laborat\u00f3ria<\/h2>\r\n<p><a href=\"https:\/\/www.facebook.com\/telketv\/videos\/1702629950331132?locale=sk_SK\" target=\"_blank\" rel=\"noopener\"> <img decoding=\"async\" class=\"alignnone size-medium wp-image-2279\" src=\"https:\/\/ics.science.upjs.sk\/adui\/wp-content\/uploads\/sites\/10\/2024\/05\/foto-1.png\" alt=\"\" \/> <\/a><\/p>\r\n\r\n\r\n<hr class=\"wp-block-separator has-text-color has-background\" style=\"background-color: #c4c4c4;color: #c4c4c4\" \/>\r\n\r\n\r\n<div style=\"text-align: center;width: 100%;min-height: 1px;flex: 0 0 100%;max-width: 100%;padding: 40px 15px 20px 15px\"><a title=\"UPJ\u0160\" href=\"https:\/\/www.upjs.sk\/?prefferedLang=SK\" target=\"_blank\" rel=\"noopener noreferrer\"><img decoding=\"async\" class=\"\" style=\"height: 95px;text-decoration: none\" src=\"https:\/\/ics.science.upjs.sk\/adui\/wp-content\/uploads\/sites\/10\/2024\/06\/UPJS-e-symbol-modry.png\" width=\"95\" \/><\/a> <a title=\"PF UPJ\u0160\" href=\"https:\/\/www.upjs.sk\/prirodovedecka-fakulta\/?prefferedLang=SK\" target=\"_blank\" rel=\"noopener noreferrer\"><img decoding=\"async\" style=\"padding: 0px;height: 80px;text-decoration: none\" src=\"https:\/\/ics.science.upjs.sk\/adui\/wp-content\/uploads\/sites\/10\/2024\/06\/PF-e-symbol-zeleny.png\" \/><\/a> <a title=\"\u00daMAT\" href=\"https:\/\/www.upjs.sk\/prirodovedecka-fakulta\/ustav\/umv\/\" target=\"_blank\" rel=\"noopener noreferrer\"><img decoding=\"async\" style=\"padding: 0px;height: 80px;text-decoration: none\" src=\"https:\/\/ics.science.upjs.sk\/adui\/wp-content\/uploads\/sites\/10\/2022\/11\/ustav-matematiky_v4_farebna_stvorec.png\" \/><\/a> <a title=\"\u00daINF\" href=\"https:\/\/ics.science.upjs.sk\/\" target=\"_blank\" rel=\"noopener noreferrer\"><img decoding=\"async\" style=\"padding: 0px;height: 80px;text-decoration: none\" src=\"https:\/\/ics.science.upjs.sk\/adui\/wp-content\/uploads\/sites\/10\/2023\/01\/ustav-informatiky_v4_farebna_stvorec.png\" \/><\/a><\/div>\r\n<!-- \/wp:post-content --><!-- \/wp:image --><!-- \/wp:paragraph --><!-- \/wp:paragraph -->","protected":false},"excerpt":{"rendered":"<p>\u0160es\u0165 d\u00f4vodov pre\u010do \u0161tudova\u0165 ADUI v Ko\u0161iciach V\u00fdzva Po\u010das \u0161t\u00fadia z\u00edska\u0161 ve\u013emi slu\u0161n\u00e9 z\u00e1klady z programovania, matematiky a \u0161tatistiky, a tie bude\u0161 vedie\u0165 uplatni\u0165 na rie\u0161enie v\u00fdziev v re\u00e1lnom svete.&hellip;<\/p>\n","protected":false},"author":14,"featured_media":0,"parent":0,"menu_order":0,"comment_status":"closed","ping_status":"open","template":"","meta":{"footnotes":""},"class_list":["post-2","page","type-page","status-publish","hentry"],"_links":{"self":[{"href":"https:\/\/ics.science.upjs.sk\/adui\/wp-json\/wp\/v2\/pages\/2","targetHints":{"allow":["GET"]}}],"collection":[{"href":"https:\/\/ics.science.upjs.sk\/adui\/wp-json\/wp\/v2\/pages"}],"about":[{"href":"https:\/\/ics.science.upjs.sk\/adui\/wp-json\/wp\/v2\/types\/page"}],"author":[{"embeddable":true,"href":"https:\/\/ics.science.upjs.sk\/adui\/wp-json\/wp\/v2\/users\/14"}],"replies":[{"embeddable":true,"href":"https:\/\/ics.science.upjs.sk\/adui\/wp-json\/wp\/v2\/comments?post=2"}],"version-history":[{"count":43,"href":"https:\/\/ics.science.upjs.sk\/adui\/wp-json\/wp\/v2\/pages\/2\/revisions"}],"predecessor-version":[{"id":2890,"href":"https:\/\/ics.science.upjs.sk\/adui\/wp-json\/wp\/v2\/pages\/2\/revisions\/2890"}],"wp:attachment":[{"href":"https:\/\/ics.science.upjs.sk\/adui\/wp-json\/wp\/v2\/media?parent=2"}],"curies":[{"name":"wp","href":"https:\/\/api.w.org\/{rel}","templated":true}]}}