{"id":1933,"date":"2023-12-12T10:12:11","date_gmt":"2023-12-12T09:12:11","guid":{"rendered":"https:\/\/ics.science.upjs.sk\/adui\/?page_id=1933"},"modified":"2025-01-02T16:42:23","modified_gmt":"2025-01-02T15:42:23","slug":"dataday4","status":"publish","type":"page","link":"https:\/\/ics.science.upjs.sk\/adui\/dataday4\/","title":{"rendered":"DataDay 4"},"content":{"rendered":"\r\n<figure class=\"wp-block-image size-large\"><img fetchpriority=\"high\" decoding=\"async\" class=\"alignnone wp-image-1452 size-full\" src=\"https:\/\/ics.science.upjs.sk\/adui\/wp-content\/uploads\/sites\/10\/2024\/01\/Dataday4_FBtitulka_WEBobrazok_PrihlasovanieObrazok.jpg\" alt=\"\" width=\"1640\" height=\"924\" \/><\/figure>\r\n\r\n\r\n\r\n<p class=\"has-background\" style=\"background-color: #e0e0e0\" data-darkreader-inline-bgcolor=\"\">Fotografie z tejto akcie si m\u00f4\u017ee\u0161 pozrie\u0165 <a href=\"https:\/\/ics.science.upjs.sk\/adui\/dataday-4-fotogaleria\/\" target=\"_blank\" rel=\"noopener\">tu<\/a>.<\/p>\r\n<p data-darkreader-inline-bgcolor=\"\">\u00a0<\/p>\r\n\r\n\r\n\r\n<p class=\"has-background\" style=\"background-color: #e0e0e0\" data-darkreader-inline-bgcolor=\"\"><strong>Stredo\u0161kol\u00e1ci pozor!<\/strong> Vie\u0161 programova\u0165? Bavia \u0164a d\u00e1ta ako obr\u00e1zky, grafy, volebn\u00e9 prieskumy a v\u0161etko \u010do chce\u0161 nimi zisti\u0165? M\u00e1\u0161 r\u00e1d probl\u00e9m-solving \u010di len chce\u0161 ch\u00e1pa\u0165 ako funguje umel\u00e1 inteligencia? M\u00e1me tu v porad\u00ed u\u017e <strong>\u0161tvrt\u00fd DataDay<\/strong>, kde to v\u0161etko m\u00f4\u017ee\u0161 za\u017ei\u0165.<\/p>\r\n\r\n\r\n\r\n<p class=\"has-background\" style=\"background-color: #e0e0e0\" data-darkreader-inline-bgcolor=\"\">\u010cakaj\u00fa \u0164a zauj\u00edmav\u00e9 workshopy, predn\u00e1\u0161ka o najnov\u0161\u00edch trendoch d\u00e1tovej vedy, d\u00e1tov\u00e9 modelovanie, interakt\u00edvne vytv\u00e1ranie inteligentn\u00fdch syst\u00e9mov, kv\u00edz, pizza, nov\u00ed \u013eudia a omnoho viac. To v\u0161etko m\u00f4\u017ee\u0161 za\u017ei\u0165 u\u017e <strong>17. febru\u00e1ra 2024<\/strong>, tak si to ur\u010dite nenechaj ujs\u0165! Potrebn\u00e9 inform\u00e1cie budeme priebe\u017ene dop\u013a\u0148a\u0165. Preto sleduj t\u00fato str\u00e1nku a n\u00e1\u0161 <a href=\"https:\/\/www.facebook.com\/DAMupjs\" target=\"_blank\" rel=\"noopener\">facebook<\/a>. Plag\u00e1t akcie si m\u00f4\u017ee\u0161 stiahnu\u0165 <a href=\"https:\/\/ics.science.upjs.sk\/adui\/wp-content\/uploads\/sites\/10\/2024\/01\/DataDay4_plagat_domailov.pdf\" target=\"_blank\" rel=\"noopener\">tu<\/a>.<\/p>\r\n\r\n\r\n\r\n<p class=\"has-background\" style=\"background-color: #e0e0e0\" data-darkreader-inline-bgcolor=\"\"><strong>Z\u00e1rove\u0148 bude na rovnakom mieste a v rovnakom \u010dase prebieha\u0165 akcia s n\u00e1zvom <a href=\"https:\/\/www.upjs.sk\/prirodovedecka-fakulta\/pracoviska\/ustavy-pf\/umat\/preverejnost\/math-open-day\/\" target=\"_blank\" rel=\"noopener\">Math Open Day<\/a>, na ktorej si tie\u017e srde\u010dne v\u00edtan\u00fd.<\/strong><\/p>\r\n\r\n\r\n\r\n<div class=\"wp-block-spacer\" style=\"height: 50px\" aria-hidden=\"true\">\u00a0<\/div>\r\n\r\n\r\n\r\n<h4 id=\"2-rok-studia\" class=\"has-white-color has-text-color has-background wp-block-heading\" style=\"background-color: #be78b3;text-align: center\" data-darkreader-inline-bgcolor=\"\">KEDY A KDE?<\/h4>\r\n\r\n\r\n\r\n<figure class=\"wp-block-image size-large\"><img decoding=\"async\" class=\"aligncenter wp-image-1335 size-large\" src=\"https:\/\/ics.science.upjs.sk\/adui\/wp-content\/uploads\/sites\/10\/2024\/01\/Dataday4_KedyKde.png\" alt=\"\" width=\"900\" height=\"507\" \/><\/figure>\r\n\r\n<div class=\"wp-block-spacer\" style=\"height: 20px\" aria-hidden=\"true\">\u00a0<\/div>\r\n\r\n\r\n\r\n<h4 id=\"2-rok-studia\" class=\"has-white-color has-text-color has-background wp-block-heading\" style=\"background-color: #be78b3;text-align: center\" data-darkreader-inline-bgcolor=\"\">PROGRAM<\/h4>\r\n\r\n\r\n\r\n<figure class=\"wp-block-image size-large\"><img decoding=\"async\" class=\"aligncenter wp-image-1335\" src=\"https:\/\/ics.science.upjs.sk\/adui\/wp-content\/uploads\/sites\/10\/2024\/01\/DataDay4_program.png\" alt=\"\" width=\"550\" height=\"310\" \/><\/figure>\r\n\r\n\r\n\r\n<figure class=\"wp-block-image size-large\"><\/figure>\r\n\r\n\r\n\r\n<h4 id=\"2-rok-studia\" class=\"has-white-color has-text-color has-background wp-block-heading\" style=\"background-color: #be78b3;text-align: center\" data-darkreader-inline-bgcolor=\"\">PREDN\u00c1\u0160KA<\/h4>\r\n\r\n<div class=\"wp-block-media-text alignwide is-stacked-on-mobile\" style=\"grid-template-columns: 43% auto\">\r\n<figure class=\"wp-block-media-text__media\"><img loading=\"lazy\" decoding=\"async\" class=\"alignnone wp-image-1370 size-full\" src=\"https:\/\/ics.science.upjs.sk\/adui\/wp-content\/uploads\/sites\/10\/2024\/01\/Dataday4_prednaska_Vozarikova_ikonaWEB.png\" alt=\"\" width=\"4792\" height=\"3728\" \/><\/figure>\r\n<div class=\"wp-block-media-text__content\">\r\n<p><strong>\u010co je pod kapotou ChatGPT?<\/strong><\/p>\r\n\r\n\r\n\r\n<p class=\"has-small-font-size\" style=\"text-align: left\">Chce\u0161 vedie\u0165, ako dne\u0161n\u00e9 modely umelej inteligencie spracov\u00e1vaj\u00fa prirodzen\u00fd jazyk? Ako vyzer\u00e1 tr\u00e9ning tak\u00e9ho modelu? Ako sa model u\u010d\u00ed pou\u017e\u00edva\u0165 n\u00e1stroje typu kalkula\u010dka alebo ako vie surfova\u0165 po internete? U\u010d\u00ed sa model aj odo m\u0148a, ke\u010f si s n\u00edm p\u00ed\u0161em? Ak \u0164a zauj\u00edmaj\u00fa odpovede, predn\u00e1\u0161ka je pr\u00e1ve pre Teba!<\/p>\r\n<\/div>\r\n<\/div>\r\n\r\n\r\n\r\n<h4 id=\"2-rok-studia\" class=\"has-white-color has-text-color has-background wp-block-heading\" style=\"background-color: #be78b3;text-align: center\" data-darkreader-inline-bgcolor=\"\">WORKSHOPY<\/h4>\r\n\r\n\r\n\r\n<div class=\"wp-block-media-text alignwide has-media-on-the-right is-stacked-on-mobile\" style=\"grid-template-columns: auto 43%\">\r\n<figure class=\"wp-block-media-text__media\"><img loading=\"lazy\" decoding=\"async\" class=\"alignnone wp-image-1371 size-full\" src=\"https:\/\/ics.science.upjs.sk\/adui\/wp-content\/uploads\/sites\/10\/2024\/01\/Dataday4_WS_Kiso_ikonaWEB.png\" alt=\"\" width=\"4792\" height=\"3728\" \/><\/figure>\r\n<div class=\"wp-block-media-text__content\">\r\n<p><strong>Som pr\u00edli\u0161 \u010dasto na soci\u00e1lnej sieti?<\/strong><\/p>\r\n\r\n\r\n\r\n<p class=\"has-small-font-size\" style=\"text-align: left\">\u010co hovoria d\u00e1ta o uverej\u0148ovan\u00ed pr\u00edspevkov na Facebooku? Na to sa pozrieme na tomto workshope, kde sa pok\u00fasime d\u00e1ta zanalyzova\u0165 pomocou Pythonu a Google Colabu. Pouk\u00e1\u017eeme na pojem empirickej pravdepodobnosti, resp. relat\u00edvnej po\u010detnosti nejakej sk\u00famanej udalosti, ktor\u00e1 sa pou\u017e\u00edva aj v met\u00f3dach strojov\u00e9ho u\u010denia.<\/p>\r\n<\/div>\r\n<\/div>\r\n\r\n\r\n\r\n<div class=\"wp-block-media-text alignwide is-stacked-on-mobile\" style=\"grid-template-columns: 43% auto\">\r\n<figure class=\"wp-block-media-text__media\"><img loading=\"lazy\" decoding=\"async\" class=\"alignnone wp-image-1370 size-full\" src=\"https:\/\/ics.science.upjs.sk\/adui\/wp-content\/uploads\/sites\/10\/2024\/01\/Dataday4_WS_Klein_ikonaWEB.png\" alt=\"\" width=\"4792\" height=\"3728\" \/><\/figure>\r\n<div class=\"wp-block-media-text__content\">\r\n<p><strong>Schv\u00e1li\u0165 alebo neschv\u00e1li\u0165 p\u00f4\u017ei\u010dku?<\/strong><\/p>\r\n\r\n\r\n\r\n<p class=\"has-small-font-size\" style=\"text-align: left\">Na workshope si vysk\u00fa\u0161ate, ak\u00e9 je to by\u0165 v ko\u017ei banky a rozhodova\u0165 o tom, komu udeli\u0165 p\u00f4\u017ei\u010dku. Na z\u00e1klade r\u00f4znych d\u00e1t o klientoch si sk\u00fasite zostavi\u0165 \u0161tatistick\u00fd model, ktor\u00fd V\u00e1m pom\u00f4\u017ee pri rozhodovan\u00ed.<\/p>\r\n<\/div>\r\n<\/div>\r\n\r\n\r\n\r\n<div class=\"wp-block-media-text alignwide has-media-on-the-right is-stacked-on-mobile\" style=\"grid-template-columns: auto 43%\">\r\n<figure class=\"wp-block-media-text__media\"><img loading=\"lazy\" decoding=\"async\" class=\"alignnone wp-image-1371 size-full\" src=\"https:\/\/ics.science.upjs.sk\/adui\/wp-content\/uploads\/sites\/10\/2024\/01\/Dataday4_WS_Gursky_ikonaWEB.png\" alt=\"\" width=\"4792\" height=\"3728\" \/><\/figure>\r\n<div class=\"wp-block-media-text__content\">\r\n<p><strong>Krotenie divok\u00fdch vl\u00e1kien<\/strong><\/p>\r\n\r\n\r\n\r\n<p class=\"has-small-font-size\" style=\"text-align: left\">Chcete si da\u0165 zrekon\u0161truova\u0165 byt za mesiac, ale majster to st\u00edha a\u017e za 6? Jednoduch\u00e9 rie\u0161enie, zavolajte si 6 majstrov. Ide V\u00e1\u0161 program pomaly? Rozde\u013ete jeho pr\u00e1cu medzi viacero paralelne funguj\u00facich vl\u00e1kien. Na workshope si vysk\u00fa\u0161ate ako spusti\u0165 viacero funkci\u00ed s\u00fa\u010dasne, ak\u00e9 probl\u00e9my pri tom vznikaj\u00fa, a ako ich rie\u0161i\u0165.<\/p>\r\n<\/div>\r\n<\/div>\r\n\r\n\r\n\r\n<div class=\"wp-block-spacer\" style=\"height: 40px\" aria-hidden=\"true\">\u00a0<\/div>\r\n\r\n\r\n\r\n<h4 id=\"2-rok-studia\" class=\"has-white-color has-text-color has-background wp-block-heading\" style=\"background-color: #be78b3;text-align: center\" data-darkreader-inline-bgcolor=\"\">FAQ<\/h4>\r\n\r\n\r\n\r\n<div class=\"wp-block-columns are-vertically-aligned-top is-layout-flex wp-container-core-columns-is-layout-9d6595d7 wp-block-columns-is-layout-flex\">\r\n<div class=\"wp-block-column is-vertically-aligned-top is-layout-flow wp-block-column-is-layout-flow\" style=\"flex-basis: 33.33%\">\r\n<p class=\"has-white-color has-text-color has-background has-medium-font-size\" style=\"background-color: #ff4070\" data-darkreader-inline-bgcolor=\"\"><strong>Pre\u010do je DataDay 4 v sobotu?<\/strong><\/p>\r\n<\/div>\r\n\r\n\r\n\r\n<div class=\"wp-block-column is-vertically-aligned-top is-layout-flow wp-block-column-is-layout-flow\" style=\"flex-basis: 66.66%\">\r\n<p class=\"has-text-align-left has-black-color has-text-color has-background\" style=\"background-color: #e0e0e0\" data-darkreader-inline-bgcolor=\"\">Akcia je ur\u010den\u00e1 v\u0161etk\u00fdm stredo\u0161kol\u00e1kom, ktor\u00ed radi rozm\u00fd\u0161\u013eaj\u00fa a objavuj\u00fa nov\u00e9 veci, a to nielen cez \u0161kolsk\u00fd t\u00fd\u017ede\u0148. Workshopy bud\u00fa veden\u00e9 skvel\u00fdmi \u013eu\u010fmi z univerzity aj z ko\u0161ick\u00fdch firiem.<\/p>\r\n<\/div>\r\n<\/div>\r\n\r\n\r\n\r\n<div class=\"wp-block-columns are-vertically-aligned-top is-layout-flex wp-container-core-columns-is-layout-9d6595d7 wp-block-columns-is-layout-flex\">\r\n<div class=\"wp-block-column is-vertically-aligned-top is-layout-flow wp-block-column-is-layout-flow\" style=\"flex-basis: 33.33%\">\r\n<p class=\"has-white-color has-text-color has-background has-medium-font-size\" style=\"background-color: #ff4070\" data-darkreader-inline-bgcolor=\"\"><strong>\u010co si m\u00e1m so sebou prinies\u0165?<\/strong><\/p>\r\n<\/div>\r\n\r\n\r\n\r\n<div class=\"wp-block-column is-vertically-aligned-top is-layout-flow wp-block-column-is-layout-flow\" style=\"flex-basis: 66.66%\">\r\n<p class=\"has-text-align-left has-black-color has-text-color has-background\" style=\"background-color: #e0e0e0\" data-darkreader-inline-bgcolor=\"\">Prines si hlavne dobr\u00fa n\u00e1ladu. Ak r\u00e1d rob\u00ed\u0161 na svojom notebooku, dones si aj ten. Nie je to v\u0161ak nutn\u00e9 &#8211; ak nebude\u0161 ma\u0165 notebook, workshopy bud\u00fa v po\u010d\u00edta\u010dov\u00fdch miestnostiach, kde bude\u0161 ma\u0165 k dispoz\u00edcii po\u010d\u00edta\u010d.<\/p>\r\n<\/div>\r\n<\/div>\r\n\r\n\r\n\r\n<div class=\"wp-block-spacer\" style=\"height: 50px\" aria-hidden=\"true\">\u00a0<\/div>\r\n\r\n<p>&nbsp;<\/p>\r\n\r\n<h4 id=\"2-rok-studia\" class=\"has-white-color has-text-color has-background wp-block-heading\" style=\"background-color: #be78b3;text-align: center\" data-darkreader-inline-bgcolor=\"\">ORGANIZ\u00c1TORI<\/h4>\r\n\r\n\r\n\r\n<div class=\"wp-block-columns is-layout-flex wp-container-core-columns-is-layout-9d6595d7 wp-block-columns-is-layout-flex\">\r\n<div class=\"wp-block-column is-layout-flow wp-block-column-is-layout-flow\">\r\n<figure class=\"wp-block-image size-medium\"><a href=\"https:\/\/www.upjs.sk\/prirodovedecka-fakulta\/\" target=\"_blank\" rel=\"noopener\"><img loading=\"lazy\" decoding=\"async\" class=\"alignnone wp-image-2493\" src=\"https:\/\/ics.science.upjs.sk\/adui\/wp-content\/uploads\/sites\/10\/2022\/12\/PriF_color.png\" alt=\"\" width=\"687\" height=\"611\" \/><\/a><\/figure>\r\n<\/div>\r\n\r\n\r\n\r\n<div class=\"wp-block-column is-layout-flow wp-block-column-is-layout-flow\">\r\n<figure class=\"wp-block-image size-medium\"><a href=\"https:\/\/www.kosiceitvalley.sk\/\" target=\"_blank\" rel=\"noopener\"><img loading=\"lazy\" decoding=\"async\" class=\"alignnone wp-image-2493\" src=\"https:\/\/ics.science.upjs.sk\/adui\/wp-content\/uploads\/sites\/10\/2022\/12\/it-valley_na-vysku_farebne-1.png\" alt=\"\" width=\"1554\" height=\"1663\" \/><\/a><\/figure>\r\n<\/div>\r\n<\/div>\r\n\r\n\r\n\r\n<h4 id=\"2-rok-studia\" class=\"has-white-color has-text-color has-background wp-block-heading\" style=\"background-color: #be78b3;text-align: center\" data-darkreader-inline-bgcolor=\"\">PREDCH\u00c1DZAJ\u00daCE AKCIE<\/h4>\r\n\r\n\r\n\r\n<div class=\"wp-block-columns is-layout-flex wp-container-core-columns-is-layout-9d6595d7 wp-block-columns-is-layout-flex\">\r\n<div class=\"wp-block-column is-layout-flow wp-block-column-is-layout-flow\">\r\n<p class=\"has-text-align-center has-white-color has-text-color has-background\" style=\"background-color: #e0e0e0\"><a href=\"https:\/\/cyberawareness.sk\/cybersecurityday\/\" target=\"_blank\" rel=\"noreferrer noopener\">Jarn\u00fd CyberSecurityDay 2022<\/a><\/p>\r\n<p class=\"has-text-align-center has-white-color has-text-color has-background\" style=\"background-color: #e0e0e0\"><a href=\"https:\/\/cyberawareness.sk\/jesenny-cybersecurity-day-2022\/\" target=\"_blank\" rel=\"noreferrer noopener\">Jesenn\u00fd CyberSecurityDay 2022<\/a><\/p>\r\n\r\n<p class=\"has-text-align-center has-white-color has-text-color has-background\" style=\"background-color: #e0e0e0\"><a href=\"https:\/\/cyberawareness.sk\/jarny-cybersecurityday-2023\/\" target=\"_blank\" rel=\"noreferrer noopener\">Jarn\u00fd CyberSecurityDay 2023<\/a><\/p>\r\n<p class=\"has-text-align-center has-white-color has-text-color has-background\" style=\"background-color: #e0e0e0\"><a href=\"https:\/\/cyberawareness.sk\/jesenny-cybersecurityday-2023\/\" target=\"_blank\" rel=\"noreferrer noopener\">Jesenn\u00fd CyberSecurityDay 2023<\/a><\/p>\r\n<\/div>\r\n\r\n\r\n\r\n<div class=\"wp-block-column is-layout-flow wp-block-column-is-layout-flow\">\r\n<p class=\"has-text-align-center has-white-color has-text-color has-background\" style=\"background-color: #e0e0e0\"><a href=\"https:\/\/ics.science.upjs.sk\/adui\/dataday\/\" target=\"_blank\" rel=\"noreferrer noopener\">DataDay 1<\/a><\/p>\r\n<p class=\"has-text-align-center has-white-color has-text-color has-background\" style=\"background-color: #e0e0e0\"><a href=\"https:\/\/ics.science.upjs.sk\/adui\/dataday2\/\" target=\"_blank\" rel=\"noreferrer noopener\">DataDay 2<\/a><\/p>\r\n\r\n<p class=\"has-text-align-center has-white-color has-text-color has-background\" style=\"background-color: #e0e0e0\"><a href=\"https:\/\/ics.science.upjs.sk\/adui\/christmasdatasecurityday\/\" target=\"_blank\" rel=\"noreferrer noopener\">Christmas Data&amp;Security Day<\/a><\/p>\r\n\r\n<p class=\"has-text-align-center has-white-color has-text-color has-background\" style=\"background-color: #e0e0e0\"><a href=\"https:\/\/ics.science.upjs.sk\/adui\/dataday3\/\" target=\"_blank\" rel=\"noreferrer noopener\">DataDay 3<\/a><\/p>\r\n<\/div>\r\n<\/div>\r\n<div class=\"wp-block-column\">\r\n<div class=\"wp-block-columns\">\r\n<div style=\"text-align: center;width: 100%;min-height: 1px;flex: 0 0 100%;max-width: 100%;padding: 40px 15px 20px 15px\">\u00a0<\/div>\r\n<\/div>\r\n\r\n<p>&nbsp;<\/p>\r\n<hr class=\"wp-block-separator\" \/>\r\n<p>Viac o DAM-e n\u00e1jdete <a href=\"https:\/\/dam.science.upjs.sk\/index.html\" target=\"_blank\" rel=\"noopener\">tu<\/a>.<\/p><br><br>\r\n\r\n<p>&nbsp;<\/p>\r\n<div style=\"text-align: center;width: 100%;min-height: 1px;flex: 0 0 100%;max-width: 100%;padding: 40px 15px 20px 15px\"><a title=\"UPJ\u0160\" href=\"https:\/\/www.upjs.sk\/?prefferedLang=SK\" target=\"_blank\" rel=\"noopener noreferrer\"><img decoding=\"async\" class=\"\" style=\"height: 92px;text-decoration: none\" src=\"https:\/\/ics.science.upjs.sk\/adui\/wp-content\/uploads\/sites\/10\/2020\/03\/upjs_f.png\" width=\"92\" \/><\/a> <a title=\"PF UPJ\u0160\" href=\"https:\/\/www.upjs.sk\/prirodovedecka-fakulta\/?prefferedLang=SK\" target=\"_blank\" rel=\"noopener noreferrer\"><img decoding=\"async\" style=\"padding: 0px;height: 80px;text-decoration: none\" src=\"https:\/\/ics.science.upjs.sk\/adui\/wp-content\/uploads\/sites\/10\/2019\/10\/upjs-logo.png\" \/><\/a> <a title=\"\u00daMAT\" href=\"https:\/\/www.upjs.sk\/prirodovedecka-fakulta\/ustav\/umv\/\" target=\"_blank\" rel=\"noopener noreferrer\"><img decoding=\"async\" style=\"padding: 0px;height: 80px;text-decoration: none\" src=\"https:\/\/ics.science.upjs.sk\/adui\/wp-content\/uploads\/sites\/10\/2022\/11\/ustav-matematiky_v4_farebna_stvorec.png\" \/><\/a> <a title=\"\u00daINF\" href=\"https:\/\/ics.science.upjs.sk\/\" target=\"_blank\" rel=\"noopener noreferrer\"><img decoding=\"async\" style=\"padding: 0px;height: 80px;text-decoration: none\" src=\"https:\/\/ics.science.upjs.sk\/adui\/wp-content\/uploads\/sites\/10\/2023\/01\/ustav-informatiky_v4_farebna_stvorec.png\" \/><\/a><\/div>\r\n<\/div>\r\n<!-- \/wp:post-content -->","protected":false},"excerpt":{"rendered":"<p>Fotografie z tejto akcie si m\u00f4\u017ee\u0161 pozrie\u0165 tu. \u00a0 Stredo\u0161kol\u00e1ci pozor! Vie\u0161 programova\u0165? Bavia \u0164a d\u00e1ta ako obr\u00e1zky, grafy, volebn\u00e9 prieskumy a v\u0161etko \u010do chce\u0161 nimi zisti\u0165? M\u00e1\u0161 r\u00e1d probl\u00e9m-solving&hellip;<\/p>\n","protected":false},"author":31,"featured_media":0,"parent":0,"menu_order":0,"comment_status":"closed","ping_status":"closed","template":"","meta":{"footnotes":""},"class_list":["post-1933","page","type-page","status-publish","hentry"],"_links":{"self":[{"href":"https:\/\/ics.science.upjs.sk\/adui\/wp-json\/wp\/v2\/pages\/1933","targetHints":{"allow":["GET"]}}],"collection":[{"href":"https:\/\/ics.science.upjs.sk\/adui\/wp-json\/wp\/v2\/pages"}],"about":[{"href":"https:\/\/ics.science.upjs.sk\/adui\/wp-json\/wp\/v2\/types\/page"}],"author":[{"embeddable":true,"href":"https:\/\/ics.science.upjs.sk\/adui\/wp-json\/wp\/v2\/users\/31"}],"replies":[{"embeddable":true,"href":"https:\/\/ics.science.upjs.sk\/adui\/wp-json\/wp\/v2\/comments?post=1933"}],"version-history":[{"count":79,"href":"https:\/\/ics.science.upjs.sk\/adui\/wp-json\/wp\/v2\/pages\/1933\/revisions"}],"predecessor-version":[{"id":2631,"href":"https:\/\/ics.science.upjs.sk\/adui\/wp-json\/wp\/v2\/pages\/1933\/revisions\/2631"}],"wp:attachment":[{"href":"https:\/\/ics.science.upjs.sk\/adui\/wp-json\/wp\/v2\/media?parent=1933"}],"curies":[{"name":"wp","href":"https:\/\/api.w.org\/{rel}","templated":true}]}}