{"id":179,"date":"2019-11-16T10:48:37","date_gmt":"2019-11-16T09:48:37","guid":{"rendered":"https:\/\/ics.science.upjs.sk\/adui\/?page_id=179"},"modified":"2025-01-02T16:44:35","modified_gmt":"2025-01-02T15:44:35","slug":"dataday","status":"publish","type":"page","link":"https:\/\/ics.science.upjs.sk\/adui\/dataday\/","title":{"rendered":"DataDay 1"},"content":{"rendered":"\r\n<figure class=\"wp-block-image\"><img fetchpriority=\"high\" decoding=\"async\" width=\"900\" height=\"600\" class=\"wp-image-240\" src=\"https:\/\/ics.science.upjs.sk\/adui\/wp-content\/uploads\/sites\/10\/2019\/11\/bannerdoplnene.png\" alt=\"\" srcset=\"https:\/\/ics.science.upjs.sk\/adui\/wp-content\/uploads\/sites\/10\/2019\/11\/bannerdoplnene.png 900w, https:\/\/ics.science.upjs.sk\/adui\/wp-content\/uploads\/sites\/10\/2019\/11\/bannerdoplnene-300x200.png 300w, https:\/\/ics.science.upjs.sk\/adui\/wp-content\/uploads\/sites\/10\/2019\/11\/bannerdoplnene-768x512.png 768w\" sizes=\"(max-width: 900px) 100vw, 900px\" \/><\/figure>\r\n\r\n\r\n\r\n<p class=\"has-medium-font-size\"><em>Pozrie\u0165 si ako bolo na tejto akcii si m\u00f4\u017ee\u0161 <a href=\"https:\/\/ics.science.upjs.sk\/adui\/dataday-1-fotogaleria\/\">tu<\/a>.<\/em><\/p>\r\n\r\n\r\n\r\n<p>Zauj\u00edma \u0164a, ako sa na d\u00e1ta a umel\u00fa inteligenciu pozer\u00e1 Ko\u0161i\u010dan, ktor\u00fd robil 12 rokov pre Google?<\/p>\r\n\r\n\r\n\r\n<p>Chce\u0161 vedie\u0165, ako si vytvori\u0165 vlastn\u00fd svet pomocou neur\u00f3nov\u00fdch siet\u00ed?<\/p>\r\n\r\n\r\n\r\n<p>Chce\u0161 po\u010du\u0165 viac o tom, ako m\u00f4\u017ee by\u0165 matematika u\u017eito\u010dn\u00e1 evolu\u010dn\u00e9mu biol\u00f3govi, ktor\u00fd sk\u00fama dinosaurie lebky?<\/p>\r\n\r\n\r\n\r\n<p>R\u00e1d by si si sk\u00fasil naprogramova\u0165 po\u010d\u00edta\u010dov\u00fa hru?<\/p>\r\n\r\n\r\n\r\n<p>Chce\u0161 ok\u00fasi\u0165 po\u010d\u00edta\u010dov\u00e9 videnie r\u00fdchlo a zbesilo?<\/p>\r\n\r\n\r\n\r\n<p>Ak si aspo\u0148 na jednu ot\u00e1zku odpovedal kladne, poz\u00fdvame \u0164a na <strong>DataDay 14. 12. 2019 na p\u00f4de UPJ\u0160 v Ko\u0161iciach<\/strong>!<\/p>\r\n\r\n\r\n\r\n<p><strong>Registr\u00e1cia na DataDay je u\u017e ukon\u010den\u00e1<\/strong>. Te\u0161\u00edme sa na V\u00e1s v sobotu. V pr\u00edpade ot\u00e1zok n\u00e1s kontaktujte na adui@upjs.sk.<\/p>\r\n\r\n\r\n\r\n<p>&nbsp;<\/p>\r\n\r\n\r\n\r\n<h2 class=\"wp-block-heading\">Program<\/h2>\r\n\r\n\r\n\r\n<figure class=\"wp-block-image\"><img decoding=\"async\" width=\"684\" height=\"569\" class=\"wp-image-229\" src=\"https:\/\/ics.science.upjs.sk\/adui\/wp-content\/uploads\/sites\/10\/2019\/11\/dataday3.png\" alt=\"\" srcset=\"https:\/\/ics.science.upjs.sk\/adui\/wp-content\/uploads\/sites\/10\/2019\/11\/dataday3.png 684w, https:\/\/ics.science.upjs.sk\/adui\/wp-content\/uploads\/sites\/10\/2019\/11\/dataday3-300x250.png 300w\" sizes=\"(max-width: 684px) 100vw, 684px\" \/><\/figure>\r\n\r\n\r\n\r\n<p>Vyzer\u00e1 to zauj\u00edmavo? Nev\u00e1haj a <strong>zaregistruj sa<\/strong> u\u017e teraz. Klikni ni\u017e\u0161ie.<\/p>\r\n\r\n\r\n\r\n<h2 class=\"wp-block-heading\">Predn\u00e1\u0161ky a workshopy<\/h2>\r\n\r\n\r\n\r\n<div class=\"wp-block-media-text alignwide has-media-on-the-right is-stacked-on-mobile\" style=\"grid-template-columns: auto 43%\">\r\n<figure class=\"wp-block-media-text__media\"><img decoding=\"async\" width=\"1024\" height=\"718\" class=\"wp-image-199 size-full\" src=\"https:\/\/ics.science.upjs.sk\/adui\/wp-content\/uploads\/sites\/10\/2019\/11\/8-2-1024x718.jpg\" alt=\"\" srcset=\"https:\/\/ics.science.upjs.sk\/adui\/wp-content\/uploads\/sites\/10\/2019\/11\/8-2-1024x718.jpg 1024w, https:\/\/ics.science.upjs.sk\/adui\/wp-content\/uploads\/sites\/10\/2019\/11\/8-2-300x210.jpg 300w, https:\/\/ics.science.upjs.sk\/adui\/wp-content\/uploads\/sites\/10\/2019\/11\/8-2-768x539.jpg 768w\" sizes=\"(max-width: 1024px) 100vw, 1024px\" \/><\/figure>\r\n<div class=\"wp-block-media-text__content\">\r\n<p><strong>Sila abstrakcie: Ako robi\u0165 zo zlo\u017eit\u00fdch vec\u00ed jednoduch\u00e9 a z jednoduch\u00fdch zlo\u017eit\u00e9.<\/strong><\/p>\r\n\r\n\r\n\r\n<p class=\"has-small-font-size\">Ako sa dostaneme od pohybu elektr\u00f3nov k samopohybuj\u00facim sa aut\u00e1m? Pre\u010do je d\u00f4le\u017eit\u00e9 vedie\u0165, ako veci funguj\u00fa?<\/p>\r\n<\/div>\r\n<\/div>\r\n\r\n\r\n\r\n<div class=\"wp-block-media-text alignwide is-stacked-on-mobile\" style=\"grid-template-columns: 43% auto\">\r\n<figure class=\"wp-block-media-text__media\"><img loading=\"lazy\" decoding=\"async\" width=\"1024\" height=\"797\" class=\"wp-image-196 size-full\" src=\"https:\/\/ics.science.upjs.sk\/adui\/wp-content\/uploads\/sites\/10\/2019\/11\/19-1-1024x797.jpg\" alt=\"\" srcset=\"https:\/\/ics.science.upjs.sk\/adui\/wp-content\/uploads\/sites\/10\/2019\/11\/19-1-1024x797.jpg 1024w, https:\/\/ics.science.upjs.sk\/adui\/wp-content\/uploads\/sites\/10\/2019\/11\/19-1-300x233.jpg 300w, https:\/\/ics.science.upjs.sk\/adui\/wp-content\/uploads\/sites\/10\/2019\/11\/19-1-768x597.jpg 768w\" sizes=\"(max-width: 1024px) 100vw, 1024px\" \/><\/figure>\r\n<div class=\"wp-block-media-text__content\">\r\n<p><strong>Po stop\u00e1ch dinosaurov s gr\u00e9ckym banditom<\/strong><\/p>\r\n\r\n\r\n\r\n<p class=\"has-small-font-size\">Na workshope si vysk\u00fa\u0161a\u0161, ako matematika s informatikou pom\u00e1ha biol\u00f3gom odha\u013eova\u0165 z\u00e1hady evol\u00facie dinosaurov a ako tieto met\u00f3dy vyu\u017ei\u0165 aj pri in\u00fdch aplik\u00e1ciach v ka\u017edodennom \u017eivote.\u00a0<\/p>\r\n<\/div>\r\n<\/div>\r\n\r\n\r\n\r\n<div class=\"wp-block-media-text alignwide has-media-on-the-right is-stacked-on-mobile\" style=\"grid-template-columns: auto 43%\">\r\n<figure class=\"wp-block-media-text__media\"><img loading=\"lazy\" decoding=\"async\" width=\"1024\" height=\"733\" class=\"wp-image-227 size-full\" src=\"https:\/\/ics.science.upjs.sk\/adui\/wp-content\/uploads\/sites\/10\/2019\/11\/315-1-1024x733.jpg\" alt=\"\" srcset=\"https:\/\/ics.science.upjs.sk\/adui\/wp-content\/uploads\/sites\/10\/2019\/11\/315-1-1024x733.jpg 1024w, https:\/\/ics.science.upjs.sk\/adui\/wp-content\/uploads\/sites\/10\/2019\/11\/315-1-300x215.jpg 300w, https:\/\/ics.science.upjs.sk\/adui\/wp-content\/uploads\/sites\/10\/2019\/11\/315-1-768x549.jpg 768w\" sizes=\"(max-width: 1024px) 100vw, 1024px\" \/><\/figure>\r\n<div class=\"wp-block-media-text__content\">\r\n<p><strong>Vytvor si svoj svet pomocou neur\u00f3nov\u00fdch siet\u00ed <\/strong><\/p>\r\n\r\n\r\n\r\n<p class=\"has-small-font-size\">Na tomto workshope ty s\u00e1m nau\u010d\u00ed\u0161 neur\u00f3nov\u00fa sie\u0165, ak\u00fdm sp\u00f4sobom si praje\u0161 hra\u0165 na gitare, kedy chce\u0161, aby ti fo\u0165\u00e1k urobil selfie alebo si vytvor\u00ed\u0161 vlastn\u00fd svet tvorov.<\/p>\r\n<\/div>\r\n<\/div>\r\n\r\n\r\n\r\n<div class=\"wp-block-media-text alignwide is-stacked-on-mobile\" style=\"grid-template-columns: 43% auto\">\r\n<figure class=\"wp-block-media-text__media\"><img loading=\"lazy\" decoding=\"async\" width=\"1024\" height=\"683\" class=\"wp-image-193 size-full\" src=\"https:\/\/ics.science.upjs.sk\/adui\/wp-content\/uploads\/sites\/10\/2019\/11\/2719321-1024x683.jpg\" alt=\"\" srcset=\"https:\/\/ics.science.upjs.sk\/adui\/wp-content\/uploads\/sites\/10\/2019\/11\/2719321-1024x683.jpg 1024w, https:\/\/ics.science.upjs.sk\/adui\/wp-content\/uploads\/sites\/10\/2019\/11\/2719321-300x200.jpg 300w, https:\/\/ics.science.upjs.sk\/adui\/wp-content\/uploads\/sites\/10\/2019\/11\/2719321-768x512.jpg 768w\" sizes=\"(max-width: 1024px) 100vw, 1024px\" \/><\/figure>\r\n<div class=\"wp-block-media-text__content\">\r\n<p><strong>Ke\u010f sa tvor\u00ed po\u010d\u00edta\u010dov\u00e1 hra<\/strong><\/p>\r\n\r\n\r\n\r\n<p class=\"has-small-font-size\">Tvorcovia\u00a0po\u010d\u00edta\u010dov\u00fdch hier sa stret\u00e1vaj\u00fa s\u00a0rozli\u010dn\u00fdmi d\u00e1tami.\u00a0Pr\u00e1cu s d\u00e1tami si\u00a0predstav\u00edme na pr\u00edklade\u00a0\u00a0zn\u00e1mej po\u010d\u00edta\u010dovej hry, ktor\u00fa si v r\u00e1mci workshopu vytvor\u00edme a prisp\u00f4sob\u00edme vlastn\u00fdm potreb\u00e1m.\u00a0<\/p>\r\n<\/div>\r\n<\/div>\r\n\r\n\r\n\r\n<div class=\"wp-block-media-text alignwide has-media-on-the-right is-stacked-on-mobile\" style=\"grid-template-columns: auto 43%\">\r\n<figure class=\"wp-block-media-text__media\"><img loading=\"lazy\" decoding=\"async\" width=\"1024\" height=\"724\" class=\"wp-image-195 size-full\" src=\"https:\/\/ics.science.upjs.sk\/adui\/wp-content\/uploads\/sites\/10\/2019\/11\/1395-1024x724.jpg\" alt=\"\" srcset=\"https:\/\/ics.science.upjs.sk\/adui\/wp-content\/uploads\/sites\/10\/2019\/11\/1395-1024x724.jpg 1024w, https:\/\/ics.science.upjs.sk\/adui\/wp-content\/uploads\/sites\/10\/2019\/11\/1395-300x212.jpg 300w, https:\/\/ics.science.upjs.sk\/adui\/wp-content\/uploads\/sites\/10\/2019\/11\/1395-768x543.jpg 768w\" sizes=\"(max-width: 1024px) 100vw, 1024px\" \/><\/figure>\r\n<div class=\"wp-block-media-text__content\">\r\n<p><strong>Po\u010d\u00edta\u010dov\u00e9 videnie r\u00fdchlo a zbesilo<\/strong><\/p>\r\n\r\n\r\n\r\n<p class=\"has-small-font-size\">Workshop, v ktorom za pou\u017eitia p\u00e1r klikov nau\u010d\u00ed\u0161 po\u010d\u00edta\u010d rozpozn\u00e1va\u0165 objekty na obr\u00e1zkoch.<\/p>\r\n<\/div>\r\n<\/div>\r\n\r\n\r\n\r\n<h2 class=\"wp-block-heading\">FAQ<\/h2>\r\n\r\n\r\n\r\n<p><em><strong>Pre\u010do je DataDay v sobotu?<\/strong><\/em><\/p>\r\n\r\n\r\n\r\n<p>Akcia je ur\u010den\u00e1 v\u0161etk\u00fdm stredo\u0161kol\u00e1kom, ktor\u00ed radi rozm\u00fd\u0161\u013eaj\u00fa a objavuj\u00fa nov\u00e9 veci, a nielen cez \u0161kolsk\u00fd t\u00fd\u017ede\u0148. Workshopy bud\u00fa veden\u00e9 skvel\u00fdmi \u013eu\u010fmi z univerzity aj z ko\u0161ick\u00fdch firiem.<\/p>\r\n\r\n\r\n\r\n<p><em><strong>Ko\u0161ice s\u00fa trochu \u010faleko, a vlaky zadarmo k n\u00e1m nechodia. \u010co m\u00e1m robi\u0165?<\/strong><\/em><\/p>\r\n\r\n\r\n\r\n<p>Ak k n\u00e1m zva\u017euje\u0161 pr\u00eds\u0165, ale finan\u010dn\u00e9 mo\u017enosti ti to nedovolia, m\u00e1me ur\u010dit\u00e9 mno\u017estvo financi\u00ed na podporu. Limitovan\u00e9mu po\u010dtu \u0161tudentov preplat\u00edme cestovn\u00e9 n\u00e1klady vo v\u00fd\u0161ke max. 10 eur na osobu. Nap\u00ed\u0161 n\u00e1m email na adui@upjs.sk a dohodneme podrobnosti.<\/p>\r\n\r\n\r\n\r\n<p><em><strong>\u010co si m\u00e1m so sebou prinies\u0165?<\/strong><\/em><\/p>\r\n\r\n\r\n\r\n<p>Prines si hlavne dobr\u00fa n\u00e1ladu. Ak r\u00e1d rob\u00ed\u0161 na svojom notebooku, dones si aj ten. Nie je to v\u0161ak nutn\u00e9 &#8211; ak nebude\u0161 ma\u0165 notebook, workshopy bud\u00fa v po\u010d\u00edta\u010dov\u00fdch miestnostiach UPJ\u0160, kde bude\u0161 ma\u0165 k dispoz\u00edcii po\u010d\u00edta\u010d.<\/p>\r\n\r\n\r\n\r\n<figure class=\"wp-block-pullquote\" style=\"border-color: #00376f\">\r\n<blockquote class=\"has-text-color has-vivid-cyan-blue-color\">\r\n<p><span style=\"color: #00376f\">Po\u010f spozn\u00e1va\u0165 s nami zauj\u00edmav\u00e9 vyu\u017eitia d\u00e1tovej anal\u00fdzy a umelej inteligencie!<\/span><\/p>\r\n<\/blockquote>\r\n<\/figure>\r\n\r\n\r\n<hr class=\"wp-block-separator\" \/>\r\n<p>Viac o DAM-e n\u00e1jdete <a href=\"https:\/\/dam.science.upjs.sk\/index.html\" target=\"_blank\" rel=\"noopener\">tu<\/a>.<\/p><br><br>\r\n\r\n<div style=\"text-align: center;width: 100%;min-height: 1px;flex: 0 0 100%;max-width: 100%;padding: 40px 15px 20px 15px\"><a title=\"UPJ\u0160\" href=\"https:\/\/www.upjs.sk\/?prefferedLang=SK\" target=\"_blank\" rel=\"noopener noreferrer\"><img decoding=\"async\" class=\"\" style=\"height: 92px;text-decoration: none\" src=\"https:\/\/ics.science.upjs.sk\/adui\/wp-content\/uploads\/sites\/10\/2020\/03\/upjs_f.png\" width=\"92\" \/><\/a> <a title=\"PF UPJ\u0160\" href=\"https:\/\/www.upjs.sk\/prirodovedecka-fakulta\/?prefferedLang=SK\" target=\"_blank\" rel=\"noopener noreferrer\"><img decoding=\"async\" style=\"padding: 0px;height: 80px;text-decoration: none\" src=\"https:\/\/ics.science.upjs.sk\/adui\/wp-content\/uploads\/sites\/10\/2019\/10\/upjs-logo.png\" \/><\/a> <a title=\"\u00daMAT\" href=\"https:\/\/www.upjs.sk\/prirodovedecka-fakulta\/ustav\/umv\/\" target=\"_blank\" rel=\"noopener noreferrer\"><img decoding=\"async\" style=\"padding: 0px;height: 80px;text-decoration: none\" src=\"https:\/\/ics.science.upjs.sk\/adui\/wp-content\/uploads\/sites\/10\/2022\/11\/ustav-matematiky_v4_farebna_stvorec.png\" \/><\/a> <a title=\"\u00daINF\" href=\"https:\/\/ics.science.upjs.sk\/\" target=\"_blank\" rel=\"noopener noreferrer\"><img decoding=\"async\" style=\"padding: 0px;height: 80px;text-decoration: none\" src=\"https:\/\/ics.science.upjs.sk\/adui\/wp-content\/uploads\/sites\/10\/2023\/01\/ustav-informatiky_v4_farebna_stvorec.png\" \/><\/a><\/div>\r\n<!-- \/wp:post-content --><!-- \/wp:image --><!-- \/wp:paragraph --><!-- \/wp:paragraph -->","protected":false},"excerpt":{"rendered":"<p>Pozrie\u0165 si ako bolo na tejto akcii si m\u00f4\u017ee\u0161 tu. Zauj\u00edma \u0164a, ako sa na d\u00e1ta a umel\u00fa inteligenciu pozer\u00e1 Ko\u0161i\u010dan, ktor\u00fd robil 12 rokov pre Google? Chce\u0161 vedie\u0165, ako&hellip;<\/p>\n","protected":false},"author":11,"featured_media":0,"parent":0,"menu_order":0,"comment_status":"closed","ping_status":"closed","template":"","meta":{"footnotes":""},"class_list":["post-179","page","type-page","status-publish","hentry"],"_links":{"self":[{"href":"https:\/\/ics.science.upjs.sk\/adui\/wp-json\/wp\/v2\/pages\/179","targetHints":{"allow":["GET"]}}],"collection":[{"href":"https:\/\/ics.science.upjs.sk\/adui\/wp-json\/wp\/v2\/pages"}],"about":[{"href":"https:\/\/ics.science.upjs.sk\/adui\/wp-json\/wp\/v2\/types\/page"}],"author":[{"embeddable":true,"href":"https:\/\/ics.science.upjs.sk\/adui\/wp-json\/wp\/v2\/users\/11"}],"replies":[{"embeddable":true,"href":"https:\/\/ics.science.upjs.sk\/adui\/wp-json\/wp\/v2\/comments?post=179"}],"version-history":[{"count":22,"href":"https:\/\/ics.science.upjs.sk\/adui\/wp-json\/wp\/v2\/pages\/179\/revisions"}],"predecessor-version":[{"id":2636,"href":"https:\/\/ics.science.upjs.sk\/adui\/wp-json\/wp\/v2\/pages\/179\/revisions\/2636"}],"wp:attachment":[{"href":"https:\/\/ics.science.upjs.sk\/adui\/wp-json\/wp\/v2\/media?parent=179"}],"curies":[{"name":"wp","href":"https:\/\/api.w.org\/{rel}","templated":true}]}}