{"id":1688,"date":"2023-01-27T13:08:49","date_gmt":"2023-01-27T12:08:49","guid":{"rendered":"https:\/\/ics.science.upjs.sk\/adui\/?page_id=1688"},"modified":"2025-01-02T16:43:52","modified_gmt":"2025-01-02T15:43:52","slug":"dataday3","status":"publish","type":"page","link":"https:\/\/ics.science.upjs.sk\/adui\/dataday3\/","title":{"rendered":"DataDay 3"},"content":{"rendered":"\r\n<figure class=\"wp-block-image size-large\"><img fetchpriority=\"high\" decoding=\"async\" class=\"alignnone wp-image-1452 size-full\" src=\"https:\/\/ics.science.upjs.sk\/adui\/wp-content\/uploads\/sites\/10\/2023\/02\/dd3_titulka.png\" alt=\"\" width=\"1640\" height=\"924\" \/><\/figure>\r\n\r\n<div class=\"wp-block-spacer\" style=\"height: 10px\" aria-hidden=\"true\">\u00a0<\/div>\r\n\r\n\r\n\r\n<div class=\"wp-block-spacer\" style=\"height: 30px\" aria-hidden=\"true\">\u00a0<\/div>\r\n\r\n\r\n\r\n<p class=\"has-background\" style=\"background-color: #e0e0e0\" data-darkreader-inline-bgcolor=\"\">Fotografie z tejto akcie si m\u00f4\u017ee\u0161 pozrie\u0165 <a href=\"https:\/\/ics.science.upjs.sk\/adui\/dataday-3-fotogaleria\/\" target=\"_blank\" rel=\"noopener\">TU<\/a>.<\/p>\r\n\r\n\r\n\r\n<p class=\"has-background\" style=\"background-color: #e0e0e0\" data-darkreader-inline-bgcolor=\"\">Je tu \u010fal\u0161\u00ed DataDay! Zauj\u00edmav\u00e9 workshopy, predn\u00e1\u0161ka, pizza, d\u00e1ta, kv\u00edz, nov\u00ed \u013eudia a omnoho viac. To v\u0161etko m\u00f4\u017ee\u0161 za\u017ei\u0165 u\u017e 18. marca 2023, tak si to ur\u010dite nenechaj ujs\u0165!<\/p>\r\n\r\n\r\n\r\n<div class=\"wp-block-spacer\" style=\"height: 50px\" aria-hidden=\"true\">\u00a0<\/div>\r\n\r\n\r\n\r\n<h4 id=\"2-rok-studia\" class=\"has-white-color has-text-color has-background wp-block-heading\" style=\"background-color: #febd59;text-align: center\" data-darkreader-inline-bgcolor=\"\">KEDY A KDE?<\/h4>\r\n\r\n\r\n\r\n<figure class=\"wp-block-image size-large\"><img decoding=\"async\" class=\"aligncenter wp-image-1335 size-large\" src=\"https:\/\/ics.science.upjs.sk\/adui\/wp-content\/uploads\/sites\/10\/2023\/02\/tote3veci.png\" alt=\"\" width=\"900\" height=\"507\" data-wp-editing=\"1\" \/><\/figure>\r\n\r\n<div class=\"wp-block-spacer\" style=\"height: 50px\" aria-hidden=\"true\">\u00a0<\/div>\r\n\r\n\r\n\r\n<h4 id=\"2-rok-studia\" class=\"has-white-color has-text-color has-background wp-block-heading\" style=\"background-color: #febd59;text-align: center\" data-darkreader-inline-bgcolor=\"\">PROGRAM<\/h4>\r\n\r\n\r\n\r\n<figure class=\"wp-block-image size-large\"><img decoding=\"async\" class=\"aligncenter wp-image-1335 size-large\" src=\"https:\/\/ics.science.upjs.sk\/adui\/wp-content\/uploads\/sites\/10\/2023\/02\/casova_os_velka-1.png\" alt=\"\" width=\"900\" height=\"507\" data-wp-editing=\"1\" \/><\/figure>\r\n\r\n<div class=\"wp-block-spacer\" style=\"height: 50px\" aria-hidden=\"true\">\u00a0<\/div>\r\n\r\n\r\n\r\n<h4 id=\"2-rok-studia\" class=\"has-white-color has-text-color has-background wp-block-heading\" style=\"background-color: #febd59;text-align: center\" data-darkreader-inline-bgcolor=\"\">PREDN\u00c1\u0160KA<\/h4>\r\n\r\n\r\n\r\n<div class=\"wp-block-media-text alignwide is-stacked-on-mobile\" style=\"grid-template-columns: 43% auto\">\r\n<figure class=\"wp-block-media-text__media\"><img decoding=\"async\" class=\"wp-image-196 size-full\" src=\"https:\/\/ics.science.upjs.sk\/adui\/wp-content\/uploads\/sites\/10\/2023\/02\/DataDay3_prednaska.png\" alt=\"\" \/><\/figure>\r\n<div class=\"wp-block-media-text__content\">\r\n<p><strong>Ako urobi\u0165 svet lep\u0161\u00edm v\u010faka umelej inteligencii<\/strong><\/p>\r\n\r\n\r\n\r\n<p class=\"has-small-font-size\">Si zvedav\u00fd ako \u013eudia na v\u00fdchode Slovenska pracuj\u00fa na v\u00fdvoji najmodernej\u0161\u00edch aplik\u00e1ci\u00ed umelej inteligencie pre firmy zo Silicon Valley? Pr\u00ed\u010f a uvid\u00ed\u0161 zop\u00e1r re\u00e1lnych pr\u00edkladov a jemne nakukne\u0161 aj pod pokrievku toho ako to m\u00f4\u017ee fungova\u0165.<\/p>\r\n<\/div>\r\n<\/div>\r\n\r\n\r\n\r\n<div class=\"wp-block-spacer\" style=\"height: 50px\" aria-hidden=\"true\">\u00a0<\/div>\r\n\r\n\r\n\r\n<h4 id=\"2-rok-studia\" class=\"has-white-color has-text-color has-background wp-block-heading\" style=\"background-color: #febd59;text-align: center\" data-darkreader-inline-bgcolor=\"\">WORKSHOPY<\/h4>\r\n\r\n\r\n\r\n<div class=\"wp-block-media-text alignwide has-media-on-the-right is-stacked-on-mobile\" style=\"grid-template-columns: auto 43%\">\r\n<figure class=\"wp-block-media-text__media\"><img loading=\"lazy\" decoding=\"async\" class=\"alignnone wp-image-1371 size-full\" src=\"https:\/\/ics.science.upjs.sk\/adui\/wp-content\/uploads\/sites\/10\/2023\/02\/20230215_152249_0000.png\" alt=\"\" width=\"4792\" height=\"3728\" \/><\/figure>\r\n<div class=\"wp-block-media-text__content\">\r\n<p><strong>Po stop\u00e1ch dinosaurov s gr\u00e9ckym banditom<\/strong><\/p>\r\n\r\n\r\n\r\n<p class=\"has-small-font-size\" style=\"text-align: left\">Na workshope si vysk\u00fa\u0161a\u0161, ako matematika s informatikou pom\u00e1ha biol\u00f3gom odha\u013eova\u0165 z\u00e1hady evol\u00facie dinosaurov a ako tieto met\u00f3dy vyu\u017ei\u0165 aj pri in\u00fdch aplik\u00e1ciach v ka\u017edodennom \u017eivote.<\/p>\r\n<\/div>\r\n<\/div>\r\n\r\n\r\n\r\n<div class=\"wp-block-spacer\" style=\"height: 40px\" aria-hidden=\"true\">\u00a0<\/div>\r\n\r\n\r\n\r\n<div class=\"wp-block-media-text alignwide is-stacked-on-mobile\" style=\"grid-template-columns: 43% auto\">\r\n<figure class=\"wp-block-media-text__media\"><img loading=\"lazy\" decoding=\"async\" class=\"alignnone wp-image-1370 size-full\" src=\"https:\/\/ics.science.upjs.sk\/adui\/wp-content\/uploads\/sites\/10\/2023\/02\/20230215_152249_0001.png\" alt=\"\" width=\"4792\" height=\"3728\" \/><\/figure>\r\n<div class=\"wp-block-media-text__content\">\r\n<p><strong>Neur\u00f3nov\u00e9 siete interakt\u00edvne<\/strong><\/p>\r\n\r\n\r\n\r\n<p class=\"has-small-font-size\" style=\"text-align: left\">Na tomto workshope ty s\u00e1m nau\u010d\u00ed\u0161 neur\u00f3nov\u00fa sie\u0165 rozpozn\u00e1va\u0165 objekty, kedy chce\u0161, aby ti fo\u0165\u00e1k urobil selfie, alebo pochop\u00ed\u0161, ako vie neur\u00f3nov\u00e1 sie\u0165 ur\u010di\u0165, \u010do je na obr\u00e1zku.<\/p>\r\n<\/div>\r\n<\/div>\r\n\r\n\r\n\r\n<div class=\"wp-block-spacer\" style=\"height: 40px\" aria-hidden=\"true\">\u00a0<\/div>\r\n\r\n\r\n\r\n<div class=\"wp-block-media-text alignwide has-media-on-the-right is-stacked-on-mobile\" style=\"grid-template-columns: auto 43%\">\r\n<figure class=\"wp-block-media-text__media\"><img loading=\"lazy\" decoding=\"async\" class=\"alignnone wp-image-1368 size-full\" src=\"https:\/\/ics.science.upjs.sk\/adui\/wp-content\/uploads\/sites\/10\/2023\/02\/20230215_152249_0002.png\" alt=\"\" width=\"4792\" height=\"3728\" \/><\/figure>\r\n<div class=\"wp-block-media-text__content\">\r\n<p><strong>Digit\u00e1lna forenzn\u00e1 anal\u00fdza z poh\u013eadu d\u00e1tov\u00fdch analytikov<\/strong><\/p>\r\n\r\n\r\n\r\n<p class=\"has-small-font-size\" style=\"text-align: left\">V r\u00e1mci workshopu sa pozrieme na pr\u00e1cu forenzn\u00e9ho analytika, ktor\u00e9ho \u00falohou je zisti\u0165 pr\u00ed\u010dinu kybernetick\u00e9ho bezpe\u010dnostn\u00e9ho incidentu v opera\u010dnom syst\u00e9me Windows. Nebudeme pou\u017e\u00edva\u0165 len \u0161tandardn\u00e9 forenzn\u00e9 n\u00e1stroje, ale uk\u00e1\u017eeme si, ako n\u00e1m m\u00f4\u017ee d\u00e1tov\u00e1 anal\u00fdza r\u00fdchlo odpoveda\u0165 na nami kladen\u00e9 ot\u00e1zky.<\/p>\r\n<\/div>\r\n<\/div>\r\n\r\n\r\n\r\n<div class=\"wp-block-spacer\" style=\"height: 40px\" aria-hidden=\"true\">\u00a0<\/div>\r\n\r\n\r\n\r\n<div class=\"wp-block-media-text alignwide is-stacked-on-mobile\" style=\"grid-template-columns: 43% auto\">\r\n<figure class=\"wp-block-media-text__media\"><img loading=\"lazy\" decoding=\"async\" class=\"alignnone wp-image-1370 size-full\" src=\"https:\/\/ics.science.upjs.sk\/adui\/wp-content\/uploads\/sites\/10\/2023\/02\/DataDay3_ie.png\" alt=\"\" width=\"4792\" height=\"3728\" \/><\/figure>\r\n<div class=\"wp-block-media-text__content\">\r\n<p><strong>In\u00e9 workshopy<\/strong><\/p>\r\n\r\n\r\n\r\n<p class=\"has-small-font-size\" style=\"text-align: left\">Pripravujeme pre v\u00e1s e\u0161te \u010fal\u0161ie workshopy. Av\u0161ak ich n\u00e1zvy ani obsahy v\u00e1m zatia\u013e neprezrad\u00edme. Nechajte sa prekvapi\u0165!<\/p>\r\n<\/div>\r\n<\/div>\r\n\r\n\r\n\r\n<div class=\"wp-block-spacer\" style=\"height: 40px\" aria-hidden=\"true\">\u00a0<\/div>\r\n\r\n\r\n\r\n<h4 id=\"2-rok-studia\" class=\"has-white-color has-text-color has-background wp-block-heading\" style=\"background-color: #febd59;text-align: center\" data-darkreader-inline-bgcolor=\"\">FAQ<\/h4>\r\n\r\n\r\n\r\n<div class=\"wp-block-columns are-vertically-aligned-top is-layout-flex wp-container-core-columns-is-layout-9d6595d7 wp-block-columns-is-layout-flex\">\r\n<div class=\"wp-block-column is-vertically-aligned-top is-layout-flow wp-block-column-is-layout-flow\" style=\"flex-basis: 33.33%\">\r\n<p class=\"has-white-color has-text-color has-background has-medium-font-size\" style=\"background-color: #9fc6ed\" data-darkreader-inline-bgcolor=\"\"><strong>Pre\u010do je DataDay 3 v sobotu?<\/strong><\/p>\r\n<\/div>\r\n\r\n\r\n\r\n<div class=\"wp-block-column is-vertically-aligned-top is-layout-flow wp-block-column-is-layout-flow\" style=\"flex-basis: 66.66%\">\r\n<p class=\"has-text-align-left has-black-color has-text-color has-background\" style=\"background-color: #e0e0e0\" data-darkreader-inline-bgcolor=\"\">Akcia je ur\u010den\u00e1 v\u0161etk\u00fdm stredo\u0161kol\u00e1kom, ktor\u00ed radi rozm\u00fd\u0161\u013eaj\u00fa a objavuj\u00fa nov\u00e9 veci, a to nielen cez \u0161kolsk\u00fd t\u00fd\u017ede\u0148. Workshopy bud\u00fa veden\u00e9 skvel\u00fdmi \u013eu\u010fmi z univerzity aj z ko\u0161ick\u00fdch firiem.<\/p>\r\n<\/div>\r\n<\/div>\r\n\r\n\r\n\r\n<div class=\"wp-block-columns are-vertically-aligned-top is-layout-flex wp-container-core-columns-is-layout-9d6595d7 wp-block-columns-is-layout-flex\">\r\n<div class=\"wp-block-column is-vertically-aligned-top is-layout-flow wp-block-column-is-layout-flow\" style=\"flex-basis: 33.33%\">\r\n<p class=\"has-white-color has-text-color has-background has-medium-font-size\" style=\"background-color: #9fc6ed\" data-darkreader-inline-bgcolor=\"\"><strong>\u010co si m\u00e1m so sebou prinies\u0165?<\/strong><\/p>\r\n<\/div>\r\n\r\n\r\n\r\n<div class=\"wp-block-column is-vertically-aligned-top is-layout-flow wp-block-column-is-layout-flow\" style=\"flex-basis: 66.66%\">\r\n<p class=\"has-text-align-left has-black-color has-text-color has-background\" style=\"background-color: #e0e0e0\" data-darkreader-inline-bgcolor=\"\">Prines si hlavne dobr\u00fa n\u00e1ladu. Ak r\u00e1d rob\u00ed\u0161 na svojom notebooku, dones si aj ten. Nie je to v\u0161ak nutn\u00e9 &#8211; ak nebude\u0161 ma\u0165 notebook, workshopy bud\u00fa v po\u010d\u00edta\u010dov\u00fdch miestnostiach, kde bude\u0161 ma\u0165 k dispoz\u00edcii po\u010d\u00edta\u010d.<\/p>\r\n<\/div>\r\n<\/div>\r\n\r\n\r\n\r\n<div class=\"wp-block-spacer\" style=\"height: 50px\" aria-hidden=\"true\">\u00a0<\/div>\r\n\r\n<p>&nbsp;<\/p>\r\n\r\n<h4 id=\"2-rok-studia\" class=\"has-white-color has-text-color has-background wp-block-heading\" style=\"background-color: #febd59;text-align: center\" data-darkreader-inline-bgcolor=\"\">ORGANIZ\u00c1TORI<\/h4>\r\n\r\n\r\n\r\n<div class=\"wp-block-columns is-layout-flex wp-container-core-columns-is-layout-9d6595d7 wp-block-columns-is-layout-flex\">\r\n<div class=\"wp-block-column is-layout-flow wp-block-column-is-layout-flow\">\r\n<figure class=\"wp-block-image size-medium\"><a href=\"https:\/\/www.upjs.sk\/prirodovedecka-fakulta\/\" target=\"_blank\" rel=\"noopener\"><img loading=\"lazy\" decoding=\"async\" class=\"alignnone wp-image-2493\" src=\"https:\/\/ics.science.upjs.sk\/adui\/wp-content\/uploads\/sites\/10\/2022\/12\/PriF_color.png\" alt=\"\" width=\"687\" height=\"611\" \/><\/a><\/figure>\r\n<\/div>\r\n\r\n\r\n\r\n<div class=\"wp-block-column is-layout-flow wp-block-column-is-layout-flow\">\r\n<figure class=\"wp-block-image size-medium\"><a href=\"https:\/\/www.kosiceitvalley.sk\/\" target=\"_blank\" rel=\"noopener\"><img loading=\"lazy\" decoding=\"async\" class=\"alignnone wp-image-2493\" src=\"https:\/\/ics.science.upjs.sk\/adui\/wp-content\/uploads\/sites\/10\/2022\/12\/it-valley_na-vysku_farebne-1.png\" alt=\"\" width=\"1554\" height=\"1663\" \/><\/a><\/figure>\r\n<\/div>\r\n<\/div>\r\n\r\n\r\n\r\n<h4 id=\"2-rok-studia\" class=\"has-white-color has-text-color has-background wp-block-heading\" style=\"background-color: #febd59;text-align: center\" data-darkreader-inline-bgcolor=\"\">PREDCH\u00c1DZAJ\u00daCE AKCIE<\/h4>\r\n\r\n\r\n\r\n<div class=\"wp-block-columns is-layout-flex wp-container-core-columns-is-layout-9d6595d7 wp-block-columns-is-layout-flex\">\r\n<div class=\"wp-block-column is-layout-flow wp-block-column-is-layout-flow\">\r\n<p class=\"has-text-align-center has-white-color has-text-color has-background\" style=\"background-color: #e0e0e0\"><a href=\"https:\/\/cyberawareness.sk\/cybersecurityday\/\" target=\"_blank\" rel=\"noreferrer noopener\">Jarn\u00fd CyberSecurityDay 2022<\/a><\/p>\r\n\r\n\r\n\r\n<p class=\"has-text-align-center has-white-color has-text-color has-background\" style=\"background-color: #e0e0e0\"><a href=\"https:\/\/cyberawareness.sk\/jesenny-cybersecurity-day-2022\/\" target=\"_blank\" rel=\"noreferrer noopener\">Jesenn\u00fd CyberSecurityDay 2022<\/a><\/p>\r\n<\/div>\r\n\r\n\r\n\r\n<div class=\"wp-block-column is-layout-flow wp-block-column-is-layout-flow\">\r\n<p class=\"has-text-align-center has-white-color has-text-color has-background\" style=\"background-color: #e0e0e0\"><a href=\"https:\/\/ics.science.upjs.sk\/adui\/dataday\/\" target=\"_blank\" rel=\"noreferrer noopener\">DataDay 1<\/a><\/p>\r\n\r\n\r\n\r\n<p class=\"has-text-align-center has-white-color has-text-color has-background\" style=\"background-color: #e0e0e0\"><a href=\"https:\/\/ics.science.upjs.sk\/adui\/dataday2\/\" target=\"_blank\" rel=\"noreferrer noopener\">DataDay 2<\/a><\/p>\r\n\r\n<p class=\"has-text-align-center has-white-color has-text-color has-background\" style=\"background-color: #e0e0e0\"><a href=\"https:\/\/ics.science.upjs.sk\/adui\/christmasdatasecurityday\/\" target=\"_blank\" rel=\"noreferrer noopener\">Christmas Data&amp;Security Day<\/a><\/p>\r\n<\/div>\r\n<\/div>\r\n\r\n<p>&nbsp;<\/p>\r\n<hr class=\"wp-block-separator\" \/>\r\n<p>Viac o DAM-e n\u00e1jdete <a href=\"https:\/\/dam.science.upjs.sk\/index.html\" target=\"_blank\" rel=\"noopener\">tu<\/a>.<\/p><br><br>\r\n\r\n<div style=\"text-align: center;width: 100%;min-height: 1px;flex: 0 0 100%;max-width: 100%;padding: 40px 15px 20px 15px\"><a title=\"UPJ\u0160\" href=\"https:\/\/www.upjs.sk\/?prefferedLang=SK\" target=\"_blank\" rel=\"noopener noreferrer\"><img decoding=\"async\" class=\"\" style=\"height: 92px;text-decoration: none\" src=\"https:\/\/ics.science.upjs.sk\/adui\/wp-content\/uploads\/sites\/10\/2020\/03\/upjs_f.png\" width=\"92\" \/><\/a> <a title=\"PF UPJ\u0160\" href=\"https:\/\/www.upjs.sk\/prirodovedecka-fakulta\/?prefferedLang=SK\" target=\"_blank\" rel=\"noopener noreferrer\"><img decoding=\"async\" style=\"padding: 0px;height: 80px;text-decoration: none\" src=\"https:\/\/ics.science.upjs.sk\/adui\/wp-content\/uploads\/sites\/10\/2019\/10\/upjs-logo.png\" \/><\/a> <a title=\"\u00daMAT\" href=\"https:\/\/www.upjs.sk\/prirodovedecka-fakulta\/ustav\/umv\/\" target=\"_blank\" rel=\"noopener noreferrer\"><img decoding=\"async\" style=\"padding: 0px;height: 80px;text-decoration: none\" src=\"https:\/\/ics.science.upjs.sk\/adui\/wp-content\/uploads\/sites\/10\/2022\/11\/ustav-matematiky_v4_farebna_stvorec.png\" \/><\/a> <a title=\"\u00daINF\" href=\"https:\/\/ics.science.upjs.sk\/\" target=\"_blank\" rel=\"noopener noreferrer\"><img decoding=\"async\" style=\"padding: 0px;height: 80px;text-decoration: none\" src=\"https:\/\/ics.science.upjs.sk\/adui\/wp-content\/uploads\/sites\/10\/2023\/01\/ustav-informatiky_v4_farebna_stvorec.png\" \/><\/a><\/div>\r\n","protected":false},"excerpt":{"rendered":"<p>Fotografie z tejto akcie si m\u00f4\u017ee\u0161 pozrie\u0165 TU. Je tu \u010fal\u0161\u00ed DataDay! Zauj\u00edmav\u00e9 workshopy, predn\u00e1\u0161ka, pizza, d\u00e1ta, kv\u00edz, nov\u00ed \u013eudia a omnoho viac. To v\u0161etko m\u00f4\u017ee\u0161 za\u017ei\u0165 u\u017e 18. marca&hellip;<\/p>\n","protected":false},"author":21,"featured_media":0,"parent":0,"menu_order":0,"comment_status":"closed","ping_status":"closed","template":"","meta":{"footnotes":""},"class_list":["post-1688","page","type-page","status-publish","hentry"],"_links":{"self":[{"href":"https:\/\/ics.science.upjs.sk\/adui\/wp-json\/wp\/v2\/pages\/1688","targetHints":{"allow":["GET"]}}],"collection":[{"href":"https:\/\/ics.science.upjs.sk\/adui\/wp-json\/wp\/v2\/pages"}],"about":[{"href":"https:\/\/ics.science.upjs.sk\/adui\/wp-json\/wp\/v2\/types\/page"}],"author":[{"embeddable":true,"href":"https:\/\/ics.science.upjs.sk\/adui\/wp-json\/wp\/v2\/users\/21"}],"replies":[{"embeddable":true,"href":"https:\/\/ics.science.upjs.sk\/adui\/wp-json\/wp\/v2\/comments?post=1688"}],"version-history":[{"count":49,"href":"https:\/\/ics.science.upjs.sk\/adui\/wp-json\/wp\/v2\/pages\/1688\/revisions"}],"predecessor-version":[{"id":2633,"href":"https:\/\/ics.science.upjs.sk\/adui\/wp-json\/wp\/v2\/pages\/1688\/revisions\/2633"}],"wp:attachment":[{"href":"https:\/\/ics.science.upjs.sk\/adui\/wp-json\/wp\/v2\/media?parent=1688"}],"curies":[{"name":"wp","href":"https:\/\/api.w.org\/{rel}","templated":true}]}}